{"id":8178,"date":"2025-01-22T19:55:55","date_gmt":"2025-01-22T17:55:55","guid":{"rendered":"https:\/\/birdie.lt\/?post_type=product&#038;p=8178"},"modified":"2025-11-02T13:14:39","modified_gmt":"2025-11-02T11:14:39","slug":"vice-dad-kepure-green","status":"publish","type":"product","link":"https:\/\/birdie.lt\/en\/vice-dad-kepure-green\/","title":{"rendered":"Vice Dad Kepur\u0117 \u017dalia"},"content":{"rendered":"\t\t<div data-elementor-type=\"wp-post\" data-elementor-id=\"8178\" class=\"elementor elementor-8178\">\n\t\t\t\t<div class=\"elementor-element elementor-element-35ccc48 e-con-full e-flex e-con e-parent\" data-id=\"35ccc48\" data-element_type=\"container\" data-e-type=\"container\">\n\t\t<div class=\"elementor-element elementor-element-d2d30ef e-con-full e-flex e-con e-child\" data-id=\"d2d30ef\" data-element_type=\"container\" data-e-type=\"container\">\n\t\t\t\t<div class=\"elementor-element elementor-element-e041b56 elementor-widget elementor-widget-image\" data-id=\"e041b56\" data-element_type=\"widget\" data-e-type=\"widget\" data-widget_type=\"image.default\">\n\t\t\t\t<div class=\"elementor-widget-container\">\n\t\t\t\t\t\t\t\t\t\t\t\t\t\t\t<img fetchpriority=\"high\" decoding=\"async\" width=\"768\" height=\"768\" src=\"https:\/\/birdie.lt\/wp-content\/uploads\/2025\/01\/Vice-Golf-Curved-Dad-Cap-Green-Slider02-768x768.webp\" class=\"attachment-large size-large wp-image-8179\" alt=\"Vice-Golf-Curved-Dad-Cap-Green\" srcset=\"https:\/\/birdie.lt\/wp-content\/uploads\/2025\/01\/Vice-Golf-Curved-Dad-Cap-Green-Slider02-768x768.webp 768w, https:\/\/birdie.lt\/wp-content\/uploads\/2025\/01\/Vice-Golf-Curved-Dad-Cap-Green-Slider02-400x400.webp 400w, https:\/\/birdie.lt\/wp-content\/uploads\/2025\/01\/Vice-Golf-Curved-Dad-Cap-Green-Slider02-150x150.webp 150w, https:\/\/birdie.lt\/wp-content\/uploads\/2025\/01\/Vice-Golf-Curved-Dad-Cap-Green-Slider02-800x800.webp 800w, https:\/\/birdie.lt\/wp-content\/uploads\/2025\/01\/Vice-Golf-Curved-Dad-Cap-Green-Slider02-360x360.webp 360w, https:\/\/birdie.lt\/wp-content\/uploads\/2025\/01\/Vice-Golf-Curved-Dad-Cap-Green-Slider02-1536x1536.webp 1536w, https:\/\/birdie.lt\/wp-content\/uploads\/2025\/01\/Vice-Golf-Curved-Dad-Cap-Green-Slider02.webp 2000w\" sizes=\"(max-width: 768px) 100vw, 768px\" \/>\t\t\t\t\t\t\t\t\t\t\t\t\t\t\t<\/div>\n\t\t\t\t<\/div>\n\t\t\t\t<\/div>\n\t\t<div class=\"elementor-element elementor-element-398b8db e-con-full e-flex e-con e-child\" data-id=\"398b8db\" data-element_type=\"container\" data-e-type=\"container\">\n\t\t\t\t<div class=\"elementor-element elementor-element-02bd46f elementor-widget elementor-widget-heading\" data-id=\"02bd46f\" data-element_type=\"widget\" data-e-type=\"widget\" data-widget_type=\"heading.default\">\n\t\t\t\t<div class=\"elementor-widget-container\">\n\t\t\t\t\t<h2 class=\"elementor-heading-title elementor-size-default\">Vice Dad Kepur\u0117<\/h2>\t\t\t\t<\/div>\n\t\t\t\t<\/div>\n\t\t\t\t<div class=\"elementor-element elementor-element-5e1ef71 elementor-widget elementor-widget-text-editor\" data-id=\"5e1ef71\" data-element_type=\"widget\" data-e-type=\"widget\" data-widget_type=\"text-editor.default\">\n\t\t\t\t<div class=\"elementor-widget-container\">\n\t\t\t\t\t\t\t\t\t<p>Sujungia <strong>klasikin\u012f stili\u0173<\/strong> ir <strong>pa\u017eang\u0173 funkcionalum\u0105<\/strong>, tod\u0117l ji yra <strong>puikus<\/strong> pasirinkimas golfo \u017eaid\u0117jams, <strong>vertinantiems komfort\u0105<\/strong>.<\/p><p>\u0160ios Kepur\u0117s pasi\u017eymi d<strong>r\u0117gm\u0119 sugerian\u010dia technologija<\/strong> ir <strong>laisvu<\/strong>, strukt\u016bri\u0161kai <strong>nesuvar\u017eytu dizainu<\/strong>, u\u017etikrinan\u010diu <strong>gaivum\u0105<\/strong> ir <strong>patogum\u0105<\/strong> visos \u017eaidimo metu.<\/p>\t\t\t\t\t\t\t\t<\/div>\n\t\t\t\t<\/div>\n\t\t\t\t<\/div>\n\t\t\t\t<\/div>\n\t\t<div class=\"elementor-element elementor-element-97b365e e-flex e-con-boxed e-con e-parent\" data-id=\"97b365e\" data-element_type=\"container\" data-e-type=\"container\">\n\t\t\t\t\t<div class=\"e-con-inner\">\n\t\t\t\t<div class=\"elementor-element elementor-element-afbb9e8 elementor-widget elementor-widget-spacer\" data-id=\"afbb9e8\" data-element_type=\"widget\" data-e-type=\"widget\" data-widget_type=\"spacer.default\">\n\t\t\t\t<div class=\"elementor-widget-container\">\n\t\t\t\t\t\t\t<div class=\"elementor-spacer\">\n\t\t\t<div class=\"elementor-spacer-inner\"><\/div>\n\t\t<\/div>\n\t\t\t\t\t\t<\/div>\n\t\t\t\t<\/div>\n\t\t\t\t\t<\/div>\n\t\t\t\t<\/div>\n\t\t<div class=\"elementor-element elementor-element-cade47d e-flex e-con-boxed e-con e-parent\" data-id=\"cade47d\" data-element_type=\"container\" data-e-type=\"container\">\n\t\t\t\t\t<div class=\"e-con-inner\">\n\t\t\t\t<div class=\"elementor-element elementor-element-ab5134e elementor-widget elementor-widget-text-editor\" data-id=\"ab5134e\" data-element_type=\"widget\" data-e-type=\"widget\" data-widget_type=\"text-editor.default\">\n\t\t\t\t<div class=\"elementor-widget-container\">\n\t\t\t\t\t\t\t\t\t<p style=\"text-align: center;\"><strong>Golfas<\/strong> \u2013 tai <strong>protinis \u017eaidimas<\/strong>, kuriame <strong>s\u0117km\u0117s paslaptis<\/strong> slypi <strong>ramyb\u0117je<\/strong>. Nesvarbu, ar susiduriate su<strong> i\u0161\u0161\u016bkiais \u017eaid\u017eiant green&#8217;e<\/strong>, ar <strong>gyvenime<\/strong>, \u201eVice Golf\u201c kepur\u0117s yra \u010dia, kad pad\u0117t\u0173 \u2013 tiesiogine prasme. I\u0161laikykite <strong>ramyb\u0119<\/strong> tiek <strong>aik\u0161tyne<\/strong>, tiek u\u017e jo <strong>rib\u0173<\/strong> ir i\u0161laikykite <strong>koncentracij\u0105\u00a0<\/strong>su \u201eVice Golf\u201c.<\/p>\t\t\t\t\t\t\t\t<\/div>\n\t\t\t\t<\/div>\n\t\t\t\t\t<\/div>\n\t\t\t\t<\/div>\n\t\t<div class=\"elementor-element elementor-element-c253e1f e-con-full e-flex e-con e-parent\" data-id=\"c253e1f\" data-element_type=\"container\" data-e-type=\"container\">\n\t\t\t\t<div class=\"elementor-element elementor-element-97ed192 elementor-widget elementor-widget-heading\" data-id=\"97ed192\" data-element_type=\"widget\" data-e-type=\"widget\" data-widget_type=\"heading.default\">\n\t\t\t\t<div class=\"elementor-widget-container\">\n\t\t\t\t\t<h2 class=\"elementor-heading-title elementor-size-default\">Technin\u0117 informacija:<\/h2>\t\t\t\t<\/div>\n\t\t\t\t<\/div>\n\t\t\t\t<div class=\"elementor-element elementor-element-c6c168b elementor-widget elementor-widget-text-editor\" data-id=\"c6c168b\" data-element_type=\"widget\" data-e-type=\"widget\" data-widget_type=\"text-editor.default\">\n\t\t\t\t<div class=\"elementor-widget-container\">\n\t\t\t\t\t\t\t\t\t<p>Sud\u0117tis: 96% Poliesteris 4% Elastanas<\/p><p>Dydis: vienas dydis (One-size-fits-all)<\/p>\t\t\t\t\t\t\t\t<\/div>\n\t\t\t\t<\/div>\n\t\t\t\t<\/div>\n\t\t<div class=\"elementor-element elementor-element-69ccf1d e-con-full e-flex e-con e-parent\" data-id=\"69ccf1d\" data-element_type=\"container\" data-e-type=\"container\">\n\t\t\t\t<div class=\"elementor-element elementor-element-f828331 elementor-widget elementor-widget-pressmart_products_with_banner\" data-id=\"f828331\" data-element_type=\"widget\" data-e-type=\"widget\" data-widget_type=\"pressmart_products_with_banner.default\">\n\t\t\t\t<div class=\"elementor-widget-container\">\n\t\t\t\t\t<div class=\"pressmart-element products-with-banner woocommerce banner-left navigation-side\">\n\t\t\t<div class=\"section-heading\">\n\t\t\t<h2>Daugiau spalv\u0173<\/h2>\n\t\t\t\t\t<\/div>\n\t\t<div class=\"products-banner-content row \">\t\t\n\t\t<div class=\"banner-image col-xl-3 d-none d-xl-flex\">\n\t\t\t\t\t\n\t\t\t\t<a href=\"https:\/\/birdie.lt\/visos-golfo-prekes\/\">\n\t\t\t\t<img decoding=\"async\" width=\"2000\" height=\"2000\" src=\"https:\/\/birdie.lt\/wp-content\/uploads\/2025\/01\/Vice-Golf-Curved-Dad-Cap-Green-Slider04.webp\" class=\"attachment-full size-full \" alt=\"Vice_Golf_Curved_Dad_Cap_Green\" srcset=\"https:\/\/birdie.lt\/wp-content\/uploads\/2025\/01\/Vice-Golf-Curved-Dad-Cap-Green-Slider04.webp 2000w, https:\/\/birdie.lt\/wp-content\/uploads\/2025\/01\/Vice-Golf-Curved-Dad-Cap-Green-Slider04-400x400.webp 400w, https:\/\/birdie.lt\/wp-content\/uploads\/2025\/01\/Vice-Golf-Curved-Dad-Cap-Green-Slider04-150x150.webp 150w, https:\/\/birdie.lt\/wp-content\/uploads\/2025\/01\/Vice-Golf-Curved-Dad-Cap-Green-Slider04-800x800.webp 800w, https:\/\/birdie.lt\/wp-content\/uploads\/2025\/01\/Vice-Golf-Curved-Dad-Cap-Green-Slider04-360x360.webp 360w, https:\/\/birdie.lt\/wp-content\/uploads\/2025\/01\/Vice-Golf-Curved-Dad-Cap-Green-Slider04-768x768.webp 768w, https:\/\/birdie.lt\/wp-content\/uploads\/2025\/01\/Vice-Golf-Curved-Dad-Cap-Green-Slider04-1536x1536.webp 1536w\" sizes=\"(max-width: 2000px) 100vw, 2000px\" \/>\t\t\t\t<\/a>\t\n\t\t\t\t\t<\/div>\t\t\t\n\t\t<div  class=\"col-12 col-xl-9\">\t\n\t\t\t\t<div id=\"section-18597\" class=\"row\">\n\t<div class=\"products product-style-1 grid-view owl-carousel grid-col-lg-4 grid-col-md-3 grid-col-2 pressmart-carousel  \"\n\tdata-owl_options=\"{&quot;slider_loop&quot;:false,&quot;slider_autoplay&quot;:false,&quot;slider_autoplaytimeout&quot;:&quot;3500&quot;,&quot;slider_smartspeed&quot;:&quot;750&quot;,&quot;slider_autoplayHoverPause&quot;:true,&quot;slider_center&quot;:false,&quot;slider_rewind&quot;:true,&quot;slider_autoHeight&quot;:false,&quot;slider_nav&quot;:true,&quot;slider_nav_mobile&quot;:true,&quot;slider_dots&quot;:false,&quot;slider_touchDrag&quot;:true,&quot;slider_touchDrag_mobile&quot;:true,&quot;slider_animatein&quot;:&quot;&quot;,&quot;slider_animateout&quot;:&quot;&quot;,&quot;slider_margin&quot;:0,&quot;rs_extra_large&quot;:&quot;4&quot;,&quot;rs_large&quot;:&quot;4&quot;,&quot;rs_medium&quot;:3,&quot;rs_small&quot;:2,&quot;rs_extra_small&quot;:2}\" >\n\n<div class=\"product type-product post-14750 status-publish first instock product_cat-apparel product_cat-caps product_cat-ladies-caps product_cat-mens-caps product_cat-moterims-apranga product_cat-special-offers product_cat-vice-dad-caps product_tag-caps product_tag-vice-en product_tag-vice-golf-en has-post-thumbnail sale taxable shipping-taxable purchasable product-type-simple\">\n\t\t\t<div class=\"product-wrapper\">\r\n\t\t\t<div class=\"product-image\">\r\n\t\t\t<div class=\"product-labels\"><span class=\"on-sale\"><span>SALE<\/span><\/span><\/div><a href=\"https:\/\/birdie.lt\/en\/vice-dad-cap-black-2\/\" class=\"woocommerce-LoopProduct-link\" target=\"_self\"><img decoding=\"async\" width=\"400\" height=\"400\" src=\"https:\/\/birdie.lt\/wp-content\/uploads\/2025\/01\/Vice-Golf-Curved-Dad-Cap-Black-White-Slider01-400x400.webp\" class=\"attachment-woocommerce_thumbnail size-woocommerce_thumbnail front-image\" alt=\"Vice_Golf_Curved_Dad_Cap_Black_black\" srcset=\"https:\/\/birdie.lt\/wp-content\/uploads\/2025\/01\/Vice-Golf-Curved-Dad-Cap-Black-White-Slider01-400x400.webp 400w, https:\/\/birdie.lt\/wp-content\/uploads\/2025\/01\/Vice-Golf-Curved-Dad-Cap-Black-White-Slider01-150x150.webp 150w, https:\/\/birdie.lt\/wp-content\/uploads\/2025\/01\/Vice-Golf-Curved-Dad-Cap-Black-White-Slider01-800x800.webp 800w, https:\/\/birdie.lt\/wp-content\/uploads\/2025\/01\/Vice-Golf-Curved-Dad-Cap-Black-White-Slider01-360x360.webp 360w, https:\/\/birdie.lt\/wp-content\/uploads\/2025\/01\/Vice-Golf-Curved-Dad-Cap-Black-White-Slider01-768x768.webp 768w, https:\/\/birdie.lt\/wp-content\/uploads\/2025\/01\/Vice-Golf-Curved-Dad-Cap-Black-White-Slider01-1536x1536.webp 1536w, https:\/\/birdie.lt\/wp-content\/uploads\/2025\/01\/Vice-Golf-Curved-Dad-Cap-Black-White-Slider01.webp 2000w\" sizes=\"(max-width: 400px) 100vw, 400px\" \/><img loading=\"lazy\" decoding=\"async\" width=\"400\" height=\"400\" src=\"https:\/\/birdie.lt\/wp-content\/uploads\/2025\/01\/Vice-Golf-Curved-Dad-Cap-Black-White-Slider02-400x400.webp\" class=\"attachment-woocommerce_thumbnail size-woocommerce_thumbnail hover-image\" alt=\"Vice_Golf_Curved_Dad_Cap_Black_black\" srcset=\"https:\/\/birdie.lt\/wp-content\/uploads\/2025\/01\/Vice-Golf-Curved-Dad-Cap-Black-White-Slider02-400x400.webp 400w, https:\/\/birdie.lt\/wp-content\/uploads\/2025\/01\/Vice-Golf-Curved-Dad-Cap-Black-White-Slider02-150x150.webp 150w, https:\/\/birdie.lt\/wp-content\/uploads\/2025\/01\/Vice-Golf-Curved-Dad-Cap-Black-White-Slider02-800x800.webp 800w, https:\/\/birdie.lt\/wp-content\/uploads\/2025\/01\/Vice-Golf-Curved-Dad-Cap-Black-White-Slider02-360x360.webp 360w, https:\/\/birdie.lt\/wp-content\/uploads\/2025\/01\/Vice-Golf-Curved-Dad-Cap-Black-White-Slider02-768x768.webp 768w, https:\/\/birdie.lt\/wp-content\/uploads\/2025\/01\/Vice-Golf-Curved-Dad-Cap-Black-White-Slider02-1536x1536.webp 1536w, https:\/\/birdie.lt\/wp-content\/uploads\/2025\/01\/Vice-Golf-Curved-Dad-Cap-Black-White-Slider02.webp 2000w\" sizes=\"(max-width: 400px) 100vw, 400px\" \/><\/a>\t\t <\/div>\r\n\t\t \t\t<div class=\"product-info\">\r\n\t\t\t<div class=\"product-title-rating\">\r\n\t<h3 class=\"product-title\"><a href=\"https:\/\/birdie.lt\/en\/vice-dad-cap-black-2\/\" target=\"_self\">Vice Dad Cap Black<\/a><\/h3>\n<div class=\"woocommerce-product-details__short-description\">\n\t\t<div class=\"short-description\">\n\t\t<h3 style=\"text-align: center\">Vice Dad Cap &#8211; Classic design meets modern performance in a comfortable, breathable cap.<\/h3>\n\t<\/div>\n<\/div>\n\t\t<\/div>\r\n\t\t\t<div class=\"product-price-buttons\">\r\n\t\t\t<div class=\"product-price\">\r\n\t\t\t\n\t<span class=\"price\"><ins><span class=\"woocommerce-Price-amount amount\"><bdi>27.90&nbsp;<span class=\"woocommerce-Price-currencySymbol\">&euro;<\/span><\/bdi><\/span><\/ins> <del aria-hidden=\"true\"><span class=\"woocommerce-Price-amount amount\"><bdi>29.90&nbsp;<span class=\"woocommerce-Price-currencySymbol\">&euro;<\/span><\/bdi><\/span><\/del><\/span>\n\t\t <\/div>\r\n\t\t \t\t<div class=\"product-buttons-variations\">\r\n\t\t\t\t\t\r\n\t\t<div class=\"product-buttons\">\r\n\t\t\t\t\t <\/div>\r\n\t\t \t\t <\/div>\r\n\t\t \t\t<\/div>\r\n\t\t\t<\/div>\r\n\t\t\t<\/div>\r\n\t<\/div>\n<div class=\"product type-product post-8184 status-publish instock product_cat-apranga product_cat-kepures product_cat-marskineliai product_cat-moteriskos-kepures product_cat-specialus-pasiulymai product_cat-vice-dad-kepures product_cat-apranga-vyrams product_cat-vyriskos-kepures product_tag-kepures product_tag-vice product_tag-vice-golf has-post-thumbnail sale taxable shipping-taxable purchasable product-type-simple\">\n\t\t\t<div class=\"product-wrapper\">\r\n\t\t\t<div class=\"product-image\">\r\n\t\t\t<div class=\"product-labels\"><span class=\"on-sale\"><span>SALE<\/span><\/span><\/div><a href=\"https:\/\/birdie.lt\/en\/vice-dad-kepure-pilka\/\" class=\"woocommerce-LoopProduct-link\" target=\"_self\"><img loading=\"lazy\" decoding=\"async\" width=\"400\" height=\"400\" src=\"https:\/\/birdie.lt\/wp-content\/uploads\/2025\/01\/Vice-Golf-Curved-Dad-Cap-Light-Grey-Slider01-400x400.webp\" class=\"attachment-woocommerce_thumbnail size-woocommerce_thumbnail front-image\" alt=\"Vice_Golf_Curved_Dad_Cap_Light_Grey\" srcset=\"https:\/\/birdie.lt\/wp-content\/uploads\/2025\/01\/Vice-Golf-Curved-Dad-Cap-Light-Grey-Slider01-400x400.webp 400w, https:\/\/birdie.lt\/wp-content\/uploads\/2025\/01\/Vice-Golf-Curved-Dad-Cap-Light-Grey-Slider01-150x150.webp 150w, https:\/\/birdie.lt\/wp-content\/uploads\/2025\/01\/Vice-Golf-Curved-Dad-Cap-Light-Grey-Slider01-800x800.webp 800w, https:\/\/birdie.lt\/wp-content\/uploads\/2025\/01\/Vice-Golf-Curved-Dad-Cap-Light-Grey-Slider01-360x360.webp 360w, https:\/\/birdie.lt\/wp-content\/uploads\/2025\/01\/Vice-Golf-Curved-Dad-Cap-Light-Grey-Slider01-768x768.webp 768w, https:\/\/birdie.lt\/wp-content\/uploads\/2025\/01\/Vice-Golf-Curved-Dad-Cap-Light-Grey-Slider01-1536x1536.webp 1536w, https:\/\/birdie.lt\/wp-content\/uploads\/2025\/01\/Vice-Golf-Curved-Dad-Cap-Light-Grey-Slider01.webp 2000w\" sizes=\"(max-width: 400px) 100vw, 400px\" \/><img loading=\"lazy\" decoding=\"async\" width=\"400\" height=\"400\" src=\"https:\/\/birdie.lt\/wp-content\/uploads\/2025\/01\/Vice-Golf-Curved-Dad-Cap-Light-Grey-Slider02-400x400.webp\" class=\"attachment-woocommerce_thumbnail size-woocommerce_thumbnail hover-image\" alt=\"Vice-Golf-Curved-Dad-Cap-Light-Grey\" srcset=\"https:\/\/birdie.lt\/wp-content\/uploads\/2025\/01\/Vice-Golf-Curved-Dad-Cap-Light-Grey-Slider02-400x400.webp 400w, https:\/\/birdie.lt\/wp-content\/uploads\/2025\/01\/Vice-Golf-Curved-Dad-Cap-Light-Grey-Slider02-150x150.webp 150w, https:\/\/birdie.lt\/wp-content\/uploads\/2025\/01\/Vice-Golf-Curved-Dad-Cap-Light-Grey-Slider02-800x800.webp 800w, https:\/\/birdie.lt\/wp-content\/uploads\/2025\/01\/Vice-Golf-Curved-Dad-Cap-Light-Grey-Slider02-360x360.webp 360w, https:\/\/birdie.lt\/wp-content\/uploads\/2025\/01\/Vice-Golf-Curved-Dad-Cap-Light-Grey-Slider02-768x768.webp 768w, https:\/\/birdie.lt\/wp-content\/uploads\/2025\/01\/Vice-Golf-Curved-Dad-Cap-Light-Grey-Slider02-1536x1536.webp 1536w, https:\/\/birdie.lt\/wp-content\/uploads\/2025\/01\/Vice-Golf-Curved-Dad-Cap-Light-Grey-Slider02.webp 2000w\" sizes=\"(max-width: 400px) 100vw, 400px\" \/><\/a>\t\t <\/div>\r\n\t\t \t\t<div class=\"product-info\">\r\n\t\t\t<div class=\"product-title-rating\">\r\n\t<h3 class=\"product-title\"><a href=\"https:\/\/birdie.lt\/en\/vice-dad-kepure-pilka\/\" target=\"_self\">Vice Dad Kepur\u0117 Pilka<\/a><\/h3>\n<div class=\"woocommerce-product-details__short-description\">\n\t\t<div class=\"short-description\">\n\t\t<h3 style=\"text-align: center\">Vice Dad Kepur\u0117 &#8211; Klasikinis dizainas susijungia su moderniu funkcionalumu.<\/h3>\n\t<\/div>\n<\/div>\n\t\t<\/div>\r\n\t\t\t<div class=\"product-price-buttons\">\r\n\t\t\t<div class=\"product-price\">\r\n\t\t\t\n\t<span class=\"price\"><ins><span class=\"woocommerce-Price-amount amount\"><bdi>27.90&nbsp;<span class=\"woocommerce-Price-currencySymbol\">&euro;<\/span><\/bdi><\/span><\/ins> <del aria-hidden=\"true\"><span class=\"woocommerce-Price-amount amount\"><bdi>29.90&nbsp;<span class=\"woocommerce-Price-currencySymbol\">&euro;<\/span><\/bdi><\/span><\/del><\/span>\n\t\t <\/div>\r\n\t\t \t\t<div class=\"product-buttons-variations\">\r\n\t\t\t\t\t\r\n\t\t<div class=\"product-buttons\">\r\n\t\t\t\t\t <\/div>\r\n\t\t \t\t <\/div>\r\n\t\t \t\t<\/div>\r\n\t\t\t<\/div>\r\n\t\t\t<\/div>\r\n\t<\/div>\n<div class=\"product type-product post-8153 status-publish instock product_cat-apranga product_cat-kepures product_cat-moterims-apranga product_cat-moteriskos-kepures product_cat-specialus-pasiulymai product_cat-vice-dad-kepures product_cat-apranga-vyrams product_cat-vyriskos-kepures has-post-thumbnail sale taxable shipping-taxable purchasable product-type-simple\">\n\t\t\t<div class=\"product-wrapper\">\r\n\t\t\t<div class=\"product-image\">\r\n\t\t\t<div class=\"product-labels\"><span class=\"on-sale\"><span>SALE<\/span><\/span><\/div><a href=\"https:\/\/birdie.lt\/en\/vice-dad-kepure-juoda-2\/\" class=\"woocommerce-LoopProduct-link\" target=\"_self\"><img loading=\"lazy\" decoding=\"async\" width=\"400\" height=\"400\" src=\"https:\/\/birdie.lt\/wp-content\/uploads\/2025\/01\/Vice-Golf-Curved-Dad-Cap-Black-Lime-Slider01-400x400.webp\" class=\"attachment-woocommerce_thumbnail size-woocommerce_thumbnail front-image\" alt=\"Vice-Golf-Curved-Dad-Cap-Black-Lime\" srcset=\"https:\/\/birdie.lt\/wp-content\/uploads\/2025\/01\/Vice-Golf-Curved-Dad-Cap-Black-Lime-Slider01-400x400.webp 400w, https:\/\/birdie.lt\/wp-content\/uploads\/2025\/01\/Vice-Golf-Curved-Dad-Cap-Black-Lime-Slider01-150x150.webp 150w, https:\/\/birdie.lt\/wp-content\/uploads\/2025\/01\/Vice-Golf-Curved-Dad-Cap-Black-Lime-Slider01-800x800.webp 800w, https:\/\/birdie.lt\/wp-content\/uploads\/2025\/01\/Vice-Golf-Curved-Dad-Cap-Black-Lime-Slider01-360x360.webp 360w, https:\/\/birdie.lt\/wp-content\/uploads\/2025\/01\/Vice-Golf-Curved-Dad-Cap-Black-Lime-Slider01-768x768.webp 768w, https:\/\/birdie.lt\/wp-content\/uploads\/2025\/01\/Vice-Golf-Curved-Dad-Cap-Black-Lime-Slider01-1536x1536.webp 1536w, https:\/\/birdie.lt\/wp-content\/uploads\/2025\/01\/Vice-Golf-Curved-Dad-Cap-Black-Lime-Slider01.webp 2000w\" sizes=\"(max-width: 400px) 100vw, 400px\" \/><img loading=\"lazy\" decoding=\"async\" width=\"400\" height=\"400\" src=\"https:\/\/birdie.lt\/wp-content\/uploads\/2025\/01\/Vice-Golf-Curved-Dad-Cap-Black-Lime-Slider02-400x400.webp\" class=\"attachment-woocommerce_thumbnail size-woocommerce_thumbnail hover-image\" alt=\"Vice_Golf_Curved_Dad_Cap_Black_Lime\" srcset=\"https:\/\/birdie.lt\/wp-content\/uploads\/2025\/01\/Vice-Golf-Curved-Dad-Cap-Black-Lime-Slider02-400x400.webp 400w, https:\/\/birdie.lt\/wp-content\/uploads\/2025\/01\/Vice-Golf-Curved-Dad-Cap-Black-Lime-Slider02-150x150.webp 150w, https:\/\/birdie.lt\/wp-content\/uploads\/2025\/01\/Vice-Golf-Curved-Dad-Cap-Black-Lime-Slider02-800x800.webp 800w, https:\/\/birdie.lt\/wp-content\/uploads\/2025\/01\/Vice-Golf-Curved-Dad-Cap-Black-Lime-Slider02-360x360.webp 360w, https:\/\/birdie.lt\/wp-content\/uploads\/2025\/01\/Vice-Golf-Curved-Dad-Cap-Black-Lime-Slider02-768x768.webp 768w, https:\/\/birdie.lt\/wp-content\/uploads\/2025\/01\/Vice-Golf-Curved-Dad-Cap-Black-Lime-Slider02-1536x1536.webp 1536w, https:\/\/birdie.lt\/wp-content\/uploads\/2025\/01\/Vice-Golf-Curved-Dad-Cap-Black-Lime-Slider02.webp 2000w\" sizes=\"(max-width: 400px) 100vw, 400px\" \/><\/a>\t\t <\/div>\r\n\t\t \t\t<div class=\"product-info\">\r\n\t\t\t<div class=\"product-title-rating\">\r\n\t<h3 class=\"product-title\"><a href=\"https:\/\/birdie.lt\/en\/vice-dad-kepure-juoda-2\/\" target=\"_self\">Vice Dad Kepur\u0117 Juoda\/\u017dalsva<\/a><\/h3>\n<div class=\"woocommerce-product-details__short-description\">\n\t\t<div class=\"short-description\">\n\t\t<h3 style=\"text-align: center\">Vice Dad Kepur\u0117 &#8211; Klasikinis dizainas susijungia su moderniu funkcionalumu.<\/h3>\n\t<\/div>\n<\/div>\n\t\t<\/div>\r\n\t\t\t<div class=\"product-price-buttons\">\r\n\t\t\t<div class=\"product-price\">\r\n\t\t\t\n\t<span class=\"price\"><ins><span class=\"woocommerce-Price-amount amount\"><bdi>27.90&nbsp;<span class=\"woocommerce-Price-currencySymbol\">&euro;<\/span><\/bdi><\/span><\/ins> <del aria-hidden=\"true\"><span class=\"woocommerce-Price-amount amount\"><bdi>29.90&nbsp;<span class=\"woocommerce-Price-currencySymbol\">&euro;<\/span><\/bdi><\/span><\/del><\/span>\n\t\t <\/div>\r\n\t\t \t\t<div class=\"product-buttons-variations\">\r\n\t\t\t\t\t\r\n\t\t<div class=\"product-buttons\">\r\n\t\t\t\t\t <\/div>\r\n\t\t \t\t <\/div>\r\n\t\t \t\t<\/div>\r\n\t\t\t<\/div>\r\n\t\t\t<\/div>\r\n\t<\/div>\n\n\t\t<\/div>\n\t<\/div>\n\t\t<\/div>\n\t<\/div>\n<\/div>\t\t\t\t<\/div>\n\t\t\t\t<\/div>\n\t\t\t\t<\/div>\n\t\t\t\t<\/div>\n\t\t","protected":false},"excerpt":{"rendered":"<h3 style=\"text-align: center\">Vice Dad Kepur\u0117 &#8211; Klasikinis dizainas susijungia su moderniu funkcionalumu.<\/h3>\n","protected":false},"featured_media":8180,"template":"","meta":[],"product_brand":[334],"product_cat":[35,24,268,25,460,267,26],"product_tag":[257,335,455],"class_list":{"0":"post-8178","1":"product","2":"type-product","3":"status-publish","4":"has-post-thumbnail","6":"product_brand-vice-golf","7":"product_cat-apranga","8":"product_cat-kepures","9":"product_cat-moterims-apranga","10":"product_cat-moteriskos-kepures","11":"product_cat-vice-dad-kepures","12":"product_cat-apranga-vyrams","13":"product_cat-vyriskos-kepures","14":"product_tag-kepures","15":"product_tag-vice","16":"product_tag-vice-golf","18":"last","19":"instock","20":"sale","21":"taxable","22":"shipping-taxable","23":"purchasable","24":"product-type-simple"},"_links":{"self":[{"href":"https:\/\/birdie.lt\/en\/wp-json\/wp\/v2\/product\/8178","targetHints":{"allow":["GET"]}}],"collection":[{"href":"https:\/\/birdie.lt\/en\/wp-json\/wp\/v2\/product"}],"about":[{"href":"https:\/\/birdie.lt\/en\/wp-json\/wp\/v2\/types\/product"}],"version-history":[{"count":1,"href":"https:\/\/birdie.lt\/en\/wp-json\/wp\/v2\/product\/8178\/revisions"}],"predecessor-version":[{"id":16268,"href":"https:\/\/birdie.lt\/en\/wp-json\/wp\/v2\/product\/8178\/revisions\/16268"}],"wp:featuredmedia":[{"embeddable":true,"href":"https:\/\/birdie.lt\/en\/wp-json\/wp\/v2\/media\/8180"}],"wp:attachment":[{"href":"https:\/\/birdie.lt\/en\/wp-json\/wp\/v2\/media?parent=8178"}],"wp:term":[{"taxonomy":"product_brand","embeddable":true,"href":"https:\/\/birdie.lt\/en\/wp-json\/wp\/v2\/product_brand?post=8178"},{"taxonomy":"product_cat","embeddable":true,"href":"https:\/\/birdie.lt\/en\/wp-json\/wp\/v2\/product_cat?post=8178"},{"taxonomy":"product_tag","embeddable":true,"href":"https:\/\/birdie.lt\/en\/wp-json\/wp\/v2\/product_tag?post=8178"}],"curies":[{"name":"wp","href":"https:\/\/api.w.org\/{rel}","templated":true}]}}