{"id":6355,"date":"2024-07-15T16:41:03","date_gmt":"2024-07-15T13:41:03","guid":{"rendered":"https:\/\/birdie.lt\/?post_type=product&#038;p=6355"},"modified":"2025-11-02T13:15:55","modified_gmt":"2025-11-02T11:15:55","slug":"wilson-pro-tour-kepure-wn","status":"publish","type":"product","link":"https:\/\/birdie.lt\/en\/wilson-pro-tour-kepure-wn\/","title":{"rendered":"Wilson Pro Tour Kepur\u0117"},"content":{"rendered":"<h2>Privalumai:<\/h2>\n<ul>\n<li style=\"list-style-type: none;\"><\/li>\n<li><strong>PA\u017dANGUS, LENGVAS AUDINYS<\/strong><\/li>\n<li><strong>KV\u0116PUOJANTIS, LAZERIU PERFORUOTAS TINKLELIO VIR\u0160US<\/strong><\/li>\n<li><strong>D\u0116VI GERIAUSI \u017dAID\u0116JAI PAGRINDIN\u0116SE VAR\u017dYBOSE VISAME PASAULYJE<\/strong><\/li>\n<\/ul>\n<p>&nbsp;<\/p>\n<h3>Technin\u0117 informacija:<\/h3>\n<p>Spalva: Balta<\/p>\n","protected":false},"excerpt":{"rendered":"<p>\u0160i auk\u0161tos kokyb\u0117s Wilson Pro Tour kepur\u0117 pagaminta i\u0161 patvarios poliesterio med\u017eiagos su orui pralaid\u017eiomis skylut\u0117mis, kad geriau v\u0117sint\u0173. &#8220;Pro Tour&#8221; kepur\u0117 yra \u017eemesnio profilio ir lengvo audinio. Kepur\u0117 turi reguliuojam\u0105 dir\u017eel\u012f, kad tikt\u0173 daugumai galvos dyd\u017ei\u0173, o jos priekyje yra i\u0161siuvin\u0117tas &#8220;Wilson&#8221; logotipas, gale ir \u0161onuose &#8211; prek\u0117s \u017eenklas.<\/p>\n","protected":false},"featured_media":6356,"template":"","meta":[],"product_brand":[207],"product_cat":[35,24,268,25],"product_tag":[266,224,209],"class_list":{"0":"post-6355","1":"product","2":"type-product","3":"status-publish","4":"has-post-thumbnail","6":"product_brand-wilson","7":"product_cat-apranga","8":"product_cat-kepures","9":"product_cat-moterims-apranga","10":"product_cat-moteriskos-kepures","11":"product_tag-kepure","12":"product_tag-moterims","13":"product_tag-wilson","15":"first","16":"instock","17":"taxable","18":"shipping-taxable","19":"purchasable","20":"product-type-simple"},"_links":{"self":[{"href":"https:\/\/birdie.lt\/en\/wp-json\/wp\/v2\/product\/6355","targetHints":{"allow":["GET"]}}],"collection":[{"href":"https:\/\/birdie.lt\/en\/wp-json\/wp\/v2\/product"}],"about":[{"href":"https:\/\/birdie.lt\/en\/wp-json\/wp\/v2\/types\/product"}],"version-history":[{"count":1,"href":"https:\/\/birdie.lt\/en\/wp-json\/wp\/v2\/product\/6355\/revisions"}],"predecessor-version":[{"id":16272,"href":"https:\/\/birdie.lt\/en\/wp-json\/wp\/v2\/product\/6355\/revisions\/16272"}],"wp:featuredmedia":[{"embeddable":true,"href":"https:\/\/birdie.lt\/en\/wp-json\/wp\/v2\/media\/6356"}],"wp:attachment":[{"href":"https:\/\/birdie.lt\/en\/wp-json\/wp\/v2\/media?parent=6355"}],"wp:term":[{"taxonomy":"product_brand","embeddable":true,"href":"https:\/\/birdie.lt\/en\/wp-json\/wp\/v2\/product_brand?post=6355"},{"taxonomy":"product_cat","embeddable":true,"href":"https:\/\/birdie.lt\/en\/wp-json\/wp\/v2\/product_cat?post=6355"},{"taxonomy":"product_tag","embeddable":true,"href":"https:\/\/birdie.lt\/en\/wp-json\/wp\/v2\/product_tag?post=6355"}],"curies":[{"name":"wp","href":"https:\/\/api.w.org\/{rel}","templated":true}]}}