{"id":5828,"date":"2024-06-26T12:30:05","date_gmt":"2024-06-26T09:30:05","guid":{"rendered":"https:\/\/birdie.lt\/?post_type=product&#038;p=5828"},"modified":"2026-04-13T18:26:23","modified_gmt":"2026-04-13T15:26:23","slug":"cleveland-rtx-full-face-2-wedge","status":"publish","type":"product","link":"https:\/\/birdie.lt\/en\/cleveland-rtx-full-face-2-wedge\/","title":{"rendered":"Cleveland RTX Full Face 2 Wedge"},"content":{"rendered":"<p><img fetchpriority=\"high\" decoding=\"async\" class=\"wp-image-5840 aligncenter\" src=\"https:\/\/birdie.lt\/wp-content\/uploads\/2024\/06\/tech_01-480x342.png\" alt=\"rtx_cleveland_wedge_full_face\" width=\"623\" height=\"444\" srcset=\"https:\/\/birdie.lt\/wp-content\/uploads\/2024\/06\/tech_01-480x342.png 480w, https:\/\/birdie.lt\/wp-content\/uploads\/2024\/06\/tech_01-150x107.png 150w, https:\/\/birdie.lt\/wp-content\/uploads\/2024\/06\/tech_01-800x570.png 800w, https:\/\/birdie.lt\/wp-content\/uploads\/2024\/06\/tech_01-1024x730.png 1024w, https:\/\/birdie.lt\/wp-content\/uploads\/2024\/06\/tech_01-768x547.png 768w, https:\/\/birdie.lt\/wp-content\/uploads\/2024\/06\/tech_01-1536x1094.png 1536w, https:\/\/birdie.lt\/wp-content\/uploads\/2024\/06\/tech_01.png 1774w\" sizes=\"(max-width: 623px) 100vw, 623px\" \/><\/p>\n<h2>Golfo lazdos privalumai:<\/h2>\n<p><strong><img decoding=\"async\" class=\"alignnone wp-image-5841\" src=\"https:\/\/birdie.lt\/wp-content\/uploads\/2024\/06\/tech_03-398x360.png\" alt=\"cleveland_golf_wedge\" width=\"102\" height=\"93\" srcset=\"https:\/\/birdie.lt\/wp-content\/uploads\/2024\/06\/tech_03-398x360.png 398w, https:\/\/birdie.lt\/wp-content\/uploads\/2024\/06\/tech_03-150x136.png 150w, https:\/\/birdie.lt\/wp-content\/uploads\/2024\/06\/tech_03-800x723.png 800w, https:\/\/birdie.lt\/wp-content\/uploads\/2024\/06\/tech_03-849x768.png 849w, https:\/\/birdie.lt\/wp-content\/uploads\/2024\/06\/tech_03-768x694.png 768w, https:\/\/birdie.lt\/wp-content\/uploads\/2024\/06\/tech_03.png 1105w\" sizes=\"(max-width: 102px) 100vw, 102px\" \/>\u00a0 VISOKIOMIS S\u0104LYGOMIS. MAKSIMALUS SUKIMASIS.<\/strong><\/p>\n<p>&#8220;RTX Full-Face 2&#8221; naudojamos dvi skirtingos sm\u0117liavimo terp\u0117s ir lazeriu frezuoti linij\u0173 ra\u0161tai. D\u0117l ma\u017eesnio kampo 50\u00b0-52\u00b0 lazdoms reikia ma\u017eiau \u0161iurk\u0161taus pavir\u0161iaus \u0161lifavimo ir ma\u017eiau linij\u0173, kad b\u016bt\u0173 pasiektas maksimalus sukimosi efektyvumas. Kalbant apie 54\u00b0-64\u00b0 lazdas, kuri\u0173 kampai yra didesni, naudojami \u0161iurk\u0161tesni pavir\u0161iai ir daugiau grioveli\u0173, kad padid\u0117t\u0173 trintis ir b\u016bt\u0173 pasiektas toks pat didelis pastovumas.<\/p>\n<p><strong><img decoding=\"async\" class=\"alignnone wp-image-5842\" src=\"https:\/\/birdie.lt\/wp-content\/uploads\/2024\/06\/tech_02-480x246.png\" alt=\"HYDRAZIP_Cleveland \" width=\"100\" height=\"51\" srcset=\"https:\/\/birdie.lt\/wp-content\/uploads\/2024\/06\/tech_02-480x246.png 480w, https:\/\/birdie.lt\/wp-content\/uploads\/2024\/06\/tech_02-150x77.png 150w, https:\/\/birdie.lt\/wp-content\/uploads\/2024\/06\/tech_02-800x410.png 800w, https:\/\/birdie.lt\/wp-content\/uploads\/2024\/06\/tech_02-1024x525.png 1024w, https:\/\/birdie.lt\/wp-content\/uploads\/2024\/06\/tech_02-768x393.png 768w, https:\/\/birdie.lt\/wp-content\/uploads\/2024\/06\/tech_02.png 1105w\" sizes=\"(max-width: 100px) 100vw, 100px\" \/>\u00a0 HYDRAZIP TECHNOLOGIJA<\/strong><\/p>\n<p>Patentuota &#8220;HydraZip&#8221; pavir\u0161iaus technologija pasi\u017eymi dinami\u0161ka lazeriu frezuot\u0173 linij\u0173 sistema, padidinan\u010dia pavir\u0161iaus trint\u012f ir u\u017etikrinan\u010dia maksimal\u0173 sukimosi nuoseklum\u0105 tiek dr\u0117gnomis, tiek sausomis s\u0105lygomis ir sm\u016bgiuojant i\u0161 bet kurios vietos.<\/p>\n<p><strong><img loading=\"lazy\" decoding=\"async\" class=\"alignnone wp-image-5843\" src=\"https:\/\/birdie.lt\/wp-content\/uploads\/2024\/06\/tech_05-480x250.png\" alt=\"ULTIZIP_cleveland\" width=\"100\" height=\"52\" srcset=\"https:\/\/birdie.lt\/wp-content\/uploads\/2024\/06\/tech_05-480x250.png 480w, https:\/\/birdie.lt\/wp-content\/uploads\/2024\/06\/tech_05-150x78.png 150w, https:\/\/birdie.lt\/wp-content\/uploads\/2024\/06\/tech_05-800x416.png 800w, https:\/\/birdie.lt\/wp-content\/uploads\/2024\/06\/tech_05-1024x533.png 1024w, https:\/\/birdie.lt\/wp-content\/uploads\/2024\/06\/tech_05-768x400.png 768w, https:\/\/birdie.lt\/wp-content\/uploads\/2024\/06\/tech_05.png 1105w\" sizes=\"(max-width: 100px) 100vw, 100px\" \/> ULTIZIP TECHNOLOGIJA<\/strong><\/p>\n<p>&#8220;UltiZip&#8221; pavir\u0161iaus technologija sukuria specializuot\u0105 a\u0161tresni\u0173, gilesni\u0173 ir siauresni\u0173 grioveli\u0173 sek\u0105, kad b\u016bt\u0173 u\u017etikrintas did\u017eiausias trumpo \u017eaidimo sukimasis, kontrol\u0117, nuoseklumas ir \u012fkandimas.<\/p>\n<p>A\u0161tresni grioveliai leid\u017eia &#8220;skrosti&#8221; \u017eol\u0119 ir kit\u0105 sud\u0117tingesn\u012f reljef\u0105. Gilesni grioveliai sukuria erdv\u0119 \u017eolei, sm\u0117liui, purvui ar vandeniui pasi\u0161alinti i\u0161 sm\u016bgio zonos. Siauresni grioveliai suteikia geresn\u012f kontakt\u0105. Be to, kadangi grioveliai yra grie\u017etesni, &#8220;Cleveland&#8221; taip pat papild\u0117 dar daugiau per vis\u0105 lazdos galvos ilg\u012f nei \u012fprastai.<\/p>\n<p><strong><img loading=\"lazy\" decoding=\"async\" class=\"alignnone wp-image-5844\" src=\"https:\/\/birdie.lt\/wp-content\/uploads\/2024\/06\/tech_04-480x274.png\" alt=\"zipcore_cleveland\" width=\"100\" height=\"57\" srcset=\"https:\/\/birdie.lt\/wp-content\/uploads\/2024\/06\/tech_04-480x274.png 480w, https:\/\/birdie.lt\/wp-content\/uploads\/2024\/06\/tech_04-150x86.png 150w, https:\/\/birdie.lt\/wp-content\/uploads\/2024\/06\/tech_04-800x457.png 800w, https:\/\/birdie.lt\/wp-content\/uploads\/2024\/06\/tech_04-1024x585.png 1024w, https:\/\/birdie.lt\/wp-content\/uploads\/2024\/06\/tech_04-768x439.png 768w, https:\/\/birdie.lt\/wp-content\/uploads\/2024\/06\/tech_04.png 1105w\" sizes=\"(max-width: 100px) 100vw, 100px\" \/>\u00a0 ZIPCORE TECHNOLOGIJA<\/strong><\/p>\n<p>Cleveland i\u0161skirtin\u0117 &#8220;ZipCore&#8221; technologija pagerina auk\u0161t\u0105\/\u017eem\u0105 ir lazdos priekyje\/gale MOI bei perkelia svorio centr\u0105 ten, kur m\u0117gstate sm\u016bgiuoti \u012f kamuoliuk\u0105, taip pat pagerindama na\u0161umo pastovum\u0105, kontrol\u0119 ir poj\u016bt\u012f bei padidindama kamuoliuko \u0161velnum\u0105.<\/p>\n<p>Kaip tai \u012fmanoma? ZipCore pakei\u010dia sunkesn\u012f plien\u0105 lazdos apa\u010dios vietose \u012f itin lengva, ta\u010diau tvirta, vibracijas slopinan\u010dia med\u017eiaga. \u0160i unikali ma\u017eo tankio \u0161erdis i\u0161laiko puiki\u0105 CG pad\u0117t\u012f, net jei koreguojama lazdos galvos forma ir svoris.<\/p>\n<p>&nbsp;<\/p>\n<h3>Technin\u0117 informacija:<\/h3>\n<p>Shaft&#8217;as : Plieninis<br \/>\nBounce &#8211; Standartinis<\/p>\n","protected":false},"excerpt":{"rendered":"<h3>Cleveland RTX Full Face 2 Wedge &#8211; Didesnis sm\u016bgi\u0173 universalumas su pilno pavir\u0161iaus grioveliais.<\/h3>\n<p>\u0160i trump\u0173 sm\u016bgi\u0173 lazda u\u017etikrina dar didesn\u012f universalum\u0105 bet kokioje green&#8217;o pus\u0117s pad\u0117tyje ar bet kokiomis s\u0105lygomis. RTX Full-Face 2 lazdoje \u012fdiegtos HydraZip, ZipCore ir UltiZip technologijos. Sukurta taip, kad pad\u0117t\u0173 \u017eaid\u0117jams atlikti dr\u0105sius, atvirus sm\u016bgius aplink green&#8217;\u0105.<\/p>\n","protected":false},"featured_media":5829,"template":"","meta":[],"product_brand":[305],"product_cat":[55,71],"product_tag":[306],"class_list":{"0":"post-5828","1":"product","2":"type-product","3":"status-publish","4":"has-post-thumbnail","6":"product_brand-cleveland","7":"product_cat-golfo-lazdos","8":"product_cat-trumpu-smugiu-lazdos","9":"product_tag-cleveland","10":"pa_shaftas-plieninis","11":"pa_tipas-desiniarankiams","13":"first","14":"instock","15":"sale","16":"featured","17":"taxable","18":"shipping-taxable","19":"purchasable","20":"product-type-variable"},"_links":{"self":[{"href":"https:\/\/birdie.lt\/en\/wp-json\/wp\/v2\/product\/5828","targetHints":{"allow":["GET"]}}],"collection":[{"href":"https:\/\/birdie.lt\/en\/wp-json\/wp\/v2\/product"}],"about":[{"href":"https:\/\/birdie.lt\/en\/wp-json\/wp\/v2\/types\/product"}],"version-history":[{"count":1,"href":"https:\/\/birdie.lt\/en\/wp-json\/wp\/v2\/product\/5828\/revisions"}],"predecessor-version":[{"id":16439,"href":"https:\/\/birdie.lt\/en\/wp-json\/wp\/v2\/product\/5828\/revisions\/16439"}],"wp:featuredmedia":[{"embeddable":true,"href":"https:\/\/birdie.lt\/en\/wp-json\/wp\/v2\/media\/5829"}],"wp:attachment":[{"href":"https:\/\/birdie.lt\/en\/wp-json\/wp\/v2\/media?parent=5828"}],"wp:term":[{"taxonomy":"product_brand","embeddable":true,"href":"https:\/\/birdie.lt\/en\/wp-json\/wp\/v2\/product_brand?post=5828"},{"taxonomy":"product_cat","embeddable":true,"href":"https:\/\/birdie.lt\/en\/wp-json\/wp\/v2\/product_cat?post=5828"},{"taxonomy":"product_tag","embeddable":true,"href":"https:\/\/birdie.lt\/en\/wp-json\/wp\/v2\/product_tag?post=5828"}],"curies":[{"name":"wp","href":"https:\/\/api.w.org\/{rel}","templated":true}]}}