{"id":5593,"date":"2024-06-15T17:08:00","date_gmt":"2024-06-15T14:08:00","guid":{"rendered":"https:\/\/birdie.lt\/?post_type=product&#038;p=5593"},"modified":"2026-01-28T11:59:37","modified_gmt":"2026-01-28T09:59:37","slug":"garmin-approach-s70-golf-gps-47mm-juoda","status":"publish","type":"product","link":"https:\/\/birdie.lt\/en\/garmin-approach-s70-golf-gps-47mm-juoda\/","title":{"rendered":"Garmin Approach S70 Golf GPS 42mm Powder Gray"},"content":{"rendered":"<p><iframe title=\"Garmin | Auk\u0161tos klas\u0117s golfo GPS i\u0161manusis laikrodis \u201eApproach S70\u201c\" width=\"1200\" height=\"675\" src=\"https:\/\/www.youtube.com\/embed\/ECd-9-JDp00?feature=oembed&#038;enablejsapi=1&#038;origin=https:\/\/birdie.lt\" frameborder=\"0\" allow=\"accelerometer; autoplay; clipboard-write; encrypted-media; gyroscope; picture-in-picture; web-share\" referrerpolicy=\"strict-origin-when-cross-origin\" allowfullscreen><\/iframe><\/p>\n<h2>I\u0161maniojo laikrod\u017eio privalumai:<\/h2>\n<h4><img decoding=\"async\" class=\"alignnone size-full wp-image-5338\" src=\"https:\/\/birdie.lt\/wp-content\/uploads\/2024\/06\/43K.svg\" alt=\"\" width=\"50\" height=\"50\"> \u00a0<strong>43000 \u012eKELT\u0172 AIK\u0160TELI\u0172<\/strong><\/h4>\n<p>Savo laikrodyje tur\u0117site ~ 43000 spalvini\u0173 \u201eCourseView\u201c golfo aik\u0161tyn\u0173 \u017eem\u0117lapi\u0173 i\u0161 viso pasaulio.<\/p>\n<h4><strong><img decoding=\"async\" class=\"alignnone wp-image-5341\" src=\"https:\/\/birdie.lt\/wp-content\/uploads\/2024\/06\/Virtual-Caddie.svg\" alt=\"\" width=\"50\" height=\"50\">\u00a0 PATOBULINTAS VIRTUALUSIS ASISTENTAS<\/strong><\/h4>\n<p>Gaukite lazd\u0173 rekomendacijas. Naujoje sm\u016bgi\u0173 sklaidos diagramoje greitai ir patogiai matysite galimus pavojus, priklausomai nuo pasirinktos lazdos.<\/p>\n<h4><strong><img decoding=\"async\" class=\"alignnone wp-image-5351\" src=\"https:\/\/birdie.lt\/wp-content\/uploads\/2024\/06\/Wind-Speed.svg\" alt=\"\" width=\"50\" height=\"50\">\u00a0 PATOBULINTA FUNKCIJA \u201ePLAYSLIKE DISTANCE\u201c<\/strong><\/h4>\n<p>\u017dinokite, kuri\u0105 lazd\u0105 naudoti ir kuria kryptimi sm\u016bgiuoti.<\/p>\n<h4><strong><img loading=\"lazy\" decoding=\"async\" class=\"alignnone size-full wp-image-5352\" src=\"https:\/\/birdie.lt\/wp-content\/uploads\/2024\/06\/Greenview.svg\" alt=\"\" width=\"50\" height=\"50\">\u00a0 \u201eGREEN VIEW\u201c<\/strong><\/h4>\n<p>Matykite tikr\u0105j\u0105 kiekvienos ridenimo aik\u0161tel\u0117s form\u0105 i\u0161 bet kurios aik\u0161tyno vietos.<\/p>\n<h4><strong><img loading=\"lazy\" decoding=\"async\" class=\"alignnone size-full wp-image-5353\" src=\"https:\/\/birdie.lt\/wp-content\/uploads\/2024\/06\/pinpointer.svg\" alt=\"\" width=\"50\" height=\"50\">FUNKCIJA \u201ePINPOINTER\u201c<\/strong><\/h4>\n<div class=\"app__feature__card\" data-translate=\"\">\n<p class=\"app__feature__card__description app__feature__card__description--center\">\u0160i funkcija nurodo\u00a0v\u0117liav\u0117l\u0117s krypt\u012f,\u00a0kad gal\u0117tum\u0117te kuo geriau i\u0161naudoti kiekvien\u0105 sm\u016bg\u012f net sm\u016bgiuodami aklai.<\/p>\n<h4><strong><img loading=\"lazy\" decoding=\"async\" class=\"alignnone size-full wp-image-5354\" src=\"https:\/\/birdie.lt\/wp-content\/uploads\/2024\/06\/HAZARD-VIEW.svg\" alt=\"\" width=\"50\" height=\"50\">\u00a0 KLI\u016a\u010cI\u0172 RODINYS<\/strong><\/h4>\n<p>Gaukite svarbi\u0105 informacij\u0105 apie atstumus ir kli\u016btis, kad \u017einotum\u0117te, ko reikt\u0173 vengti.<\/p>\n<h4><strong><img loading=\"lazy\" decoding=\"async\" class=\"size-full wp-image-5355 alignnone\" src=\"https:\/\/birdie.lt\/wp-content\/uploads\/2024\/06\/DISTANCE-TO-GREEN.svg\" alt=\"\" width=\"50\" height=\"50\"> \u00a0ATSTUMAS IKI GREEN&#8217;O<\/strong><\/h4>\n<p>Matykite atstum\u0105 iki ridenimo aik\u0161tel\u0117s priekio, vidurio ir galo.<\/p>\n<h4><strong><img loading=\"lazy\" decoding=\"async\" class=\"alignnone size-full wp-image-5356\" src=\"https:\/\/birdie.lt\/wp-content\/uploads\/2024\/06\/Swim_Friendly.svg\" alt=\"\" width=\"50\" height=\"50\"> \u00a0ATSPARUS VANDENIUI<\/strong><\/h4>\n<p>\u017daiskite \u2013 ir lyjant lietui, ir \u0161vie\u010diant saulei \u2013 5 ATM atsparumo vandeniu klas\u0117.<\/p>\n<\/div>\n<p>&nbsp;<\/p>\n<h3>Technin\u0117 informacija:<\/h3>\n<p>Garantija: 24 m\u0117n.<br \/>\nEkrano skersmuo ~ 1,4\u2033 (35,41 mm) skersmuo<br \/>\nDydis: 47 x 47 x 13.4 mm Tinka rie\u0161ams, kuri\u0173 apimtis 130\u2013205 mm<br \/>\nApyrank\u0117: silikonas<br \/>\nAtsparumas vandeniui:\u00a0 5 ATM<\/p>\n","protected":false},"excerpt":{"rendered":"<p><strong>JEI GOLFAS JUMS YRA VISKAS, TAI \u2013 \u0160IS LAIKRODIS B\u016aTENT JUMS.<\/strong><\/p>\n<p>Garmin Approach S70 \u2013 auk\u0161tos klas\u0117s golfo GPS laikrodis, suteikiantis \u012frankius ir \u012f\u017evalgas, kuri\u0173 prireiks norint tobul\u0117ti tiek aik\u0161tyne, tiek u\u017e jo rib\u0173.<\/p>\n<div class=\"woocommerce-product-details__short-description\">\n<div class=\"short-description\">\n<p>Golfo laukuose jauskit\u0117s u\u017etikrintai su \u0161iuo i\u0161maniuoju laikrod\u017eiu. Analizuokite sm\u016bgius, matykite atstumus, steb\u0117kite green\u2019\u0105. Vis dar sm\u016bgius skai\u010diuojate mintyse? Ar naudojate plastmasin\u012f skai\u010diuotuv\u0105? Visus sm\u016bgius skai\u010diuokite tiesiai ant savo rie\u0161o. Juk taip daug papras\u010diau. \ud83d\ude42<\/p>\n<\/div>\n<\/div>\n","protected":false},"featured_media":5606,"template":"","meta":[],"product_brand":[401],"product_cat":[572,23],"product_tag":[404,399],"class_list":{"0":"post-5593","1":"product","2":"type-product","3":"status-publish","4":"has-post-thumbnail","6":"product_brand-garmin","7":"product_cat-aksesuarai","8":"product_cat-ismanieji-laikrodziai","9":"product_tag-garmin","10":"product_tag-ismanusis-laikrodis","12":"first","13":"outofstock","14":"sale","15":"taxable","16":"shipping-taxable","17":"purchasable","18":"product-type-simple"},"_links":{"self":[{"href":"https:\/\/birdie.lt\/en\/wp-json\/wp\/v2\/product\/5593","targetHints":{"allow":["GET"]}}],"collection":[{"href":"https:\/\/birdie.lt\/en\/wp-json\/wp\/v2\/product"}],"about":[{"href":"https:\/\/birdie.lt\/en\/wp-json\/wp\/v2\/types\/product"}],"version-history":[{"count":1,"href":"https:\/\/birdie.lt\/en\/wp-json\/wp\/v2\/product\/5593\/revisions"}],"predecessor-version":[{"id":16378,"href":"https:\/\/birdie.lt\/en\/wp-json\/wp\/v2\/product\/5593\/revisions\/16378"}],"wp:featuredmedia":[{"embeddable":true,"href":"https:\/\/birdie.lt\/en\/wp-json\/wp\/v2\/media\/5606"}],"wp:attachment":[{"href":"https:\/\/birdie.lt\/en\/wp-json\/wp\/v2\/media?parent=5593"}],"wp:term":[{"taxonomy":"product_brand","embeddable":true,"href":"https:\/\/birdie.lt\/en\/wp-json\/wp\/v2\/product_brand?post=5593"},{"taxonomy":"product_cat","embeddable":true,"href":"https:\/\/birdie.lt\/en\/wp-json\/wp\/v2\/product_cat?post=5593"},{"taxonomy":"product_tag","embeddable":true,"href":"https:\/\/birdie.lt\/en\/wp-json\/wp\/v2\/product_tag?post=5593"}],"curies":[{"name":"wp","href":"https:\/\/api.w.org\/{rel}","templated":true}]}}