{"id":5552,"date":"2024-06-15T16:54:04","date_gmt":"2024-06-15T13:54:04","guid":{"rendered":"https:\/\/birdie.lt\/?post_type=product&#038;p=5552"},"modified":"2026-04-02T13:26:46","modified_gmt":"2026-04-02T10:26:46","slug":"garmin-approach-g80-gps","status":"publish","type":"product","link":"https:\/\/birdie.lt\/en\/garmin-approach-g80-gps\/","title":{"rendered":"Garmin Approach G80 GPS"},"content":{"rendered":"<p><iframe title=\"Garmin Approach G80:  Know Your Game\" width=\"1200\" height=\"675\" src=\"https:\/\/www.youtube.com\/embed\/bOMce54w2eQ?feature=oembed&#038;enablejsapi=1&#038;origin=https:\/\/birdie.lt\" frameborder=\"0\" allow=\"accelerometer; autoplay; clipboard-write; encrypted-media; gyroscope; picture-in-picture; web-share\" referrerpolicy=\"strict-origin-when-cross-origin\" allowfullscreen><\/iframe><\/p>\n<h2>Garmin approach G80 GPS privalumai:<\/h2>\n<h4><img decoding=\"async\" class=\"alignnone wp-image-5556\" src=\"https:\/\/birdie.lt\/wp-content\/uploads\/2024\/06\/3.5_inch_screen.svg\" alt=\"3.5_inch_screen\" width=\"60\" height=\"60\" \/>\u00a0 PATOGESNIS IR DIDESNIS LIE\u010cIAMO EKRANO DYDIS<\/h4>\n<p>Didelis 3,5 colio saul\u0117s \u0161viesoje \u012fskaitomas jutiklinis ekranas derinamas su plonu dizainu ir lengvai pasiekiamais mygtukais, kad gal\u0117tum\u0117te lengvai pasiekti reikiam\u0105 informacij\u0105.<\/p>\n<h4><img decoding=\"async\" class=\"alignnone wp-image-5338\" src=\"https:\/\/birdie.lt\/wp-content\/uploads\/2024\/06\/43K.svg\" alt=\"\" width=\"60\" height=\"60\">\u00a0 VISO PASAULIO GOLFO AIK\u0160TYNAI<\/h4>\n<p>\u012erenginyje yra ~43 000 i\u0161 anksto \u012fkelt\u0173 golfo aik\u0161tyn\u0173 i\u0161 viso pasaulio, tod\u0117l savo talentus galite panaudoti bet kur.<\/p>\n<h4><img decoding=\"async\" class=\"alignnone wp-image-5557\" src=\"https:\/\/birdie.lt\/wp-content\/uploads\/2024\/06\/Launch.svg\" alt=\"\" width=\"60\" height=\"60\">&#8220;LAUNCH MONITOR&#8221; TECHNOLOGIJA<\/h4>\n<p>Greitai pasiekiamas radaro mygtukas leid\u017eia lengvai su\u017einoti daugiau informacijos apie sm\u016bg\u012f, \u012fskaitant numatom\u0105 atstum\u0105, lazdos galvos ir kamuoliuko greit\u012f, sm\u016bgio koeficient\u0105 ir temp\u0105.<\/p>\n<h4><img loading=\"lazy\" decoding=\"async\" class=\"alignnone wp-image-5558\" src=\"https:\/\/birdie.lt\/wp-content\/uploads\/2024\/06\/Practice-Mode.svg\" alt=\"\" width=\"60\" height=\"60\">TRENIRUO\u010cI\u0172 RE\u017dIMAS<\/h4>\n<p>Ap\u0161ilimas prie\u0161 einant \u012f treniruot\u0119 ar aik\u0161tyn\u0105. \u0160is re\u017eimas suteikia paprast\u0105 gr\u012f\u017etam\u0105j\u012f ry\u0161\u012f, \u012fvertina sm\u016bgius ir padeda ugdyti tikslum\u0105 bei nuoseklum\u0105.<\/p>\n<h4><img loading=\"lazy\" decoding=\"async\" class=\"alignnone wp-image-5555\" src=\"https:\/\/birdie.lt\/wp-content\/uploads\/2024\/06\/Garmin-Golf-App.svg\" alt=\"\" width=\"60\" height=\"60\">\u00a0 GARMIN GOLF PROGRAM\u0116L\u0116<\/h4>\n<p>Var\u017eykit\u0117s, pasilyginkite ir palaikykite ry\u0161\u012f su &#8220;Garmin Golf\u2122&#8221; program\u0117l\u0117s naudotojais. Virtual\u016bs raundai &#8211; var\u017eykit\u0117s su draugais &#8220;driving range&#8221; ar aik\u0161tyne, dalyvaukite turnyre su kitais arba bandykite pagerinti savo asmenin\u012f rekord\u0105.<\/p>\n<h4><img loading=\"lazy\" decoding=\"async\" class=\"alignnone size-full wp-image-5340\" src=\"https:\/\/birdie.lt\/wp-content\/uploads\/2024\/06\/Battery_Life-1.svg\" alt=\"Battery_Life\" width=\"50\" height=\"50\" \/>\u00a0 BATERIJA<\/h4>\n<p>Iki 15 valand\u0173 vienu \u012fkrovimu? Sm\u016bgiuok ir nesuk galvos!<\/p>\n<p><img loading=\"lazy\" decoding=\"async\" class=\"alignnone wp-image-5559\" src=\"https:\/\/birdie.lt\/wp-content\/uploads\/2024\/06\/the-ultimate-golf-partner-full-width-desktop-1e2632f6-94b6-4428-9f86-4b6b5bf099a2-1-480x137.webp\" alt=\"the-ultimate-golf-partner-full-widt\" width=\"974\" height=\"278\" srcset=\"https:\/\/birdie.lt\/wp-content\/uploads\/2024\/06\/the-ultimate-golf-partner-full-width-desktop-1e2632f6-94b6-4428-9f86-4b6b5bf099a2-1-480x137.webp 480w, https:\/\/birdie.lt\/wp-content\/uploads\/2024\/06\/the-ultimate-golf-partner-full-width-desktop-1e2632f6-94b6-4428-9f86-4b6b5bf099a2-1-150x43.webp 150w, https:\/\/birdie.lt\/wp-content\/uploads\/2024\/06\/the-ultimate-golf-partner-full-width-desktop-1e2632f6-94b6-4428-9f86-4b6b5bf099a2-1-800x228.webp 800w, https:\/\/birdie.lt\/wp-content\/uploads\/2024\/06\/the-ultimate-golf-partner-full-width-desktop-1e2632f6-94b6-4428-9f86-4b6b5bf099a2-1-1024x291.webp 1024w, https:\/\/birdie.lt\/wp-content\/uploads\/2024\/06\/the-ultimate-golf-partner-full-width-desktop-1e2632f6-94b6-4428-9f86-4b6b5bf099a2-1-768x218.webp 768w, https:\/\/birdie.lt\/wp-content\/uploads\/2024\/06\/the-ultimate-golf-partner-full-width-desktop-1e2632f6-94b6-4428-9f86-4b6b5bf099a2-1-1536x437.webp 1536w, https:\/\/birdie.lt\/wp-content\/uploads\/2024\/06\/the-ultimate-golf-partner-full-width-desktop-1e2632f6-94b6-4428-9f86-4b6b5bf099a2-1.webp 1600w\" sizes=\"(max-width: 974px) 100vw, 974px\" \/><\/p>\n<h4><img loading=\"lazy\" decoding=\"async\" class=\"alignnone wp-image-5560\" src=\"https:\/\/birdie.lt\/wp-content\/uploads\/2024\/06\/TOUCH-TARGETING-f5840b2b-3418-47e8-94a2-fb2d7acc35b2-1.webp\" alt=\"TOUCH-TARGETING\" width=\"110\" height=\"103\" srcset=\"https:\/\/birdie.lt\/wp-content\/uploads\/2024\/06\/TOUCH-TARGETING-f5840b2b-3418-47e8-94a2-fb2d7acc35b2-1.webp 371w, https:\/\/birdie.lt\/wp-content\/uploads\/2024\/06\/TOUCH-TARGETING-f5840b2b-3418-47e8-94a2-fb2d7acc35b2-1-150x141.webp 150w, https:\/\/birdie.lt\/wp-content\/uploads\/2024\/06\/TOUCH-TARGETING-f5840b2b-3418-47e8-94a2-fb2d7acc35b2-1-300x281.webp 300w\" sizes=\"(max-width: 110px) 100vw, 110px\" \/>\u00a0 &#8220;GREEN VIEW&#8221; TECHNOLOGIJA<\/h4>\n<p>Funkcija &#8220;Green View&#8221; rodo tikr\u0105j\u0105 kiekvieno green&#8217;o ploto form\u0105 i\u0161 bet kurios aik\u0161tel\u0117s vietos ir leid\u017eia pa\u010diam pasirinkti norim\u0105 viet\u0105 \u012f kuri\u0105 sm\u016bgiuosite, tad gausite vis\u0105 reikiam\u0105 informacij\u0105, kad pasiektum\u0117te didesn\u012f tikslum\u0105.<\/p>\n<h4><img loading=\"lazy\" decoding=\"async\" class=\"alignnone wp-image-5561\" src=\"https:\/\/birdie.lt\/wp-content\/uploads\/2024\/06\/DIGITAL-SCORECARD-60d36471-4f9c-465e-b3c9-22fc4d716745.webp\" alt=\"DIGITAL-SCORECARD\" width=\"109\" height=\"102\" srcset=\"https:\/\/birdie.lt\/wp-content\/uploads\/2024\/06\/DIGITAL-SCORECARD-60d36471-4f9c-465e-b3c9-22fc4d716745.webp 371w, https:\/\/birdie.lt\/wp-content\/uploads\/2024\/06\/DIGITAL-SCORECARD-60d36471-4f9c-465e-b3c9-22fc4d716745-150x141.webp 150w, https:\/\/birdie.lt\/wp-content\/uploads\/2024\/06\/DIGITAL-SCORECARD-60d36471-4f9c-465e-b3c9-22fc4d716745-300x281.webp 300w\" sizes=\"(max-width: 109px) 100vw, 109px\" \/> VIRTUALI REZULTAT\u0172 KORTEL\u0116<\/h4>\n<p>Naudokite &#8220;Approach G80&#8221; delnin\u012f kompiuter\u012f kaip skaitmenin\u0119 rezultat\u0173 kortel\u0119 Stroke Play, Stableford, Skins ir Match Play su reguliuojamais handicapais.<\/p>\n<h4><img loading=\"lazy\" decoding=\"async\" class=\"alignnone wp-image-5562\" src=\"https:\/\/birdie.lt\/wp-content\/uploads\/2024\/06\/PINPOINTER-c3d635da-2ebf-4bde-b632-9e201bdaa62c.webp\" alt=\"PINPOINTER\" width=\"109\" height=\"102\" srcset=\"https:\/\/birdie.lt\/wp-content\/uploads\/2024\/06\/PINPOINTER-c3d635da-2ebf-4bde-b632-9e201bdaa62c.webp 371w, https:\/\/birdie.lt\/wp-content\/uploads\/2024\/06\/PINPOINTER-c3d635da-2ebf-4bde-b632-9e201bdaa62c-150x141.webp 150w, https:\/\/birdie.lt\/wp-content\/uploads\/2024\/06\/PINPOINTER-c3d635da-2ebf-4bde-b632-9e201bdaa62c-300x281.webp 300w\" sizes=\"(max-width: 109px) 100vw, 109px\" \/> &#8220;PINPOINTER&#8221; FUNKCIJA<\/h4>\n<p>&#8220;PinPointer&#8221; funkcija nurodys v\u0117liav\u0117l\u0117s krypt\u012f, kad gal\u0117tum\u0117te kuo geriau i\u0161naudoti kiekvien\u0105 sm\u016bg\u012f.<\/p>\n<h4><img loading=\"lazy\" decoding=\"async\" class=\"alignnone wp-image-5563\" src=\"https:\/\/birdie.lt\/wp-content\/uploads\/2024\/06\/green_contour_data-24bcd060-c07e-4f58-94d1-2a85e47c5609.webp\" alt=\"green_contour_data\" width=\"110\" height=\"103\" srcset=\"https:\/\/birdie.lt\/wp-content\/uploads\/2024\/06\/green_contour_data-24bcd060-c07e-4f58-94d1-2a85e47c5609.webp 371w, https:\/\/birdie.lt\/wp-content\/uploads\/2024\/06\/green_contour_data-24bcd060-c07e-4f58-94d1-2a85e47c5609-150x141.webp 150w, https:\/\/birdie.lt\/wp-content\/uploads\/2024\/06\/green_contour_data-24bcd060-c07e-4f58-94d1-2a85e47c5609-300x281.webp 300w\" sizes=\"(max-width: 110px) 100vw, 110px\" \/>VISA INFORMACIJA APIE GREEN&#8217;A<\/h4>\n<p>Suplanuokite geriausi\u0105 priart\u0117jimo sm\u016bg\u012f ir ridenkite kamuoliuk\u0105, naudodamiesi green&#8217;o kont\u016bro duomenimis. Tur\u0117dami aktyvi\u0105 &#8220;Garmin Golf\u2122&#8221; program\u0117l\u0117s naryst\u0119, pasirinktuose golfo laukuose galite tiesiogiai savo \u012frenginyje matyti green&#8217;o nuolyd\u017eio krypt\u012f.<\/p>\n<p>&nbsp;<\/p>\n<h3>Technin\u0117 informacija:<\/h3>\n<p>Garantija: 24 m\u0117n.<br \/>\nEkrano dydis: 45,7 x 76,1 mm (1,8\u2033 x 3\u2033)<br \/>\nLaikrod\u017eio ekrano tipas: Pusiau skaidrus spalvinis TFT jutiklinis ekranas<br \/>\nDydis: 58,7 x 114,2 x 16,1 mm (2,3\u2033 x 4,5\u2033 x 0,6\u2033)<br \/>\nBaterijos veikimo laikas: Iki 15 valand\u0173 (GPS re\u017eimu)<br \/>\nAtsparumas vandeniui: IPX7<\/p>\n","protected":false},"excerpt":{"rendered":"<h3 style=\"text-align: center;\">PERKELKITE SAVO \u017dAIDIM\u0104 I\u0160 &#8220;DRIVING RANGE&#8221; \u012e AIK\u0160TYN\u0104<\/h3>\n<p><img loading=\"lazy\" decoding=\"async\" class=\"alignnone wp-image-5553\" src=\"https:\/\/birdie.lt\/wp-content\/uploads\/2024\/06\/make-your-rounds-full-width-desktop-4faf16f5-32fb-43cf-9a57-da5b1250fbde-480x137.webp\" alt=\"make-your-rounds-full-width-desktop-4faf16f5-32fb-43cf-9a57-da5b1250fbde\" width=\"939\" height=\"268\" srcset=\"https:\/\/birdie.lt\/wp-content\/uploads\/2024\/06\/make-your-rounds-full-width-desktop-4faf16f5-32fb-43cf-9a57-da5b1250fbde-480x137.webp 480w, https:\/\/birdie.lt\/wp-content\/uploads\/2024\/06\/make-your-rounds-full-width-desktop-4faf16f5-32fb-43cf-9a57-da5b1250fbde-150x43.webp 150w, https:\/\/birdie.lt\/wp-content\/uploads\/2024\/06\/make-your-rounds-full-width-desktop-4faf16f5-32fb-43cf-9a57-da5b1250fbde-800x228.webp 800w, https:\/\/birdie.lt\/wp-content\/uploads\/2024\/06\/make-your-rounds-full-width-desktop-4faf16f5-32fb-43cf-9a57-da5b1250fbde-1024x291.webp 1024w, https:\/\/birdie.lt\/wp-content\/uploads\/2024\/06\/make-your-rounds-full-width-desktop-4faf16f5-32fb-43cf-9a57-da5b1250fbde-768x218.webp 768w, https:\/\/birdie.lt\/wp-content\/uploads\/2024\/06\/make-your-rounds-full-width-desktop-4faf16f5-32fb-43cf-9a57-da5b1250fbde-1536x437.webp 1536w, https:\/\/birdie.lt\/wp-content\/uploads\/2024\/06\/make-your-rounds-full-width-desktop-4faf16f5-32fb-43cf-9a57-da5b1250fbde.webp 1600w\" sizes=\"(max-width: 939px) 100vw, 939px\" \/><\/p>\n<p>Garmin &#8220;Approach G80&#8221; yra pirmasis &#8220;viskas viename&#8221; auk\u0161\u010diausios klas\u0117s GPS golfo delninis kompiuteris su integruotu sm\u016bgi\u0173 monitoriumi, tod\u0117l galite lengvai steb\u0117ti golfo galvos greit\u012f, kamuoliuko greit\u012f, sm\u016bgio koeficient\u0105, skryd\u017eio temp\u0105 ir numatom\u0105 atstum\u0105.<\/p>\n<p>&nbsp;<\/p>\n","protected":false},"featured_media":5567,"template":"","meta":[],"product_brand":[401],"product_cat":[572,28],"product_tag":[404],"class_list":{"0":"post-5552","1":"product","2":"type-product","3":"status-publish","4":"has-post-thumbnail","6":"product_brand-garmin","7":"product_cat-aksesuarai","8":"product_cat-lazeriniai-tolimaciai-ir-gps","9":"product_tag-garmin","11":"first","12":"outofstock","13":"sale","14":"taxable","15":"shipping-taxable","16":"purchasable","17":"product-type-simple"},"_links":{"self":[{"href":"https:\/\/birdie.lt\/en\/wp-json\/wp\/v2\/product\/5552","targetHints":{"allow":["GET"]}}],"collection":[{"href":"https:\/\/birdie.lt\/en\/wp-json\/wp\/v2\/product"}],"about":[{"href":"https:\/\/birdie.lt\/en\/wp-json\/wp\/v2\/types\/product"}],"version-history":[{"count":1,"href":"https:\/\/birdie.lt\/en\/wp-json\/wp\/v2\/product\/5552\/revisions"}],"predecessor-version":[{"id":16438,"href":"https:\/\/birdie.lt\/en\/wp-json\/wp\/v2\/product\/5552\/revisions\/16438"}],"wp:featuredmedia":[{"embeddable":true,"href":"https:\/\/birdie.lt\/en\/wp-json\/wp\/v2\/media\/5567"}],"wp:attachment":[{"href":"https:\/\/birdie.lt\/en\/wp-json\/wp\/v2\/media?parent=5552"}],"wp:term":[{"taxonomy":"product_brand","embeddable":true,"href":"https:\/\/birdie.lt\/en\/wp-json\/wp\/v2\/product_brand?post=5552"},{"taxonomy":"product_cat","embeddable":true,"href":"https:\/\/birdie.lt\/en\/wp-json\/wp\/v2\/product_cat?post=5552"},{"taxonomy":"product_tag","embeddable":true,"href":"https:\/\/birdie.lt\/en\/wp-json\/wp\/v2\/product_tag?post=5552"}],"curies":[{"name":"wp","href":"https:\/\/api.w.org\/{rel}","templated":true}]}}