{"id":5541,"date":"2024-06-15T16:07:56","date_gmt":"2024-06-15T13:07:56","guid":{"rendered":"https:\/\/birdie.lt\/?post_type=product&#038;p=5541"},"modified":"2026-01-28T12:01:15","modified_gmt":"2026-01-28T10:01:15","slug":"garmin-venu-3s-ismanusis-laikrodis-ivory","status":"publish","type":"product","link":"https:\/\/birdie.lt\/en\/garmin-venu-3s-ismanusis-laikrodis-ivory\/","title":{"rendered":"Garmin Venu 3s I\u0161manusis Laikrodis Ivory + Soft Gold"},"content":{"rendered":"<p><iframe title=\"\u201eVenu 3\u201c serija | \u201eGarmin\u201c\" width=\"1200\" height=\"675\" src=\"https:\/\/www.youtube.com\/embed\/1bKUDO4gU3k?feature=oembed&#038;enablejsapi=1&#038;origin=https:\/\/birdie.lt\" frameborder=\"0\" allow=\"accelerometer; autoplay; clipboard-write; encrypted-media; gyroscope; picture-in-picture; web-share\" referrerpolicy=\"strict-origin-when-cross-origin\" allowfullscreen><\/iframe><\/p>\n<h2>I\u0161maniojo laikrod\u017eio privalumai:<\/h2>\n<h4><img decoding=\"async\" class=\"alignnone wp-image-5494\" src=\"https:\/\/birdie.lt\/wp-content\/uploads\/2024\/06\/AMOLED_Display.svg\" alt=\"AMOLED_Display\" width=\"60\" height=\"60\" \/>\u00a0 \u0160VIESUS 1,2\u2033 \u201eAMOLED\u201c JUTIKLINIS EKRANAS<\/h4>\n<p>Matykite prane\u0161imus ir informacij\u0105 ry\u0161kiai ir ai\u0161kiai.<\/p>\n<h4><img decoding=\"async\" class=\"alignnone wp-image-5340\" src=\"https:\/\/birdie.lt\/wp-content\/uploads\/2024\/06\/Battery_Life-1.svg\" alt=\"Battery_Life\" width=\"60\" height=\"60\" \/>\u00a0 ILGAI VEIKIANTI BATERIJA<\/h4>\n<p>Iki 10 dien\u0173 veikianti baterija i\u0161maniojo laikrod\u017eio re\u017eimu.<\/p>\n<h4><img decoding=\"async\" class=\"alignnone wp-image-5495\" src=\"https:\/\/birdie.lt\/wp-content\/uploads\/2024\/06\/Heart_Rate_Sensors.svg\" alt=\"\" width=\"60\" height=\"60\">\u00a0 I\u0160SAMIOS SVEIKATOS IR SVEIKATINGUMO \u012e\u017dVALGOS<\/h4>\n<p>Pulso matavimas, streso, miego steb\u0117jimas. Pulsoksimetro jutiklis, hidratacijos sekimas ir daug kit\u0173 duomen\u0173.<\/p>\n<h4><img loading=\"lazy\" decoding=\"async\" class=\"alignnone wp-image-5496\" src=\"https:\/\/birdie.lt\/wp-content\/uploads\/2024\/06\/Health-And-Fitness-Monitoring.svg\" alt=\"\" width=\"60\" height=\"60\">\u00a0 I\u0160PL\u0116STIN\u0116S FIZINIO PASIRENGIMO FUNKCIJOS<\/h4>\n<p>Su daugiau nei 30 sporto program\u0173, animuotomis treniruot\u0117mis ir &#8220;garmin coach&#8221; treniruokit\u0117s tikslingai ir veiksmingai.<\/p>\n<h4><img loading=\"lazy\" decoding=\"async\" class=\"alignnone size-full wp-image-5352\" src=\"https:\/\/birdie.lt\/wp-content\/uploads\/2024\/06\/Greenview.svg\" alt=\"Greenview\" width=\"50\" height=\"50\" \/>\u00a0 GOLFO \u017dAIDIMO FUNKCIJOS<\/h4>\n<p>\u017daiskite bet kuriame i\u0161 42000+ \u012fkelt\u0173 aik\u0161tyn\u0173. Skai\u010diuokite sm\u016bgius, sekite progres\u0105 bei matykite savo sm\u016bgi\u0173 atstumus tiesiai ant savo rie\u0161o.<\/p>\n<h4><img loading=\"lazy\" decoding=\"async\" class=\"alignnone wp-image-5490\" src=\"https:\/\/birdie.lt\/wp-content\/uploads\/2024\/06\/LIGHTWEIGHT-2.svg\" alt=\"\" width=\"60\" height=\"60\">\u00a0 LENGVUMAS IR KOKYB\u0116<\/h4>\n<p>Ypa\u010d lengvas 41 mm korpusas su ner\u016bdijan\u010dio plieno apvadu.<\/p>\n<h4><img loading=\"lazy\" decoding=\"async\" class=\"alignnone wp-image-5493\" src=\"https:\/\/birdie.lt\/wp-content\/uploads\/2024\/06\/VO2_Max.svg\" alt=\"\" width=\"60\" height=\"60\">\u00a0 VO2 MAKSIMUMAS<\/h4>\n<p>Steb\u0117kite dabartin\u012f fizin\u0117s parengties lyg\u012f ir steb\u0117kite poky\u010dius laikui b\u0117gant, kad nustatytum\u0117te tikslus, \u012fvertintum\u0117te pa\u017eang\u0105 ir ne tik (negalima naudoti ne\u012fgaliojo ve\u017eim\u0117lio re\u017eimu).<\/p>\n<h4><img loading=\"lazy\" decoding=\"async\" class=\"alignnone wp-image-5492\" src=\"https:\/\/birdie.lt\/wp-content\/uploads\/2024\/06\/Mindful-Breathing.svg\" alt=\"\" width=\"60\" height=\"60\">\u00a0 S\u0104MONINGAS KV\u0116PAVIMAS<\/h4>\n<p>Prad\u0117kite kv\u0117pavimo pratimus, kad gal\u0117tum\u0117te steb\u0117ti streso lyg\u012f ir kv\u0117p<\/p>\n<h4><img loading=\"lazy\" decoding=\"async\" class=\"alignnone wp-image-5491\" src=\"https:\/\/birdie.lt\/wp-content\/uploads\/2024\/06\/Wrist-Temperature.svg\" alt=\"\" width=\"60\" height=\"60\">ODOS TEMPERAT\u016aRA<\/h4>\n<p>D\u0117v\u0117dami laikrod\u012f miegodami matykite, kaip kinta j\u016bs\u0173 vidutin\u0117 k\u016bno temperat\u016bra, kuri gali b\u016bti susijusi su u\u017esi\u0117mimais pastaruoju metu, miego aplinka, galima liga ir kitais veiksniais.<\/p>\n<p><img loading=\"lazy\" decoding=\"async\" class=\"alignnone wp-image-5497\" src=\"https:\/\/birdie.lt\/wp-content\/uploads\/2024\/06\/VENU3S-4-SPORTS-D-480x284.webp\" alt=\"VENU3S-4-SPORTS-D\" width=\"598\" height=\"354\" srcset=\"https:\/\/birdie.lt\/wp-content\/uploads\/2024\/06\/VENU3S-4-SPORTS-D-480x284.webp 480w, https:\/\/birdie.lt\/wp-content\/uploads\/2024\/06\/VENU3S-4-SPORTS-D-150x89.webp 150w, https:\/\/birdie.lt\/wp-content\/uploads\/2024\/06\/VENU3S-4-SPORTS-D-800x474.webp 800w, https:\/\/birdie.lt\/wp-content\/uploads\/2024\/06\/VENU3S-4-SPORTS-D-1024x607.webp 1024w, https:\/\/birdie.lt\/wp-content\/uploads\/2024\/06\/VENU3S-4-SPORTS-D-768x455.webp 768w, https:\/\/birdie.lt\/wp-content\/uploads\/2024\/06\/VENU3S-4-SPORTS-D-1536x910.webp 1536w, https:\/\/birdie.lt\/wp-content\/uploads\/2024\/06\/VENU3S-4-SPORTS-D.webp 2000w\" sizes=\"(max-width: 598px) 100vw, 598px\" \/> <img loading=\"lazy\" decoding=\"async\" class=\"alignnone wp-image-5498\" src=\"https:\/\/birdie.lt\/wp-content\/uploads\/2024\/06\/VENU3S-3-SLEEP-D-389x360.webp\" alt=\"\" width=\"383\" height=\"354\" srcset=\"https:\/\/birdie.lt\/wp-content\/uploads\/2024\/06\/VENU3S-3-SLEEP-D-389x360.webp 389w, https:\/\/birdie.lt\/wp-content\/uploads\/2024\/06\/VENU3S-3-SLEEP-D-150x139.webp 150w, https:\/\/birdie.lt\/wp-content\/uploads\/2024\/06\/VENU3S-3-SLEEP-D-800x740.webp 800w, https:\/\/birdie.lt\/wp-content\/uploads\/2024\/06\/VENU3S-3-SLEEP-D-830x768.webp 830w, https:\/\/birdie.lt\/wp-content\/uploads\/2024\/06\/VENU3S-3-SLEEP-D-768x710.webp 768w, https:\/\/birdie.lt\/wp-content\/uploads\/2024\/06\/VENU3S-3-SLEEP-D-1536x1421.webp 1536w, https:\/\/birdie.lt\/wp-content\/uploads\/2024\/06\/VENU3S-3-SLEEP-D.webp 2000w\" sizes=\"(max-width: 383px) 100vw, 383px\" \/><\/p>\n<h3>Technin\u0117 informacija:<\/h3>\n<p>Garantija: 24 m\u0117n.<br \/>\nEkrano skersmuo: 30,4 mm (1,2\u2033) skersmuo<br \/>\nLaikrod\u017eio ekrano tipas: AMOLED pasirinktinis nuolatinio veikimo re\u017eimas<br \/>\nDydis: 41 x 41 x 12 mm<br \/>\nApyrank\u0117: silikonas<br \/>\nAtsparumas vandeniui: Plaukimas, 5 ATM<\/p>\n","protected":false},"excerpt":{"rendered":"<div id=\"paragraph-148707\">\n<div id=\"paragraph-block-148707\" class=\"paragraph paragraph--type--long-text paragraph--view-mode--default\">\n<div class=\"row\">\n<div><img loading=\"lazy\" decoding=\"async\" class=\"alignnone wp-image-5503\" src=\"https:\/\/birdie.lt\/wp-content\/uploads\/2024\/06\/58838-D-FAN-480x137.webp\" alt=\"garmin_golf_venu_3s\" width=\"1037\" height=\"296\" srcset=\"https:\/\/birdie.lt\/wp-content\/uploads\/2024\/06\/58838-D-FAN-480x137.webp 480w, https:\/\/birdie.lt\/wp-content\/uploads\/2024\/06\/58838-D-FAN-150x43.webp 150w, https:\/\/birdie.lt\/wp-content\/uploads\/2024\/06\/58838-D-FAN-800x228.webp 800w, https:\/\/birdie.lt\/wp-content\/uploads\/2024\/06\/58838-D-FAN-1024x291.webp 1024w, https:\/\/birdie.lt\/wp-content\/uploads\/2024\/06\/58838-D-FAN-768x218.webp 768w, https:\/\/birdie.lt\/wp-content\/uploads\/2024\/06\/58838-D-FAN-1536x437.webp 1536w, https:\/\/birdie.lt\/wp-content\/uploads\/2024\/06\/58838-D-FAN.webp 2000w\" sizes=\"(max-width: 1037px) 100vw, 1037px\" \/><\/div>\n<div><\/div>\n<div class=\"col-md-12\">I\u0161manusis laikrodis \u201eGarmin Venu 3S\u201c skland\u017eiai derina stili\u0173 ir funkcionalum\u0105. Ry\u0161kus 1,2 colio AMOLED lie\u010diamas ekranas u\u017etikrina ry\u0161ki\u0105 vizualin\u0119 patirt\u012f ir palaiko ry\u0161\u012f naudojant tokias funkcijas kaip telefono skambu\u010diai, \u017einu\u010di\u0173 siuntimas ir bekontaktis mok\u0117jimas. Laikrodis si\u016blo pa\u017eang\u0173 sveikatos steb\u0117jim\u0105, \u012fskaitant miego \u012f\u017evalgas, asmenin\u012f mokym\u0105 ir EKG program\u0105, skirt\u0105 nereguliariems \u0161irdies ritmams aptikti. Aktyviems \u017emon\u0117ms \u012frenginys suteikia daugiau nei 30 sporto program\u0173, animuot\u0173 treniruo\u010di\u0173, \u201eGarmin Coach\u201c ir \u012ftraukt\u0173 fizinio aktyvumo steb\u0117jimo funkcij\u0173 ne\u012fgaliesiems. Baterija veikia iki 10 dien\u0173, tod\u0117l \u201eVenu 3S\u201c suteikia galimyb\u0119 skland\u017eiai suprasti savo sveikat\u0105, steb\u0117ti fizin\u012f aktyvum\u0105 ir kasdien\u0119 veikl\u0105 vienoje vietoje!<\/div>\n<div><\/div>\n<\/div>\n<\/div>\n<\/div>\n<div id=\"paragraph-148709\">\n<div class=\"product-info__spec__descr__item\"><\/div>\n<\/div>\n","protected":false},"featured_media":5548,"template":"","meta":[],"product_brand":[401],"product_cat":[572,23],"product_tag":[404,399],"class_list":{"0":"post-5541","1":"product","2":"type-product","3":"status-publish","4":"has-post-thumbnail","6":"product_brand-garmin","7":"product_cat-aksesuarai","8":"product_cat-ismanieji-laikrodziai","9":"product_tag-garmin","10":"product_tag-ismanusis-laikrodis","12":"first","13":"outofstock","14":"taxable","15":"shipping-taxable","16":"purchasable","17":"product-type-simple"},"_links":{"self":[{"href":"https:\/\/birdie.lt\/en\/wp-json\/wp\/v2\/product\/5541","targetHints":{"allow":["GET"]}}],"collection":[{"href":"https:\/\/birdie.lt\/en\/wp-json\/wp\/v2\/product"}],"about":[{"href":"https:\/\/birdie.lt\/en\/wp-json\/wp\/v2\/types\/product"}],"version-history":[{"count":1,"href":"https:\/\/birdie.lt\/en\/wp-json\/wp\/v2\/product\/5541\/revisions"}],"predecessor-version":[{"id":16383,"href":"https:\/\/birdie.lt\/en\/wp-json\/wp\/v2\/product\/5541\/revisions\/16383"}],"wp:featuredmedia":[{"embeddable":true,"href":"https:\/\/birdie.lt\/en\/wp-json\/wp\/v2\/media\/5548"}],"wp:attachment":[{"href":"https:\/\/birdie.lt\/en\/wp-json\/wp\/v2\/media?parent=5541"}],"wp:term":[{"taxonomy":"product_brand","embeddable":true,"href":"https:\/\/birdie.lt\/en\/wp-json\/wp\/v2\/product_brand?post=5541"},{"taxonomy":"product_cat","embeddable":true,"href":"https:\/\/birdie.lt\/en\/wp-json\/wp\/v2\/product_cat?post=5541"},{"taxonomy":"product_tag","embeddable":true,"href":"https:\/\/birdie.lt\/en\/wp-json\/wp\/v2\/product_tag?post=5541"}],"curies":[{"name":"wp","href":"https:\/\/api.w.org\/{rel}","templated":true}]}}