{"id":5451,"date":"2024-06-15T14:05:09","date_gmt":"2024-06-15T11:05:09","guid":{"rendered":"https:\/\/birdie.lt\/?post_type=product&#038;p=5451"},"modified":"2026-01-28T11:57:47","modified_gmt":"2026-01-28T09:57:47","slug":"garmin-approach-s42-golf-gps-baltos-spalvos","status":"publish","type":"product","link":"https:\/\/birdie.lt\/en\/garmin-approach-s42-golf-gps-baltos-spalvos\/","title":{"rendered":"Garmin Approach S42 Golf GPS Baltos Spalvos"},"content":{"rendered":"<p><iframe title=\"\u201eGarmin Approach S42\u201c \u2013 \u017eaiskite pasitik\u0117dami savimi\" width=\"1200\" height=\"675\" src=\"https:\/\/www.youtube.com\/embed\/5TLZOqnKu-8?start=30&#038;feature=oembed\" frameborder=\"0\" allow=\"accelerometer; autoplay; clipboard-write; encrypted-media; gyroscope; picture-in-picture; web-share\" referrerpolicy=\"strict-origin-when-cross-origin\" allowfullscreen><\/iframe><\/p>\n<h2>I\u0161maniojo laikrod\u017eio privalumai:<\/h2>\n<h3><strong><img decoding=\"async\" class=\"alignnone wp-image-5336\" src=\"https:\/\/birdie.lt\/wp-content\/uploads\/2024\/06\/Sunlight-Readable.svg\" alt=\"\" width=\"60\" height=\"60\">EKRANO RY\u0160KUMAS<\/strong><\/h3>\n<div class=\"app__feature__card\" data-translate=\"\">\n<p class=\"app__feature__card__description app__feature__card__description--left\">Stovint prie\u0161 saul\u0119 gali b\u016bti sunkiau sm\u016bgiuoti, bet tikrai ne matyti informacij\u0105 j\u016bs\u0173 laikrodyje.<\/p>\n<h3><strong><img decoding=\"async\" class=\"alignnone wp-image-5339\" src=\"https:\/\/birdie.lt\/wp-content\/uploads\/2024\/06\/Battery_Life.svg\" alt=\"\" width=\"60\" height=\"60\">ILGAI LAIKANTI BATERIJA<\/strong><\/h3>\n<div class=\"app__feature__card\" data-translate=\"\">\n<p class=\"app__feature__card__description app__feature__card__description--left\">Jei ruo\u0161iat\u0117s \u017eaisti golf\u0105 15 valand\u0173 i\u0161 eil\u0117s, \u0161is laikrodis turi baterij\u0105, kurios tam tikrai pakaks.<\/p>\n<h3><strong><img decoding=\"async\" class=\"alignnone wp-image-5412\" src=\"https:\/\/birdie.lt\/wp-content\/uploads\/2024\/06\/42000.svg\" alt=\"garmin_golf_courses_42k\" width=\"60\" height=\"60\" \/> PASAULIO GOLFO AIK\u0160TYNAI<\/strong><\/h3>\n<p>\u017daiskite bet kuriame i\u0161 42000+ \u012fkelt\u0173 aik\u0161tyn\u0173 ir \u017eaiskite taip, lyg jau b\u016btum\u0117te \u010dia jau \u017eaid\u0119 anks\u010diau.<\/p>\n<h3><strong><img loading=\"lazy\" decoding=\"async\" class=\"alignnone size-full wp-image-5352\" src=\"https:\/\/birdie.lt\/wp-content\/uploads\/2024\/06\/Greenview.svg\" alt=\"Greenview \" width=\"50\" height=\"50\" \/>&#8220;GREEN VIEW&#8221; TECHNOLOGIJA<\/strong><\/h3>\n<div class=\"app__feature__card\" data-translate=\"\">\n<p class=\"app__feature__card__description app__feature__card__description--left\">\u012eveikti atstum\u0105 lengviau, kai j\u012f \u017einote ir esate su juo susipa\u017ein\u0119. \u201eGreen View\u201c si\u016blo galimyb\u0119 nustatyti v\u0117liav\u0117l\u0119 rankiniu b\u016bdu.<\/p>\n<h3><strong><img loading=\"lazy\" decoding=\"async\" class=\"alignnone size-full wp-image-5413\" src=\"https:\/\/birdie.lt\/wp-content\/uploads\/2024\/06\/Autoshot-Tracking.svg\" alt=\"Autoshot-tracking\" width=\"50\" height=\"50\" \/> &#8220;AUTOSHOT&#8221; FUNKCIJA<\/strong><\/h3>\n<p>Sm\u016bgiuokite ir matykite, kur kamuoliukas nusileido, naudodamiesi automatinio sm\u016bgi\u0173 aptikimo funkcija \u201eAutoShot\u201c.<\/p>\n<h3><strong><img loading=\"lazy\" decoding=\"async\" class=\"alignnone size-full wp-image-5342\" src=\"https:\/\/birdie.lt\/wp-content\/uploads\/2024\/06\/Smart_notifications.svg\" alt=\"\" width=\"50\" height=\"50\"> KITOS I\u0160MANIOJO LAIKROD\u017dIO FUNKCIJOS<\/strong><\/h3>\n<div>\n<div class=\"app__overview__intro\" data-translate=\"\">\n<div class=\"app__layout-container app__layout-container--small app__layout-container--light\">\n<div class=\"app__column-layout app__column-layout__column--6 app__column-layout__column__mobile--2 app__overview__intro__icons\">\n<div class=\"app__feature__card\" data-translate=\"\">\n<p class=\"app__feature__card__description app__feature__card__description--left\">Tai \u2013 daugiau nei vien golfo laikrodis. D\u0117v\u0117kite j\u012f i\u0161tis\u0105 par\u0105 ir gaukite i\u0161maniuosius prane\u0161imus, skai\u010diuokite \u017eingsnius ir naudokit\u0117s kitomis funkcijomis.<\/p>\n<\/div>\n<\/div>\n<\/div>\n<\/div>\n<\/div>\n<div>\n<div class=\"app__life-style app__life-style--dark\" title=\"\" data-translate=\"\"><img loading=\"lazy\" decoding=\"async\" class=\"alignnone wp-image-5414\" src=\"https:\/\/birdie.lt\/wp-content\/uploads\/2024\/06\/33949-product-fan-Desktop-43950c7a-70f4-4f96-8b53-c7a8c4e84e50-480x137.webp\" alt=\"garmin_golf_watches\" width=\"988\" height=\"282\" srcset=\"https:\/\/birdie.lt\/wp-content\/uploads\/2024\/06\/33949-product-fan-Desktop-43950c7a-70f4-4f96-8b53-c7a8c4e84e50-480x137.webp 480w, https:\/\/birdie.lt\/wp-content\/uploads\/2024\/06\/33949-product-fan-Desktop-43950c7a-70f4-4f96-8b53-c7a8c4e84e50-150x43.webp 150w, https:\/\/birdie.lt\/wp-content\/uploads\/2024\/06\/33949-product-fan-Desktop-43950c7a-70f4-4f96-8b53-c7a8c4e84e50-800x228.webp 800w, https:\/\/birdie.lt\/wp-content\/uploads\/2024\/06\/33949-product-fan-Desktop-43950c7a-70f4-4f96-8b53-c7a8c4e84e50-1024x291.webp 1024w, https:\/\/birdie.lt\/wp-content\/uploads\/2024\/06\/33949-product-fan-Desktop-43950c7a-70f4-4f96-8b53-c7a8c4e84e50-768x218.webp 768w, https:\/\/birdie.lt\/wp-content\/uploads\/2024\/06\/33949-product-fan-Desktop-43950c7a-70f4-4f96-8b53-c7a8c4e84e50-1536x437.webp 1536w, https:\/\/birdie.lt\/wp-content\/uploads\/2024\/06\/33949-product-fan-Desktop-43950c7a-70f4-4f96-8b53-c7a8c4e84e50.webp 1600w\" sizes=\"(max-width: 988px) 100vw, 988px\" \/><\/div>\n<\/div>\n<div title=\"\" data-translate=\"\">\n<div class=\"app__feature__card\" data-translate=\"\">\n<h3><strong>BATERIJOS VEIKIMO TRUKM\u0116<\/strong><\/h3>\n<p class=\"app__feature__card__description app__feature__card__description--left\">Vidin\u0117 \u012fkraunamoji baterija veikia iki 10 dien\u0173 i\u0161maniojo laikrod\u017eio re\u017eimu ir iki 15 valand\u0173 GPS re\u017eimu.<\/p>\n<\/div>\n<div class=\"app__feature__card\" data-translate=\"\">\n<h3><strong>SPALVINIS JUTIKLINIS EKRANAS<\/strong><\/h3>\n<p class=\"app__feature__card__description app__feature__card__description--left\">Didelis 1,2\u2033 ir lengvai \u012fskaitomas spalvinis jutiklinis ekranas su metaliniu apvadu \u2013 stilingas ir lengvas.<\/p>\n<\/div>\n<div class=\"app__feature__card\" data-translate=\"\">\n<h3><strong>TINKA IR U\u017d AIK\u0160TYNO RIB\u0172<\/strong><\/h3>\n<p class=\"app__feature__card__description app__feature__card__description--left\">Nesvarbu, ar k\u0105 tik baig\u0117te \u017eaisti ir ilsit\u0117s klube, ar tiesiog i\u0161siruo\u0161\u0117te \u012f miest\u0105, \u201eApproach S42\u201c bus puikus palydovas d\u0117v\u0117ti kiekvien\u0105 dien\u0105.<\/p>\n<p><img loading=\"lazy\" decoding=\"async\" class=\"alignnone wp-image-5419\" src=\"https:\/\/birdie.lt\/wp-content\/uploads\/2024\/06\/EMEA-010-02572-00-v2-keep-in-touch-desktop-bba557b1-6c5f-4c63-a540-a178aef38dbe-480x137.webp\" alt=\"Garmin_laikrod\u017eiai\" width=\"995\" height=\"284\" srcset=\"https:\/\/birdie.lt\/wp-content\/uploads\/2024\/06\/EMEA-010-02572-00-v2-keep-in-touch-desktop-bba557b1-6c5f-4c63-a540-a178aef38dbe-480x137.webp 480w, https:\/\/birdie.lt\/wp-content\/uploads\/2024\/06\/EMEA-010-02572-00-v2-keep-in-touch-desktop-bba557b1-6c5f-4c63-a540-a178aef38dbe-150x43.webp 150w, https:\/\/birdie.lt\/wp-content\/uploads\/2024\/06\/EMEA-010-02572-00-v2-keep-in-touch-desktop-bba557b1-6c5f-4c63-a540-a178aef38dbe-800x228.webp 800w, https:\/\/birdie.lt\/wp-content\/uploads\/2024\/06\/EMEA-010-02572-00-v2-keep-in-touch-desktop-bba557b1-6c5f-4c63-a540-a178aef38dbe-1024x291.webp 1024w, https:\/\/birdie.lt\/wp-content\/uploads\/2024\/06\/EMEA-010-02572-00-v2-keep-in-touch-desktop-bba557b1-6c5f-4c63-a540-a178aef38dbe-768x218.webp 768w, https:\/\/birdie.lt\/wp-content\/uploads\/2024\/06\/EMEA-010-02572-00-v2-keep-in-touch-desktop-bba557b1-6c5f-4c63-a540-a178aef38dbe-1536x437.webp 1536w, https:\/\/birdie.lt\/wp-content\/uploads\/2024\/06\/EMEA-010-02572-00-v2-keep-in-touch-desktop-bba557b1-6c5f-4c63-a540-a178aef38dbe.webp 1600w\" sizes=\"(max-width: 995px) 100vw, 995px\" \/><\/p>\n<h2>Technin\u0117 informacija:<\/h2>\n<p>Garantija: 24 m\u0117n.<br \/>\nEkrano skersmuo:1,2 col. (30,4 mm) skersmuo<br \/>\nDydis: 43,4 x 43,4 x 11,7 mm<br \/>\nApyrank\u0117: silikonas<br \/>\nAtsparumas vandeniui:\u00a0 5 ATM<\/p>\n<\/div>\n<\/div>\n<\/div>\n<\/div>\n<\/div>\n","protected":false},"excerpt":{"rendered":"<h3><strong>\u017dAISKITE PASITIK\u0116DAMI SAVIMI<\/strong><\/h3>\n<p>J\u016bs\u0173 \u017eaidimas su Garmin Approach S42 \u2013 golfo i\u0161maniuoju GPS laikrod\u017eiu, kuris sukurtas pagerinti j\u016bs\u0173 rezultatus golfo aik\u0161tel\u0117je ir pabr\u0117\u017eti stili\u0173 u\u017e aik\u0161tyno rib\u0173.<\/p>\n<p><img loading=\"lazy\" decoding=\"async\" class=\"alignnone wp-image-5415\" src=\"https:\/\/birdie.lt\/wp-content\/uploads\/2024\/06\/010-02572-10-v2-wear-it-on-the-course-desktop-7092231e-cdf9-408c-9eeb-f1e46b7c889c-480x137.webp\" alt=\"garmin_golf_watch\" width=\"953\" height=\"272\" srcset=\"https:\/\/birdie.lt\/wp-content\/uploads\/2024\/06\/010-02572-10-v2-wear-it-on-the-course-desktop-7092231e-cdf9-408c-9eeb-f1e46b7c889c-480x137.webp 480w, https:\/\/birdie.lt\/wp-content\/uploads\/2024\/06\/010-02572-10-v2-wear-it-on-the-course-desktop-7092231e-cdf9-408c-9eeb-f1e46b7c889c-150x43.webp 150w, https:\/\/birdie.lt\/wp-content\/uploads\/2024\/06\/010-02572-10-v2-wear-it-on-the-course-desktop-7092231e-cdf9-408c-9eeb-f1e46b7c889c-800x228.webp 800w, https:\/\/birdie.lt\/wp-content\/uploads\/2024\/06\/010-02572-10-v2-wear-it-on-the-course-desktop-7092231e-cdf9-408c-9eeb-f1e46b7c889c-1024x291.webp 1024w, https:\/\/birdie.lt\/wp-content\/uploads\/2024\/06\/010-02572-10-v2-wear-it-on-the-course-desktop-7092231e-cdf9-408c-9eeb-f1e46b7c889c-768x218.webp 768w, https:\/\/birdie.lt\/wp-content\/uploads\/2024\/06\/010-02572-10-v2-wear-it-on-the-course-desktop-7092231e-cdf9-408c-9eeb-f1e46b7c889c-1536x437.webp 1536w, https:\/\/birdie.lt\/wp-content\/uploads\/2024\/06\/010-02572-10-v2-wear-it-on-the-course-desktop-7092231e-cdf9-408c-9eeb-f1e46b7c889c.webp 1600w\" sizes=\"(max-width: 953px) 100vw, 953px\" \/><\/p>\n","protected":false},"featured_media":5452,"template":"","meta":[],"product_brand":[401],"product_cat":[572,23],"product_tag":[404,399],"class_list":{"0":"post-5451","1":"product","2":"type-product","3":"status-publish","4":"has-post-thumbnail","6":"product_brand-garmin","7":"product_cat-aksesuarai","8":"product_cat-ismanieji-laikrodziai","9":"product_tag-garmin","10":"product_tag-ismanusis-laikrodis","12":"first","13":"outofstock","14":"taxable","15":"shipping-taxable","16":"purchasable","17":"product-type-simple"},"_links":{"self":[{"href":"https:\/\/birdie.lt\/en\/wp-json\/wp\/v2\/product\/5451","targetHints":{"allow":["GET"]}}],"collection":[{"href":"https:\/\/birdie.lt\/en\/wp-json\/wp\/v2\/product"}],"about":[{"href":"https:\/\/birdie.lt\/en\/wp-json\/wp\/v2\/types\/product"}],"version-history":[{"count":1,"href":"https:\/\/birdie.lt\/en\/wp-json\/wp\/v2\/product\/5451\/revisions"}],"predecessor-version":[{"id":16373,"href":"https:\/\/birdie.lt\/en\/wp-json\/wp\/v2\/product\/5451\/revisions\/16373"}],"wp:featuredmedia":[{"embeddable":true,"href":"https:\/\/birdie.lt\/en\/wp-json\/wp\/v2\/media\/5452"}],"wp:attachment":[{"href":"https:\/\/birdie.lt\/en\/wp-json\/wp\/v2\/media?parent=5451"}],"wp:term":[{"taxonomy":"product_brand","embeddable":true,"href":"https:\/\/birdie.lt\/en\/wp-json\/wp\/v2\/product_brand?post=5451"},{"taxonomy":"product_cat","embeddable":true,"href":"https:\/\/birdie.lt\/en\/wp-json\/wp\/v2\/product_cat?post=5451"},{"taxonomy":"product_tag","embeddable":true,"href":"https:\/\/birdie.lt\/en\/wp-json\/wp\/v2\/product_tag?post=5451"}],"curies":[{"name":"wp","href":"https:\/\/api.w.org\/{rel}","templated":true}]}}