{"id":5392,"date":"2024-06-13T22:43:19","date_gmt":"2024-06-13T19:43:19","guid":{"rendered":"https:\/\/birdie.lt\/?post_type=product&#038;p=5392"},"modified":"2026-01-28T11:58:53","modified_gmt":"2026-01-28T09:58:53","slug":"garmin-approach-s62-golf-gps-ismanusis-laikrodis-balta","status":"publish","type":"product","link":"https:\/\/birdie.lt\/en\/garmin-approach-s62-golf-gps-ismanusis-laikrodis-balta\/","title":{"rendered":"Garmin Approach S62 Golf GPS Baltos Spalvos"},"content":{"rendered":"<h2>I\u0161maniojo laikrod\u017eio privalumai:<\/h2>\n<h4><img decoding=\"async\" class=\"alignnone wp-image-5338\" src=\"https:\/\/birdie.lt\/wp-content\/uploads\/2024\/06\/43K.svg\" alt=\"\" width=\"50\" height=\"50\"> \u00a0<strong>GOLFO AIK\u0160TYNAI I\u0160 VISO PASAULIO<\/strong><\/h4>\n<p>Daugiau nei 43 000 golfo aik\u0161tyn\u0173 ir viso pasaulio. Pasiekite savo m\u0117gstamus golfo laukus ant savo rie\u0161o.<\/p>\n<h4><img decoding=\"async\" class=\"alignnone size-full wp-image-5340\" src=\"https:\/\/birdie.lt\/wp-content\/uploads\/2024\/06\/Battery_Life-1.svg\" alt=\"\" width=\"50\" height=\"50\"> \u00a0<strong>BATERIJA<\/strong><\/h4>\n<p>Ypa\u010d ilgai laikanti laikrod\u017eio baterija. Naudojant GPS, laikrodis nei\u0161sikraus net 20 valand\u0173.<\/p>\n<h4><strong><img decoding=\"async\" class=\"alignnone size-full wp-image-5341\" src=\"https:\/\/birdie.lt\/wp-content\/uploads\/2024\/06\/Virtual-Caddie.svg\" alt=\"\" width=\"50\" height=\"50\">\u00a0 VIRTUALUS PAGALBININKAS AIK\u0160YYNE<\/strong><\/h4>\n<p>Virtualus pagalbininkas visada ant j\u016bs\u0173 rie\u0161o! \u017dinokite kaip sm\u016bgiuoti, kur sm\u016bgiuoti ir b\u016bkite u\u017etikrinti. \u201eAutoShot\u201c funkcija automati\u0161kai nustato sm\u016bgi\u0173 atstumus.<\/p>\n<h4><strong><img loading=\"lazy\" decoding=\"async\" class=\"alignnone size-full wp-image-5342\" src=\"https:\/\/birdie.lt\/wp-content\/uploads\/2024\/06\/Smart_notifications.svg\" alt=\"\" width=\"50\" height=\"50\">\u00a0 BEGAL\u0116 KIT\u0172 PRIVALUM\u0172\u00a0<\/strong><\/h4>\n<p>Prisijunkite ne tik prie golfo aik\u0161tyno. Gaukite prane\u0161imus tiesiai \u012f savo laikrod\u012f, matykite or\u0173 prognozes, sveikatos duomenis, atsiliepkite \u012f skambu\u010dius bei daug kit\u0173 i\u0161mani\u0173j\u0173 laikrod\u017ei\u0173 funkcij\u0173.<\/p>\n<h4><strong><img loading=\"lazy\" decoding=\"async\" class=\"alignnone size-full wp-image-5343\" src=\"https:\/\/birdie.lt\/wp-content\/uploads\/2024\/06\/Sunlight-Readable-2.svg\" alt=\"\" width=\"50\" height=\"50\">\u00a0 RY\u0160KUS EKRANAS<\/strong><\/h4>\n<p>Da\u017ena i\u0161mani\u0173j\u0173 laikrod\u017eiu problema &#8211; sunkumas matyti ekrano vaizd\u0105, kai saul\u0117 \u0161vie\u010dia tiesiai \u012f \u012frengin\u012f. Vis\u0105 tai pamir\u0161kite su Garmin Approach S62. Matykite ry\u0161kiai ir ai\u0161kiai bet kokiomis s\u0105lygomis.<\/p>\n<p>&nbsp;<\/p>\n<h2>Technin\u0117 informacija:<\/h2>\n<p>Spalva: Balta arba Juoda<br \/>\nGarantija: 24 m\u0117n.<br \/>\nEkrano skersmuo ~ 33,02 mm<br \/>\nDydis: 47 x 47 x 14.8 mm<br \/>\nApyrank\u0117: silikonas<br \/>\nAtsparumas vandeniui:\u00a0 5 ATM<\/p>\n<p>&nbsp;<\/p>\n","protected":false},"excerpt":{"rendered":"<p>Garmin \u201eApproach S62\u201d i\u0161manusis laikrodis yra auk\u0161\u010diausios klas\u0117s GPS golfo laikrodis, kuriame integruota visa svarbiausia informacija ir golfo aik\u0161tyn\u0173 \u017eem\u0117lapiai.<\/p>\n<p>Golfo laukuose jauskit\u0117s u\u017etikrintai su \u0161iuo i\u0161maniuoju laikrod\u017eiu. Analizuokite sm\u016bgius, matykite atstumus, steb\u0117kite green&#8217;\u0105. Vis dar sm\u016bgius skai\u010diuojate mintyse? Ar naudojate plastmasin\u012f skai\u010diuotuv\u0105? Visus sm\u016bgius skai\u010diuokite tiesiai ant savo rie\u0161o. Juk taip daug papras\u010diau. \ud83d\ude42<\/p>\n","protected":false},"featured_media":5398,"template":"","meta":[],"product_brand":[401],"product_cat":[23,572],"product_tag":[404,399],"class_list":{"0":"post-5392","1":"product","2":"type-product","3":"status-publish","4":"has-post-thumbnail","6":"product_brand-garmin","7":"product_cat-ismanieji-laikrodziai","8":"product_cat-aksesuarai","9":"product_tag-garmin","10":"product_tag-ismanusis-laikrodis","12":"first","13":"outofstock","14":"sale","15":"taxable","16":"shipping-taxable","17":"purchasable","18":"product-type-simple"},"_links":{"self":[{"href":"https:\/\/birdie.lt\/en\/wp-json\/wp\/v2\/product\/5392","targetHints":{"allow":["GET"]}}],"collection":[{"href":"https:\/\/birdie.lt\/en\/wp-json\/wp\/v2\/product"}],"about":[{"href":"https:\/\/birdie.lt\/en\/wp-json\/wp\/v2\/types\/product"}],"version-history":[{"count":1,"href":"https:\/\/birdie.lt\/en\/wp-json\/wp\/v2\/product\/5392\/revisions"}],"predecessor-version":[{"id":16376,"href":"https:\/\/birdie.lt\/en\/wp-json\/wp\/v2\/product\/5392\/revisions\/16376"}],"wp:featuredmedia":[{"embeddable":true,"href":"https:\/\/birdie.lt\/en\/wp-json\/wp\/v2\/media\/5398"}],"wp:attachment":[{"href":"https:\/\/birdie.lt\/en\/wp-json\/wp\/v2\/media?parent=5392"}],"wp:term":[{"taxonomy":"product_brand","embeddable":true,"href":"https:\/\/birdie.lt\/en\/wp-json\/wp\/v2\/product_brand?post=5392"},{"taxonomy":"product_cat","embeddable":true,"href":"https:\/\/birdie.lt\/en\/wp-json\/wp\/v2\/product_cat?post=5392"},{"taxonomy":"product_tag","embeddable":true,"href":"https:\/\/birdie.lt\/en\/wp-json\/wp\/v2\/product_tag?post=5392"}],"curies":[{"name":"wp","href":"https:\/\/api.w.org\/{rel}","templated":true}]}}