{"id":4655,"date":"2024-05-06T19:05:58","date_gmt":"2024-05-06T16:05:58","guid":{"rendered":"https:\/\/birdie.lt\/?post_type=product&#038;p=4655"},"modified":"2026-04-13T18:09:23","modified_gmt":"2026-04-13T15:09:23","slug":"xxio-premium-organiser-vezimelio-krepsys","status":"publish","type":"product","link":"https:\/\/birdie.lt\/en\/xxio-premium-organiser-vezimelio-krepsys\/","title":{"rendered":"XXIO Premium Ve\u017eim\u0117lio Krep\u0161ys"},"content":{"rendered":"<h2>Lazd\u0173 krep\u0161io privalumai:<\/h2>\n<p>13 skyri\u0173 lazdoms + 1 putterio skyrius.<br \/>\nVandeniui atspari nailono apdaila su \u201eRip-stop 7 u\u017esegamos ki\u0161en\u0117s.<br \/>\nMagnetu u\u017esegama verting\u0173 daikt\u0173 ki\u0161en\u0117.<br \/>\nIzoliuota ki\u0161en\u0117 ir nuimamos ki\u0161en\u0117s.<br \/>\nSk\u0117\u010dio laikiklis.<br \/>\nLazd\u0173 krep\u0161io dugno pagrindas su u\u017eraktu.<br \/>\nApsauga nuo lietaus.<\/p>\n","protected":false},"excerpt":{"rendered":"<p style=\"text-align: center;\">Auk\u0161\u010diausios kokyb\u0117s neper\u0161lampamas XXIO Premium Ve\u017eim\u0117lio Krep\u0161ys, turintis 14-os form\u0173 vir\u0161utin\u0119 dal\u012f ir yra pagamintas i\u0161 vandeniui atsparaus nailono. Golfo aik\u0161tyne atrodykite nuostabiai!<\/p>\n","protected":false},"featured_media":7562,"template":"","meta":[],"product_brand":[315],"product_cat":[49,50,52],"product_tag":[255,316],"class_list":{"0":"post-4655","1":"product","2":"type-product","3":"status-publish","4":"has-post-thumbnail","6":"product_brand-xxio","7":"product_cat-krepsiai-ir-vezimeliai","8":"product_cat-krepsiai","9":"product_cat-vezimeliu-krepsiai","10":"product_tag-krepsiai","11":"product_tag-xxio","12":"pa_spalva-juoda","13":"pa_spalva-pilka","15":"first","16":"outofstock","17":"taxable","18":"shipping-taxable","19":"product-type-variable"},"_links":{"self":[{"href":"https:\/\/birdie.lt\/en\/wp-json\/wp\/v2\/product\/4655","targetHints":{"allow":["GET"]}}],"collection":[{"href":"https:\/\/birdie.lt\/en\/wp-json\/wp\/v2\/product"}],"about":[{"href":"https:\/\/birdie.lt\/en\/wp-json\/wp\/v2\/types\/product"}],"version-history":[{"count":1,"href":"https:\/\/birdie.lt\/en\/wp-json\/wp\/v2\/product\/4655\/revisions"}],"predecessor-version":[{"id":16615,"href":"https:\/\/birdie.lt\/en\/wp-json\/wp\/v2\/product\/4655\/revisions\/16615"}],"wp:featuredmedia":[{"embeddable":true,"href":"https:\/\/birdie.lt\/en\/wp-json\/wp\/v2\/media\/7562"}],"wp:attachment":[{"href":"https:\/\/birdie.lt\/en\/wp-json\/wp\/v2\/media?parent=4655"}],"wp:term":[{"taxonomy":"product_brand","embeddable":true,"href":"https:\/\/birdie.lt\/en\/wp-json\/wp\/v2\/product_brand?post=4655"},{"taxonomy":"product_cat","embeddable":true,"href":"https:\/\/birdie.lt\/en\/wp-json\/wp\/v2\/product_cat?post=4655"},{"taxonomy":"product_tag","embeddable":true,"href":"https:\/\/birdie.lt\/en\/wp-json\/wp\/v2\/product_tag?post=4655"}],"curies":[{"name":"wp","href":"https:\/\/api.w.org\/{rel}","templated":true}]}}