{"id":4593,"date":"2024-04-26T21:46:30","date_gmt":"2024-04-26T18:46:30","guid":{"rendered":"https:\/\/birdie.lt\/?post_type=product&#038;p=4593"},"modified":"2026-04-02T13:28:12","modified_gmt":"2026-04-02T10:28:12","slug":"clicgear-4-0-lazdu-vezimelis-clicgear-sketis","status":"publish","type":"product","link":"https:\/\/birdie.lt\/en\/clicgear-4-0-lazdu-vezimelis-clicgear-sketis\/","title":{"rendered":"Clicgear 4.0 Lazd\u0173 Ve\u017eim\u0117lis + Clicgear Sk\u0117tis"},"content":{"rendered":"<p>Ve\u017eim\u0117lyje i\u0161liko visi \u201eClicgear 3.5+\u201d versijoje \u012fdiegti patobulinimai bei atnaujinta:<\/p>\n<ul>\n<li>\n<h3>Sk\u0117\u010dio laikiklis<\/h3>\n<\/li>\n<\/ul>\n<p>Naujasis sk\u0117\u010dio laikiklis u\u017etikrina geresn\u012f sk\u0117\u010dio tvirtinim\u0105. Pagerina patogum\u0105 aik\u0161tyne bei suma\u017eina m\u0117gstamo sk\u0117\u010dio sugadinimo galimyb\u0119 d\u0117l staigaus v\u0117jo g\u016bsio. Dir\u017eelio spalv\u0105 galima pritaikyti naudojant M4 apvad\u0173 rinkin\u012f (parduodamas atskirai)<\/p>\n<ul>\n<li>\n<h3>D\u0117tuv\u0117s dang\u010dio u\u017eraktas<\/h3>\n<\/li>\n<\/ul>\n<p>\u201eClicgear\u201d pasiskolino i\u0161 8 modelio nedidel\u0119 ir da\u017enai nepastebim\u0105 detal\u0119 , tai yra dang\u010dio u\u017eraktas.\u00a0 Juo pritvirtinamas pagrindin\u0117s daikt\u0173 d\u0117tuv\u0117s dangtis, kad ve\u017eim\u0117l\u012f gabenant \u012f aik\u0161tyn\u0105 ir i\u0161 jo nei\u0161mestum\u0117te vis\u0173 d\u0117tuv\u0117je laikom\u0173 g\u0117rybi\u0173 po vis\u0105 automobili\u0173 stov\u0117jimo aik\u0161tel\u0119.<\/p>\n<ul>\n<li>\n<h3>Rezultat\u0173 kortel\u0117s laikiklis &amp; ra\u0161iklio laikiklis<\/h3>\n<\/li>\n<\/ul>\n<p>Atnaujintas ir stilingas rezultat\u0173 korteli\u0173 laikiklis. Esminiai poky\u010diai: virvelinis laikiklis pakeistas silikoniniu. \u017denkliai geresnis vaizdas ir patvarumas. Taip pat \u0161\u012f laikikl\u012f galite pritaikyti individualiai t.y pasirinkti norim\u0105 spalv\u0105 su M4 rinkiniu (parduodamas atskirai).<\/p>\n<ul>\n<li>\n<h3>Golfo lazd\u0173 krep\u0161io dir\u017eai<\/h3>\n<\/li>\n<\/ul>\n<p>Galiausiai pavargome nuo sen\u0173 elastini\u0173 dir\u017eeli\u0173, tod\u0117l buvo nuspr\u0119sta gerokai patobulinti 2019 m. krep\u0161io laikiklius. Rezultatas \u2013 naujoji \u201eClicgear\u201d silikonini\u0173 dir\u017eeli\u0173 sistema. \u0160iuos dir\u017eelius galite reguliuoti pagal poreik\u012f. Silikoniniai dir\u017eeliai nebrai\u017eys ir negadins j\u016bs\u0173 lazd\u0173 krep\u0161io.<br \/>\nDir\u017eeliai taip pat yra \u012fvairi\u0173 spalv\u0173, kuriuos galima pasikeisti per kelias sekundes \u012f norim\u0105 spalv\u0105 naudojant M4 rinkin\u012f (parduodamas atskirai). Nereikia joki\u0173 \u012franki\u0173.<\/p>\n<ul>\n<li>\n<h3><strong>Naujas apatinis laikiklis<\/strong><\/h3>\n<\/li>\n<\/ul>\n<p>\u201eClicgear M4\u201d apatinis laikiklis modifikuotas taip, kad apatin\u0117 krep\u0161io atrama b\u016bt\u0173 perkelta auk\u0161tyn ir toliau nuo priekinio rato. Kartu su reguliuojamu vir\u0161utiniu dir\u017eeliu leid\u017eia u\u017etikrinti didesn\u012f tarp\u0105 tarp lazd\u0173 krep\u0161io apa\u010dios. Tai pagaliau pa\u0161alina, kai kuriuos klientus erzinan\u010di\u0105 problem\u0105.<\/p>\n<ul>\n<li>\n<h3><strong>Priekinio rato reguliavimas<\/strong><\/h3>\n<\/li>\n<\/ul>\n<p>Ve\u017eim\u0117lio priekin\u012f rat\u0105 reguliuoti daug papras\u010diau, nes priekyje \u012fdiegta visi\u0161kai nauja rat\u0173 reguliavimo sistema. Dabar priekin\u012f rat\u0105 galima lengvai reguliuoti vienu var\u017eto pasukimu.<\/p>\n<p>&nbsp;<\/p>\n<p>Clicgear sk\u0117tis sukurtas suteikti maksimali\u0105 apsaug\u0105. Specialiai suformuota rankena, kuri idealiai tinka visiems Clicgear sk\u0117\u010di\u0173 laikikliams. Sk\u0117tis pagamintas i\u0161 vandeniui atsparaus ir UV spinduliams atsparaus dengto nailono, tod\u0117l puikiai tinka tiek saul\u0117ta, tiek lieting\u0105 dien\u0105.<\/p>\n<p>Sk\u0117tis tinka visiems Clicgear ve\u017eim\u0117li\u0173 modeliams, taip pat daugumai kit\u0173 golfo ve\u017eim\u0117li\u0173 preki\u0173 \u017eenkl\u0173, kurie turi sk\u0117\u010di\u0173 laikiklius.<\/p>\n<p>Dydis: ~172 cm<\/p>\n","protected":false},"excerpt":{"rendered":"<p>\u201eClicgear Model 4.0\u201d golfo lazd\u0173 ve\u017eim\u0117lis yra naujausias labai s\u0117kmingo trij\u0173 rat\u0173 golfo ve\u017eim\u0117lio dizaino atnaujinimas. Originalus dizainas papildytas keliais patobulinimais, kad \u0161is modelis tapt\u0173 geriausiu iki \u0161iol.<\/p>\n<p>Clicgear\u00ae Sk\u0117tis yra vienas i\u0161 populiariausi\u0173 golfo sk\u0117\u010di\u0173, idealiai tinka j\u016bs\u0173 Clicgear ve\u017eim\u0117liui.<\/p>\n<p>Clicgear sk\u0117tis sukurta suteikti maksimali\u0105 apsaug\u0105. Specialiai suformuota rankena, kuri idealiai tinka visiems Clicgear sk\u0117\u010di\u0173 laikikliams.<\/p>\n","protected":false},"featured_media":4594,"template":"","meta":[],"product_brand":[274],"product_cat":[18],"product_tag":[],"class_list":{"0":"post-4593","1":"product","2":"type-product","3":"status-publish","4":"has-post-thumbnail","6":"product_brand-clicgear","7":"product_cat-kitos-golfo-prekes","8":"pa_spalva-juoda-raudona","10":"first","11":"outofstock","12":"taxable","13":"shipping-taxable","14":"product-type-variable"},"_links":{"self":[{"href":"https:\/\/birdie.lt\/en\/wp-json\/wp\/v2\/product\/4593","targetHints":{"allow":["GET"]}}],"collection":[{"href":"https:\/\/birdie.lt\/en\/wp-json\/wp\/v2\/product"}],"about":[{"href":"https:\/\/birdie.lt\/en\/wp-json\/wp\/v2\/types\/product"}],"version-history":[{"count":1,"href":"https:\/\/birdie.lt\/en\/wp-json\/wp\/v2\/product\/4593\/revisions"}],"predecessor-version":[{"id":16443,"href":"https:\/\/birdie.lt\/en\/wp-json\/wp\/v2\/product\/4593\/revisions\/16443"}],"wp:featuredmedia":[{"embeddable":true,"href":"https:\/\/birdie.lt\/en\/wp-json\/wp\/v2\/media\/4594"}],"wp:attachment":[{"href":"https:\/\/birdie.lt\/en\/wp-json\/wp\/v2\/media?parent=4593"}],"wp:term":[{"taxonomy":"product_brand","embeddable":true,"href":"https:\/\/birdie.lt\/en\/wp-json\/wp\/v2\/product_brand?post=4593"},{"taxonomy":"product_cat","embeddable":true,"href":"https:\/\/birdie.lt\/en\/wp-json\/wp\/v2\/product_cat?post=4593"},{"taxonomy":"product_tag","embeddable":true,"href":"https:\/\/birdie.lt\/en\/wp-json\/wp\/v2\/product_tag?post=4593"}],"curies":[{"name":"wp","href":"https:\/\/api.w.org\/{rel}","templated":true}]}}