{"id":4590,"date":"2024-04-26T21:42:28","date_gmt":"2024-04-26T18:42:28","guid":{"rendered":"https:\/\/birdie.lt\/?post_type=product&#038;p=4590"},"modified":"2026-01-28T12:02:57","modified_gmt":"2026-01-28T10:02:57","slug":"macgregor-dct3000-lazdu-komplektas-clicgear","status":"publish","type":"product","link":"https:\/\/birdie.lt\/en\/macgregor-dct3000-lazdu-komplektas-clicgear\/","title":{"rendered":"Macgregor DCT3000 Lazd\u0173 Komplektas + Clicgear 4.0 Ve\u017eim\u0117lis"},"content":{"rendered":"<h2>Privalumai:<\/h2>\n<ul>\n<li><strong>ATLAIDUMAS<\/strong><\/li>\n<\/ul>\n<p>Lazdos pasi\u017eymi dideliu MOI , u\u017etikrinan\u010diu didesn\u012f stabilum\u0105 sm\u016bgio metu, ir besiple\u010dian\u010diu \u201esweetspot\u201d ta\u0161ku, kad sm\u016bgiai ne i\u0161 centro b\u016bt\u0173 atlaidesni bei neprarastum\u0117te atstumo.<\/p>\n<ul>\n<li><strong>KOKYB\u0116S IR KAINOS SANTYKIS<\/strong><\/li>\n<\/ul>\n<p>\u0160is golfo lazd\u0173 komplektas pagamintas i\u0161 431 ner\u016bdijan\u010dio plieno. Jeigu norite kokybi\u0161ko bei ilgaam\u017eio lazd\u0173 rinkinio \u2013 Macgregor DCT3000 puikus pasirinkimas.<\/p>\n<p>Ve\u017eim\u0117lyje i\u0161liko visi \u201eClicgear 3.5+\u201d versijoje \u012fdiegti patobulinimai bei atnaujinta:<\/p>\n<ul>\n<li>\n<h3>Sk\u0117\u010dio laikiklis<\/h3>\n<\/li>\n<\/ul>\n<p>Naujasis sk\u0117\u010dio laikiklis u\u017etikrina geresn\u012f sk\u0117\u010dio tvirtinim\u0105. Pagerina patogum\u0105 aik\u0161tyne bei suma\u017eina m\u0117gstamo sk\u0117\u010dio sugadinimo galimyb\u0119 d\u0117l staigaus v\u0117jo g\u016bsio. Dir\u017eelio spalv\u0105 galima pritaikyti naudojant M4 apvad\u0173 rinkin\u012f (parduodamas atskirai)<\/p>\n<ul>\n<li>\n<h3>D\u0117tuv\u0117s dang\u010dio u\u017eraktas<\/h3>\n<\/li>\n<\/ul>\n<p>\u201eClicgear\u201d pasiskolino i\u0161 8 modelio nedidel\u0119 ir da\u017enai nepastebim\u0105 detal\u0119 , tai yra dang\u010dio u\u017eraktas. Juo pritvirtinamas pagrindin\u0117s daikt\u0173 d\u0117tuv\u0117s dangtis, kad ve\u017eim\u0117l\u012f gabenant \u012f aik\u0161tyn\u0105 ir i\u0161 jo nei\u0161mestum\u0117te vis\u0173 d\u0117tuv\u0117je laikom\u0173 g\u0117rybi\u0173 po vis\u0105 automobili\u0173 stov\u0117jimo aik\u0161tel\u0119.<\/p>\n<ul>\n<li>\n<h3>Rezultat\u0173 kortel\u0117s laikiklis &amp; ra\u0161iklio laikiklis<\/h3>\n<\/li>\n<\/ul>\n<p>Atnaujintas ir stilingas rezultat\u0173 korteli\u0173 laikiklis. Esminiai poky\u010diai: virvelinis laikiklis pakeistas silikoniniu. \u017denkliai geresnis vaizdas ir patvarumas. Taip pat \u0161\u012f laikikl\u012f galite pritaikyti individualiai t.y pasirinkti norim\u0105 spalv\u0105 su M4 rinkiniu (parduodamas atskirai).<\/p>\n<ul>\n<li>\n<h3>Golfo lazd\u0173 krep\u0161io dir\u017eai<\/h3>\n<\/li>\n<\/ul>\n<p>Galiausiai pavargome nuo sen\u0173 elastini\u0173 dir\u017eeli\u0173, tod\u0117l buvo nuspr\u0119sta gerokai patobulinti 2019 m. krep\u0161io laikiklius. Rezultatas \u2013 naujoji \u201eClicgear\u201d silikonini\u0173 dir\u017eeli\u0173 sistema. \u0160iuos dir\u017eelius galite reguliuoti pagal poreik\u012f. Silikoniniai dir\u017eeliai nebrai\u017eys ir negadins j\u016bs\u0173 lazd\u0173 krep\u0161io.<\/p>\n<p>Dir\u017eeliai taip pat yra \u012fvairi\u0173 spalv\u0173, kuriuos galima pasikeisti per kelias sekundes \u012f norim\u0105 spalv\u0105 naudojant M4 rinkin\u012f (parduodamas atskirai). Nereikia joki\u0173 \u012franki\u0173.<\/p>\n<ul>\n<li>\n<h3><strong>Naujas apatinis laikiklis<\/strong><\/h3>\n<\/li>\n<\/ul>\n<p>\u201eClicgear M4\u201d apatinis laikiklis modifikuotas taip, kad apatin\u0117 krep\u0161io atrama b\u016bt\u0173 perkelta auk\u0161tyn ir toliau nuo priekinio rato. Kartu su reguliuojamu vir\u0161utiniu dir\u017eeliu leid\u017eia u\u017etikrinti didesn\u012f tarp\u0105 tarp lazd\u0173 krep\u0161io apa\u010dios. Tai pagaliau pa\u0161alina, kai kuriuos klientus erzinan\u010di\u0105 problem\u0105.<\/p>\n<ul>\n<li>\n<h3><strong>Priekinio rato reguliavimas<\/strong><\/h3>\n<\/li>\n<\/ul>\n<p>Ve\u017eim\u0117lio priekin\u012f rat\u0105 reguliuoti daug papras\u010diau, nes priekyje \u012fdiegta visi\u0161kai nauja rat\u0173 reguliavimo sistema. Dabar priekin\u012f rat\u0105 galima lengvai reguliuoti vienu var\u017eto pasukimu.<\/p>\n<h2>Technin\u0117 informacija:<\/h2>\n<p>Sulankstyto ve\u017eim\u0117lio dydis: 60 x 38 x 33 cm<\/p>\n","protected":false},"excerpt":{"rendered":"<h4>Specialus pasi\u016blymas: Macgregor DCT3000 lazd\u0173 komplektas + Clicgear 4.0 ve\u017eim\u0117lis<\/h4>\n<p>Macgregor DCT3000 Lazdos \u2013 tai vienas geriausi\u0173 rinkini\u0173 pradedantiesiems bei norintiems tobul\u0117ti golfo \u017eaid\u0117jams.<\/p>\n<div class=\"woocommerce-product-details__short-description\">\n<div class=\"short-description\">\n<p>Komplektas: 12 lazd\u0173. Kairiarankiams.<\/p>\n<ul>\n<li>Driver\u2019is(1), fairway wood\u2019as(3), hybrid\u2019ai(3 ir 4), iron\u2019ai: 5,6,7,8,9. Trump\u0173 sm\u016bgi\u0173 lazdos: PW, SW. Ridenimo lazda: putter.<\/li>\n<\/ul>\n<p>Taip pat \u012f komplekt\u0105 \u012feina lazd\u0173 apsaugos bei prabangus Macgregor lazd\u0173 krep\u0161ys golfo ve\u017eim\u0117liui \u2013 tai visa \u012franga, kurios reikia norint \u017eaisti golf\u0105.<\/p>\n<\/div>\n<p>\u201eClicgear Model 4.0\u201d golfo lazd\u0173 ve\u017eim\u0117lis yra naujausias labai s\u0117kmingo trij\u0173 rat\u0173 golfo ve\u017eim\u0117lio dizaino atnaujinimas. Originalus dizainas papildytas keliais patobulinimais, kad \u0161is modelis tapt\u0173 geriausiu iki \u0161iol. Tai \u2013 naujas dang\u010dio u\u017eraktas, reguliuojamas vir\u0161utinis balnelis, silikoniniai dir\u017eeliai, reguliuojamas priekinis ratas, sk\u0117\u010dio vamzdelio dir\u017eelis, patobulintas rezultat\u0173 korteli\u0173 ir pie\u0161tuk\u0173 laikiklis.<\/p>\n<\/div>\n","protected":false},"featured_media":4591,"template":"","meta":[],"product_brand":[274,307],"product_cat":[18],"product_tag":[272,308],"class_list":{"0":"post-4590","1":"product","2":"type-product","3":"status-publish","4":"has-post-thumbnail","6":"product_brand-clicgear","7":"product_brand-macgregor","8":"product_cat-kitos-golfo-prekes","9":"product_tag-clicgear","10":"product_tag-macgregor","12":"first","13":"outofstock","14":"sale","15":"taxable","16":"shipping-taxable","17":"purchasable","18":"product-type-simple"},"_links":{"self":[{"href":"https:\/\/birdie.lt\/en\/wp-json\/wp\/v2\/product\/4590","targetHints":{"allow":["GET"]}}],"collection":[{"href":"https:\/\/birdie.lt\/en\/wp-json\/wp\/v2\/product"}],"about":[{"href":"https:\/\/birdie.lt\/en\/wp-json\/wp\/v2\/types\/product"}],"version-history":[{"count":1,"href":"https:\/\/birdie.lt\/en\/wp-json\/wp\/v2\/product\/4590\/revisions"}],"predecessor-version":[{"id":16386,"href":"https:\/\/birdie.lt\/en\/wp-json\/wp\/v2\/product\/4590\/revisions\/16386"}],"wp:featuredmedia":[{"embeddable":true,"href":"https:\/\/birdie.lt\/en\/wp-json\/wp\/v2\/media\/4591"}],"wp:attachment":[{"href":"https:\/\/birdie.lt\/en\/wp-json\/wp\/v2\/media?parent=4590"}],"wp:term":[{"taxonomy":"product_brand","embeddable":true,"href":"https:\/\/birdie.lt\/en\/wp-json\/wp\/v2\/product_brand?post=4590"},{"taxonomy":"product_cat","embeddable":true,"href":"https:\/\/birdie.lt\/en\/wp-json\/wp\/v2\/product_cat?post=4590"},{"taxonomy":"product_tag","embeddable":true,"href":"https:\/\/birdie.lt\/en\/wp-json\/wp\/v2\/product_tag?post=4590"}],"curies":[{"name":"wp","href":"https:\/\/api.w.org\/{rel}","templated":true}]}}