{"id":4317,"date":"2024-04-21T17:54:38","date_gmt":"2024-04-21T14:54:38","guid":{"rendered":"https:\/\/birdie.lt\/?post_type=product&#038;p=4317"},"modified":"2025-12-05T15:52:12","modified_gmt":"2025-12-05T13:52:12","slug":"clicgear-sketis","status":"publish","type":"product","link":"https:\/\/birdie.lt\/en\/clicgear-sketis\/","title":{"rendered":"Clicgear Sk\u0117tis"},"content":{"rendered":"","protected":false},"excerpt":{"rendered":"<p>Clicgear\u00ae Sk\u0117tis yra vienas i\u0161 populiariausi\u0173 golfo sk\u0117\u010di\u0173, idealiai tinka j\u016bs\u0173 Clicgear ve\u017eim\u0117liui.<\/p>\n<p>Clicgear sk\u0117tis sukurta suteikti maksimali\u0105 apsaug\u0105. Specialiai suformuota rankena, kuri idealiai tinka visiems Clicgear sk\u0117\u010di\u0173 laikikliams. Sk\u0117tis pagamintas i\u0161 vandeniui atsparaus ir UV spinduliams atsparaus dengto nailono, tod\u0117l puikiai tinka tiek saul\u0117ta, tiek lieting\u0105 dien\u0105.<\/p>\n<p>Sk\u0117tis tinka visiems Clicgear ve\u017eim\u0117li\u0173 modeliams, taip pat daugumai kit\u0173 golfo ve\u017eim\u0117li\u0173 preki\u0173 \u017eenkl\u0173, kurie turi sk\u0117\u010di\u0173 laikiklius.<\/p>\n<p>Dydis: ~172 cm<\/p>\n","protected":false},"featured_media":4318,"template":"","meta":[],"product_brand":[274],"product_cat":[572,49,33,54],"product_tag":[272,229],"class_list":{"0":"post-4317","1":"product","2":"type-product","3":"status-publish","4":"has-post-thumbnail","6":"product_brand-clicgear","7":"product_cat-aksesuarai","8":"product_cat-krepsiai-ir-vezimeliai","9":"product_cat-skeciai","10":"product_cat-vezimeliu-aksesuarai","11":"product_tag-clicgear","12":"product_tag-sketis","13":"pa_spalva-juoda","14":"pa_spalva-juoda-raudona","15":"pa_spalva-sidabrine","17":"first","18":"instock","19":"taxable","20":"shipping-taxable","21":"purchasable","22":"product-type-variable"},"_links":{"self":[{"href":"https:\/\/birdie.lt\/en\/wp-json\/wp\/v2\/product\/4317","targetHints":{"allow":["GET"]}}],"collection":[{"href":"https:\/\/birdie.lt\/en\/wp-json\/wp\/v2\/product"}],"about":[{"href":"https:\/\/birdie.lt\/en\/wp-json\/wp\/v2\/types\/product"}],"version-history":[{"count":0,"href":"https:\/\/birdie.lt\/en\/wp-json\/wp\/v2\/product\/4317\/revisions"}],"wp:featuredmedia":[{"embeddable":true,"href":"https:\/\/birdie.lt\/en\/wp-json\/wp\/v2\/media\/4318"}],"wp:attachment":[{"href":"https:\/\/birdie.lt\/en\/wp-json\/wp\/v2\/media?parent=4317"}],"wp:term":[{"taxonomy":"product_brand","embeddable":true,"href":"https:\/\/birdie.lt\/en\/wp-json\/wp\/v2\/product_brand?post=4317"},{"taxonomy":"product_cat","embeddable":true,"href":"https:\/\/birdie.lt\/en\/wp-json\/wp\/v2\/product_cat?post=4317"},{"taxonomy":"product_tag","embeddable":true,"href":"https:\/\/birdie.lt\/en\/wp-json\/wp\/v2\/product_tag?post=4317"}],"curies":[{"name":"wp","href":"https:\/\/api.w.org\/{rel}","templated":true}]}}