{"id":4311,"date":"2024-04-21T17:42:27","date_gmt":"2024-04-21T14:42:27","guid":{"rendered":"https:\/\/birdie.lt\/?post_type=product&#038;p=4311"},"modified":"2026-04-13T18:09:45","modified_gmt":"2026-04-13T15:09:45","slug":"cleveland-kelioninis-lazdu-krepsys","status":"publish","type":"product","link":"https:\/\/birdie.lt\/en\/cleveland-kelioninis-lazdu-krepsys\/","title":{"rendered":"Cleveland Kelioninis Lazd\u0173 Krep\u0161ys"},"content":{"rendered":"<h2>Lazd\u0173 krep\u0161io privalumai:<\/h2>\n<ul>\n<li>Plati kempin\u0117s tipo golfo lazd\u0173 apsauga<\/li>\n<li>3 strategi\u0161kai i\u0161d\u0117stytos ki\u0161en\u0117s<\/li>\n<li>Apsauginis dir\u017eas su sagtimi<\/li>\n<li>Patogi rankena<\/li>\n<li>\u012emontuoti ratukai, kad b\u016bt\u0173 lengva transportuoti<\/li>\n<\/ul>\n<h3>Technin\u0117 informacija:<\/h3>\n<p>Spalva: Juoda<\/p>\n","protected":false},"excerpt":{"rendered":"<p>Cleveland Kelioninis Lazd\u0173 Krep\u0161ys yra puikus pasirinkimas golfo m\u0117g\u0117jams, kurie da\u017enai keliauja su savo lazdomis. \u0160is krep\u0161ys yra specialiai sukurtas, kad u\u017etikrint\u0173 maksimal\u0173 saugum\u0105 ir patogum\u0105 transportuojant lazdas. Cleveland Kelioninis Lazd\u0173 Krep\u0161ys turi visk\u0105, kad kelion\u0117 su golfo lazdomis b\u016bt\u0173 be r\u016bpes\u010di\u0173.<\/p>\n","protected":false},"featured_media":4312,"template":"","meta":[],"product_brand":[305],"product_cat":[356,49],"product_tag":[306,255],"class_list":{"0":"post-4311","1":"product","2":"type-product","3":"status-publish","4":"has-post-thumbnail","6":"product_brand-cleveland","7":"product_cat-kelioniniai-krepsiai","8":"product_cat-krepsiai-ir-vezimeliai","9":"product_tag-cleveland","10":"product_tag-krepsiai","12":"first","13":"instock","14":"sale","15":"featured","16":"taxable","17":"shipping-taxable","18":"purchasable","19":"product-type-simple"},"_links":{"self":[{"href":"https:\/\/birdie.lt\/en\/wp-json\/wp\/v2\/product\/4311","targetHints":{"allow":["GET"]}}],"collection":[{"href":"https:\/\/birdie.lt\/en\/wp-json\/wp\/v2\/product"}],"about":[{"href":"https:\/\/birdie.lt\/en\/wp-json\/wp\/v2\/types\/product"}],"version-history":[{"count":1,"href":"https:\/\/birdie.lt\/en\/wp-json\/wp\/v2\/product\/4311\/revisions"}],"predecessor-version":[{"id":16616,"href":"https:\/\/birdie.lt\/en\/wp-json\/wp\/v2\/product\/4311\/revisions\/16616"}],"wp:featuredmedia":[{"embeddable":true,"href":"https:\/\/birdie.lt\/en\/wp-json\/wp\/v2\/media\/4312"}],"wp:attachment":[{"href":"https:\/\/birdie.lt\/en\/wp-json\/wp\/v2\/media?parent=4311"}],"wp:term":[{"taxonomy":"product_brand","embeddable":true,"href":"https:\/\/birdie.lt\/en\/wp-json\/wp\/v2\/product_brand?post=4311"},{"taxonomy":"product_cat","embeddable":true,"href":"https:\/\/birdie.lt\/en\/wp-json\/wp\/v2\/product_cat?post=4311"},{"taxonomy":"product_tag","embeddable":true,"href":"https:\/\/birdie.lt\/en\/wp-json\/wp\/v2\/product_tag?post=4311"}],"curies":[{"name":"wp","href":"https:\/\/api.w.org\/{rel}","templated":true}]}}