{"id":4255,"date":"2024-04-21T16:46:07","date_gmt":"2024-04-21T13:46:07","guid":{"rendered":"https:\/\/birdie.lt\/?post_type=product&#038;p=4255"},"modified":"2026-04-13T18:10:04","modified_gmt":"2026-04-13T15:10:04","slug":"cleveland-golf-frontline-elite-rho-putter","status":"publish","type":"product","link":"https:\/\/birdie.lt\/en\/cleveland-golf-frontline-elite-rho-putter\/","title":{"rendered":"Cleveland Golf Frontline Elite RHO Putter"},"content":{"rendered":"<h2>Golfo lazdos privalumai:<\/h2>\n<p><strong><img decoding=\"async\" class=\"alignnone wp-image-4263\" src=\"https:\/\/birdie.lt\/wp-content\/uploads\/2024\/04\/forward_cg_putter-480x358.png\" alt=\"forward_cg_putter\" width=\"75\" height=\"56\" srcset=\"https:\/\/birdie.lt\/wp-content\/uploads\/2024\/04\/forward_cg_putter-480x358.png 480w, https:\/\/birdie.lt\/wp-content\/uploads\/2024\/04\/forward_cg_putter-150x112.png 150w, https:\/\/birdie.lt\/wp-content\/uploads\/2024\/04\/forward_cg_putter-800x597.png 800w, https:\/\/birdie.lt\/wp-content\/uploads\/2024\/04\/forward_cg_putter-768x573.png 768w, https:\/\/birdie.lt\/wp-content\/uploads\/2024\/04\/forward_cg_putter.png 1005w\" sizes=\"(max-width: 75px) 100vw, 75px\" \/>TIESIAI. \u012e PRIEK\u012e.<\/strong><\/p>\n<p>&#8220;Frontline Elite&#8221; naujoji &#8220;Tungsten SOFT&#8221; priekin\u0117 dalis traukia svorio centr\u0105 \u012f priek\u012f. Tiesa, &#8220;Cleveland&#8221; padar\u0117 pavir\u0161i\u0173 su tikru svoriu. Kod\u0117l? I\u0161 tikr\u0173j\u0173 viskas paprasta. Tiesesni sm\u016bgiai. Radikalus? Galb\u016bt. Revoliuci\u0161ka? Visi\u0161kai.<\/p>\n<p><strong><img decoding=\"async\" class=\"alignnone wp-image-4264\" src=\"https:\/\/birdie.lt\/wp-content\/uploads\/2024\/04\/tungsten_soft-360x360.png\" alt=\"tungsten_soft\" width=\"76\" height=\"76\" srcset=\"https:\/\/birdie.lt\/wp-content\/uploads\/2024\/04\/tungsten_soft-360x360.png 360w, https:\/\/birdie.lt\/wp-content\/uploads\/2024\/04\/tungsten_soft-400x400.png 400w, https:\/\/birdie.lt\/wp-content\/uploads\/2024\/04\/tungsten_soft-150x150.png 150w, https:\/\/birdie.lt\/wp-content\/uploads\/2024\/04\/tungsten_soft-800x800.png 800w, https:\/\/birdie.lt\/wp-content\/uploads\/2024\/04\/tungsten_soft-768x768.png 768w, https:\/\/birdie.lt\/wp-content\/uploads\/2024\/04\/tungsten_soft.png 1050w\" sizes=\"(max-width: 76px) 100vw, 76px\" \/>TUNGSTEN SOFT<\/strong><\/p>\n<p>Matote tuos tankiai sugrupuotus griovelius pavir\u0161iaus centre, kurie palaipsniui plinta link lazdos priekio ir galo? \u0160aunu, tiesa? Tai &#8220;Cleveland&#8221; grei\u010dio optimizavimo pavir\u0161iaus technologija (SOFT).<br \/>\n\u0160ie grioveliai subalansuoja energijos perdavim\u0105 per vis\u0105 pavir\u0161i\u0173, tod\u0117l net jei pataikote ne \u012f centr\u0105, sm\u016bgiai vis tiek pasiekia duobut\u0119 nesustodami.<\/p>\n<p><strong><img decoding=\"async\" class=\"alignnone wp-image-4265\" src=\"https:\/\/birdie.lt\/wp-content\/uploads\/2024\/04\/consistent_swing_feel-360x360.png\" alt=\"consistent_swing_feel\" width=\"75\" height=\"75\" srcset=\"https:\/\/birdie.lt\/wp-content\/uploads\/2024\/04\/consistent_swing_feel-360x360.png 360w, https:\/\/birdie.lt\/wp-content\/uploads\/2024\/04\/consistent_swing_feel-400x400.png 400w, https:\/\/birdie.lt\/wp-content\/uploads\/2024\/04\/consistent_swing_feel-150x150.png 150w, https:\/\/birdie.lt\/wp-content\/uploads\/2024\/04\/consistent_swing_feel-800x800.png 800w, https:\/\/birdie.lt\/wp-content\/uploads\/2024\/04\/consistent_swing_feel-768x768.png 768w, https:\/\/birdie.lt\/wp-content\/uploads\/2024\/04\/consistent_swing_feel.png 1050w\" sizes=\"(max-width: 75px) 100vw, 75px\" \/>NUOSEKLUS POJ\u016aTIS<\/strong><\/p>\n<p>Nauji, reguliuojami kiekvieno &#8220;Frontline Elite&#8221; modelio pagrindo svoriai lazdos galvoje ir atsvariniai svoriai po rankena u\u017etikrina vienod\u0105 ridenimo poj\u016bt\u012f, nesvarbu, kok\u012f model\u012f ar shaft&#8217;o ilg\u012f pasirinktum\u0117te.<\/p>\n<p><strong><img loading=\"lazy\" decoding=\"async\" class=\"alignnone wp-image-4266\" src=\"https:\/\/birdie.lt\/wp-content\/uploads\/2024\/04\/consistent_aim-360x360.png\" alt=\"consistent_aim\" width=\"75\" height=\"75\" srcset=\"https:\/\/birdie.lt\/wp-content\/uploads\/2024\/04\/consistent_aim-360x360.png 360w, https:\/\/birdie.lt\/wp-content\/uploads\/2024\/04\/consistent_aim-400x400.png 400w, https:\/\/birdie.lt\/wp-content\/uploads\/2024\/04\/consistent_aim-150x150.png 150w, https:\/\/birdie.lt\/wp-content\/uploads\/2024\/04\/consistent_aim-800x800.png 800w, https:\/\/birdie.lt\/wp-content\/uploads\/2024\/04\/consistent_aim-768x768.png 768w, https:\/\/birdie.lt\/wp-content\/uploads\/2024\/04\/consistent_aim.png 1050w\" sizes=\"(max-width: 75px) 100vw, 75px\" \/>NUOSEKLUS TAIKYMASIS<\/strong><\/p>\n<p>Nuoseklus taikymasis priklauso nuo to, ar j\u016bs\u0173 akys kiekvien\u0105 kart\u0105 yra tiesiai vir\u0161 kamuolio, o tai yra sunkiau, nei daugelis mano. &#8220;Cleveland&#8221; 2135 technologija, kuri \u012fdiegta visuose &#8220;Frontline Elite&#8221; putter&#8217;iuose, leid\u017eia nustatyti \u017evilgsnio linij\u0105 tiksliai ant kamuoliuko centro a\u0161ies, kad kiekvien\u0105 kart\u0105, nepriklausomai nuo tikslo, pasiektum\u0117te tobul\u0105 i\u0161lyginim\u0105.<\/p>\n<p><strong><img loading=\"lazy\" decoding=\"async\" class=\"alignnone wp-image-4267\" src=\"https:\/\/birdie.lt\/wp-content\/uploads\/2024\/04\/multi_material_designs-360x360.png\" alt=\"multi_material_designs\" width=\"75\" height=\"75\" srcset=\"https:\/\/birdie.lt\/wp-content\/uploads\/2024\/04\/multi_material_designs-360x360.png 360w, https:\/\/birdie.lt\/wp-content\/uploads\/2024\/04\/multi_material_designs-400x400.png 400w, https:\/\/birdie.lt\/wp-content\/uploads\/2024\/04\/multi_material_designs-150x150.png 150w, https:\/\/birdie.lt\/wp-content\/uploads\/2024\/04\/multi_material_designs-800x800.png 800w, https:\/\/birdie.lt\/wp-content\/uploads\/2024\/04\/multi_material_designs-768x768.png 768w, https:\/\/birdie.lt\/wp-content\/uploads\/2024\/04\/multi_material_designs.png 1050w\" sizes=\"(max-width: 75px) 100vw, 75px\" \/>\u012eVAIRI\u0172 MED\u017dIAG\u0172 KONSTRUKCIJOS<\/strong><\/p>\n<p>Siekiant u\u017etikrinti pilno korpuso i\u0161vaizd\u0105, kuri\u0105 m\u0117gsta \u017eaid\u0117jai, puikiam poj\u016b\u010diui reikaling\u0105 svor\u012f ir na\u0161um\u0105 didinan\u010di\u0105 priekin\u0119 CG, &#8220;Frontline Elite&#8221; pilni putter&#8217;iai gaminami i\u0161 pa\u017eangi\u0173, daugialyp\u0117s med\u017eiagos konstrukcij\u0173. Lengvas aliuminis, ABS polimeras, plienas ir volframas yra kruop\u0161\u010diai sumontuoti, kad u\u017etikrint\u0173 optimal\u0173 veikim\u0105 bei auk\u0161\u010diausios kokyb\u0117s i\u0161vaizd\u0105, poj\u016bt\u012f, prigludim\u0105 ir apdail\u0105.<br \/>\nBe to, visi &#8220;Frontline Elite&#8221; modeliai yra padengti nauja, specialia danga, kuri suteikia sodriai juodos spalvos i\u0161vaizd\u0105 ir apsaugo nuo subrai\u017eym\u0173.<\/p>\n<h3>Technin\u0117 informacija:<\/h3>\n<p>Shaft&#8217;o ilgis: 86.36 arba 88.90<\/p>\n<p>&nbsp;<\/p>\n","protected":false},"excerpt":{"rendered":"<p>Naujausia Cleveland Golf Frontline Elite RHO Putter lazda pasi\u017eymi pa\u017eangiomis formomis, apgalvotu galvos dizainu ir \u012fstri\u017eu shaft&#8217;u, geriausiai tinkan\u010diu tiesiam sm\u016bgiui.<\/p>\n<p>Vienintelis toks volframo SOFT pavir\u0161ius, konkre\u010diam modeliui pritaikytas pado ir atsvaros svoris bei &#8220;Cleveland&#8221; 2135 technologija &#8211; viskas &#8220;Frontline Elite&#8221;. \u0160is putter&#8217;is sukurtas taip, kad pad\u0117t\u0173 jums pataikyti tiesesnius sm\u016bgius, u\u017etikrinant pastov\u0173 atstum\u0105 ir ne\u012ftik\u0117tin\u0105 poj\u016bt\u012f.<\/p>\n<p>&nbsp;<\/p>\n","protected":false},"featured_media":4256,"template":"","meta":[],"product_brand":[305],"product_cat":[55,68,70],"product_tag":[306,228,210],"class_list":{"0":"post-4255","1":"product","2":"type-product","3":"status-publish","4":"has-post-thumbnail","6":"product_brand-cleveland","7":"product_cat-golfo-lazdos","8":"product_cat-ridenimo-lazdos","9":"product_cat-vyriskos-ridenimo-lazdos","10":"product_tag-cleveland","11":"product_tag-putter","12":"product_tag-vyrams","13":"pa_tipas-desiniarankiams","14":"pa_tipas-kairiarankiams","16":"first","17":"outofstock","18":"taxable","19":"shipping-taxable","20":"product-type-variable"},"_links":{"self":[{"href":"https:\/\/birdie.lt\/en\/wp-json\/wp\/v2\/product\/4255","targetHints":{"allow":["GET"]}}],"collection":[{"href":"https:\/\/birdie.lt\/en\/wp-json\/wp\/v2\/product"}],"about":[{"href":"https:\/\/birdie.lt\/en\/wp-json\/wp\/v2\/types\/product"}],"version-history":[{"count":1,"href":"https:\/\/birdie.lt\/en\/wp-json\/wp\/v2\/product\/4255\/revisions"}],"predecessor-version":[{"id":16619,"href":"https:\/\/birdie.lt\/en\/wp-json\/wp\/v2\/product\/4255\/revisions\/16619"}],"wp:featuredmedia":[{"embeddable":true,"href":"https:\/\/birdie.lt\/en\/wp-json\/wp\/v2\/media\/4256"}],"wp:attachment":[{"href":"https:\/\/birdie.lt\/en\/wp-json\/wp\/v2\/media?parent=4255"}],"wp:term":[{"taxonomy":"product_brand","embeddable":true,"href":"https:\/\/birdie.lt\/en\/wp-json\/wp\/v2\/product_brand?post=4255"},{"taxonomy":"product_cat","embeddable":true,"href":"https:\/\/birdie.lt\/en\/wp-json\/wp\/v2\/product_cat?post=4255"},{"taxonomy":"product_tag","embeddable":true,"href":"https:\/\/birdie.lt\/en\/wp-json\/wp\/v2\/product_tag?post=4255"}],"curies":[{"name":"wp","href":"https:\/\/api.w.org\/{rel}","templated":true}]}}