{"id":4248,"date":"2024-04-21T16:11:13","date_gmt":"2024-04-21T13:11:13","guid":{"rendered":"https:\/\/birdie.lt\/?post_type=product&#038;p=4248"},"modified":"2026-04-02T13:28:43","modified_gmt":"2026-04-02T10:28:43","slug":"spalding-executive-lazdu-rinkinys-moterims","status":"publish","type":"product","link":"https:\/\/birdie.lt\/en\/spalding-executive-lazdu-rinkinys-moterims\/","title":{"rendered":"Spalding Executive Lazd\u0173 Rinkinys Moterims"},"content":{"rendered":"\t\t<div data-elementor-type=\"wp-post\" data-elementor-id=\"4248\" class=\"elementor elementor-4248\">\n\t\t\t\t<div class=\"elementor-element elementor-element-1bb254f e-con-full e-flex e-con e-parent\" data-id=\"1bb254f\" data-element_type=\"container\" data-e-type=\"container\">\n\t\t<div class=\"elementor-element elementor-element-9749912 e-con-full e-flex e-con e-child\" data-id=\"9749912\" data-element_type=\"container\" data-e-type=\"container\">\n\t\t\t\t<div class=\"elementor-element elementor-element-ed256d1 elementor-widget elementor-widget-heading\" data-id=\"ed256d1\" data-element_type=\"widget\" data-e-type=\"widget\" data-widget_type=\"heading.default\">\n\t\t\t\t<div class=\"elementor-widget-container\">\n\t\t\t\t\t<h2 class=\"elementor-heading-title elementor-size-default\">Spalding Executive Lazd\u0173 Rinkinio Privalumai:<\/h2>\t\t\t\t<\/div>\n\t\t\t\t<\/div>\n\t\t\t\t<div class=\"elementor-element elementor-element-91ea5bc elementor-widget elementor-widget-text-editor\" data-id=\"91ea5bc\" data-element_type=\"widget\" data-e-type=\"widget\" data-widget_type=\"text-editor.default\">\n\t\t\t\t<div class=\"elementor-widget-container\">\n\t\t\t\t\t\t\t\t\t<p style=\"text-align: center;\">Kiekviena lazda yra sukurta atsi\u017evelgiant \u012f moter\u0173 anatomines ypatybes ir fizin\u0119 j\u0117g\u0105, u\u017etikrinant optimal\u0173 komfort\u0105 ir efektyvum\u0105 \u017eaidimo metu.<\/p><h6 style=\"text-align: center;\"><strong>VISOS REIKALINGOS LAZDOS VIENAME RINKINYJE<\/strong><\/h6><p style=\"text-align: center;\">Rinkinys apima visas b\u016btiniausias lazdas \u017eaidimui: driver&#8217;is, hybrid&#8217;as, iron&#8217;ai, trump\u0173 sm\u016bgi\u0173 lazdos bei putter&#8217;is, taip suteikiant visk\u0105, ko reikia s\u0117kmingam golfo \u017eaidimui.<\/p><h6 style=\"text-align: center;\"><strong>AUK\u0160TOS KOKYB\u0116S MED\u017dIAGOS<\/strong><\/h6><p style=\"text-align: center;\">Kiekviena lazda pagamintas i\u0161 auk\u0161tos kokyb\u0117s med\u017eiag\u0173, u\u017etikrinan\u010di\u0173 ilgaam\u017ei\u0161kum\u0105 ir efektyvum\u0105 \u017eaidimo metu.<\/p><h6 style=\"text-align: center;\"><strong>TOBULAS KOMPLEKTAS PRADEDAN\u010cIOSIOMS \u017dAID\u0116JOMS<\/strong><\/h6><p style=\"text-align: center;\">\u0160is komplektas idealiai tinka pradedan\u010diosioms \u017eaid\u0117joms ar \u017eaid\u0117joms, kurios jau \u017eaid\u017ei\u0105 kelet\u0105 sezon\u0173 ir nori tobul\u0117ti bei m\u0117gautis \u017eaidimu.<\/p>\t\t\t\t\t\t\t\t<\/div>\n\t\t\t\t<\/div>\n\t\t\t\t<\/div>\n\t\t<div class=\"elementor-element elementor-element-ad234c4 e-con-full e-flex e-con e-child\" data-id=\"ad234c4\" data-element_type=\"container\" data-e-type=\"container\">\n\t\t\t\t<div class=\"elementor-element elementor-element-4649205 elementor-widget elementor-widget-image\" data-id=\"4649205\" data-element_type=\"widget\" data-e-type=\"widget\" data-widget_type=\"image.default\">\n\t\t\t\t<div class=\"elementor-widget-container\">\n\t\t\t\t\t\t\t\t\t\t\t\t\t\t\t<img fetchpriority=\"high\" decoding=\"async\" width=\"713\" height=\"768\" src=\"https:\/\/birdie.lt\/wp-content\/uploads\/2024\/04\/spalding-executive-set-lrh-graph_1-713x768.jpg\" class=\"attachment-large size-large wp-image-7013\" alt=\"spalding-executive-set-lrh-graph_1\" srcset=\"https:\/\/birdie.lt\/wp-content\/uploads\/2024\/04\/spalding-executive-set-lrh-graph_1-713x768.jpg 713w, https:\/\/birdie.lt\/wp-content\/uploads\/2024\/04\/spalding-executive-set-lrh-graph_1-139x150.jpg 139w, https:\/\/birdie.lt\/wp-content\/uploads\/2024\/04\/spalding-executive-set-lrh-graph_1-800x861.jpg 800w, https:\/\/birdie.lt\/wp-content\/uploads\/2024\/04\/spalding-executive-set-lrh-graph_1-334x360.jpg 334w, https:\/\/birdie.lt\/wp-content\/uploads\/2024\/04\/spalding-executive-set-lrh-graph_1-768x827.jpg 768w, https:\/\/birdie.lt\/wp-content\/uploads\/2024\/04\/spalding-executive-set-lrh-graph_1.jpg 847w\" sizes=\"(max-width: 713px) 100vw, 713px\" \/>\t\t\t\t\t\t\t\t\t\t\t\t\t\t\t<\/div>\n\t\t\t\t<\/div>\n\t\t\t\t<\/div>\n\t\t\t\t<\/div>\n\t\t<div class=\"elementor-element elementor-element-5d4decb e-con-full e-flex e-con e-parent\" data-id=\"5d4decb\" data-element_type=\"container\" data-e-type=\"container\">\n\t\t\t\t<div class=\"elementor-element elementor-element-c48a627 elementor-widget elementor-widget-heading\" data-id=\"c48a627\" data-element_type=\"widget\" data-e-type=\"widget\" data-widget_type=\"heading.default\">\n\t\t\t\t<div class=\"elementor-widget-container\">\n\t\t\t\t\t<h2 class=\"elementor-heading-title elementor-size-default\">Technin\u0117 informacija:<\/h2>\t\t\t\t<\/div>\n\t\t\t\t<\/div>\n\t\t\t\t<div class=\"elementor-element elementor-element-b2f091b elementor-widget elementor-widget-text-editor\" data-id=\"b2f091b\" data-element_type=\"widget\" data-e-type=\"widget\" data-widget_type=\"text-editor.default\">\n\t\t\t\t<div class=\"elementor-widget-container\">\n\t\t\t\t\t\t\t\t\t<p>Shaftai: Grafitiniai<\/p>\t\t\t\t\t\t\t\t<\/div>\n\t\t\t\t<\/div>\n\t\t\t\t<\/div>\n\t\t\t\t<\/div>\n\t\t","protected":false},"excerpt":{"rendered":"<p style=\"text-align: center;\">Spalding Executive lazd\u0173 rinkinys moterims yra sukurtas specialiai moterims, siekian\u010dioms tobul\u0117ti golfo aik\u0161tyne. \u0160is rinkinys apima visas b\u016btiniausias lazdas, reikalingas norint m\u0117gautis \u017eaidimu, \u012fskaitant driver&#8217;\u012f, hybrid&#8217;\u0105, ilguosius ir trumpuosius iron&#8217;us bei putter&#8217;\u012f.<\/p>\n<p style=\"text-align: center;\">Kiekviena lazda yra pagaminta i\u0161 auk\u0161tos kokyb\u0117s med\u017eiag\u0173, u\u017etikrinan\u010di\u0173 ilgaam\u017ei\u0161kum\u0105 ir efektyvum\u0105 \u017eaidimo metu. Su Spalding Executive lazd\u0173 rinkiniu, j\u016bs b\u016bsite pasirengusios startuoti ir m\u0117gautis devyni\u0173 ar a\u0161tuoniolikos duobu\u010di\u0173 \u017eaidimu!<\/p>\n<p style=\"text-align: center;\">Komplekt\u0105 sudaro: driver&#8217;is; hybrid&#8217;as; iron&#8217;ai: 6,7,8,9; trump\u0173 sm\u016bgi\u0173 lazdos: PW, SW; Putter&#8217;is + golfo lazd\u0173 krep\u0161ys.<\/p>\n","protected":false},"featured_media":4249,"template":"","meta":[],"product_brand":[353],"product_cat":[74,75],"product_tag":[225,224,354],"class_list":{"0":"post-4248","1":"product","2":"type-product","3":"status-publish","4":"has-post-thumbnail","6":"product_brand-spalding","7":"product_cat-lazdu-komplektai","8":"product_cat-moteriski-lazdu-komplektai","9":"product_tag-lazdu-komplektai","10":"product_tag-moterims","11":"product_tag-spalding","12":"pa_tipas-desiniarankems","13":"pa_tipas-kairiarankems","15":"first","16":"outofstock","17":"taxable","18":"shipping-taxable","19":"product-type-variable"},"_links":{"self":[{"href":"https:\/\/birdie.lt\/en\/wp-json\/wp\/v2\/product\/4248","targetHints":{"allow":["GET"]}}],"collection":[{"href":"https:\/\/birdie.lt\/en\/wp-json\/wp\/v2\/product"}],"about":[{"href":"https:\/\/birdie.lt\/en\/wp-json\/wp\/v2\/types\/product"}],"version-history":[{"count":1,"href":"https:\/\/birdie.lt\/en\/wp-json\/wp\/v2\/product\/4248\/revisions"}],"predecessor-version":[{"id":16444,"href":"https:\/\/birdie.lt\/en\/wp-json\/wp\/v2\/product\/4248\/revisions\/16444"}],"wp:featuredmedia":[{"embeddable":true,"href":"https:\/\/birdie.lt\/en\/wp-json\/wp\/v2\/media\/4249"}],"wp:attachment":[{"href":"https:\/\/birdie.lt\/en\/wp-json\/wp\/v2\/media?parent=4248"}],"wp:term":[{"taxonomy":"product_brand","embeddable":true,"href":"https:\/\/birdie.lt\/en\/wp-json\/wp\/v2\/product_brand?post=4248"},{"taxonomy":"product_cat","embeddable":true,"href":"https:\/\/birdie.lt\/en\/wp-json\/wp\/v2\/product_cat?post=4248"},{"taxonomy":"product_tag","embeddable":true,"href":"https:\/\/birdie.lt\/en\/wp-json\/wp\/v2\/product_tag?post=4248"}],"curies":[{"name":"wp","href":"https:\/\/api.w.org\/{rel}","templated":true}]}}