{"id":4165,"date":"2024-04-20T18:29:58","date_gmt":"2024-04-20T15:29:58","guid":{"rendered":"https:\/\/birdie.lt\/?post_type=product&#038;p=4165"},"modified":"2026-04-13T18:10:20","modified_gmt":"2026-04-13T15:10:20","slug":"cobra-ltdx-silver-iron-rinkinys","status":"publish","type":"product","link":"https:\/\/birdie.lt\/en\/cobra-ltdx-silver-iron-rinkinys\/","title":{"rendered":"Cobra LTDX Silver Iron Rinkinys"},"content":{"rendered":"\t\t<div data-elementor-type=\"wp-post\" data-elementor-id=\"4165\" class=\"elementor elementor-4165\">\n\t\t\t\t<div class=\"elementor-element elementor-element-9bd7b71 e-con-full e-flex e-con e-parent\" data-id=\"9bd7b71\" data-element_type=\"container\" data-e-type=\"container\">\n\t\t<div class=\"elementor-element elementor-element-db3dc0f e-con-full e-flex e-con e-child\" data-id=\"db3dc0f\" data-element_type=\"container\" data-e-type=\"container\">\n\t\t\t\t<div class=\"elementor-element elementor-element-c75720c elementor-widget elementor-widget-image\" data-id=\"c75720c\" data-element_type=\"widget\" data-e-type=\"widget\" data-widget_type=\"image.default\">\n\t\t\t\t<div class=\"elementor-widget-container\">\n\t\t\t\t\t\t\t\t\t\t\t\t\t\t\t<img fetchpriority=\"high\" decoding=\"async\" width=\"760\" height=\"760\" src=\"https:\/\/birdie.lt\/wp-content\/uploads\/2024\/04\/LTDx-PDP-Iron-Tech-760x760px-1-PWRCOR-min.png\" class=\"attachment-large size-large wp-image-14026\" alt=\"Cobra-golf-LTDx-iron-set\" srcset=\"https:\/\/birdie.lt\/wp-content\/uploads\/2024\/04\/LTDx-PDP-Iron-Tech-760x760px-1-PWRCOR-min.png 760w, https:\/\/birdie.lt\/wp-content\/uploads\/2024\/04\/LTDx-PDP-Iron-Tech-760x760px-1-PWRCOR-min-400x400.png 400w, https:\/\/birdie.lt\/wp-content\/uploads\/2024\/04\/LTDx-PDP-Iron-Tech-760x760px-1-PWRCOR-min-150x150.png 150w, https:\/\/birdie.lt\/wp-content\/uploads\/2024\/04\/LTDx-PDP-Iron-Tech-760x760px-1-PWRCOR-min-300x300.png 300w, https:\/\/birdie.lt\/wp-content\/uploads\/2024\/04\/LTDx-PDP-Iron-Tech-760x760px-1-PWRCOR-min-360x360.png 360w\" sizes=\"(max-width: 760px) 100vw, 760px\" \/>\t\t\t\t\t\t\t\t\t\t\t\t\t\t\t<\/div>\n\t\t\t\t<\/div>\n\t\t\t\t<\/div>\n\t\t<div class=\"elementor-element elementor-element-e1358f4 e-con-full e-flex e-con e-child\" data-id=\"e1358f4\" data-element_type=\"container\" data-e-type=\"container\">\n\t\t\t\t<div class=\"elementor-element elementor-element-43bf08d elementor-widget elementor-widget-heading\" data-id=\"43bf08d\" data-element_type=\"widget\" data-e-type=\"widget\" data-widget_type=\"heading.default\">\n\t\t\t\t<div class=\"elementor-widget-container\">\n\t\t\t\t\t<h2 class=\"elementor-heading-title elementor-size-default\">LANKSTESNI IR GREITESNI<\/h2>\t\t\t\t<\/div>\n\t\t\t\t<\/div>\n\t\t\t\t<div class=\"elementor-element elementor-element-1bc2f77 elementor-widget elementor-widget-text-editor\" data-id=\"1bc2f77\" data-element_type=\"widget\" data-e-type=\"widget\" data-widget_type=\"text-editor.default\">\n\t\t\t\t<div class=\"elementor-widget-container\">\n\t\t\t\t\t\t\t\t\t<p style=\"text-align: center;\"><em><strong>\u201ePWR-COR\u201c<\/strong><\/em> sistema <strong>sukuria<\/strong> <strong>lanks\u010diausi\u0105<\/strong> iron lazdos <strong>konstrukcij\u0105<\/strong>, <strong>u\u017etikrinan\u010di\u0105<\/strong> dar didesn\u012f <strong>greit\u012f<\/strong>. <strong>Konstrukcijoje<\/strong> yra plieninis \u0161erdies <strong>strypas<\/strong>, kurio <strong><em>CG<\/em> <\/strong>(<strong>svorio centras<\/strong>) yra <strong>u\u017e sm\u016bgio zonos<\/strong>, kad kamuoliukui b\u016bt\u0173 perduodama <strong>dar<\/strong> <strong>daugiau<\/strong> <strong>galios<\/strong>.<\/p>\t\t\t\t\t\t\t\t<\/div>\n\t\t\t\t<\/div>\n\t\t\t\t<\/div>\n\t\t\t\t<\/div>\n\t\t<div class=\"elementor-element elementor-element-7600d7e e-con-full e-flex e-con e-parent\" data-id=\"7600d7e\" data-element_type=\"container\" data-e-type=\"container\">\n\t\t<div class=\"elementor-element elementor-element-e758877 e-con-full e-flex e-con e-child\" data-id=\"e758877\" data-element_type=\"container\" data-e-type=\"container\">\n\t\t\t\t<div class=\"elementor-element elementor-element-b66aab2 elementor-widget elementor-widget-heading\" data-id=\"b66aab2\" data-element_type=\"widget\" data-e-type=\"widget\" data-widget_type=\"heading.default\">\n\t\t\t\t<div class=\"elementor-widget-container\">\n\t\t\t\t\t<h2 class=\"elementor-heading-title elementor-size-default\">Add Your Heading Text Here<\/h2>\t\t\t\t<\/div>\n\t\t\t\t<\/div>\n\t\t\t\t<div class=\"elementor-element elementor-element-81d5b14 elementor-widget elementor-widget-text-editor\" data-id=\"81d5b14\" data-element_type=\"widget\" data-e-type=\"widget\" data-widget_type=\"text-editor.default\">\n\t\t\t\t<div class=\"elementor-widget-container\">\n\t\t\t\t\t\t\t\t\t<p style=\"text-align: center;\"><strong>Did\u017eiausias<\/strong> \u201e<strong>PWRSHELL\u201c<\/strong> pavir\u0161ius <strong>padidina<\/strong> kamuoliuko <strong>grei\u010dio zon\u0105<\/strong>. Naujos konstrukcijos pavir\u0161ius turi net <strong>23 %<\/strong> didesn\u0119 sm\u016bgio zon\u0105, kuri <strong>padidina<\/strong> kamuoliuko <strong>greit\u012f<\/strong> net ir <strong>pataikius ne \u012f centr\u0105<\/strong>, o pavir\u0161iaus <strong>i\u0161linkimas<\/strong> <strong>link<\/strong> lazdos <strong>pado<\/strong> padeda <strong>pasiekti<\/strong> <strong>auk\u0161tesn\u0119<\/strong> kamuoliuko <strong>skryd\u017eio<\/strong> <strong>trajektorij\u0105<\/strong>.<\/p>\t\t\t\t\t\t\t\t<\/div>\n\t\t\t\t<\/div>\n\t\t\t\t<\/div>\n\t\t<div class=\"elementor-element elementor-element-e44206e e-con-full e-flex e-con e-child\" data-id=\"e44206e\" data-element_type=\"container\" data-e-type=\"container\">\n\t\t\t\t<div class=\"elementor-element elementor-element-4818f89 elementor-widget elementor-widget-image\" data-id=\"4818f89\" data-element_type=\"widget\" data-e-type=\"widget\" data-widget_type=\"image.default\">\n\t\t\t\t<div class=\"elementor-widget-container\">\n\t\t\t\t\t\t\t\t\t\t\t\t\t\t\t<img decoding=\"async\" width=\"760\" height=\"760\" src=\"https:\/\/birdie.lt\/wp-content\/uploads\/2024\/04\/LTDx-PDP-Iron-Tech-760x760px-3-PWRSHELL-min.png\" class=\"attachment-large size-large wp-image-14030\" alt=\"Cobra-LTDx-silver-iron-set\" srcset=\"https:\/\/birdie.lt\/wp-content\/uploads\/2024\/04\/LTDx-PDP-Iron-Tech-760x760px-3-PWRSHELL-min.png 760w, https:\/\/birdie.lt\/wp-content\/uploads\/2024\/04\/LTDx-PDP-Iron-Tech-760x760px-3-PWRSHELL-min-400x400.png 400w, https:\/\/birdie.lt\/wp-content\/uploads\/2024\/04\/LTDx-PDP-Iron-Tech-760x760px-3-PWRSHELL-min-150x150.png 150w, https:\/\/birdie.lt\/wp-content\/uploads\/2024\/04\/LTDx-PDP-Iron-Tech-760x760px-3-PWRSHELL-min-300x300.png 300w, https:\/\/birdie.lt\/wp-content\/uploads\/2024\/04\/LTDx-PDP-Iron-Tech-760x760px-3-PWRSHELL-min-360x360.png 360w\" sizes=\"(max-width: 760px) 100vw, 760px\" \/>\t\t\t\t\t\t\t\t\t\t\t\t\t\t\t<\/div>\n\t\t\t\t<\/div>\n\t\t\t\t<\/div>\n\t\t\t\t<\/div>\n\t\t<div class=\"elementor-element elementor-element-500837d e-con-full e-flex e-con e-parent\" data-id=\"500837d\" data-element_type=\"container\" data-e-type=\"container\">\n\t\t<div class=\"elementor-element elementor-element-a71cfd0 e-con-full e-flex e-con e-child\" data-id=\"a71cfd0\" data-element_type=\"container\" data-e-type=\"container\">\n\t\t\t\t<div class=\"elementor-element elementor-element-ccb8c90 elementor-widget elementor-widget-image\" data-id=\"ccb8c90\" data-element_type=\"widget\" data-e-type=\"widget\" data-widget_type=\"image.default\">\n\t\t\t\t<div class=\"elementor-widget-container\">\n\t\t\t\t\t\t\t\t\t\t\t\t\t\t\t<img decoding=\"async\" width=\"760\" height=\"760\" src=\"https:\/\/birdie.lt\/wp-content\/uploads\/2024\/04\/LTDx-PDP-OL-Iron-Tech-760x760px-4-CNC-Milling-min.png\" class=\"attachment-large size-large wp-image-14028\" alt=\"Cobra-LTDx-iron-set\" srcset=\"https:\/\/birdie.lt\/wp-content\/uploads\/2024\/04\/LTDx-PDP-OL-Iron-Tech-760x760px-4-CNC-Milling-min.png 760w, https:\/\/birdie.lt\/wp-content\/uploads\/2024\/04\/LTDx-PDP-OL-Iron-Tech-760x760px-4-CNC-Milling-min-400x400.png 400w, https:\/\/birdie.lt\/wp-content\/uploads\/2024\/04\/LTDx-PDP-OL-Iron-Tech-760x760px-4-CNC-Milling-min-150x150.png 150w, https:\/\/birdie.lt\/wp-content\/uploads\/2024\/04\/LTDx-PDP-OL-Iron-Tech-760x760px-4-CNC-Milling-min-300x300.png 300w, https:\/\/birdie.lt\/wp-content\/uploads\/2024\/04\/LTDx-PDP-OL-Iron-Tech-760x760px-4-CNC-Milling-min-360x360.png 360w\" sizes=\"(max-width: 760px) 100vw, 760px\" \/>\t\t\t\t\t\t\t\t\t\t\t\t\t\t\t<\/div>\n\t\t\t\t<\/div>\n\t\t\t\t<\/div>\n\t\t<div class=\"elementor-element elementor-element-f89c201 e-con-full e-flex e-con e-child\" data-id=\"f89c201\" data-element_type=\"container\" data-e-type=\"container\">\n\t\t\t\t<div class=\"elementor-element elementor-element-7842666 elementor-widget elementor-widget-heading\" data-id=\"7842666\" data-element_type=\"widget\" data-e-type=\"widget\" data-widget_type=\"heading.default\">\n\t\t\t\t<div class=\"elementor-widget-container\">\n\t\t\t\t\t<h2 class=\"elementor-heading-title elementor-size-default\">CNC FREZUOTAS PAVIR\u0160IUS IR GRIOVELIAI<\/h2>\t\t\t\t<\/div>\n\t\t\t\t<\/div>\n\t\t\t\t<div class=\"elementor-element elementor-element-12f953c elementor-widget elementor-widget-text-editor\" data-id=\"12f953c\" data-element_type=\"widget\" data-e-type=\"widget\" data-widget_type=\"text-editor.default\">\n\t\t\t\t<div class=\"elementor-widget-container\">\n\t\t\t\t\t\t\t\t\t<p style=\"text-align: center;\"><strong>CNC<\/strong> frezavimo b\u016bdu <strong>i\u0161gaunamos<\/strong> <strong>tikslesn\u0117s<\/strong> grioveli\u0173 <strong>formos<\/strong>, <strong>optimizuojan\u010dios <\/strong>kamuoliuko <strong>sukim\u0105si<\/strong> ir <strong>valdym\u0105<\/strong>, kad b\u016bt\u0173 <strong>u\u017etikrintas<\/strong> didesnis <strong>tikslumas<\/strong> ir <strong>stabdymo<\/strong> <strong>galia<\/strong> <strong>green&#8217;e<\/strong>.<\/p>\t\t\t\t\t\t\t\t<\/div>\n\t\t\t\t<\/div>\n\t\t\t\t<\/div>\n\t\t\t\t<\/div>\n\t\t<div class=\"elementor-element elementor-element-3db7b17 e-con-full e-flex e-con e-parent\" data-id=\"3db7b17\" data-element_type=\"container\" data-e-type=\"container\">\n\t\t\t\t<div class=\"elementor-element elementor-element-11cfcdc elementor-widget elementor-widget-heading\" data-id=\"11cfcdc\" data-element_type=\"widget\" data-e-type=\"widget\" data-widget_type=\"heading.default\">\n\t\t\t\t<div class=\"elementor-widget-container\">\n\t\t\t\t\t<h2 class=\"elementor-heading-title elementor-size-default\">Technin\u0117 informacija<\/h2>\t\t\t\t<\/div>\n\t\t\t\t<\/div>\n\t\t\t\t<\/div>\n\t\t<div class=\"elementor-element elementor-element-7efd10a e-con-full e-flex e-con e-parent\" data-id=\"7efd10a\" data-element_type=\"container\" data-e-type=\"container\">\n\t\t<div class=\"elementor-element elementor-element-49aa9e4 e-con-full e-flex e-con e-child\" data-id=\"49aa9e4\" data-element_type=\"container\" data-e-type=\"container\">\n\t\t\t\t<div class=\"elementor-element elementor-element-2e61b97 elementor-widget elementor-widget-text-editor\" data-id=\"2e61b97\" data-element_type=\"widget\" data-e-type=\"widget\" data-widget_type=\"text-editor.default\">\n\t\t\t\t<div class=\"elementor-widget-container\">\n\t\t\t\t\t\t\t\t\t<h2>Shaft&#8217;as<\/h2><p>Steel &#8211; KBS Tour 90 ( R &#8211; 95g., S &#8211; 102 g.)<\/p>\t\t\t\t\t\t\t\t<\/div>\n\t\t\t\t<\/div>\n\t\t\t\t<div class=\"elementor-element elementor-element-4182688 elementor-widget elementor-widget-image\" data-id=\"4182688\" data-element_type=\"widget\" data-e-type=\"widget\" data-widget_type=\"image.default\">\n\t\t\t\t<div class=\"elementor-widget-container\">\n\t\t\t\t\t\t\t\t\t\t\t\t\t\t\t<img loading=\"lazy\" decoding=\"async\" width=\"1024\" height=\"50\" src=\"https:\/\/birdie.lt\/wp-content\/uploads\/2024\/04\/rad-kbs-tour-90-min-1024x50.avif\" class=\"attachment-large size-large wp-image-14035\" alt=\"rad-kbs-tour-90-min\" srcset=\"https:\/\/birdie.lt\/wp-content\/uploads\/2024\/04\/rad-kbs-tour-90-min-1024x50.avif 1024w, https:\/\/birdie.lt\/wp-content\/uploads\/2024\/04\/rad-kbs-tour-90-min-150x7.avif 150w, https:\/\/birdie.lt\/wp-content\/uploads\/2024\/04\/rad-kbs-tour-90-min-800x39.avif 800w, https:\/\/birdie.lt\/wp-content\/uploads\/2024\/04\/rad-kbs-tour-90-min-480x23.avif 480w, https:\/\/birdie.lt\/wp-content\/uploads\/2024\/04\/rad-kbs-tour-90-min-768x37.avif 768w, https:\/\/birdie.lt\/wp-content\/uploads\/2024\/04\/rad-kbs-tour-90-min.avif 1240w\" sizes=\"(max-width: 1024px) 100vw, 1024px\" \/>\t\t\t\t\t\t\t\t\t\t\t\t\t\t\t<\/div>\n\t\t\t\t<\/div>\n\t\t\t\t<\/div>\n\t\t<div class=\"elementor-element elementor-element-0904dc7 e-con-full e-flex e-con e-child\" data-id=\"0904dc7\" data-element_type=\"container\" data-e-type=\"container\">\n\t\t\t\t<div class=\"elementor-element elementor-element-e67d259 elementor-widget elementor-widget-text-editor\" data-id=\"e67d259\" data-element_type=\"widget\" data-e-type=\"widget\" data-widget_type=\"text-editor.default\">\n\t\t\t\t<div class=\"elementor-widget-container\">\n\t\t\t\t\t\t\t\t\t<h2>Rankena<\/h2><p>Lamkin Crossline (58R) &#8211; Black (48.5g)<\/p>\t\t\t\t\t\t\t\t<\/div>\n\t\t\t\t<\/div>\n\t\t\t\t<div class=\"elementor-element elementor-element-06c6112 elementor-widget elementor-widget-image\" data-id=\"06c6112\" data-element_type=\"widget\" data-e-type=\"widget\" data-widget_type=\"image.default\">\n\t\t\t\t<div class=\"elementor-widget-container\">\n\t\t\t\t\t\t\t\t\t\t\t\t\t\t\t<img loading=\"lazy\" decoding=\"async\" width=\"670\" height=\"75\" src=\"https:\/\/birdie.lt\/wp-content\/uploads\/2024\/04\/ltdx-black-grip-min.avif\" class=\"attachment-large size-large wp-image-14033\" alt=\"\" srcset=\"https:\/\/birdie.lt\/wp-content\/uploads\/2024\/04\/ltdx-black-grip-min.avif 670w, https:\/\/birdie.lt\/wp-content\/uploads\/2024\/04\/ltdx-black-grip-min-150x17.avif 150w, https:\/\/birdie.lt\/wp-content\/uploads\/2024\/04\/ltdx-black-grip-min-300x34.avif 300w, https:\/\/birdie.lt\/wp-content\/uploads\/2024\/04\/ltdx-black-grip-min-480x54.avif 480w\" sizes=\"(max-width: 670px) 100vw, 670px\">\t\t\t\t\t\t\t\t\t\t\t\t\t\t\t<\/div>\n\t\t\t\t<\/div>\n\t\t\t\t<\/div>\n\t\t\t\t<\/div>\n\t\t<div class=\"elementor-element elementor-element-ad4945a e-con-full e-flex e-con e-parent\" data-id=\"ad4945a\" data-element_type=\"container\" data-e-type=\"container\">\n\t\t\t\t<div class=\"elementor-element elementor-element-0bedd41 elementor-widget elementor-widget-image\" data-id=\"0bedd41\" data-element_type=\"widget\" data-e-type=\"widget\" data-widget_type=\"image.default\">\n\t\t\t\t<div class=\"elementor-widget-container\">\n\t\t\t\t\t\t\t\t\t\t\t\t\t\t\t<img loading=\"lazy\" decoding=\"async\" width=\"1024\" height=\"238\" src=\"https:\/\/birdie.lt\/wp-content\/uploads\/2024\/04\/Ekrano-nuotrauka-2025-05-05-155627-1024x238.png\" class=\"attachment-large size-large wp-image-14037\" alt=\"\" srcset=\"https:\/\/birdie.lt\/wp-content\/uploads\/2024\/04\/Ekrano-nuotrauka-2025-05-05-155627-1024x238.png 1024w, https:\/\/birdie.lt\/wp-content\/uploads\/2024\/04\/Ekrano-nuotrauka-2025-05-05-155627-150x35.png 150w, https:\/\/birdie.lt\/wp-content\/uploads\/2024\/04\/Ekrano-nuotrauka-2025-05-05-155627-800x186.png 800w, https:\/\/birdie.lt\/wp-content\/uploads\/2024\/04\/Ekrano-nuotrauka-2025-05-05-155627-480x111.png 480w, https:\/\/birdie.lt\/wp-content\/uploads\/2024\/04\/Ekrano-nuotrauka-2025-05-05-155627-768x178.png 768w, https:\/\/birdie.lt\/wp-content\/uploads\/2024\/04\/Ekrano-nuotrauka-2025-05-05-155627-1536x356.png 1536w, https:\/\/birdie.lt\/wp-content\/uploads\/2024\/04\/Ekrano-nuotrauka-2025-05-05-155627.png 1767w\" sizes=\"(max-width: 1024px) 100vw, 1024px\">\t\t\t\t\t\t\t\t\t\t\t\t\t\t\t<\/div>\n\t\t\t\t<\/div>\n\t\t\t\t<\/div>\n\t\t<div class=\"elementor-element elementor-element-d7d79c0 e-con-full e-flex e-con e-parent\" data-id=\"d7d79c0\" data-element_type=\"container\" data-e-type=\"container\">\n\t\t\t\t<div class=\"elementor-element elementor-element-9f577dd elementor-arrows-position-inside elementor-widget elementor-widget-image-carousel\" data-id=\"9f577dd\" data-element_type=\"widget\" data-e-type=\"widget\" data-settings=\"{&quot;navigation&quot;:&quot;arrows&quot;,&quot;autoplay&quot;:&quot;yes&quot;,&quot;pause_on_hover&quot;:&quot;yes&quot;,&quot;pause_on_interaction&quot;:&quot;yes&quot;,&quot;autoplay_speed&quot;:5000,&quot;infinite&quot;:&quot;yes&quot;,&quot;speed&quot;:500}\" data-widget_type=\"image-carousel.default\">\n\t\t\t\t<div class=\"elementor-widget-container\">\n\t\t\t\t\t\t\t<div class=\"elementor-image-carousel-wrapper swiper\" role=\"region\" aria-roledescription=\"carousel\" aria-label=\"Image Carousel\" dir=\"ltr\">\n\t\t\t<div class=\"elementor-image-carousel swiper-wrapper swiper-image-stretch\" aria-live=\"off\">\n\t\t\t\t\t\t\t\t<div class=\"swiper-slide\" role=\"group\" aria-roledescription=\"slide\" aria-label=\"1 of 3\"><figure class=\"swiper-slide-inner\"><img decoding=\"async\" class=\"swiper-slide-image\" src=\"https:\/\/birdie.lt\/wp-content\/uploads\/2024\/04\/LTDx-PDP-Iron-ImgGallery-854x743px-1-min.jpg\" alt=\"Cobra-LTDx-silver-iron-set\" \/><\/figure><\/div><div class=\"swiper-slide\" role=\"group\" aria-roledescription=\"slide\" aria-label=\"2 of 3\"><figure class=\"swiper-slide-inner\"><img decoding=\"async\" class=\"swiper-slide-image\" src=\"https:\/\/birdie.lt\/wp-content\/uploads\/2024\/04\/LTDx-PDP-Iron-ImgGallery-854x743px-2-min.jpg\" alt=\"Cobra-LTDx-silver-iron-set\" \/><\/figure><\/div><div class=\"swiper-slide\" role=\"group\" aria-roledescription=\"slide\" aria-label=\"3 of 3\"><figure class=\"swiper-slide-inner\"><img decoding=\"async\" class=\"swiper-slide-image\" src=\"https:\/\/birdie.lt\/wp-content\/uploads\/2024\/04\/LTDx-PDP-Iron-ImgGallery-854x743px-3-min.jpg\" alt=\"Cobra-LTDx-silver-iron-set\" \/><\/figure><\/div>\t\t\t<\/div>\n\t\t\t\t\t\t\t\t\t\t\t\t<div class=\"elementor-swiper-button elementor-swiper-button-prev\" role=\"button\" tabindex=\"0\">\n\t\t\t\t\t\t<svg aria-hidden=\"true\" class=\"e-font-icon-svg e-eicon-chevron-left\" viewBox=\"0 0 1000 1000\" xmlns=\"http:\/\/www.w3.org\/2000\/svg\"><path d=\"M646 125C629 125 613 133 604 142L308 442C296 454 292 471 292 487 292 504 296 521 308 533L604 854C617 867 629 875 646 875 663 875 679 871 692 858 704 846 713 829 713 812 713 796 708 779 692 767L438 487 692 225C700 217 708 204 708 187 708 171 704 154 692 142 675 129 663 125 646 125Z\"><\/path><\/svg>\t\t\t\t\t<\/div>\n\t\t\t\t\t<div class=\"elementor-swiper-button elementor-swiper-button-next\" role=\"button\" tabindex=\"0\">\n\t\t\t\t\t\t<svg aria-hidden=\"true\" class=\"e-font-icon-svg e-eicon-chevron-right\" viewBox=\"0 0 1000 1000\" xmlns=\"http:\/\/www.w3.org\/2000\/svg\"><path d=\"M696 533C708 521 713 504 713 487 713 471 708 454 696 446L400 146C388 133 375 125 354 125 338 125 325 129 313 142 300 154 292 171 292 187 292 204 296 221 308 233L563 492 304 771C292 783 288 800 288 817 288 833 296 850 308 863 321 871 338 875 354 875 371 875 388 867 400 854L696 533Z\"><\/path><\/svg>\t\t\t\t\t<\/div>\n\t\t\t\t\n\t\t\t\t\t\t\t\t\t<\/div>\n\t\t\t\t\t\t<\/div>\n\t\t\t\t<\/div>\n\t\t\t\t<\/div>\n\t\t\t\t<\/div>\n\t\t","protected":false},"excerpt":{"rendered":"<p style=\"text-align: center;\"><strong>Cobra LTDx<\/strong> <strong>Silver<\/strong> iron&#8217;ai turi \u012fdubusi\u0105 nugaros konstrukcij\u0105 su \u201e<strong>PWR-COR\u201c<\/strong> technologija. <strong><em>Cobra Golf<\/em> <\/strong>sunk\u0173 \u201eplaukiojant\u012f<strong>\u201c<\/strong> plienin\u012f svor\u012f patalpino toli \u017eemyn, link pado ir i\u0161kart u\u017e priekin\u0117s galvos pavir\u0161iaus dalies.\u00a0 Nugar\u0117l\u0117je \u012frengta trimat\u0117 plok\u0161tel\u0117, kuri <strong>efektyviai<\/strong> <strong>slopina vibracijas<\/strong>. <strong>Cobra LTDX Silver Iron Rinkinys &#8211; tai ko ie\u0161kote!<\/strong><\/p>\n","protected":false},"featured_media":4167,"template":"","meta":[],"product_brand":[313],"product_cat":[55,65,67],"product_tag":[314,352,210],"class_list":{"0":"post-4165","1":"product","2":"type-product","3":"status-publish","4":"has-post-thumbnail","6":"product_brand-cobra-golf","7":"product_cat-golfo-lazdos","8":"product_cat-iron-lazdos","9":"product_cat-vyriskos-iron-lazdos","10":"product_tag-cobra","11":"product_tag-irons","12":"product_tag-vyrams","13":"pa_shaftas-plieninis","14":"pa_tipas-desiniarankiams","16":"first","17":"outofstock","18":"taxable","19":"shipping-taxable","20":"product-type-variable"},"_links":{"self":[{"href":"https:\/\/birdie.lt\/en\/wp-json\/wp\/v2\/product\/4165","targetHints":{"allow":["GET"]}}],"collection":[{"href":"https:\/\/birdie.lt\/en\/wp-json\/wp\/v2\/product"}],"about":[{"href":"https:\/\/birdie.lt\/en\/wp-json\/wp\/v2\/types\/product"}],"version-history":[{"count":1,"href":"https:\/\/birdie.lt\/en\/wp-json\/wp\/v2\/product\/4165\/revisions"}],"predecessor-version":[{"id":16621,"href":"https:\/\/birdie.lt\/en\/wp-json\/wp\/v2\/product\/4165\/revisions\/16621"}],"wp:featuredmedia":[{"embeddable":true,"href":"https:\/\/birdie.lt\/en\/wp-json\/wp\/v2\/media\/4167"}],"wp:attachment":[{"href":"https:\/\/birdie.lt\/en\/wp-json\/wp\/v2\/media?parent=4165"}],"wp:term":[{"taxonomy":"product_brand","embeddable":true,"href":"https:\/\/birdie.lt\/en\/wp-json\/wp\/v2\/product_brand?post=4165"},{"taxonomy":"product_cat","embeddable":true,"href":"https:\/\/birdie.lt\/en\/wp-json\/wp\/v2\/product_cat?post=4165"},{"taxonomy":"product_tag","embeddable":true,"href":"https:\/\/birdie.lt\/en\/wp-json\/wp\/v2\/product_tag?post=4165"}],"curies":[{"name":"wp","href":"https:\/\/api.w.org\/{rel}","templated":true}]}}