{"id":4090,"date":"2024-04-20T15:58:50","date_gmt":"2024-04-20T12:58:50","guid":{"rendered":"https:\/\/birdie.lt\/?post_type=product&#038;p=4090"},"modified":"2026-04-13T18:11:08","modified_gmt":"2026-04-13T15:11:08","slug":"xxio-prime-hybrid-moterims","status":"publish","type":"product","link":"https:\/\/birdie.lt\/en\/xxio-prime-hybrid-moterims\/","title":{"rendered":"XXIO Prime Hybrid Moterims Royal Edition"},"content":{"rendered":"<h2>Golfo lazdos privalumai:<\/h2>\n<ul>\n<li><strong>TAUR\u0116S FORMOS PLOK\u0160\u010cIAS PAVIR\u0160IUS<\/strong><\/li>\n<\/ul>\n<p>Naujoji &#8220;Flat Cup Face&#8221; dalis i\u0161ple\u010dia kiekvienos lazdos pavir\u0161iaus auk\u0161t\u0105 COR srit\u012f, tod\u0117l padid\u0117ja kamuoliuko greitis ir atstumas.<\/p>\n<ul>\n<li><strong>I\u0160GAUBTAS PAVIR\u0160IAUS DIZAINAS<\/strong><\/li>\n<\/ul>\n<p>\u0160is naujas driver&#8217;i\u0173, fairway Wood&#8217;\u0173 ir hybrid&#8217;\u0173 modeli\u0173 lazdos galvos pavir\u0161iaus i\u0161lenkimas yra \u0161iek tiek u\u017edaras ties galvos galu ir atviras ties lazdos galvos priekiu. D\u0117l to atsirandantis krumpliara\u010dio efektas padeda i\u0161gauti pageidaujam\u0105 sm\u016bgio i\u0161 de\u0161in\u0117s \u012f kair\u0119 form\u0105 &#8211; net jei sm\u016bgio metu lazdos galva yra atvira.<\/p>\n<ul>\n<li><strong>&#8220;WEIGHT PLUS&#8221; TEHNOLOGIJA<\/strong><\/li>\n<\/ul>\n<p>&#8220;Weight Plus&#8221; &#8211; tai atsvaros technologija, pagal kuri\u0105 kiekvieno shaft&#8217;o gale, esan\u010diame u\u017e j\u016bs\u0173 rank\u0173, kai laikote lazd\u0105, \u012ftaisomi svoriai. \u0160is rankenos svoris padeda stumti lazdos galv\u0105 auk\u0161tyn per gr\u012f\u017etam\u0105j\u012f swing&#8217;\u0105, kad swing&#8217;o vir\u0161\u016bn\u0117 b\u016bt\u0173 nuoseklesn\u0117. O kai pradedate sm\u016bg\u012f \u017eemyn, svoris atstato j\u016bs\u0173 rankas \u012f reikiam\u0105 pad\u0117t\u012f, tod\u0117l rankos lieka ar\u010diau k\u016bno, kad sm\u016bgio metu sm\u016bgiuotum\u0117te tiesiau.<\/p>\n<ul>\n<li><strong>&#8220;CANNON SOLE&#8221; PADAS<\/strong><\/li>\n<\/ul>\n<p>&#8220;Cannon Sole&#8221; padas XXIO Prime Fairway Wood&#8217;uose ir hybrid&#8217;uose pagerina kamuoliuko paleidim\u0105 ir jo greit\u012f. Unikalus dinaminis ir\u00a0 &#8220;pl\u016bduriuojantis&#8221; pado svoris leid\u017eia pasiekti didesn\u012f &#8220;Cup Face&#8221; bei lankstesn\u012f pad\u0105. Rezultatas &#8211; didesnis atstumas, ypa\u010d mu\u0161ant sm\u016bgius nuo \u017eem\u0117s.<\/p>\n<ul>\n<li><strong>LENGVA KONSTRUKCIJA<\/strong><\/li>\n<\/ul>\n<p>Naujasis &#8220;XXIO Prime SP-1100K Royal Edition&#8221; shaft&#8217;as su TORAYCA T1100G anglies pluo\u0161tu ir NANOALLOY derva yra itin lengvas, tod\u0117l padeda pasiekti didesn\u012f sm\u016bgio greit\u012f ir atstum\u0105, o jo profilis yra lygus ir lengvai valdomas. D\u0117l mink\u0161tesn\u0117s vir\u0161\u016btin\u0117s dalies, taip pat lengviau u\u017edaryti lazdos galv\u0105 ir pataikyti kamuoliuk\u0105 tiesiai.<\/p>\n<h3>Technin\u0117 informacija:<\/h3>\n<p>Lankstumas: Ladies<br \/>\nShaft&#8217;as: XXIO Prime SP-1100K Royal Edition<\/p>\n","protected":false},"excerpt":{"rendered":"<p>XXIO Prime hybrid moterims lazda &#8211; sukurta <strong>patyrusioms golfo \u017eaid\u0117joms<\/strong>, kuri\u0173 swing&#8217;o greitis yra vidutinis. \u0160ios lazdos <strong>pasi\u017eymi atlaidumu ir neprilygstamu grei\u010diu.<\/strong>\u00a0D\u0117mesys detal\u0117ms.<strong> Vienos gra\u017eiausi\u0173 lazd\u0173 rinkoje!<\/strong><\/p>\n","protected":false},"featured_media":4091,"template":"","meta":[],"product_brand":[315],"product_cat":[55,62,63],"product_tag":[226,224,316],"class_list":{"0":"post-4090","1":"product","2":"type-product","3":"status-publish","4":"has-post-thumbnail","6":"product_brand-xxio","7":"product_cat-golfo-lazdos","8":"product_cat-hybrid-lazdos","9":"product_cat-moteriskos-hybrid-lazdos","10":"product_tag-hybrid","11":"product_tag-moterims","12":"product_tag-xxio","13":"pa_tipas-desiniarankems","15":"first","16":"outofstock","17":"taxable","18":"shipping-taxable","19":"product-type-variable"},"_links":{"self":[{"href":"https:\/\/birdie.lt\/en\/wp-json\/wp\/v2\/product\/4090","targetHints":{"allow":["GET"]}}],"collection":[{"href":"https:\/\/birdie.lt\/en\/wp-json\/wp\/v2\/product"}],"about":[{"href":"https:\/\/birdie.lt\/en\/wp-json\/wp\/v2\/types\/product"}],"version-history":[{"count":1,"href":"https:\/\/birdie.lt\/en\/wp-json\/wp\/v2\/product\/4090\/revisions"}],"predecessor-version":[{"id":16628,"href":"https:\/\/birdie.lt\/en\/wp-json\/wp\/v2\/product\/4090\/revisions\/16628"}],"wp:featuredmedia":[{"embeddable":true,"href":"https:\/\/birdie.lt\/en\/wp-json\/wp\/v2\/media\/4091"}],"wp:attachment":[{"href":"https:\/\/birdie.lt\/en\/wp-json\/wp\/v2\/media?parent=4090"}],"wp:term":[{"taxonomy":"product_brand","embeddable":true,"href":"https:\/\/birdie.lt\/en\/wp-json\/wp\/v2\/product_brand?post=4090"},{"taxonomy":"product_cat","embeddable":true,"href":"https:\/\/birdie.lt\/en\/wp-json\/wp\/v2\/product_cat?post=4090"},{"taxonomy":"product_tag","embeddable":true,"href":"https:\/\/birdie.lt\/en\/wp-json\/wp\/v2\/product_tag?post=4090"}],"curies":[{"name":"wp","href":"https:\/\/api.w.org\/{rel}","templated":true}]}}