{"id":4072,"date":"2024-04-20T15:09:42","date_gmt":"2024-04-20T12:09:42","guid":{"rendered":"https:\/\/birdie.lt\/?post_type=product&#038;p=4072"},"modified":"2026-04-13T18:11:22","modified_gmt":"2026-04-13T15:11:22","slug":"xxio-x-hybrid-2022","status":"publish","type":"product","link":"https:\/\/birdie.lt\/en\/xxio-x-hybrid-2022\/","title":{"rendered":"XXIO X Hybrid 2022"},"content":{"rendered":"<h2>Golfo lazdos privalumai:<\/h2>\n<ul>\n<li><strong>\u201eActivWing\u201d TECHNOLOGIJA<\/strong><\/li>\n<\/ul>\n<p>ORO SRAUTO PANAUDOJIMAS GERESNIAM KONTAKTUI. Valdant oro sraut\u0105, kaip l\u0117ktuvo sparnai, &#8220;ActivWing&#8221; pagerina aerodinamik\u0105 sm\u016bgio \u017eemyn metu, kad stabilizuot\u0173 lazdos galv\u0105 ir sutvirtint\u0173 sm\u016bg\u012f. Oro srautas generuoja pakilim\u0105, nukreipdamas lazd\u0105 \u012f optimal\u0173 sm\u016bgio kamp\u0105, siekiant maksimalaus grei\u010dio ir atstumo.<\/p>\n<ul>\n<li><strong>\u201eREBOUND FRAME\u201d TECHNOLOGIJA<\/strong><\/li>\n<\/ul>\n<p>&#8220;Rebound Frame&#8221; technologija suteikia daugiau grei\u010dio ir atstumo tolimiems sm\u016bgiams. XXIO X Driver&#8217;iai, Fairway Wood&#8217;ai ir Hybrid&#8217;ai viduje turi keturias pakaitomis i\u0161d\u0117stytas stand\u017eias ir lanks\u010dias zon\u0173, d\u0117l kuri\u0173 yra pagerinamas bendras COR sm\u016bgio metu. Kaip spyruokl\u0117 spyruokl\u0117je,\u00a0 lankstumo zonos perduoda energij\u0105 golfo kamuoliukui daug efektyviau nei standartin\u0117s konstrukcijos.<\/p>\n<ul>\n<li><strong>PAJUSKITE SKIRTUM\u0104<\/strong><\/li>\n<\/ul>\n<p>XXIO lengvumas &#8211; greitesniems swing&#8217;ams. Padidina greit\u012f ir atstum\u0105 vidutinio ir \u017eemo handicap&#8217;o golfo \u017eaid\u0117jams.\u00a0 Su naujosiomis XXIO X golfo lazdomis b\u016bkite sm\u016bgiuokite lengviau ir pasiekite didesn\u012f atstum\u0105.<\/p>\n<h3>Technin\u0117 informacija:<\/h3>\n<p>Lankstumas: \u012fprastas<\/p>\n","protected":false},"excerpt":{"rendered":"<div class=\"woocommerce-product-details__short-description\">\n<div class=\"short-description\">\n<p>XXIO X Fairway Hybrid 2022 lazda \u2013 ne tik lengva kaip oras \u2013 lazda j\u012f i\u0161naudoja! D\u0117l patobulintos aerodinamikos oro srautai kei\u010diasi pagal j\u016bs\u0173 vali\u0105, o tai padeda jums pasiekti lengv\u0105 greit\u012f ir tyresnius sm\u016bgius. Tai \u012fmanoma tik su XXIO.<\/p>\n<\/div>\n<\/div>\n","protected":false},"featured_media":4073,"template":"","meta":[],"product_brand":[315],"product_cat":[55,62,64],"product_tag":[226,210,316],"class_list":{"0":"post-4072","1":"product","2":"type-product","3":"status-publish","4":"has-post-thumbnail","6":"product_brand-xxio","7":"product_cat-golfo-lazdos","8":"product_cat-hybrid-lazdos","9":"product_cat-vyriskos-hybrid-lazdos","10":"product_tag-hybrid","11":"product_tag-vyrams","12":"product_tag-xxio","13":"pa_tipas-desiniarankiams","15":"first","16":"outofstock","17":"taxable","18":"shipping-taxable","19":"product-type-variable"},"_links":{"self":[{"href":"https:\/\/birdie.lt\/en\/wp-json\/wp\/v2\/product\/4072","targetHints":{"allow":["GET"]}}],"collection":[{"href":"https:\/\/birdie.lt\/en\/wp-json\/wp\/v2\/product"}],"about":[{"href":"https:\/\/birdie.lt\/en\/wp-json\/wp\/v2\/types\/product"}],"version-history":[{"count":1,"href":"https:\/\/birdie.lt\/en\/wp-json\/wp\/v2\/product\/4072\/revisions"}],"predecessor-version":[{"id":16630,"href":"https:\/\/birdie.lt\/en\/wp-json\/wp\/v2\/product\/4072\/revisions\/16630"}],"wp:featuredmedia":[{"embeddable":true,"href":"https:\/\/birdie.lt\/en\/wp-json\/wp\/v2\/media\/4073"}],"wp:attachment":[{"href":"https:\/\/birdie.lt\/en\/wp-json\/wp\/v2\/media?parent=4072"}],"wp:term":[{"taxonomy":"product_brand","embeddable":true,"href":"https:\/\/birdie.lt\/en\/wp-json\/wp\/v2\/product_brand?post=4072"},{"taxonomy":"product_cat","embeddable":true,"href":"https:\/\/birdie.lt\/en\/wp-json\/wp\/v2\/product_cat?post=4072"},{"taxonomy":"product_tag","embeddable":true,"href":"https:\/\/birdie.lt\/en\/wp-json\/wp\/v2\/product_tag?post=4072"}],"curies":[{"name":"wp","href":"https:\/\/api.w.org\/{rel}","templated":true}]}}