{"id":4053,"date":"2024-04-20T14:30:19","date_gmt":"2024-04-20T11:30:19","guid":{"rendered":"https:\/\/birdie.lt\/?post_type=product&#038;p=4053"},"modified":"2026-04-13T18:11:45","modified_gmt":"2026-04-13T15:11:45","slug":"xxio-11-hybrid-moterims","status":"publish","type":"product","link":"https:\/\/birdie.lt\/en\/xxio-11-hybrid-moterims\/","title":{"rendered":"XXIO 11 Hybrid Moterims"},"content":{"rendered":"<h2>Golfo lazdos privalumai:<\/h2>\n<ul>\n<li><strong>TIKSLUMAS<\/strong><\/li>\n<\/ul>\n<p>XXIO 11 hybrid&#8217;as pasi\u017eymi d\u0117l savo didelio tikslumo, leid\u017eian\u010dio tiksliai sm\u016bgiuoti kamuoliuk\u0105.<\/p>\n<ul>\n<li><strong>UNIKALUS DIZAINAS<\/strong><\/li>\n<\/ul>\n<p>Lazda turi modern\u0173 dizain\u0105 ir patraukli\u0105 i\u0161vaizd\u0105, kuri patrauks d\u0117mes\u012f golfo aik\u0161tyne!<\/p>\n<ul>\n<li><strong>AUK\u0160TOS KOKYB\u0116S MED\u017dIAGOS<\/strong><\/li>\n<\/ul>\n<p>Pagaminta i\u0161 auk\u0161tos kokyb\u0117s med\u017eiag\u0173, u\u017etikrinan\u010di\u0173 patikimum\u0105 ir ilgaam\u017ei\u0161kum\u0105.<\/p>\n<h3>Technin\u0117 informacija:<\/h3>\n<p>Lankstumas: Ladies<\/p>\n","protected":false},"excerpt":{"rendered":"<div class=\"woocommerce-product-details__short-description\">\n<div class=\"short-description\">\n<p>XXIO 11 Hybrid Moterims \u2013 tai puikus pasirinkimas kiekvienam golfo entuziastei, siekian\u010diai pagerinti savo \u017eaidimo rezultatus! \u0160i lazda gaminama i\u0161 auk\u0161tos kokyb\u0117s med\u017eiag\u0173, tod\u0117l ji yra patvari, patogi ir efektyvi \u017eaidimo aik\u0161tel\u0117je. Jos ergonomi\u0161kas dizainas leid\u017eia lengvai ir patogiai kontroliuoti lazdos judesius, o specialus dizainas padeda didinti kamuolio skryd\u017eio ilg\u012f ir tikslum\u0105. \u012esigij\u0119 XXIO 11 Hybrid, j\u016bs gausite ne tik puiki\u0105 golfo lazdos kokyb\u0119, bet ir galimyb\u0119 patobulinti savo \u017eaidimo \u012fg\u016bd\u017eius ir pasiekti auk\u0161\u010diausius rezultatus \u017eaidime. Suteikite sau konkurencin\u012f prana\u0161um\u0105 aik\u0161tyne su XXIO 11 Hybrid lazda!<\/p>\n<\/div>\n<\/div>\n<form class=\"variations_form cart pressmart-swatches-wrap\" action=\"https:\/\/birdie.lt\/produktas\/xxio-11-fairway-wood\/\" enctype=\"multipart\/form-data\" method=\"post\" data-product_id=\"3930\" data-product_variations=\"[{&quot;attributes&quot;:{&quot;attribute_pa_pasirinkite-tipa&quot;:&quot;desiniarankiams&quot;,&quot;attribute_pasirinkite-lazda&quot;:&quot;16,5\\u00b0&quot;},&quot;availability_html&quot;:&quot;&quot;,&quot;backorders_allowed&quot;:false,&quot;dimensions&quot;:{&quot;length&quot;:&quot;&quot;,&quot;width&quot;:&quot;&quot;,&quot;height&quot;:&quot;&quot;},&quot;dimensions_html&quot;:&quot;N\\\/A&quot;,&quot;display_price&quot;:189.9,&quot;display_regular_price&quot;:189.9,&quot;image&quot;:{&quot;title&quot;:&quot;XXIO11-FAIRWAY-2&quot;,&quot;caption&quot;:&quot;&quot;,&quot;url&quot;:&quot;https:\\\/\\\/birdie.lt\\\/wp-content\\\/uploads\\\/2024\\\/04\\\/XXIO11-FAIRWAY-2.png&quot;,&quot;alt&quot;:&quot;XXIO11-FAIRWAY-2&quot;,&quot;src&quot;:&quot;https:\\\/\\\/birdie.lt\\\/wp-content\\\/uploads\\\/2024\\\/04\\\/XXIO11-FAIRWAY-2-300x300.png&quot;,&quot;srcset&quot;:&quot;https:\\\/\\\/birdie.lt\\\/wp-content\\\/uploads\\\/2024\\\/04\\\/XXIO11-FAIRWAY-2-300x300.png 300w, https:\\\/\\\/birdie.lt\\\/wp-content\\\/uploads\\\/2024\\\/04\\\/XXIO11-FAIRWAY-2-360x360.png 360w, https:\\\/\\\/birdie.lt\\\/wp-content\\\/uploads\\\/2024\\\/04\\\/XXIO11-FAIRWAY-2-150x150.png 150w, https:\\\/\\\/birdie.lt\\\/wp-content\\\/uploads\\\/2024\\\/04\\\/XXIO11-FAIRWAY-2-400x400.png 400w, https:\\\/\\\/birdie.lt\\\/wp-content\\\/uploads\\\/2024\\\/04\\\/XXIO11-FAIRWAY-2.png 500w&quot;,&quot;sizes&quot;:&quot;(max-width: 300px) 100vw, 300px&quot;,&quot;full_src&quot;:&quot;https:\\\/\\\/birdie.lt\\\/wp-content\\\/uploads\\\/2024\\\/04\\\/XXIO11-FAIRWAY-2.png&quot;,&quot;full_src_w&quot;:500,&quot;full_src_h&quot;:500,&quot;gallery_thumbnail_src&quot;:&quot;https:\\\/\\\/birdie.lt\\\/wp-content\\\/uploads\\\/2024\\\/04\\\/XXIO11-FAIRWAY-2-150x150.png&quot;,&quot;gallery_thumbnail_src_w&quot;:150,&quot;gallery_thumbnail_src_h&quot;:150,&quot;thumb_src&quot;:&quot;https:\\\/\\\/birdie.lt\\\/wp-content\\\/uploads\\\/2024\\\/04\\\/XXIO11-FAIRWAY-2-400x400.png&quot;,&quot;thumb_src_w&quot;:400,&quot;thumb_src_h&quot;:400,&quot;src_w&quot;:300,&quot;src_h&quot;:300},&quot;image_id&quot;:3933,&quot;is_downloadable&quot;:false,&quot;is_in_stock&quot;:true,&quot;is_purchasable&quot;:true,&quot;is_sold_individually&quot;:&quot;no&quot;,&quot;is_virtual&quot;:false,&quot;max_qty&quot;:&quot;&quot;,&quot;min_qty&quot;:1,&quot;price_html&quot;:&quot;&quot;,&quot;sku&quot;:&quot;121127&quot;,&quot;variation_description&quot;:&quot;&quot;,&quot;variation_id&quot;:3934,&quot;variation_is_active&quot;:true,&quot;variation_is_visible&quot;:true,&quot;weight&quot;:&quot;&quot;,&quot;weight_html&quot;:&quot;N\\\/A&quot;}]\"><\/form>\n","protected":false},"featured_media":4054,"template":"","meta":[],"product_brand":[315],"product_cat":[55,62,63],"product_tag":[226,224,316],"class_list":{"0":"post-4053","1":"product","2":"type-product","3":"status-publish","4":"has-post-thumbnail","6":"product_brand-xxio","7":"product_cat-golfo-lazdos","8":"product_cat-hybrid-lazdos","9":"product_cat-moteriskos-hybrid-lazdos","10":"product_tag-hybrid","11":"product_tag-moterims","12":"product_tag-xxio","13":"pa_tipas-desiniarankems","15":"first","16":"outofstock","17":"taxable","18":"shipping-taxable","19":"product-type-variable"},"_links":{"self":[{"href":"https:\/\/birdie.lt\/en\/wp-json\/wp\/v2\/product\/4053","targetHints":{"allow":["GET"]}}],"collection":[{"href":"https:\/\/birdie.lt\/en\/wp-json\/wp\/v2\/product"}],"about":[{"href":"https:\/\/birdie.lt\/en\/wp-json\/wp\/v2\/types\/product"}],"version-history":[{"count":1,"href":"https:\/\/birdie.lt\/en\/wp-json\/wp\/v2\/product\/4053\/revisions"}],"predecessor-version":[{"id":16632,"href":"https:\/\/birdie.lt\/en\/wp-json\/wp\/v2\/product\/4053\/revisions\/16632"}],"wp:featuredmedia":[{"embeddable":true,"href":"https:\/\/birdie.lt\/en\/wp-json\/wp\/v2\/media\/4054"}],"wp:attachment":[{"href":"https:\/\/birdie.lt\/en\/wp-json\/wp\/v2\/media?parent=4053"}],"wp:term":[{"taxonomy":"product_brand","embeddable":true,"href":"https:\/\/birdie.lt\/en\/wp-json\/wp\/v2\/product_brand?post=4053"},{"taxonomy":"product_cat","embeddable":true,"href":"https:\/\/birdie.lt\/en\/wp-json\/wp\/v2\/product_cat?post=4053"},{"taxonomy":"product_tag","embeddable":true,"href":"https:\/\/birdie.lt\/en\/wp-json\/wp\/v2\/product_tag?post=4053"}],"curies":[{"name":"wp","href":"https:\/\/api.w.org\/{rel}","templated":true}]}}