{"id":4026,"date":"2024-04-20T13:48:01","date_gmt":"2024-04-20T10:48:01","guid":{"rendered":"https:\/\/birdie.lt\/?post_type=product&#038;p=4026"},"modified":"2026-04-13T18:12:00","modified_gmt":"2026-04-13T15:12:00","slug":"cleveland-halo-xl-fairway-wood","status":"publish","type":"product","link":"https:\/\/birdie.lt\/en\/cleveland-halo-xl-fairway-wood\/","title":{"rendered":"Cleveland Halo XL Fairway Wood"},"content":{"rendered":"\t\t<div data-elementor-type=\"wp-post\" data-elementor-id=\"4026\" class=\"elementor elementor-4026\">\n\t\t\t\t<div class=\"elementor-element elementor-element-5cda2c3 e-con-full e-flex e-con e-parent\" data-id=\"5cda2c3\" data-element_type=\"container\" data-e-type=\"container\">\n\t\t<div class=\"elementor-element elementor-element-0ec816c e-con-full e-flex e-con e-child\" data-id=\"0ec816c\" data-element_type=\"container\" data-e-type=\"container\">\n\t\t\t\t<div class=\"elementor-element elementor-element-786adb8 elementor-widget elementor-widget-text-editor\" data-id=\"786adb8\" data-element_type=\"widget\" data-e-type=\"widget\" data-widget_type=\"text-editor.default\">\n\t\t\t\t<div class=\"elementor-widget-container\">\n\t\t\t\t\t\t\t\t\t<h3 style=\"text-align: center;\"><strong>\u201eGLIDERAIL\u201c TECHNOLOGIJA<\/strong><\/h3><p style=\"text-align: center;\">Didel\u0117s, i\u0161ilgai kiekvieno &#8220;HALO XL Fairway Wood&#8221; pado esan\u010dios k\u016bgin\u0117s juostos u\u017etikrina <strong>optimal\u0173<\/strong> kamuoliuko pataikym\u0105 ir \u0161vari\u0105 s\u0105veik\u0105 su \u017eole. Kiekvienas b\u0117gelis sukurtas taip, kad \u0161velniai slyst\u0173 tiesiai per \u017eol\u0119, tod\u0117l galite i\u0161laikyti lazdos galvos greit\u012f ir sm\u016bgio metu i\u0161laikyti ties\u0173 pavir\u0161i\u0173. Be to, \u0161ios lazdos ypa\u010d naudingos sm\u016bgiuojant ant nelygaus ar bet kokio kito sud\u0117tingo pavir\u0161iaus.<\/p><h3 style=\"text-align: center;\"><strong>ACTION MASS CB<\/strong><\/h3><p style=\"text-align: center;\">Papildomas <strong>8g<\/strong>. svoris, esantis rankenos gale <strong>suteikia<\/strong> lengvumo <strong>poj\u016bt\u012f<\/strong>. Papildomas svoris <strong>i\u0161laiko<\/strong> <strong>balans\u0105<\/strong>, o tai rei\u0161kia <strong>stabilesn\u012f<\/strong> ir labiau <strong>kontroliuojam\u0105<\/strong> backswing\u2019\u0105, kuris <strong>u\u017etikrina<\/strong> vidin\u0119 swing\u2019o trajektorij\u0105 bei <strong>tiesesnius<\/strong> <strong>sm\u016bgius<\/strong>.<\/p>\t\t\t\t\t\t\t\t<\/div>\n\t\t\t\t<\/div>\n\t\t\t\t<\/div>\n\t\t<div class=\"elementor-element elementor-element-a0b2c9e e-con-full e-flex e-con e-child\" data-id=\"a0b2c9e\" data-element_type=\"container\" data-e-type=\"container\">\n\t\t\t\t<div class=\"elementor-element elementor-element-50a22b5 elementor-widget elementor-widget-image\" data-id=\"50a22b5\" data-element_type=\"widget\" data-e-type=\"widget\" data-widget_type=\"image.default\">\n\t\t\t\t<div class=\"elementor-widget-container\">\n\t\t\t\t\t\t\t\t\t\t\t\t\t\t\t<img fetchpriority=\"high\" decoding=\"async\" width=\"835\" height=\"768\" src=\"https:\/\/birdie.lt\/wp-content\/uploads\/2024\/04\/tech_01-835x768.webp\" class=\"attachment-large size-large wp-image-13262\" alt=\"\" srcset=\"https:\/\/birdie.lt\/wp-content\/uploads\/2024\/04\/tech_01-835x768.webp 835w, https:\/\/birdie.lt\/wp-content\/uploads\/2024\/04\/tech_01-150x138.webp 150w, https:\/\/birdie.lt\/wp-content\/uploads\/2024\/04\/tech_01-800x736.webp 800w, https:\/\/birdie.lt\/wp-content\/uploads\/2024\/04\/tech_01-391x360.webp 391w, https:\/\/birdie.lt\/wp-content\/uploads\/2024\/04\/tech_01-768x707.webp 768w, https:\/\/birdie.lt\/wp-content\/uploads\/2024\/04\/tech_01.webp 1140w\" sizes=\"(max-width: 835px) 100vw, 835px\">\t\t\t\t\t\t\t\t\t\t\t\t\t\t\t<\/div>\n\t\t\t\t<\/div>\n\t\t\t\t<\/div>\n\t\t\t\t<\/div>\n\t\t<div class=\"elementor-element elementor-element-fefbaff e-con-full e-flex e-con e-parent\" data-id=\"fefbaff\" data-element_type=\"container\" data-e-type=\"container\">\n\t\t<div class=\"elementor-element elementor-element-a3c2206 e-con-full e-flex e-con e-child\" data-id=\"a3c2206\" data-element_type=\"container\" data-e-type=\"container\">\n\t\t\t\t<div class=\"elementor-element elementor-element-36cc086 elementor-widget elementor-widget-image\" data-id=\"36cc086\" data-element_type=\"widget\" data-e-type=\"widget\" data-widget_type=\"image.default\">\n\t\t\t\t<div class=\"elementor-widget-container\">\n\t\t\t\t\t\t\t\t\t\t\t\t\t\t\t<img decoding=\"async\" width=\"768\" height=\"768\" src=\"https:\/\/birdie.lt\/wp-content\/uploads\/2024\/04\/CG23-Clubs-woods-Fairway-768x768.jpg\" class=\"attachment-large size-large wp-image-13260\" alt=\"CG23-Clubs-woods-Fairway\" srcset=\"https:\/\/birdie.lt\/wp-content\/uploads\/2024\/04\/CG23-Clubs-woods-Fairway-768x768.jpg.webp 768w, https:\/\/birdie.lt\/wp-content\/uploads\/2024\/04\/CG23-Clubs-woods-Fairway-400x400.jpg.webp 400w, https:\/\/birdie.lt\/wp-content\/uploads\/2024\/04\/CG23-Clubs-woods-Fairway-150x150.jpg.webp 150w, https:\/\/birdie.lt\/wp-content\/uploads\/2024\/04\/CG23-Clubs-woods-Fairway-800x800.jpg.webp 800w, https:\/\/birdie.lt\/wp-content\/uploads\/2024\/04\/CG23-Clubs-woods-Fairway-360x360.jpg.webp 360w, https:\/\/birdie.lt\/wp-content\/uploads\/2024\/04\/CG23-Clubs-woods-Fairway.jpg.webp 1080w\" sizes=\"(max-width: 768px) 100vw, 768px\" \/>\t\t\t\t\t\t\t\t\t\t\t\t\t\t\t<\/div>\n\t\t\t\t<\/div>\n\t\t\t\t<\/div>\n\t\t<div class=\"elementor-element elementor-element-43bf9e3 e-con-full e-flex e-con e-child\" data-id=\"43bf9e3\" data-element_type=\"container\" data-e-type=\"container\">\n\t\t\t\t<div class=\"elementor-element elementor-element-e5cd1c9 elementor-widget elementor-widget-text-editor\" data-id=\"e5cd1c9\" data-element_type=\"widget\" data-e-type=\"widget\" data-widget_type=\"text-editor.default\">\n\t\t\t\t<div class=\"elementor-widget-container\">\n\t\t\t\t\t\t\t\t\t<h3 style=\"text-align: center;\"><strong>MAINFRAME XL<\/strong><\/h3><p style=\"text-align: center;\">Kiekviena <strong>HALO XL Fairway wood<\/strong> lazda d\u0117l &#8220;<strong><em>MainFrame XL<\/em><\/strong>&#8221; r\u0117mo u\u017etikrina <strong>maksimal\u0173<\/strong> <strong>atstum\u0105<\/strong> ir didesn\u012f <strong>atlaidum\u0105<\/strong>. &#8220;<strong><em>MainFrame XL<\/em><\/strong>&#8221; naudoja kintamo storio pavir\u0161iaus ra\u0161t\u0105, kuris i\u0161ple\u010dia ir pertvarko &#8220;<em><strong>sweet<\/strong> <strong>spot<\/strong><\/em>&#8220;, kad <strong>daugiau<\/strong> <strong>energijos<\/strong> b\u016bt\u0173 perduodama per <strong>vis\u0105<\/strong> pavir\u0161i\u0173.<\/p><h3 style=\"text-align: center;\"><strong>XL LAZDOS GALVOS DIZAINAS<\/strong><\/h3><p style=\"text-align: center;\"><strong>Patobultas<\/strong> <strong>XL<\/strong> galvos <strong>dizainas<\/strong>, kuriame <strong>perkelta<\/strong> daugiau <strong>mas\u0117s<\/strong> nuo <strong>lazdos centro<\/strong>. Taip padidinamas <strong><em>MOI<\/em><\/strong>, tod\u0117l <strong>kiekvienas sm\u016bgis<\/strong> yra <strong>\u0161velnesnis<\/strong> ir <strong>nuoseklesnis<\/strong>. Be to, \u0161iose Fairway wood lazdose yra <strong>\u012fdiegta<\/strong> &#8220;<strong><em>HiBore Crown Step<\/em><\/strong>&#8221; technologija, d\u0117l kurios <strong>svorio centras<\/strong> yra <strong>dar \u017eemiau<\/strong>, kad kamuoliukas skriet\u0173 <strong>toliau<\/strong> ir <strong>tiesiau<\/strong>. Taip pat gilesnis pavir\u0161ius sukuria <strong>didesn\u0119<\/strong>, <strong>atlaidesn\u0119<\/strong> <strong>sm\u016bgio<\/strong> <strong>zon\u0105<\/strong>.<\/p>\t\t\t\t\t\t\t\t<\/div>\n\t\t\t\t<\/div>\n\t\t\t\t<\/div>\n\t\t\t\t<\/div>\n\t\t<div class=\"elementor-element elementor-element-27b4355b e-con-full e-flex e-con e-parent\" data-id=\"27b4355b\" data-element_type=\"container\" data-e-type=\"container\">\n\t\t\t\t<div class=\"elementor-element elementor-element-affc426 elementor-widget elementor-widget-heading\" data-id=\"affc426\" data-element_type=\"widget\" data-e-type=\"widget\" data-widget_type=\"heading.default\">\n\t\t\t\t<div class=\"elementor-widget-container\">\n\t\t\t\t\t<h2 class=\"elementor-heading-title elementor-size-default\">Technin\u0117 informacija<\/h2>\t\t\t\t<\/div>\n\t\t\t\t<\/div>\n\t\t\t\t<\/div>\n\t\t<div class=\"elementor-element elementor-element-787a7c3 e-con-full e-flex e-con e-parent\" data-id=\"787a7c3\" data-element_type=\"container\" data-e-type=\"container\">\n\t\t<div class=\"elementor-element elementor-element-b00f76c e-con-full e-flex e-con e-child\" data-id=\"b00f76c\" data-element_type=\"container\" data-e-type=\"container\">\n\t\t\t\t<div class=\"elementor-element elementor-element-18f3b5a elementor-widget elementor-widget-text-editor\" data-id=\"18f3b5a\" data-element_type=\"widget\" data-e-type=\"widget\" data-widget_type=\"text-editor.default\">\n\t\t\t\t<div class=\"elementor-widget-container\">\n\t\t\t\t\t\t\t\t\t<h3>Shaft&#8217;as:<\/h3><p>MITSUBISHI TENSEI AV BLUE 55 &#8211; ( R &#8211; 58g., S &#8211; 59g.)<\/p>\t\t\t\t\t\t\t\t<\/div>\n\t\t\t\t<\/div>\n\t\t\t\t<div class=\"elementor-element elementor-element-2329989 elementor-widget elementor-widget-image\" data-id=\"2329989\" data-element_type=\"widget\" data-e-type=\"widget\" data-widget_type=\"image.default\">\n\t\t\t\t<div class=\"elementor-widget-container\">\n\t\t\t\t\t\t\t\t\t\t\t\t\t\t\t<img decoding=\"async\" width=\"1024\" height=\"92\" src=\"https:\/\/birdie.lt\/wp-content\/uploads\/2024\/04\/mitsubishi_tensei_av_raw_blue_65_hybrid-1024x92.webp\" class=\"attachment-large size-large wp-image-13264\" alt=\"mitsubishi_tensei_av_raw_blue_65_hybrid\" srcset=\"https:\/\/birdie.lt\/wp-content\/uploads\/2024\/04\/mitsubishi_tensei_av_raw_blue_65_hybrid-1024x92.webp 1024w, https:\/\/birdie.lt\/wp-content\/uploads\/2024\/04\/mitsubishi_tensei_av_raw_blue_65_hybrid-150x14.webp 150w, https:\/\/birdie.lt\/wp-content\/uploads\/2024\/04\/mitsubishi_tensei_av_raw_blue_65_hybrid-800x72.webp 800w, https:\/\/birdie.lt\/wp-content\/uploads\/2024\/04\/mitsubishi_tensei_av_raw_blue_65_hybrid-480x43.webp 480w, https:\/\/birdie.lt\/wp-content\/uploads\/2024\/04\/mitsubishi_tensei_av_raw_blue_65_hybrid-768x69.webp 768w, https:\/\/birdie.lt\/wp-content\/uploads\/2024\/04\/mitsubishi_tensei_av_raw_blue_65_hybrid.webp 1431w\" sizes=\"(max-width: 1024px) 100vw, 1024px\" \/>\t\t\t\t\t\t\t\t\t\t\t\t\t\t\t<\/div>\n\t\t\t\t<\/div>\n\t\t\t\t<\/div>\n\t\t<div class=\"elementor-element elementor-element-d7ec6a3 e-con-full e-flex e-con e-child\" data-id=\"d7ec6a3\" data-element_type=\"container\" data-e-type=\"container\">\n\t\t\t\t<div class=\"elementor-element elementor-element-2b717ef elementor-widget elementor-widget-text-editor\" data-id=\"2b717ef\" data-element_type=\"widget\" data-e-type=\"widget\" data-widget_type=\"text-editor.default\">\n\t\t\t\t<div class=\"elementor-widget-container\">\n\t\t\t\t\t\t\t\t\t<h3>Rankena:<\/h3><p>LAMKIN CROSSLINE 360 &#8211; (50g.)<\/p>\t\t\t\t\t\t\t\t<\/div>\n\t\t\t\t<\/div>\n\t\t\t\t<div class=\"elementor-element elementor-element-f66d9b4 elementor-widget elementor-widget-image\" data-id=\"f66d9b4\" data-element_type=\"widget\" data-e-type=\"widget\" data-widget_type=\"image.default\">\n\t\t\t\t<div class=\"elementor-widget-container\">\n\t\t\t\t\t\t\t\t\t\t\t\t\t\t\t<img loading=\"lazy\" decoding=\"async\" width=\"1024\" height=\"151\" src=\"https:\/\/birdie.lt\/wp-content\/uploads\/2024\/04\/lamkin_crossline_360-1024x151.webp\" class=\"attachment-large size-large wp-image-13266\" alt=\"lamkin_crossline_360\" srcset=\"https:\/\/birdie.lt\/wp-content\/uploads\/2024\/04\/lamkin_crossline_360-1024x151.webp 1024w, https:\/\/birdie.lt\/wp-content\/uploads\/2024\/04\/lamkin_crossline_360-150x22.webp 150w, https:\/\/birdie.lt\/wp-content\/uploads\/2024\/04\/lamkin_crossline_360-800x118.webp 800w, https:\/\/birdie.lt\/wp-content\/uploads\/2024\/04\/lamkin_crossline_360-480x71.webp 480w, https:\/\/birdie.lt\/wp-content\/uploads\/2024\/04\/lamkin_crossline_360-768x113.webp 768w, https:\/\/birdie.lt\/wp-content\/uploads\/2024\/04\/lamkin_crossline_360-1536x226.webp 1536w, https:\/\/birdie.lt\/wp-content\/uploads\/2024\/04\/lamkin_crossline_360.webp 1569w\" sizes=\"(max-width: 1024px) 100vw, 1024px\" \/>\t\t\t\t\t\t\t\t\t\t\t\t\t\t\t<\/div>\n\t\t\t\t<\/div>\n\t\t\t\t<\/div>\n\t\t\t\t<\/div>\n\t\t<div class=\"elementor-element elementor-element-c514150 e-con-full e-flex e-con e-parent\" data-id=\"c514150\" data-element_type=\"container\" data-e-type=\"container\" data-settings=\"{&quot;background_background&quot;:&quot;classic&quot;}\">\n\t\t\t\t<div class=\"elementor-element elementor-element-88eb46d elementor-widget elementor-widget-image\" data-id=\"88eb46d\" data-element_type=\"widget\" data-e-type=\"widget\" data-widget_type=\"image.default\">\n\t\t\t\t<div class=\"elementor-widget-container\">\n\t\t\t\t\t\t\t\t\t\t\t\t\t\t\t<img loading=\"lazy\" decoding=\"async\" width=\"1024\" height=\"268\" src=\"https:\/\/birdie.lt\/wp-content\/uploads\/2024\/04\/Ekrano-nuotrauka-2025-04-28-090453-1024x268.png\" class=\"attachment-large size-large wp-image-13268\" alt=\"\" srcset=\"https:\/\/birdie.lt\/wp-content\/uploads\/2024\/04\/Ekrano-nuotrauka-2025-04-28-090453-1024x268.png.webp 1024w, https:\/\/birdie.lt\/wp-content\/uploads\/2024\/04\/Ekrano-nuotrauka-2025-04-28-090453-150x39.png.webp 150w, https:\/\/birdie.lt\/wp-content\/uploads\/2024\/04\/Ekrano-nuotrauka-2025-04-28-090453-800x209.png.webp 800w, https:\/\/birdie.lt\/wp-content\/uploads\/2024\/04\/Ekrano-nuotrauka-2025-04-28-090453-480x126.png.webp 480w, https:\/\/birdie.lt\/wp-content\/uploads\/2024\/04\/Ekrano-nuotrauka-2025-04-28-090453-768x201.png.webp 768w, https:\/\/birdie.lt\/wp-content\/uploads\/2024\/04\/Ekrano-nuotrauka-2025-04-28-090453.png.webp 1250w\" sizes=\"(max-width: 1024px) 100vw, 1024px\">\t\t\t\t\t\t\t\t\t\t\t\t\t\t\t<\/div>\n\t\t\t\t<\/div>\n\t\t\t\t<\/div>\n\t\t\t\t<\/div>\n\t\t","protected":false},"excerpt":{"rendered":"<p style=\"text-align: center;\">&#8220;<em>Cleveland<\/em>&#8221; ilgai <strong>analizavo <\/strong>daugumos golfo \u017eaid\u0117j\u0173<strong> ilg\u0105j\u012f \u017eaidim\u0105<\/strong> ir pamat\u0117, kad jis da\u017enai n\u0117ra itin s\u0117kmingas. Daugelis aistring\u0173 golfo \u017eaid\u0117j\u0173 primygtinai nori tur\u0117ti ilgojo \u017eaidimo lazdas savo golfo lazd\u0173 krep\u0161yje, nors ir \u017eino, kad d\u0117l \u0161i\u0173 lazd\u0173 j\u0173 \u017eaidimas da\u017enai b\u016bna prastesnis.<br \/>\nTa\u010diau Cleveland Halo XL Fairway Wood lazda <strong>gali tai pakeisti.<\/strong><br \/>\n\u201eCleveland\u201c pasi\u016bl\u0117 didesn\u012f lazd\u0173 kamp\u0173 pasirinkim\u0105 nei bet kada anks\u010diau ir naujausi\u0105 bei geriausi\u0105 atlaidumo technologij\u0105 koki\u0105 tik tur\u0117jo iki \u0161iol.<\/p>\n","protected":false},"featured_media":4027,"template":"","meta":[],"product_brand":[305],"product_cat":[55,59,61],"product_tag":[306,227,210],"class_list":{"0":"post-4026","1":"product","2":"type-product","3":"status-publish","4":"has-post-thumbnail","6":"product_brand-cleveland","7":"product_cat-golfo-lazdos","8":"product_cat-fairway-wood-lazdos","9":"product_cat-vyriskos-fairway-wood","10":"product_tag-cleveland","11":"product_tag-fairwaywood","12":"product_tag-vyrams","13":"pa_shaftas-iprastas","14":"pa_shaftas-standus","15":"pa_tipas-desiniarankiams","16":"pa_tipas-kairiarankiams","18":"first","19":"outofstock","20":"taxable","21":"shipping-taxable","22":"product-type-variable"},"_links":{"self":[{"href":"https:\/\/birdie.lt\/en\/wp-json\/wp\/v2\/product\/4026","targetHints":{"allow":["GET"]}}],"collection":[{"href":"https:\/\/birdie.lt\/en\/wp-json\/wp\/v2\/product"}],"about":[{"href":"https:\/\/birdie.lt\/en\/wp-json\/wp\/v2\/types\/product"}],"version-history":[{"count":1,"href":"https:\/\/birdie.lt\/en\/wp-json\/wp\/v2\/product\/4026\/revisions"}],"predecessor-version":[{"id":16634,"href":"https:\/\/birdie.lt\/en\/wp-json\/wp\/v2\/product\/4026\/revisions\/16634"}],"wp:featuredmedia":[{"embeddable":true,"href":"https:\/\/birdie.lt\/en\/wp-json\/wp\/v2\/media\/4027"}],"wp:attachment":[{"href":"https:\/\/birdie.lt\/en\/wp-json\/wp\/v2\/media?parent=4026"}],"wp:term":[{"taxonomy":"product_brand","embeddable":true,"href":"https:\/\/birdie.lt\/en\/wp-json\/wp\/v2\/product_brand?post=4026"},{"taxonomy":"product_cat","embeddable":true,"href":"https:\/\/birdie.lt\/en\/wp-json\/wp\/v2\/product_cat?post=4026"},{"taxonomy":"product_tag","embeddable":true,"href":"https:\/\/birdie.lt\/en\/wp-json\/wp\/v2\/product_tag?post=4026"}],"curies":[{"name":"wp","href":"https:\/\/api.w.org\/{rel}","templated":true}]}}