{"id":3941,"date":"2024-04-18T20:15:16","date_gmt":"2024-04-18T17:15:16","guid":{"rendered":"https:\/\/birdie.lt\/?post_type=product&#038;p=3941"},"modified":"2026-04-13T18:12:15","modified_gmt":"2026-04-13T15:12:15","slug":"xxio-x-fairway-wood-2022","status":"publish","type":"product","link":"https:\/\/birdie.lt\/en\/xxio-x-fairway-wood-2022\/","title":{"rendered":"XXIO X Fairway Wood 2022"},"content":{"rendered":"\t\t<div data-elementor-type=\"wp-post\" data-elementor-id=\"3941\" class=\"elementor elementor-3941\">\n\t\t\t\t<div class=\"elementor-element elementor-element-fddf0d7 e-con-full e-flex e-con e-parent\" data-id=\"fddf0d7\" data-element_type=\"container\" data-e-type=\"container\">\n\t\t<div class=\"elementor-element elementor-element-e84cf1f e-con-full e-flex e-con e-child\" data-id=\"e84cf1f\" data-element_type=\"container\" data-e-type=\"container\">\n\t\t\t\t<div class=\"elementor-element elementor-element-9e65470 elementor-widget elementor-widget-heading\" data-id=\"9e65470\" data-element_type=\"widget\" data-e-type=\"widget\" data-widget_type=\"heading.default\">\n\t\t\t\t<div class=\"elementor-widget-container\">\n\t\t\t\t\t<h2 class=\"elementor-heading-title elementor-size-default\">\"ActivWing\" TECHNOLOGIJA<\/h2>\t\t\t\t<\/div>\n\t\t\t\t<\/div>\n\t\t\t\t<div class=\"elementor-element elementor-element-923d545 elementor-widget elementor-widget-text-editor\" data-id=\"923d545\" data-element_type=\"widget\" data-e-type=\"widget\" data-widget_type=\"text-editor.default\">\n\t\t\t\t<div class=\"elementor-widget-container\">\n\t\t\t\t\t\t\t\t\t<p style=\"text-align: center;\"><strong><em>\u201eActivWing\u201c<\/em><\/strong> technologija stabilizuoja lazdos galv\u0105 keisdama <strong>aerodinamines<\/strong> <strong>j\u0117gas<\/strong>, veikian\u010dias pirm\u0105j\u0105 nusileidimo faz\u0119. <strong>Oro srautas<\/strong> generuoja <strong>pakilim\u0105<\/strong>, nukreipdamas lazd\u0105 \u012f <strong>optimal\u0173<\/strong> sm\u016bgio <strong>kamp\u0105<\/strong>, siekiant <strong>maksimalaus<\/strong> <strong>grei\u010dio<\/strong> ir <strong>atstumo<\/strong>.<\/p>\t\t\t\t\t\t\t\t<\/div>\n\t\t\t\t<\/div>\n\t\t\t\t<div class=\"elementor-element elementor-element-654f747 elementor-widget elementor-widget-heading\" data-id=\"654f747\" data-element_type=\"widget\" data-e-type=\"widget\" data-widget_type=\"heading.default\">\n\t\t\t\t<div class=\"elementor-widget-container\">\n\t\t\t\t\t<h2 class=\"elementor-heading-title elementor-size-default\">PAPILDOMAS SVORIS\n<\/h2>\t\t\t\t<\/div>\n\t\t\t\t<\/div>\n\t\t\t\t<div class=\"elementor-element elementor-element-1c9ba53 elementor-widget elementor-widget-text-editor\" data-id=\"1c9ba53\" data-element_type=\"widget\" data-e-type=\"widget\" data-widget_type=\"text-editor.default\">\n\t\t\t\t<div class=\"elementor-widget-container\">\n\t\t\t\t\t\t\t\t\t<p style=\"text-align: center;\"><strong>XXIO<\/strong> patentuotoje konstrukcijoje mas\u0117 <strong>i\u0161d\u0117stoma galin\u0117je shaft\u2019o dalyje<\/strong>, po rankena. \u0160i atsvara u\u017etikrina lengvesn\u012f <strong>sm\u016bgio kilim\u0105<\/strong>, padeda <strong>rasti<\/strong> ideali\u0105 viet\u0105 swing\u2019o <strong>vir\u0161uje<\/strong> ir <strong>palengvina<\/strong> paleidim\u0105 <strong>\u017eemyn<\/strong>, kad kontaktas b\u016bt\u0173 <strong>nuoseklesnis<\/strong>.<\/p>\t\t\t\t\t\t\t\t<\/div>\n\t\t\t\t<\/div>\n\t\t\t\t<\/div>\n\t\t<div class=\"elementor-element elementor-element-e56a63e e-con-full e-flex e-con e-child\" data-id=\"e56a63e\" data-element_type=\"container\" data-e-type=\"container\">\n\t\t\t\t<div class=\"elementor-element elementor-element-c1e57e1 elementor-widget elementor-widget-image\" data-id=\"c1e57e1\" data-element_type=\"widget\" data-e-type=\"widget\" data-widget_type=\"image.default\">\n\t\t\t\t<div class=\"elementor-widget-container\">\n\t\t\t\t\t\t\t\t\t\t\t\t\t\t\t<img fetchpriority=\"high\" decoding=\"async\" width=\"854\" height=\"724\" src=\"https:\/\/birdie.lt\/wp-content\/uploads\/2024\/04\/xxio12eks_fwy_tech_activwing.png\" class=\"attachment-large size-large wp-image-13425\" alt=\"xxio-x-fairway-wood\" srcset=\"https:\/\/birdie.lt\/wp-content\/uploads\/2024\/04\/xxio12eks_fwy_tech_activwing.png 854w, https:\/\/birdie.lt\/wp-content\/uploads\/2024\/04\/xxio12eks_fwy_tech_activwing-150x127.png 150w, https:\/\/birdie.lt\/wp-content\/uploads\/2024\/04\/xxio12eks_fwy_tech_activwing-800x678.png 800w, https:\/\/birdie.lt\/wp-content\/uploads\/2024\/04\/xxio12eks_fwy_tech_activwing-425x360.png 425w, https:\/\/birdie.lt\/wp-content\/uploads\/2024\/04\/xxio12eks_fwy_tech_activwing-768x651.png 768w\" sizes=\"(max-width: 854px) 100vw, 854px\" \/>\t\t\t\t\t\t\t\t\t\t\t\t\t\t\t<\/div>\n\t\t\t\t<\/div>\n\t\t\t\t<\/div>\n\t\t\t\t<\/div>\n\t\t<div class=\"elementor-element elementor-element-5c5eb61 e-con-full e-flex e-con e-parent\" data-id=\"5c5eb61\" data-element_type=\"container\" data-e-type=\"container\">\n\t\t<div class=\"elementor-element elementor-element-33d6fce e-con-full e-flex e-con e-child\" data-id=\"33d6fce\" data-element_type=\"container\" data-e-type=\"container\">\n\t\t\t\t<div class=\"elementor-element elementor-element-bf7fb36 elementor-widget elementor-widget-image\" data-id=\"bf7fb36\" data-element_type=\"widget\" data-e-type=\"widget\" data-widget_type=\"image.default\">\n\t\t\t\t<div class=\"elementor-widget-container\">\n\t\t\t\t\t\t\t\t\t\t\t\t\t\t\t<img decoding=\"async\" width=\"701\" height=\"768\" src=\"https:\/\/birdie.lt\/wp-content\/uploads\/2024\/04\/xxio12eks_fwy_tech_rebound-701x768.png\" class=\"attachment-large size-large wp-image-13429\" alt=\"xxio-x-fairway-wood\" srcset=\"https:\/\/birdie.lt\/wp-content\/uploads\/2024\/04\/xxio12eks_fwy_tech_rebound-701x768.png 701w, https:\/\/birdie.lt\/wp-content\/uploads\/2024\/04\/xxio12eks_fwy_tech_rebound-137x150.png 137w, https:\/\/birdie.lt\/wp-content\/uploads\/2024\/04\/xxio12eks_fwy_tech_rebound-800x877.png 800w, https:\/\/birdie.lt\/wp-content\/uploads\/2024\/04\/xxio12eks_fwy_tech_rebound-328x360.png 328w, https:\/\/birdie.lt\/wp-content\/uploads\/2024\/04\/xxio12eks_fwy_tech_rebound-768x842.png 768w, https:\/\/birdie.lt\/wp-content\/uploads\/2024\/04\/xxio12eks_fwy_tech_rebound.png 854w\" sizes=\"(max-width: 701px) 100vw, 701px\" \/>\t\t\t\t\t\t\t\t\t\t\t\t\t\t\t<\/div>\n\t\t\t\t<\/div>\n\t\t\t\t<\/div>\n\t\t<div class=\"elementor-element elementor-element-2457b89 e-con-full e-flex e-con e-child\" data-id=\"2457b89\" data-element_type=\"container\" data-e-type=\"container\">\n\t\t\t\t<div class=\"elementor-element elementor-element-f5bb752 elementor-widget elementor-widget-heading\" data-id=\"f5bb752\" data-element_type=\"widget\" data-e-type=\"widget\" data-widget_type=\"heading.default\">\n\t\t\t\t<div class=\"elementor-widget-container\">\n\t\t\t\t\t<h2 class=\"elementor-heading-title elementor-size-default\">\"REBOUND FRAME\" TECHNOLOGIJA<\/h2>\t\t\t\t<\/div>\n\t\t\t\t<\/div>\n\t\t\t\t<div class=\"elementor-element elementor-element-fb81e77 elementor-widget elementor-widget-text-editor\" data-id=\"fb81e77\" data-element_type=\"widget\" data-e-type=\"widget\" data-widget_type=\"text-editor.default\">\n\t\t\t\t<div class=\"elementor-widget-container\">\n\t\t\t\t\t\t\t\t\t<p style=\"text-align: center;\">Kaip spyruokl\u0117 spyruokl\u0117je, \u201e<strong><em>Rebound Frame<\/em><\/strong>\u201d technologija <strong>suteikia<\/strong> antr\u0105 lankstumo <strong>\u017eied\u0105<\/strong>, kuris yra i\u0161kart u\u017e lazdos <strong>galvos pavir\u0161iaus<\/strong> ir kur\u012f palaiko <strong>papildomas<\/strong> <strong>standumas<\/strong> lazdos <strong>galvos<\/strong> <strong>gale<\/strong>.<\/p><p style=\"text-align: center;\">Sm\u016bgio metu \u0161ios dvigubos <strong>lankstumo<\/strong> zonos <strong>suaktyv\u0117ja<\/strong> vienu metu, padidindamos \u012f kamuoliuk\u0105 <strong>perduodamos<\/strong> energijos <strong>kiek\u012f<\/strong>, tod\u0117l kamuoliukas \u012fgyja <strong>didesn\u012f<\/strong> <strong>greit\u012f<\/strong> ir <strong>padid\u0117ja<\/strong> numu\u0161amas <strong>atstumas<\/strong>.<\/p>\t\t\t\t\t\t\t\t<\/div>\n\t\t\t\t<\/div>\n\t\t\t\t<\/div>\n\t\t\t\t<\/div>\n\t\t<div class=\"elementor-element elementor-element-b526873 e-flex e-con-boxed e-con e-parent\" data-id=\"b526873\" data-element_type=\"container\" data-e-type=\"container\">\n\t\t\t\t\t<div class=\"e-con-inner\">\n\t\t\t\t<div class=\"elementor-element elementor-element-6b6c117 elementor-widget elementor-widget-heading\" data-id=\"6b6c117\" data-element_type=\"widget\" data-e-type=\"widget\" data-widget_type=\"heading.default\">\n\t\t\t\t<div class=\"elementor-widget-container\">\n\t\t\t\t\t<h2 class=\"elementor-heading-title elementor-size-default\">Technin\u0117 informacija<\/h2>\t\t\t\t<\/div>\n\t\t\t\t<\/div>\n\t\t\t\t\t<\/div>\n\t\t\t\t<\/div>\n\t\t<div class=\"elementor-element elementor-element-0439ebb e-con-full e-flex e-con e-parent\" data-id=\"0439ebb\" data-element_type=\"container\" data-e-type=\"container\">\n\t\t<div class=\"elementor-element elementor-element-60015a1 e-con-full e-flex e-con e-child\" data-id=\"60015a1\" data-element_type=\"container\" data-e-type=\"container\">\n\t\t\t\t<div class=\"elementor-element elementor-element-62f1e0f elementor-widget elementor-widget-text-editor\" data-id=\"62f1e0f\" data-element_type=\"widget\" data-e-type=\"widget\" data-widget_type=\"text-editor.default\">\n\t\t\t\t<div class=\"elementor-widget-container\">\n\t\t\t\t\t\t\t\t\t<h3>Shaft&#8217;as:<\/h3><p>Miyazaki AX-II Fairway ( R &#8211; 42g., S &#8211; 46g.)<\/p>\t\t\t\t\t\t\t\t<\/div>\n\t\t\t\t<\/div>\n\t\t\t\t<div class=\"elementor-element elementor-element-d858388 elementor-widget elementor-widget-image\" data-id=\"d858388\" data-element_type=\"widget\" data-e-type=\"widget\" data-widget_type=\"image.default\">\n\t\t\t\t<div class=\"elementor-widget-container\">\n\t\t\t\t\t\t\t\t\t\t\t\t\t\t\t<img decoding=\"async\" width=\"1024\" height=\"60\" src=\"https:\/\/birdie.lt\/wp-content\/uploads\/2024\/04\/XXIO_X_21_Bespoke_Shaft-1024x60.jpg\" class=\"attachment-large size-large wp-image-13431\" alt=\"XXIO_X_21_Bespoke_Shaft\" srcset=\"https:\/\/birdie.lt\/wp-content\/uploads\/2024\/04\/XXIO_X_21_Bespoke_Shaft-1024x60.jpg 1024w, https:\/\/birdie.lt\/wp-content\/uploads\/2024\/04\/XXIO_X_21_Bespoke_Shaft-150x9.jpg 150w, https:\/\/birdie.lt\/wp-content\/uploads\/2024\/04\/XXIO_X_21_Bespoke_Shaft-800x47.jpg 800w, https:\/\/birdie.lt\/wp-content\/uploads\/2024\/04\/XXIO_X_21_Bespoke_Shaft-480x28.jpg 480w, https:\/\/birdie.lt\/wp-content\/uploads\/2024\/04\/XXIO_X_21_Bespoke_Shaft-768x45.jpg 768w, https:\/\/birdie.lt\/wp-content\/uploads\/2024\/04\/XXIO_X_21_Bespoke_Shaft.jpg 1342w\" sizes=\"(max-width: 1024px) 100vw, 1024px\" \/>\t\t\t\t\t\t\t\t\t\t\t\t\t\t\t<\/div>\n\t\t\t\t<\/div>\n\t\t\t\t<\/div>\n\t\t<div class=\"elementor-element elementor-element-0f0706d e-con-full e-flex e-con e-child\" data-id=\"0f0706d\" data-element_type=\"container\" data-e-type=\"container\">\n\t\t\t\t<div class=\"elementor-element elementor-element-128e1f0 elementor-widget elementor-widget-text-editor\" data-id=\"128e1f0\" data-element_type=\"widget\" data-e-type=\"widget\" data-widget_type=\"text-editor.default\">\n\t\t\t\t<div class=\"elementor-widget-container\">\n\t\t\t\t\t\t\t\t\t<h3>Rankena:<\/h3><p>XXIO X WEIGHT PLUS GRIP (43g.)<\/p>\t\t\t\t\t\t\t\t<\/div>\n\t\t\t\t<\/div>\n\t\t\t\t<div class=\"elementor-element elementor-element-7fde174 elementor-widget elementor-widget-image\" data-id=\"7fde174\" data-element_type=\"widget\" data-e-type=\"widget\" data-widget_type=\"image.default\">\n\t\t\t\t<div class=\"elementor-widget-container\">\n\t\t\t\t\t\t\t\t\t\t\t\t\t\t\t<img loading=\"lazy\" decoding=\"async\" width=\"1024\" height=\"114\" src=\"https:\/\/birdie.lt\/wp-content\/uploads\/2024\/04\/XXIO_X_21_EKS_Blk_Driver_Grip-1024x114.jpg\" class=\"attachment-large size-large wp-image-13433\" alt=\"XXIO_X_21_EKS_Blk_Driver_Grip\" srcset=\"https:\/\/birdie.lt\/wp-content\/uploads\/2024\/04\/XXIO_X_21_EKS_Blk_Driver_Grip-1024x114.jpg 1024w, https:\/\/birdie.lt\/wp-content\/uploads\/2024\/04\/XXIO_X_21_EKS_Blk_Driver_Grip-150x17.jpg 150w, https:\/\/birdie.lt\/wp-content\/uploads\/2024\/04\/XXIO_X_21_EKS_Blk_Driver_Grip-800x89.jpg 800w, https:\/\/birdie.lt\/wp-content\/uploads\/2024\/04\/XXIO_X_21_EKS_Blk_Driver_Grip-480x54.jpg 480w, https:\/\/birdie.lt\/wp-content\/uploads\/2024\/04\/XXIO_X_21_EKS_Blk_Driver_Grip-768x86.jpg 768w, https:\/\/birdie.lt\/wp-content\/uploads\/2024\/04\/XXIO_X_21_EKS_Blk_Driver_Grip.jpg 1342w\" sizes=\"(max-width: 1024px) 100vw, 1024px\" \/>\t\t\t\t\t\t\t\t\t\t\t\t\t\t\t<\/div>\n\t\t\t\t<\/div>\n\t\t\t\t<\/div>\n\t\t\t\t<\/div>\n\t\t\t\t<\/div>\n\t\t","protected":false},"excerpt":{"rendered":"<p style=\"text-align: center;\"><strong>XXIO X Fairway Wood<\/strong> lazda puikus pasirinkimas tiems, kurie ie\u0161ko tobulo fairway wood&#8217;o. D\u0117l patobulintos aerodinamikos oro srautai kei\u010diasi pagal j\u016bs\u0173 vali\u0105, o tai padeda jums pasiekti <strong>lengv\u0105<\/strong> <strong>greit\u012f<\/strong> ir <strong>tyresnius<\/strong> sm\u016bgius. Tai \u012fmanoma tik su <strong>XXIO<\/strong>.<\/p>\n","protected":false},"featured_media":3942,"template":"","meta":[],"product_brand":[315],"product_cat":[55,59,61],"product_tag":[227,210,316],"class_list":{"0":"post-3941","1":"product","2":"type-product","3":"status-publish","4":"has-post-thumbnail","6":"product_brand-xxio","7":"product_cat-golfo-lazdos","8":"product_cat-fairway-wood-lazdos","9":"product_cat-vyriskos-fairway-wood","10":"product_tag-fairwaywood","11":"product_tag-vyrams","12":"product_tag-xxio","13":"pa_kampas-708","14":"pa_kampas-727","15":"pa_shaftas-iprastas","16":"pa_shaftas-standus","17":"pa_tipas-desiniarankiams","19":"first","20":"outofstock","21":"taxable","22":"shipping-taxable","23":"product-type-variable"},"_links":{"self":[{"href":"https:\/\/birdie.lt\/en\/wp-json\/wp\/v2\/product\/3941","targetHints":{"allow":["GET"]}}],"collection":[{"href":"https:\/\/birdie.lt\/en\/wp-json\/wp\/v2\/product"}],"about":[{"href":"https:\/\/birdie.lt\/en\/wp-json\/wp\/v2\/types\/product"}],"version-history":[{"count":1,"href":"https:\/\/birdie.lt\/en\/wp-json\/wp\/v2\/product\/3941\/revisions"}],"predecessor-version":[{"id":16636,"href":"https:\/\/birdie.lt\/en\/wp-json\/wp\/v2\/product\/3941\/revisions\/16636"}],"wp:featuredmedia":[{"embeddable":true,"href":"https:\/\/birdie.lt\/en\/wp-json\/wp\/v2\/media\/3942"}],"wp:attachment":[{"href":"https:\/\/birdie.lt\/en\/wp-json\/wp\/v2\/media?parent=3941"}],"wp:term":[{"taxonomy":"product_brand","embeddable":true,"href":"https:\/\/birdie.lt\/en\/wp-json\/wp\/v2\/product_brand?post=3941"},{"taxonomy":"product_cat","embeddable":true,"href":"https:\/\/birdie.lt\/en\/wp-json\/wp\/v2\/product_cat?post=3941"},{"taxonomy":"product_tag","embeddable":true,"href":"https:\/\/birdie.lt\/en\/wp-json\/wp\/v2\/product_tag?post=3941"}],"curies":[{"name":"wp","href":"https:\/\/api.w.org\/{rel}","templated":true}]}}