{"id":3908,"date":"2024-04-18T16:34:59","date_gmt":"2024-04-18T13:34:59","guid":{"rendered":"https:\/\/birdie.lt\/?post_type=product&#038;p=3908"},"modified":"2026-04-13T18:12:22","modified_gmt":"2026-04-13T15:12:22","slug":"cobra-king-ltdx-hybrid","status":"publish","type":"product","link":"https:\/\/birdie.lt\/en\/cobra-king-ltdx-hybrid\/","title":{"rendered":"Cobra King LTDX Hybrid"},"content":{"rendered":"<h2>Golfo lazdos privalumai:<\/h2>\n<ul>\n<li><strong>PWR-COR TECHNOLOGIJA<\/strong><\/li>\n<\/ul>\n<p>&#8220;PWR-COR&#8221; technologija &#8211; tai \u012fvairi\u0173 med\u017eiag\u0173 svorio sistema. Svorio sistemoje naudojamas volframo vidinis svoris ir aliuminio i\u0161orinis svoris, kurie i\u0161d\u0117styti tiesiai u\u017e sm\u016bgio zonos, kad sm\u016bgio metu golfo kamuoliukui b\u016bt\u0173 perduotas did\u017eiausias greitis ir suma\u017eintas sukimasis. Prid\u0117tas 8g. galinis svoris puikiai subalansuoja ma\u017e\u0105 sukim\u0105si su dideliu kamuoliuko paleidimu ir ypatingu atlaidumu, kad b\u016bt\u0173 pasiektas did\u017eiausias atstumas.<\/p>\n<ul>\n<li><strong>L.O.T PAVIR\u0160IAUS TECHNOLOGIJA<\/strong><\/li>\n<\/ul>\n<p>Naudojant ma\u0161inin\u012f mokym\u0105si buvo sukurta nauj\u0105 kintamo storio konstrukcij\u0105, kuri yra tiksliai pritaikyta grei\u010diui. L.O.T. rei\u0161kia &#8220;labai optimizuota topologija&#8221;. Remdamiesi t\u016bkstan\u010di\u0173 sm\u016bgi\u0173 simuliacij\u0173 duomenimis, optimizavome stor\u012f keliose zonose, kad maksimaliai padidintume kamuoliuko greit\u012f didesniame pavir\u0161iaus plote. \u0160ios zonos sukuria vizualines vir\u0161\u016bnes, kurios primena topologin\u012f \u017eem\u0117lap\u012f, i\u0161 kur ir kilo dizaino pavadinimas.<\/p>\n<ul>\n<li>\n<h4><b>&#8220;PWRSHELL&#8221; PAVIR\u0160IAUS TECHNOLOGIJA<\/b><\/h4>\n<\/li>\n<\/ul>\n<p>PWRSHELL yra patikrinta technologija, kuri per kelias pastar\u0105sias gamini\u0173 kartas leido sukurti grei\u010diausius lazdos pavir\u0161iaus dizainus. I\u0161 plono ir tvirto ner\u016bdijan\u010dio plieno i\u0161kaltas L formos pavir\u0161ius, kuris pasi\u017eymi iki 17 % didesniu lankstumu, tod\u0117l u\u017etikrina didesn\u012f kamuoliuko greit\u012f ir didesn\u012f paleidim\u0105 per vis\u0105 pavir\u0161i\u0173.<\/p>\n<h3>Technin\u0117 informacija:<\/h3>\n<p>Lankstumas: \u012fprastas<\/p>\n","protected":false},"excerpt":{"rendered":"<p>&#8220;LTDx&#8221; hybrid&#8217;ai sukurti taip, kad pad\u0117t\u0173 jums \u012fveikti bet koki\u0105 sud\u0117ting\u0105 situacij\u0105. Sm\u016bgiuokite u\u017etikrintai, naudodami greitesn\u0119 PWRSHELL konstrukcij\u0105, kuri lengvai slysta bet kokiomis \u017eol\u0117s s\u0105lygomis &#8211; siaurame lauke, nelygioje vietoje ir net bunkeriuose.<\/p>\n<p>Cobra King LTDX Hybrid &#8211; patikimumas ir kokyb\u0117.<\/p>\n","protected":false},"featured_media":3909,"template":"","meta":[],"product_brand":[313],"product_cat":[55,62,64],"product_tag":[314,226,210],"class_list":{"0":"post-3908","1":"product","2":"type-product","3":"status-publish","4":"has-post-thumbnail","6":"product_brand-cobra-golf","7":"product_cat-golfo-lazdos","8":"product_cat-hybrid-lazdos","9":"product_cat-vyriskos-hybrid-lazdos","10":"product_tag-cobra","11":"product_tag-hybrid","12":"product_tag-vyrams","13":"pa_tipas-desiniarankiams","15":"first","16":"outofstock","17":"taxable","18":"shipping-taxable","19":"product-type-variable"},"_links":{"self":[{"href":"https:\/\/birdie.lt\/en\/wp-json\/wp\/v2\/product\/3908","targetHints":{"allow":["GET"]}}],"collection":[{"href":"https:\/\/birdie.lt\/en\/wp-json\/wp\/v2\/product"}],"about":[{"href":"https:\/\/birdie.lt\/en\/wp-json\/wp\/v2\/types\/product"}],"version-history":[{"count":1,"href":"https:\/\/birdie.lt\/en\/wp-json\/wp\/v2\/product\/3908\/revisions"}],"predecessor-version":[{"id":16637,"href":"https:\/\/birdie.lt\/en\/wp-json\/wp\/v2\/product\/3908\/revisions\/16637"}],"wp:featuredmedia":[{"embeddable":true,"href":"https:\/\/birdie.lt\/en\/wp-json\/wp\/v2\/media\/3909"}],"wp:attachment":[{"href":"https:\/\/birdie.lt\/en\/wp-json\/wp\/v2\/media?parent=3908"}],"wp:term":[{"taxonomy":"product_brand","embeddable":true,"href":"https:\/\/birdie.lt\/en\/wp-json\/wp\/v2\/product_brand?post=3908"},{"taxonomy":"product_cat","embeddable":true,"href":"https:\/\/birdie.lt\/en\/wp-json\/wp\/v2\/product_cat?post=3908"},{"taxonomy":"product_tag","embeddable":true,"href":"https:\/\/birdie.lt\/en\/wp-json\/wp\/v2\/product_tag?post=3908"}],"curies":[{"name":"wp","href":"https:\/\/api.w.org\/{rel}","templated":true}]}}