{"id":3773,"date":"2024-04-17T21:08:36","date_gmt":"2024-04-17T18:08:36","guid":{"rendered":"https:\/\/birdie.lt\/?post_type=product&#038;p=3773"},"modified":"2026-04-13T18:12:49","modified_gmt":"2026-04-13T15:12:49","slug":"cleveland-vaikiskas-golfo-lazdu-rinkinys-7-9m","status":"publish","type":"product","link":"https:\/\/birdie.lt\/en\/cleveland-vaikiskas-golfo-lazdu-rinkinys-7-9m\/","title":{"rendered":"Cleveland Vaiki\u0161kas Golfo Lazd\u0173 Rinkinys 7-9m."},"content":{"rendered":"<h2>Lazd\u0173 komplekt\u0105 sudaro:<\/h2>\n<ul>\n<li><strong>Driver&#8217;is (18\u00b0)<\/strong><\/li>\n<\/ul>\n<p>Padidinta galva suteikia maksimal\u0173 atlaidum\u0105 sm\u016bgiams, o lengva lazdos konstrukcija leid\u017eia lengvai ir toliau sm\u016bgiuoti.<\/p>\n<ul>\n<li><strong>Hybrid&#8217;as (28\u00b0)<\/strong><\/li>\n<\/ul>\n<p>Sm\u016bgiuokite patogiai i\u0161 auk\u0161tesn\u0117s \u017eol\u0117s ar nuo fairway su \u0161iuo hybrid&#8217;u. Optimizuota galva, kad b\u016bt\u0173 lengviau sm\u016bgiuoti.<\/p>\n<ul>\n<li><strong>Iron&#8217;ai: 7 ir 9<\/strong><\/li>\n<\/ul>\n<p>Kokybi\u0161ki iron&#8217;ai \u012fvairioms situacijoms aik\u0161tyne. Lavinkite sm\u016bgius.<\/p>\n<ul>\n<li><strong>Trump\u0173 sm\u016bgi\u0173 lazda: SW (56\u00b0)<\/strong><\/li>\n<\/ul>\n<p>Sm\u0117lio lazda sm\u016bgiams i\u0161 bunkerio ar trumpiems atstumams prie green&#8217;o. Patogu i\u0161kelti kamuoliuk\u0105 bei mokintis sm\u016bgiuoti tiksliai \u012f norim\u0105 viet\u0105.<\/p>\n<ul>\n<li><strong>Putter&#8217;is<\/strong><\/li>\n<\/ul>\n<p>\u201cMallet\u201d formos putter lazda, suteikia svorio kiekvienam sm\u016bgiui, taip skatindama skland\u0173 ried\u0117jim\u0105 ir lengv\u0105 centravim\u0105.<\/p>\n<h3>Technin\u0117 informacija:<\/h3>\n<p>Shaft\u2019tai: Grafitiniai<\/p>\n","protected":false},"excerpt":{"rendered":"<p><strong>Cleveland Golf vaiki\u0161kas golfo lazd\u0173 rinkinys<\/strong> skirtas <strong>7-9 <\/strong><strong>met\u0173<\/strong>\u00a0am\u017eiaus vaikams, kuri\u0173 \u016bgis yra\u00a0<strong>110-132 cm.<\/strong><\/p>\n<p>Rinkin\u012f sudaro 6 lazdos: Driver&#8217;is (18\u00b0), Hybrid&#8217;as (28\u00b0), Iron&#8217;ai: 7 ir 9, SW (56\u00b0) bei Putter&#8217;is.<\/p>\n","protected":false},"featured_media":3774,"template":"","meta":[],"product_brand":[305],"product_cat":[74,77],"product_tag":[306,225,285],"class_list":{"0":"post-3773","1":"product","2":"type-product","3":"status-publish","4":"has-post-thumbnail","6":"product_brand-cleveland","7":"product_cat-lazdu-komplektai","8":"product_cat-vaikiski-lazdu-komplektai","9":"product_tag-cleveland","10":"product_tag-lazdu-komplektai","11":"product_tag-vaikams","13":"first","14":"outofstock","15":"taxable","16":"shipping-taxable","17":"purchasable","18":"product-type-simple"},"_links":{"self":[{"href":"https:\/\/birdie.lt\/en\/wp-json\/wp\/v2\/product\/3773","targetHints":{"allow":["GET"]}}],"collection":[{"href":"https:\/\/birdie.lt\/en\/wp-json\/wp\/v2\/product"}],"about":[{"href":"https:\/\/birdie.lt\/en\/wp-json\/wp\/v2\/types\/product"}],"version-history":[{"count":1,"href":"https:\/\/birdie.lt\/en\/wp-json\/wp\/v2\/product\/3773\/revisions"}],"predecessor-version":[{"id":16639,"href":"https:\/\/birdie.lt\/en\/wp-json\/wp\/v2\/product\/3773\/revisions\/16639"}],"wp:featuredmedia":[{"embeddable":true,"href":"https:\/\/birdie.lt\/en\/wp-json\/wp\/v2\/media\/3774"}],"wp:attachment":[{"href":"https:\/\/birdie.lt\/en\/wp-json\/wp\/v2\/media?parent=3773"}],"wp:term":[{"taxonomy":"product_brand","embeddable":true,"href":"https:\/\/birdie.lt\/en\/wp-json\/wp\/v2\/product_brand?post=3773"},{"taxonomy":"product_cat","embeddable":true,"href":"https:\/\/birdie.lt\/en\/wp-json\/wp\/v2\/product_cat?post=3773"},{"taxonomy":"product_tag","embeddable":true,"href":"https:\/\/birdie.lt\/en\/wp-json\/wp\/v2\/product_tag?post=3773"}],"curies":[{"name":"wp","href":"https:\/\/api.w.org\/{rel}","templated":true}]}}