{"id":3766,"date":"2024-04-17T20:10:28","date_gmt":"2024-04-17T17:10:28","guid":{"rendered":"https:\/\/birdie.lt\/?post_type=product&#038;p=3766"},"modified":"2026-04-13T18:12:56","modified_gmt":"2026-04-13T15:12:56","slug":"cleveland-junior-golfo-lazdu-rinkinys-4-6","status":"publish","type":"product","link":"https:\/\/birdie.lt\/en\/cleveland-junior-golfo-lazdu-rinkinys-4-6\/","title":{"rendered":"Cleveland Junior Golfo Lazd\u0173 Rinkinys 4-6m."},"content":{"rendered":"<h2>Lazd\u0173 komplekt\u0105 sudaro:<\/h2>\n<ul>\n<li><strong>Fairway wood&#8217;as (22\u00b0)<\/strong><\/li>\n<\/ul>\n<p>Padidinta galva su perimetriniu svoriu suteikia maksimal\u0173 atlaidum\u0105 sm\u016bgiams, o lengva lazdos konstrukcija leid\u017eia lengvai sm\u016bgiuoti.<\/p>\n<ul>\n<li><strong>Iron&#8217;as: 7<\/strong><\/li>\n<\/ul>\n<p>\u012edubusios nugar\u0117l\u0117s konstrukcija. Ypa\u010d atlaidi lazda, bet kartu optimizuoja atstum\u0105, nuoseklum\u0105 ir didel\u012f sm\u016bgiavimo greit\u012f.<\/p>\n<ul>\n<li><strong>Putter&#8217;is<\/strong><\/li>\n<\/ul>\n<p>&#8220;Mallet&#8221; formos putter lazda, suteikia svorio kiekvienam sm\u016bgiui, taip skatindama skland\u0173 ried\u0117jim\u0105 ir lengv\u0105 centravim\u0105.<\/p>\n<ul>\n<li><strong>Lazd\u0173 krep\u0161ys<\/strong><\/li>\n<\/ul>\n<p>Lengvas, patvarus, su daug vietos lazdoms ir aksesuarams, jis idealiai tinka lengvai transportuoti lazdas po aik\u0161tyn\u0105. Komplektuojamas su lietaus gaubtu.<\/p>\n<h3>Technin\u0117 informacija:<\/h3>\n<p>Shaft&#8217;tai: Grafitiniai<\/p>\n","protected":false},"excerpt":{"rendered":"<p><strong>Cleveland Golf Junior golfo rinkinys<\/strong> skirtas <strong>4-6 met\u0173<\/strong> am\u017eiaus vaikams, kuri\u0173 \u016bgis yra <strong>91-110 cm.<\/strong><\/p>\n<p>Rinkin\u012f sudaro ilgiems, vidutiniams ir trumpiems atstumams \u012fveikti skirti <strong>fairway wood&#8217;as, 7 iron&#8217;as ir putter&#8217;is.<\/strong><br \/>\n\u012e komplekt\u0105 \u012feina lengvas pastatomas golfo lazd\u0173 krep\u0161ys. Lengvi, grafitiniai shaft&#8217;ai yra itin lengvai valdomi, kad b\u016bt\u0173 galima maksimaliai m\u0117gautis \u017eaidimu aik\u0161tyne.<\/p>\n","protected":false},"featured_media":3767,"template":"","meta":[],"product_brand":[],"product_cat":[74,77],"product_tag":[306,225,285],"class_list":{"0":"post-3766","1":"product","2":"type-product","3":"status-publish","4":"has-post-thumbnail","6":"product_cat-lazdu-komplektai","7":"product_cat-vaikiski-lazdu-komplektai","8":"product_tag-cleveland","9":"product_tag-lazdu-komplektai","10":"product_tag-vaikams","12":"first","13":"outofstock","14":"taxable","15":"shipping-taxable","16":"purchasable","17":"product-type-simple"},"_links":{"self":[{"href":"https:\/\/birdie.lt\/en\/wp-json\/wp\/v2\/product\/3766","targetHints":{"allow":["GET"]}}],"collection":[{"href":"https:\/\/birdie.lt\/en\/wp-json\/wp\/v2\/product"}],"about":[{"href":"https:\/\/birdie.lt\/en\/wp-json\/wp\/v2\/types\/product"}],"version-history":[{"count":1,"href":"https:\/\/birdie.lt\/en\/wp-json\/wp\/v2\/product\/3766\/revisions"}],"predecessor-version":[{"id":16640,"href":"https:\/\/birdie.lt\/en\/wp-json\/wp\/v2\/product\/3766\/revisions\/16640"}],"wp:featuredmedia":[{"embeddable":true,"href":"https:\/\/birdie.lt\/en\/wp-json\/wp\/v2\/media\/3767"}],"wp:attachment":[{"href":"https:\/\/birdie.lt\/en\/wp-json\/wp\/v2\/media?parent=3766"}],"wp:term":[{"taxonomy":"product_brand","embeddable":true,"href":"https:\/\/birdie.lt\/en\/wp-json\/wp\/v2\/product_brand?post=3766"},{"taxonomy":"product_cat","embeddable":true,"href":"https:\/\/birdie.lt\/en\/wp-json\/wp\/v2\/product_cat?post=3766"},{"taxonomy":"product_tag","embeddable":true,"href":"https:\/\/birdie.lt\/en\/wp-json\/wp\/v2\/product_tag?post=3766"}],"curies":[{"name":"wp","href":"https:\/\/api.w.org\/{rel}","templated":true}]}}