{"id":3756,"date":"2024-04-17T20:07:08","date_gmt":"2024-04-17T17:07:08","guid":{"rendered":"https:\/\/birdie.lt\/?post_type=product&#038;p=3756"},"modified":"2025-12-25T16:32:01","modified_gmt":"2025-12-25T14:32:01","slug":"cleveland-junior-golfo-lazdu-rinkinys-10-12m","status":"publish","type":"product","link":"https:\/\/birdie.lt\/en\/cleveland-junior-golfo-lazdu-rinkinys-10-12m\/","title":{"rendered":"Cleveland Junior Golfo Lazd\u0173 Rinkinys 10-12m."},"content":{"rendered":"<p>Komplekt\u0105 sudaro:<\/p>\n<ul>\n<li>Driver&#8217;is (18\u00b0)<\/li>\n<li>Fairway wood&#8217;as (22\u00b0)<\/li>\n<li>Hybrid&#8217;as (28\u00b0)<\/li>\n<li>Ironai: 7 ir 9<\/li>\n<li>SW (56\u00b0)<\/li>\n<li>Putter<\/li>\n<\/ul>\n","protected":false},"excerpt":{"rendered":"<p>Cleveland Junior golfo lazd\u0173 rinkinys skirtas 10 -12 met\u0173 golfo \u017eaid\u0117jams, kuri\u0173 \u016bgis nuo 137cm iki 160 cm. \u0160\u012f rinkin\u012f sudaro 7-ios golfo lazdos. Jaun\u0173j\u0173 golfo \u017eaid\u0117j\u0173 rinkiniai leid\u017eia lengvai augti ir m\u0117gautis \u017eaidimu vis\u0105 gyvenim\u0105. Kiekvienoje \u0161io golfo lazd\u0173 komplekto lazdoje \u012fdiegtos pana\u0161ios technologijos kaip ir standartin\u0117je &#8220;Cleveland Golf&#8221; \u012frangoje.<\/p>\n","protected":false},"featured_media":3757,"template":"","meta":[],"product_brand":[313],"product_cat":[74,77],"product_tag":[306,225,285],"class_list":{"0":"post-3756","1":"product","2":"type-product","3":"status-publish","4":"has-post-thumbnail","6":"product_brand-cobra-golf","7":"product_cat-lazdu-komplektai","8":"product_cat-vaikiski-lazdu-komplektai","9":"product_tag-cleveland","10":"product_tag-lazdu-komplektai","11":"product_tag-vaikams","13":"first","14":"outofstock","15":"taxable","16":"shipping-taxable","17":"purchasable","18":"product-type-simple"},"_links":{"self":[{"href":"https:\/\/birdie.lt\/en\/wp-json\/wp\/v2\/product\/3756","targetHints":{"allow":["GET"]}}],"collection":[{"href":"https:\/\/birdie.lt\/en\/wp-json\/wp\/v2\/product"}],"about":[{"href":"https:\/\/birdie.lt\/en\/wp-json\/wp\/v2\/types\/product"}],"version-history":[{"count":1,"href":"https:\/\/birdie.lt\/en\/wp-json\/wp\/v2\/product\/3756\/revisions"}],"predecessor-version":[{"id":16356,"href":"https:\/\/birdie.lt\/en\/wp-json\/wp\/v2\/product\/3756\/revisions\/16356"}],"wp:featuredmedia":[{"embeddable":true,"href":"https:\/\/birdie.lt\/en\/wp-json\/wp\/v2\/media\/3757"}],"wp:attachment":[{"href":"https:\/\/birdie.lt\/en\/wp-json\/wp\/v2\/media?parent=3756"}],"wp:term":[{"taxonomy":"product_brand","embeddable":true,"href":"https:\/\/birdie.lt\/en\/wp-json\/wp\/v2\/product_brand?post=3756"},{"taxonomy":"product_cat","embeddable":true,"href":"https:\/\/birdie.lt\/en\/wp-json\/wp\/v2\/product_cat?post=3756"},{"taxonomy":"product_tag","embeddable":true,"href":"https:\/\/birdie.lt\/en\/wp-json\/wp\/v2\/product_tag?post=3756"}],"curies":[{"name":"wp","href":"https:\/\/api.w.org\/{rel}","templated":true}]}}