{"id":3699,"date":"2024-04-16T21:16:45","date_gmt":"2024-04-16T18:16:45","guid":{"rendered":"https:\/\/birdie.lt\/?post_type=product&#038;p=3699"},"modified":"2026-05-01T16:47:25","modified_gmt":"2026-05-01T13:47:25","slug":"srixon-ad333-golfo-kamuoliukai","status":"publish","type":"product","link":"https:\/\/birdie.lt\/en\/srixon-ad333-golfo-kamuoliukai\/","title":{"rendered":"Srixon AD333 Golfo Kamuoliukai"},"content":{"rendered":"<h2>Golfo kamuoliuk\u0173 privalumai:<\/h2>\n<ul>\n<li><strong>ANTROS KARTOS SPINSKIN\u2122<\/strong><\/li>\n<\/ul>\n<p>Nauja danga 18 % padidina trinties j\u0117g\u0105 sm\u016bgio metu, palyginti su ankstesne versija, tod\u0117l kamuoliukai dar labiau sukasi green&#8217;o zonoje yra labiau valdomi bei mink\u0161tesni.<\/p>\n<ul>\n<li><strong>ENERGETIN\u0116 &#8220;GRADIENT GROWTH\u2122&#8221; \u0160ERDIS<\/strong><\/li>\n<\/ul>\n<p>Pa\u017eangi konstrukcija optimizuoja S.T.A.R. na\u0161um\u0105. (sukimasis, trajektorija, pagreitis ir reakcija)<\/p>\n<ul>\n<li><strong>S.T.A.R. VEIKIMAS<\/strong><\/li>\n<\/ul>\n<p>Kiekvienas &#8220;Srixon&#8221; golfo kamuoliuk\u0173 modelis sukurtas strategi\u0161kai derinant sukim\u0105si, trajektorij\u0105, pagreit\u012f ir reakcij\u0105, atsi\u017evelgiant \u012f tikslin\u012f \u017eaid\u0117j\u0105. Rezultatas &#8211; nepakartojamas na\u0161umas kiekvieno sm\u016bgio metu.<\/p>\n<h3>Technin\u0117 informacija:<\/h3>\n<p>Pakuot\u0117je : 12 vnt.<br \/>\nSluoksniai: 2<br \/>\nDanga: Ionomer<br \/>\n\u012edubimai: 324<br \/>\nKompresija: 72<\/p>\n","protected":false},"excerpt":{"rendered":"<p>Srixon AD333 golfo kamuoliukai u\u017etikrina puik\u0173 atstumo ir kamuoliuko sukimosi kontrol\u0117s green&#8217;o zonoje derin\u012f.\u00a0 Inovacijos, padedan\u010dios pakelti \u017eaidim\u0105 \u012f auk\u0161tesn\u012f lyg\u012f. Auk\u0161\u010diausias na\u0161umas prasideda nuo tinkam\u0173 kamuoli\u0173. Jei esate \u017eaid\u0117jas, kuriam reikia didesnio atstumo ir atlaidumo, tuomet 10-osios kartos AD333 kamuoliukai yra tai, ko ie\u0161kote.<\/p>\n","protected":false},"featured_media":6824,"template":"","meta":[],"product_brand":[317],"product_cat":[46,48],"product_tag":[276,318],"class_list":{"0":"post-3699","1":"product","2":"type-product","3":"status-publish","4":"has-post-thumbnail","6":"product_brand-srixon","7":"product_cat-kamuoliukai","8":"product_cat-nauji-golfo-kamuoliukai","9":"product_tag-kamuoliukai","10":"product_tag-srixon","11":"pa_spalva-balta","12":"pa_spalva-geltona","14":"first","15":"instock","16":"taxable","17":"shipping-taxable","18":"product-type-variable"},"_links":{"self":[{"href":"https:\/\/birdie.lt\/en\/wp-json\/wp\/v2\/product\/3699","targetHints":{"allow":["GET"]}}],"collection":[{"href":"https:\/\/birdie.lt\/en\/wp-json\/wp\/v2\/product"}],"about":[{"href":"https:\/\/birdie.lt\/en\/wp-json\/wp\/v2\/types\/product"}],"version-history":[{"count":0,"href":"https:\/\/birdie.lt\/en\/wp-json\/wp\/v2\/product\/3699\/revisions"}],"wp:featuredmedia":[{"embeddable":true,"href":"https:\/\/birdie.lt\/en\/wp-json\/wp\/v2\/media\/6824"}],"wp:attachment":[{"href":"https:\/\/birdie.lt\/en\/wp-json\/wp\/v2\/media?parent=3699"}],"wp:term":[{"taxonomy":"product_brand","embeddable":true,"href":"https:\/\/birdie.lt\/en\/wp-json\/wp\/v2\/product_brand?post=3699"},{"taxonomy":"product_cat","embeddable":true,"href":"https:\/\/birdie.lt\/en\/wp-json\/wp\/v2\/product_cat?post=3699"},{"taxonomy":"product_tag","embeddable":true,"href":"https:\/\/birdie.lt\/en\/wp-json\/wp\/v2\/product_tag?post=3699"}],"curies":[{"name":"wp","href":"https:\/\/api.w.org\/{rel}","templated":true}]}}