{"id":3651,"date":"2024-04-15T20:01:24","date_gmt":"2024-04-15T17:01:24","guid":{"rendered":"https:\/\/birdie.lt\/?post_type=product&#038;p=3651"},"modified":"2026-04-19T19:53:52","modified_gmt":"2026-04-19T16:53:52","slug":"vice-drive-golfo-kamuoliukai","status":"publish","type":"product","link":"https:\/\/birdie.lt\/en\/vice-drive-golfo-kamuoliukai\/","title":{"rendered":"Vice Drive Golfo Kamuoliukai"},"content":{"rendered":"\t\t<div data-elementor-type=\"wp-post\" data-elementor-id=\"3651\" class=\"elementor elementor-3651\">\n\t\t\t\t<div class=\"elementor-element elementor-element-a2de9e2 e-con-full e-flex e-con e-parent\" data-id=\"a2de9e2\" data-element_type=\"container\" data-e-type=\"container\" data-settings=\"{&quot;background_background&quot;:&quot;classic&quot;}\">\n\t\t<div class=\"elementor-element elementor-element-98132ac e-con-full e-flex e-con e-child\" data-id=\"98132ac\" data-element_type=\"container\" data-e-type=\"container\">\n\t\t\t\t<div class=\"elementor-element elementor-element-52b9987 elementor-widget elementor-widget-heading\" data-id=\"52b9987\" data-element_type=\"widget\" data-e-type=\"widget\" data-widget_type=\"heading.default\">\n\t\t\t\t<div class=\"elementor-widget-container\">\n\t\t\t\t\t<h2 class=\"elementor-heading-title elementor-size-default\">Vice Drive Kamuoliuk\u0173 Privalumai:<\/h2>\t\t\t\t<\/div>\n\t\t\t\t<\/div>\n\t\t\t\t<div class=\"elementor-element elementor-element-aa3446f elementor-widget elementor-widget-text-editor\" data-id=\"aa3446f\" data-element_type=\"widget\" data-e-type=\"widget\" data-widget_type=\"text-editor.default\">\n\t\t\t\t<div class=\"elementor-widget-container\">\n\t\t\t\t\t\t\t\t\t<h4><img decoding=\"async\" class=\"alignnone size-full wp-image-7648\" src=\"https:\/\/birdie.lt\/wp-content\/uploads\/2024\/10\/Comparison_Balls_Icon_Spin.svg\" alt=\"Comparison_Balls_Icon_Spin\" width=\"64\" height=\"64\" \/>\u00a0<strong>SUKIMASIS<\/strong><\/h4><p>\u017daid\u017eiant ilg\u0105j\u012f \u017eaidim\u0105 jis u\u017etikrina ma\u017e\u0105 sukim\u0105si ir didesn\u0119 trajektorij\u0105. Palyginti su \u201eVice Pro Air\u201c, pagrindinis skirtumas yra sukimo charakteristikos trumpame \u017eaidime, tod\u0117l \u201eVice Drive\u201c \u0161iek tiek labiau rieda ant \u017ealio pavir\u0161iaus.<\/p>\t\t\t\t\t\t\t\t<\/div>\n\t\t\t\t<\/div>\n\t\t\t\t<div class=\"elementor-element elementor-element-b40c586 elementor-widget elementor-widget-text-editor\" data-id=\"b40c586\" data-element_type=\"widget\" data-e-type=\"widget\" data-widget_type=\"text-editor.default\">\n\t\t\t\t<div class=\"elementor-widget-container\">\n\t\t\t\t\t\t\t\t\t<h4><img decoding=\"async\" class=\"alignnone  wp-image-7650\" src=\"https:\/\/birdie.lt\/wp-content\/uploads\/2024\/10\/Comparison_Balls_Icon_Variant.svg\" alt=\"Comparison_Balls_Icon_Variant\" width=\"60\" height=\"60\" \/>\u00a0 SWING&#8217;O GREITIS<\/h4><p>Nors \u0161is kamuoliukas bus naudingiausias \u017eaid\u0117jams, kuri\u0173 <em>Swing&#8217;o<\/em> greitis yra <b>l\u0117tesnis <\/b>arba <strong>vidutinis<\/strong>, \u201e<em>Vice Drive\u201c <\/em>yra puikus pasirinkimas <strong>bet kokio<\/strong> <em>swing&#8217;o<\/em> grei\u010dio \u017eaid\u0117jams, kurie ie\u0161ko <strong>did\u017eiausio atstumo<\/strong> kamuoliuk\u0173 u\u017e <strong>patraukli\u0105 kain\u0105<\/strong>.<\/p>\t\t\t\t\t\t\t\t<\/div>\n\t\t\t\t<\/div>\n\t\t\t\t<div class=\"elementor-element elementor-element-c45692d elementor-widget elementor-widget-text-editor\" data-id=\"c45692d\" data-element_type=\"widget\" data-e-type=\"widget\" data-widget_type=\"text-editor.default\">\n\t\t\t\t<div class=\"elementor-widget-container\">\n\t\t\t\t\t\t\t\t\t<h4 style=\"text-align: left;\"><img decoding=\"async\" class=\"alignnone wp-image-7651\" src=\"https:\/\/birdie.lt\/wp-content\/uploads\/2024\/10\/Comparison_Balls_Icon_Feel.svg\" alt=\"Comparison_Balls_Icon_Feel\" width=\"60\" height=\"60\" \/> POJ\u016aTIS<\/h4><p>\u201e<em>Vice Drive&#8221;<\/em> u\u017etikrina vidutinio stiprumo arba didesn\u012f gr\u012f\u017etam\u0105j\u012f ry\u0161\u012f t.y poj\u016bt\u012f.<\/p>\t\t\t\t\t\t\t\t<\/div>\n\t\t\t\t<\/div>\n\t\t\t\t<\/div>\n\t\t<div class=\"elementor-element elementor-element-0282287 e-con-full e-flex e-con e-child\" data-id=\"0282287\" data-element_type=\"container\" data-e-type=\"container\">\n\t\t\t\t<div class=\"elementor-element elementor-element-28b29d1 elementor-widget elementor-widget-image\" data-id=\"28b29d1\" data-element_type=\"widget\" data-e-type=\"widget\" data-widget_type=\"image.default\">\n\t\t\t\t<div class=\"elementor-widget-container\">\n\t\t\t\t\t\t\t\t\t\t\t\t\t\t\t<img loading=\"lazy\" decoding=\"async\" width=\"1500\" height=\"1500\" src=\"https:\/\/birdie.lt\/wp-content\/uploads\/2024\/04\/PDP_Drive_Blue_Layers_Main.webp\" class=\"attachment-full size-full wp-image-7653\" alt=\"PDP_Drive_Blue_Layers_Main\" srcset=\"https:\/\/birdie.lt\/wp-content\/uploads\/2024\/04\/PDP_Drive_Blue_Layers_Main.webp 1500w, https:\/\/birdie.lt\/wp-content\/uploads\/2024\/04\/PDP_Drive_Blue_Layers_Main-400x400.webp 400w, https:\/\/birdie.lt\/wp-content\/uploads\/2024\/04\/PDP_Drive_Blue_Layers_Main-150x150.webp 150w, https:\/\/birdie.lt\/wp-content\/uploads\/2024\/04\/PDP_Drive_Blue_Layers_Main-800x800.webp 800w, https:\/\/birdie.lt\/wp-content\/uploads\/2024\/04\/PDP_Drive_Blue_Layers_Main-360x360.webp 360w, https:\/\/birdie.lt\/wp-content\/uploads\/2024\/04\/PDP_Drive_Blue_Layers_Main-768x768.webp 768w\" sizes=\"(max-width: 1500px) 100vw, 1500px\" \/>\t\t\t\t\t\t\t\t\t\t\t\t\t\t\t<\/div>\n\t\t\t\t<\/div>\n\t\t\t\t<\/div>\n\t\t\t\t<\/div>\n\t\t<div class=\"elementor-element elementor-element-9b4e9bf e-con-full e-flex e-con e-parent\" data-id=\"9b4e9bf\" data-element_type=\"container\" data-e-type=\"container\">\n\t\t\t\t<div class=\"elementor-element elementor-element-06db82a elementor-widget elementor-widget-spacer\" data-id=\"06db82a\" data-element_type=\"widget\" data-e-type=\"widget\" data-widget_type=\"spacer.default\">\n\t\t\t\t<div class=\"elementor-widget-container\">\n\t\t\t\t\t\t\t<div class=\"elementor-spacer\">\n\t\t\t<div class=\"elementor-spacer-inner\"><\/div>\n\t\t<\/div>\n\t\t\t\t\t\t<\/div>\n\t\t\t\t<\/div>\n\t\t\t\t<\/div>\n\t\t<div class=\"elementor-element elementor-element-47f543f e-con-full e-flex e-con e-parent\" data-id=\"47f543f\" data-element_type=\"container\" data-e-type=\"container\">\n\t\t<div class=\"elementor-element elementor-element-d8cc7ab e-con-full e-flex e-con e-child\" data-id=\"d8cc7ab\" data-element_type=\"container\" data-e-type=\"container\">\n\t\t\t\t<div class=\"elementor-element elementor-element-78dd45f elementor-widget elementor-widget-text-editor\" data-id=\"78dd45f\" data-element_type=\"widget\" data-e-type=\"widget\" data-widget_type=\"text-editor.default\">\n\t\t\t\t<div class=\"elementor-widget-container\">\n\t\t\t\t\t\t\t\t\t<h2 style=\"text-align: center;\"><b>DANGA<\/b><\/h2><p style=\"text-align: center;\">Patobulintas \u201eDuPontTM Surlyn\u00ae\u201c dangos patvarumas ir padidinta kompresija. Tai u\u017etikrina dar <strong>didesn\u012f<\/strong> <strong>kamuoliuko<\/strong> <strong>greit\u012f<\/strong>.<\/p><p style=\"text-align: center;\">\u201eSurlyn\u00ae\u201c danga yra viena i\u0161 geriausi\u0173 <strong>kainos ir kokyb\u0117s santyki\u0173<\/strong> turin\u010di\u0173 golfo kamuoliuk\u0173 dang\u0173 rinkoje.<\/p><p style=\"text-align: center;\">\u00a0Itin atspar\u016bs, tod\u0117l u\u017etikrina <strong>skland\u0173<\/strong> <strong>\u017eaidim\u0105<\/strong> su<strong> visomis golfo lazdomis.\u00a0<\/strong><\/p><h2 style=\"text-align: center;\"><b>\u0160erdis<\/b><\/h2><p style=\"text-align: center;\">Mink\u0161ta \u0161erdis \u201eEnergy Speed Core\u201c (ESC) su <strong>didesniu svoriu<\/strong> ir <strong>didesniu suspaudimu<\/strong>, <strong>didesniam atstumui u\u017etikrinti<\/strong>.<\/p>\t\t\t\t\t\t\t\t<\/div>\n\t\t\t\t<\/div>\n\t\t\t\t<\/div>\n\t\t<div class=\"elementor-element elementor-element-db00c28 e-con-full e-flex e-con e-child\" data-id=\"db00c28\" data-element_type=\"container\" data-e-type=\"container\">\n\t\t\t\t<div class=\"elementor-element elementor-element-65cf9a1 elementor-widget elementor-widget-image\" data-id=\"65cf9a1\" data-element_type=\"widget\" data-e-type=\"widget\" data-widget_type=\"image.default\">\n\t\t\t\t<div class=\"elementor-widget-container\">\n\t\t\t\t\t\t\t\t\t\t\t\t\t\t\t<img loading=\"lazy\" decoding=\"async\" width=\"1000\" height=\"667\" src=\"https:\/\/birdie.lt\/wp-content\/uploads\/2024\/04\/vice-golf-pdp-explosion-Vice_Drive_Exp.webp\" class=\"attachment-large size-large wp-image-7652\" alt=\"\" srcset=\"https:\/\/birdie.lt\/wp-content\/uploads\/2024\/04\/vice-golf-pdp-explosion-Vice_Drive_Exp.webp 1000w, https:\/\/birdie.lt\/wp-content\/uploads\/2024\/04\/vice-golf-pdp-explosion-Vice_Drive_Exp-150x100.webp 150w, https:\/\/birdie.lt\/wp-content\/uploads\/2024\/04\/vice-golf-pdp-explosion-Vice_Drive_Exp-800x534.webp 800w, https:\/\/birdie.lt\/wp-content\/uploads\/2024\/04\/vice-golf-pdp-explosion-Vice_Drive_Exp-480x320.webp 480w, https:\/\/birdie.lt\/wp-content\/uploads\/2024\/04\/vice-golf-pdp-explosion-Vice_Drive_Exp-768x512.webp 768w\" sizes=\"(max-width: 1000px) 100vw, 1000px\">\t\t\t\t\t\t\t\t\t\t\t\t\t\t\t<\/div>\n\t\t\t\t<\/div>\n\t\t\t\t<\/div>\n\t\t<div class=\"elementor-element elementor-element-42c3488 e-con-full e-flex e-con e-child\" data-id=\"42c3488\" data-element_type=\"container\" data-e-type=\"container\">\n\t\t\t\t<div class=\"elementor-element elementor-element-8361391 elementor-widget elementor-widget-text-editor\" data-id=\"8361391\" data-element_type=\"widget\" data-e-type=\"widget\" data-widget_type=\"text-editor.default\">\n\t\t\t\t<div class=\"elementor-widget-container\">\n\t\t\t\t\t\t\t\t\t<h2 style=\"text-align: center;\"><b>KOMPRESIJA<\/b><\/h2><p style=\"text-align: center;\"><em>\u201eVice Drive\u201c<\/em>\u00a0kamuoliuk\u0173 kompresija &#8211;\u00a0 <strong>95<\/strong>,\u00a0 tiksliai optimizuota <strong>didesniam<\/strong> <strong>atstumui<\/strong>, esant <strong>bet kokiam <em>swing&#8217;o<\/em> grei\u010diui.\u00a0<\/strong><\/p><h2 style=\"text-align: center;\"><b>KAMUOLIUKO SKRYD\u017dIO TRAJEKTORIJA<\/b><\/h2><p style=\"text-align: center;\"><em>\u201eVice Drive\u201c<\/em> kamuoliukai optimizuoti taip, kad <strong>padidint\u0173<\/strong> <strong>skryd\u017eio<\/strong> <strong>trajektorij\u0105<\/strong> su <strong>ma\u017eesniu sukimosi grei\u010diu<\/strong>, siekiant <strong>padidinti<\/strong> <strong>atstum\u0105<\/strong>, o <strong>didesnis<\/strong> <strong>nusileidimo<\/strong> kampas suteikia \u017eaid\u0117jams galimyb\u0119 <strong>u\u017etikrintai<\/strong> <strong>sm\u016bgiuoti \u012f <em>green&#8217;\u0105<\/em><\/strong>.<\/p><p style=\"text-align: center;\">\u00a0<\/p>\t\t\t\t\t\t\t\t<\/div>\n\t\t\t\t<\/div>\n\t\t\t\t<\/div>\n\t\t\t\t<\/div>\n\t\t<div class=\"elementor-element elementor-element-d9716b0 e-con-full e-flex e-con e-parent\" data-id=\"d9716b0\" data-element_type=\"container\" data-e-type=\"container\" data-settings=\"{&quot;background_background&quot;:&quot;gradient&quot;}\">\n\t\t\t\t<div class=\"elementor-element elementor-element-d90df45 elementor-widget elementor-widget-image\" data-id=\"d90df45\" data-element_type=\"widget\" data-e-type=\"widget\" data-widget_type=\"image.default\">\n\t\t\t\t<div class=\"elementor-widget-container\">\n\t\t\t\t\t\t\t\t\t\t\t\t\t\t\t<img loading=\"lazy\" decoding=\"async\" width=\"1024\" height=\"341\" src=\"https:\/\/birdie.lt\/wp-content\/uploads\/2024\/04\/1080x360-1024x341.jpg\" class=\"attachment-large size-large wp-image-7654\" alt=\"vice_golfo_kamuoliukai\" srcset=\"https:\/\/birdie.lt\/wp-content\/uploads\/2024\/04\/1080x360-1024x341.jpg 1024w, https:\/\/birdie.lt\/wp-content\/uploads\/2024\/04\/1080x360-150x50.jpg 150w, https:\/\/birdie.lt\/wp-content\/uploads\/2024\/04\/1080x360-800x267.jpg 800w, https:\/\/birdie.lt\/wp-content\/uploads\/2024\/04\/1080x360-480x160.jpg 480w, https:\/\/birdie.lt\/wp-content\/uploads\/2024\/04\/1080x360-768x256.jpg 768w, https:\/\/birdie.lt\/wp-content\/uploads\/2024\/04\/1080x360.jpg 1080w\" sizes=\"(max-width: 1024px) 100vw, 1024px\" \/>\t\t\t\t\t\t\t\t\t\t\t\t\t\t\t<\/div>\n\t\t\t\t<\/div>\n\t\t\t\t<\/div>\n\t\t<div class=\"elementor-element elementor-element-bc89a8a e-con-full e-flex e-con e-parent\" data-id=\"bc89a8a\" data-element_type=\"container\" data-e-type=\"container\">\n\t\t\t\t<div class=\"elementor-element elementor-element-36dfd42 elementor-widget elementor-widget-spacer\" data-id=\"36dfd42\" data-element_type=\"widget\" data-e-type=\"widget\" data-widget_type=\"spacer.default\">\n\t\t\t\t<div class=\"elementor-widget-container\">\n\t\t\t\t\t\t\t<div class=\"elementor-spacer\">\n\t\t\t<div class=\"elementor-spacer-inner\"><\/div>\n\t\t<\/div>\n\t\t\t\t\t\t<\/div>\n\t\t\t\t<\/div>\n\t\t\t\t<div class=\"elementor-element elementor-element-bac50d6 elementor-widget elementor-widget-text-editor\" data-id=\"bac50d6\" data-element_type=\"widget\" data-e-type=\"widget\" data-widget_type=\"text-editor.default\">\n\t\t\t\t<div class=\"elementor-widget-container\">\n\t\t\t\t\t\t\t\t\t<h2>Technin\u0117 informacija:<\/h2><p>Pakuot\u0117je : 12 vnt.<br \/>Sluoksniai: 2<br \/>Danga: DuPont\u2122 Surlyn\u00a9<br \/>\u012edubimai: 312<br \/>Spalva: Balta, geltona, m\u0117lyna, rausva.<\/p>\t\t\t\t\t\t\t\t<\/div>\n\t\t\t\t<\/div>\n\t\t\t\t<\/div>\n\t\t\t\t<\/div>\n\t\t","protected":false},"excerpt":{"rendered":"<p style=\"text-align: center;\"><strong>Vice Drive <\/strong>Golfo kamuoliukai idealiai tinka <strong>pradedantiesiems<\/strong> ar jau kur\u012f laik\u0105 \u017eaid\u017eiantiems \u017eaid\u0117jams, kuri\u0173 swing&#8217;o greitis yra ma\u017eesnio ar vidutinio intensyvumo. <strong>I\u0161bandykite<\/strong> \u0161iuos kamuoliukus jeigu <strong>norite<\/strong> sm\u016bgiuoti kelet\u0105 ar keliolika metr\u0173 <strong>toliau<\/strong> nuo startin\u0117s aik\u0161tel\u0117s <strong>nei \u012fprastai<\/strong>.<\/p>\n","protected":false},"featured_media":14431,"template":"","meta":[],"product_brand":[334],"product_cat":[46,48,471],"product_tag":[276,335],"class_list":{"0":"post-3651","1":"product","2":"type-product","3":"status-publish","4":"has-post-thumbnail","6":"product_brand-vice-golf","7":"product_cat-kamuoliukai","8":"product_cat-nauji-golfo-kamuoliukai","9":"product_cat-specialus-pasiulymai","10":"product_tag-kamuoliukai","11":"product_tag-vice","12":"pa_spalva-balta","13":"pa_spalva-geltona","14":"pa_spalva-melyna","15":"pa_spalva-rausva","17":"first","18":"instock","19":"sale","20":"taxable","21":"shipping-taxable","22":"purchasable","23":"product-type-variable"},"_links":{"self":[{"href":"https:\/\/birdie.lt\/en\/wp-json\/wp\/v2\/product\/3651","targetHints":{"allow":["GET"]}}],"collection":[{"href":"https:\/\/birdie.lt\/en\/wp-json\/wp\/v2\/product"}],"about":[{"href":"https:\/\/birdie.lt\/en\/wp-json\/wp\/v2\/types\/product"}],"version-history":[{"count":0,"href":"https:\/\/birdie.lt\/en\/wp-json\/wp\/v2\/product\/3651\/revisions"}],"wp:featuredmedia":[{"embeddable":true,"href":"https:\/\/birdie.lt\/en\/wp-json\/wp\/v2\/media\/14431"}],"wp:attachment":[{"href":"https:\/\/birdie.lt\/en\/wp-json\/wp\/v2\/media?parent=3651"}],"wp:term":[{"taxonomy":"product_brand","embeddable":true,"href":"https:\/\/birdie.lt\/en\/wp-json\/wp\/v2\/product_brand?post=3651"},{"taxonomy":"product_cat","embeddable":true,"href":"https:\/\/birdie.lt\/en\/wp-json\/wp\/v2\/product_cat?post=3651"},{"taxonomy":"product_tag","embeddable":true,"href":"https:\/\/birdie.lt\/en\/wp-json\/wp\/v2\/product_tag?post=3651"}],"curies":[{"name":"wp","href":"https:\/\/api.w.org\/{rel}","templated":true}]}}