{"id":3603,"date":"2024-04-11T14:44:15","date_gmt":"2024-04-11T11:44:15","guid":{"rendered":"https:\/\/birdie.lt\/?post_type=product&#038;p=3603"},"modified":"2026-04-17T16:14:21","modified_gmt":"2026-04-17T13:14:21","slug":"pure2improve-5-0-ridenimo-kilimelis","status":"publish","type":"product","link":"https:\/\/birdie.lt\/en\/pure2improve-5-0-ridenimo-kilimelis\/","title":{"rendered":"Pure2Improve 5.0 Ridenimo Kilim\u0117lis"},"content":{"rendered":"<h2>Ridenimo kilim\u0117lio privalumai:<\/h2>\n<p>Pure golfo kilim\u0117lis, 65\u00d7500 cm. P2I kilim\u0117lis turi penkias zonas, kurios padeda tobulinti technik\u0105, tapti nuoseklesniems bei pagerinti \u017eaidim\u0105 green&#8217;e. Suprasdami ir pritaikydami ridenimo kilim\u0117lio praktikas bei technikos pratybas, \u0161is ridenimo kilim\u0117lis taps tiksliomis treniruot\u0117mis. Laikas, kur\u012f praleid\u017eiate treniruodamiesi, padeda pakelti savo \u017eaidimo standartus bei pagerinti rezultat\u0105.<\/p>\n<p>&nbsp;<\/p>\n<h3>Technin\u0117 informacija:<\/h3>\n<p>Dydis: 5 m. (65\u00d7500 cm)<\/p>\n","protected":false},"excerpt":{"rendered":"<p>Pure2Improve 5.0 ridenimo kilim\u0117lis\u00a0 yra auk\u0161\u010diausios kokyb\u0117s kilim\u0117lis, imituojantis realias green&#8217;o s\u0105lygas. \u0160is tobulas i\u0161lankstomas kilim\u0117lis pagerins j\u016bs\u0173 poj\u016bt\u012f, centravim\u0105 ir nuoseklum\u0105 bet kokiame ridenimo scenarijuje. Taip pat \u0161is kilim\u0117lis yra puikus vakar\u0117li\u0173 draugas. Organizuokite smagius ridenimo konkursus ir \u017eaidimus su draugais ir \u0161eima.<\/p>\n","protected":false},"featured_media":3604,"template":"","meta":[],"product_brand":[336],"product_cat":[572,471,32],"product_tag":[343,342,344],"class_list":{"0":"post-3603","1":"product","2":"type-product","3":"status-publish","4":"has-post-thumbnail","6":"product_brand-pure-p2i","7":"product_cat-aksesuarai","8":"product_cat-specialus-pasiulymai","9":"product_cat-treniravimosi-iranga","10":"product_tag-pure2improve","11":"product_tag-ridenimo-kilimeliai","12":"product_tag-treniruotes","14":"first","15":"instock","16":"sale","17":"taxable","18":"shipping-taxable","19":"purchasable","20":"product-type-simple"},"_links":{"self":[{"href":"https:\/\/birdie.lt\/en\/wp-json\/wp\/v2\/product\/3603","targetHints":{"allow":["GET"]}}],"collection":[{"href":"https:\/\/birdie.lt\/en\/wp-json\/wp\/v2\/product"}],"about":[{"href":"https:\/\/birdie.lt\/en\/wp-json\/wp\/v2\/types\/product"}],"version-history":[{"count":1,"href":"https:\/\/birdie.lt\/en\/wp-json\/wp\/v2\/product\/3603\/revisions"}],"predecessor-version":[{"id":16387,"href":"https:\/\/birdie.lt\/en\/wp-json\/wp\/v2\/product\/3603\/revisions\/16387"}],"wp:featuredmedia":[{"embeddable":true,"href":"https:\/\/birdie.lt\/en\/wp-json\/wp\/v2\/media\/3604"}],"wp:attachment":[{"href":"https:\/\/birdie.lt\/en\/wp-json\/wp\/v2\/media?parent=3603"}],"wp:term":[{"taxonomy":"product_brand","embeddable":true,"href":"https:\/\/birdie.lt\/en\/wp-json\/wp\/v2\/product_brand?post=3603"},{"taxonomy":"product_cat","embeddable":true,"href":"https:\/\/birdie.lt\/en\/wp-json\/wp\/v2\/product_cat?post=3603"},{"taxonomy":"product_tag","embeddable":true,"href":"https:\/\/birdie.lt\/en\/wp-json\/wp\/v2\/product_tag?post=3603"}],"curies":[{"name":"wp","href":"https:\/\/api.w.org\/{rel}","templated":true}]}}