{"id":3599,"date":"2024-04-11T14:22:23","date_gmt":"2024-04-11T11:22:23","guid":{"rendered":"https:\/\/birdie.lt\/?post_type=product&#038;p=3599"},"modified":"2026-04-13T18:13:33","modified_gmt":"2026-04-13T15:13:33","slug":"pride-evolution-smeigtukai-69mm-38mm-combo-50-vnt","status":"publish","type":"product","link":"https:\/\/birdie.lt\/en\/pride-evolution-smeigtukai-69mm-38mm-combo-50-vnt\/","title":{"rendered":"Pride Evolution Smeigtukai 69mm\/38mm Combo 50 vnt."},"content":{"rendered":"<p>&#8220;Pride Professional Tees&#8221; turi nuosav\u0105 spalvinio kodavimo sistem\u0105, kuri leid\u017eia lengvai nustatyti ilg\u012f ir tinkamum\u0105 \u012fvairioms golfo lazdoms.<\/p>\n<p>&nbsp;<\/p>\n","protected":false},"excerpt":{"rendered":"<p>Pride smeigtukai (tee) yra vieni i\u0161 populiariausi\u0173 smeigtuk\u0173 rinkoje. I\u0161skirtin\u0117s kokyb\u0117s \u017eenklas.<\/p>\n<p>Pakuot\u0117je: Pride Evolution 69 mm &#8211; 40 vnt. ir 38 mm &#8211; 10 vnt.<br \/>\nIlgis: 70 mm<\/p>\n","protected":false},"featured_media":3600,"template":"","meta":[],"product_brand":[331],"product_cat":[572,34],"product_tag":[332,333],"class_list":{"0":"post-3599","1":"product","2":"type-product","3":"status-publish","4":"has-post-thumbnail","6":"product_brand-golf-pride","7":"product_cat-aksesuarai","8":"product_cat-smeigtukai","9":"product_tag-pride","10":"product_tag-smeigtukai","12":"first","13":"instock","14":"taxable","15":"shipping-taxable","16":"purchasable","17":"product-type-simple"},"_links":{"self":[{"href":"https:\/\/birdie.lt\/en\/wp-json\/wp\/v2\/product\/3599","targetHints":{"allow":["GET"]}}],"collection":[{"href":"https:\/\/birdie.lt\/en\/wp-json\/wp\/v2\/product"}],"about":[{"href":"https:\/\/birdie.lt\/en\/wp-json\/wp\/v2\/types\/product"}],"version-history":[{"count":1,"href":"https:\/\/birdie.lt\/en\/wp-json\/wp\/v2\/product\/3599\/revisions"}],"predecessor-version":[{"id":16643,"href":"https:\/\/birdie.lt\/en\/wp-json\/wp\/v2\/product\/3599\/revisions\/16643"}],"wp:featuredmedia":[{"embeddable":true,"href":"https:\/\/birdie.lt\/en\/wp-json\/wp\/v2\/media\/3600"}],"wp:attachment":[{"href":"https:\/\/birdie.lt\/en\/wp-json\/wp\/v2\/media?parent=3599"}],"wp:term":[{"taxonomy":"product_brand","embeddable":true,"href":"https:\/\/birdie.lt\/en\/wp-json\/wp\/v2\/product_brand?post=3599"},{"taxonomy":"product_cat","embeddable":true,"href":"https:\/\/birdie.lt\/en\/wp-json\/wp\/v2\/product_cat?post=3599"},{"taxonomy":"product_tag","embeddable":true,"href":"https:\/\/birdie.lt\/en\/wp-json\/wp\/v2\/product_tag?post=3599"}],"curies":[{"name":"wp","href":"https:\/\/api.w.org\/{rel}","templated":true}]}}