{"id":3109,"date":"2024-04-05T15:58:47","date_gmt":"2024-04-05T12:58:47","guid":{"rendered":"https:\/\/birdie.lt\/?post_type=product&#038;p=3109"},"modified":"2025-09-16T08:13:36","modified_gmt":"2025-09-16T05:13:36","slug":"golf-impact-treniruociu-kilimelis","status":"publish","type":"product","link":"https:\/\/birdie.lt\/en\/golf-impact-treniruociu-kilimelis\/","title":{"rendered":"Golf Impact Treniruo\u010di\u0173 kilim\u0117lis"},"content":{"rendered":"","protected":false},"excerpt":{"rendered":"<p>Koks j\u016bs\u0173 sm\u016bgis? Su \u0161iuo &#8220;Pure2Improve Impact Mat&#8221; treniruo\u010di\u0173 kilim\u0117liu gal\u0117site vizualiai \u012fvertinti savo sm\u016bg\u012f. D\u0117l aksominio pavir\u0161iaus nebereik\u0117s sp\u0117lioti kur pataik\u0117te. Sm\u016bgiuokite su kamuoliuku arba be jo ir matykite, kok\u012f sm\u016bg\u012f atlikote. Treniruo\u010di\u0173 kilim\u0117lis &#8211; \u017eingsnis \u012f priek\u012f tobulo sm\u016bgio link!<\/p>\n<p>Pageidautinas pavir\u0161ius &#8211; \u017eol\u0117. 4 \u017eiedai gali b\u016bti naudojami kilim\u0117liui prilaikyti tri\u0161akiais arba \u017eem\u0117s smeigtukais (tri\u0161akiai ir golfo kamuoliukas \u012f komplekt\u0105 ne\u012feina). Gali naudoti ir kairiarankiai, ir de\u0161iniarankiai \u017eaid\u0117jai.<\/p>\n","protected":false},"featured_media":3110,"template":"","meta":[],"product_brand":[336],"product_cat":[572,471,32],"product_tag":[338,337],"class_list":{"0":"post-3109","1":"product","2":"type-product","3":"status-publish","4":"has-post-thumbnail","6":"product_brand-pure-p2i","7":"product_cat-aksesuarai","8":"product_cat-specialus-pasiulymai","9":"product_cat-treniravimosi-iranga","10":"product_tag-kilimeliai","11":"product_tag-pure-p2i","13":"first","14":"instock","15":"sale","16":"taxable","17":"shipping-taxable","18":"purchasable","19":"product-type-simple"},"_links":{"self":[{"href":"https:\/\/birdie.lt\/en\/wp-json\/wp\/v2\/product\/3109","targetHints":{"allow":["GET"]}}],"collection":[{"href":"https:\/\/birdie.lt\/en\/wp-json\/wp\/v2\/product"}],"about":[{"href":"https:\/\/birdie.lt\/en\/wp-json\/wp\/v2\/types\/product"}],"version-history":[{"count":0,"href":"https:\/\/birdie.lt\/en\/wp-json\/wp\/v2\/product\/3109\/revisions"}],"wp:featuredmedia":[{"embeddable":true,"href":"https:\/\/birdie.lt\/en\/wp-json\/wp\/v2\/media\/3110"}],"wp:attachment":[{"href":"https:\/\/birdie.lt\/en\/wp-json\/wp\/v2\/media?parent=3109"}],"wp:term":[{"taxonomy":"product_brand","embeddable":true,"href":"https:\/\/birdie.lt\/en\/wp-json\/wp\/v2\/product_brand?post=3109"},{"taxonomy":"product_cat","embeddable":true,"href":"https:\/\/birdie.lt\/en\/wp-json\/wp\/v2\/product_cat?post=3109"},{"taxonomy":"product_tag","embeddable":true,"href":"https:\/\/birdie.lt\/en\/wp-json\/wp\/v2\/product_tag?post=3109"}],"curies":[{"name":"wp","href":"https:\/\/api.w.org\/{rel}","templated":true}]}}