{"id":3082,"date":"2024-04-05T14:46:02","date_gmt":"2024-04-05T11:46:02","guid":{"rendered":"https:\/\/birdie.lt\/?post_type=product&#038;p=3082"},"modified":"2025-04-09T19:35:51","modified_gmt":"2025-04-09T16:35:51","slug":"pride-step-down-mediniai-smeigtukai","status":"publish","type":"product","link":"https:\/\/birdie.lt\/en\/pride-step-down-mediniai-smeigtukai\/","title":{"rendered":"Pride Step Down Mediniai Smeigtukai 54mm 50vnt."},"content":{"rendered":"<p>Pride Step Down Mediniai Smeigtukai 54mm. Puikiai tinka iron&#8217;ams, hybrid&#8217;ams bei \u017eemo profilio fairway wood lazdoms.<\/p>\n<p>Smeigtukai turi speciali\u0105 zon\u0105, kad \u017eaid\u017eiant sm\u016bgiuotum\u0117te visada nuo to pa\u010dio auk\u0161\u010dio.<\/p>\n<p>&nbsp;<\/p>\n","protected":false},"excerpt":{"rendered":"<p>Pride mediniai smeigtukai (tee) yra vieni i\u0161 populiariausi\u0173 smeigtuk\u0173 rinkoje. I\u0161skirtin\u0117s kokyb\u0117s \u017eenklas.<\/p>\n<p>Pakuot\u0117je ~50 vnt.<br \/>\nIlgis:54 mm<br \/>\nPagaminta i\u0161 100 % nat\u016bralaus kietmed\u017eio.<\/p>\n","protected":false},"featured_media":3087,"template":"","meta":[],"product_brand":[331],"product_cat":[572,34],"product_tag":[332,333],"class_list":{"0":"post-3082","1":"product","2":"type-product","3":"status-publish","4":"has-post-thumbnail","6":"product_brand-golf-pride","7":"product_cat-aksesuarai","8":"product_cat-smeigtukai","9":"product_tag-pride","10":"product_tag-smeigtukai","12":"first","13":"instock","14":"taxable","15":"shipping-taxable","16":"purchasable","17":"product-type-simple"},"_links":{"self":[{"href":"https:\/\/birdie.lt\/en\/wp-json\/wp\/v2\/product\/3082","targetHints":{"allow":["GET"]}}],"collection":[{"href":"https:\/\/birdie.lt\/en\/wp-json\/wp\/v2\/product"}],"about":[{"href":"https:\/\/birdie.lt\/en\/wp-json\/wp\/v2\/types\/product"}],"version-history":[{"count":0,"href":"https:\/\/birdie.lt\/en\/wp-json\/wp\/v2\/product\/3082\/revisions"}],"wp:featuredmedia":[{"embeddable":true,"href":"https:\/\/birdie.lt\/en\/wp-json\/wp\/v2\/media\/3087"}],"wp:attachment":[{"href":"https:\/\/birdie.lt\/en\/wp-json\/wp\/v2\/media?parent=3082"}],"wp:term":[{"taxonomy":"product_brand","embeddable":true,"href":"https:\/\/birdie.lt\/en\/wp-json\/wp\/v2\/product_brand?post=3082"},{"taxonomy":"product_cat","embeddable":true,"href":"https:\/\/birdie.lt\/en\/wp-json\/wp\/v2\/product_cat?post=3082"},{"taxonomy":"product_tag","embeddable":true,"href":"https:\/\/birdie.lt\/en\/wp-json\/wp\/v2\/product_tag?post=3082"}],"curies":[{"name":"wp","href":"https:\/\/api.w.org\/{rel}","templated":true}]}}