{"id":2984,"date":"2024-04-02T20:16:11","date_gmt":"2024-04-02T17:16:11","guid":{"rendered":"https:\/\/birdie.lt\/?post_type=product&#038;p=2984"},"modified":"2026-04-13T18:15:03","modified_gmt":"2026-04-13T15:15:03","slug":"pride-mediniai-smeigtukai-83mm","status":"publish","type":"product","link":"https:\/\/birdie.lt\/en\/pride-mediniai-smeigtukai-83mm\/","title":{"rendered":"Pride Mediniai Smeigtukai 83mm 75vnt."},"content":{"rendered":"<p>&#8220;Pride Professional Tees&#8221; turi nuosav\u0105 spalvinio kodavimo sistem\u0105, kuri leid\u017eia lengvai nustatyti ilg\u012f ir tinkamum\u0105 \u012fvairioms golfo lazdoms, tod\u0117l idealiai tinka iron&#8217;ams, \u017eemo profilio fairway wood&#8217;ams ir did\u017eiausiems rinkoje esantiems driver&#8217;iams.<\/p>\n<p>&nbsp;<\/p>\n","protected":false},"excerpt":{"rendered":"<p>Pride mediniai smeigtukai (tee) yra vieni i\u0161 populiariausi\u0173 smeigtuk\u0173 rinkoje. I\u0161skirtin\u0117s kokyb\u0117s \u017eenklas.<\/p>\n<p>Pakuot\u0117je 75 vnt.<br \/>\nIlgis: 83 mm<\/p>\n","protected":false},"featured_media":2985,"template":"","meta":[],"product_brand":[331],"product_cat":[572,34],"product_tag":[332,333],"class_list":{"0":"post-2984","1":"product","2":"type-product","3":"status-publish","4":"has-post-thumbnail","6":"product_brand-golf-pride","7":"product_cat-aksesuarai","8":"product_cat-smeigtukai","9":"product_tag-pride","10":"product_tag-smeigtukai","12":"first","13":"instock","14":"sale","15":"taxable","16":"shipping-taxable","17":"purchasable","18":"product-type-simple"},"_links":{"self":[{"href":"https:\/\/birdie.lt\/en\/wp-json\/wp\/v2\/product\/2984","targetHints":{"allow":["GET"]}}],"collection":[{"href":"https:\/\/birdie.lt\/en\/wp-json\/wp\/v2\/product"}],"about":[{"href":"https:\/\/birdie.lt\/en\/wp-json\/wp\/v2\/types\/product"}],"version-history":[{"count":1,"href":"https:\/\/birdie.lt\/en\/wp-json\/wp\/v2\/product\/2984\/revisions"}],"predecessor-version":[{"id":16647,"href":"https:\/\/birdie.lt\/en\/wp-json\/wp\/v2\/product\/2984\/revisions\/16647"}],"wp:featuredmedia":[{"embeddable":true,"href":"https:\/\/birdie.lt\/en\/wp-json\/wp\/v2\/media\/2985"}],"wp:attachment":[{"href":"https:\/\/birdie.lt\/en\/wp-json\/wp\/v2\/media?parent=2984"}],"wp:term":[{"taxonomy":"product_brand","embeddable":true,"href":"https:\/\/birdie.lt\/en\/wp-json\/wp\/v2\/product_brand?post=2984"},{"taxonomy":"product_cat","embeddable":true,"href":"https:\/\/birdie.lt\/en\/wp-json\/wp\/v2\/product_cat?post=2984"},{"taxonomy":"product_tag","embeddable":true,"href":"https:\/\/birdie.lt\/en\/wp-json\/wp\/v2\/product_tag?post=2984"}],"curies":[{"name":"wp","href":"https:\/\/api.w.org\/{rel}","templated":true}]}}