{"id":2921,"date":"2024-03-29T11:01:47","date_gmt":"2024-03-29T09:01:47","guid":{"rendered":"https:\/\/birdie.lt\/?post_type=product&#038;p=2921"},"modified":"2026-04-13T18:15:12","modified_gmt":"2026-04-13T15:15:12","slug":"srixon-tour-staff-lazdu-krepsys","status":"publish","type":"product","link":"https:\/\/birdie.lt\/en\/srixon-tour-staff-lazdu-krepsys\/","title":{"rendered":"Srixon Tour Staff Lazd\u0173 Krep\u0161ys"},"content":{"rendered":"<h2>Privalumai:<\/h2>\n<ul>\n<li><strong>7 PATOGIAI I\u0160D\u0116STYTOS KI\u0160EN\u0116S<\/strong><\/li>\n<\/ul>\n<p>Suteikia gausi\u0105 daikt\u0173 saugojimo galimyb\u0119 j\u016bs\u0173 golfo reikmenims, tokiems kaip: kamuoliukai, telefonas, papildomi drabu\u017eiai, lazerinis tolimatis ir kt.<\/p>\n<ul>\n<li><strong>PETIES DIR\u017dAS SU &#8220;CLEVELAND&#8221; LOGOTIPU<\/strong><\/li>\n<\/ul>\n<p>Suteikia patogi\u0105 lazd\u0173 krep\u0161io ne\u0161iojimo ant peties galimyb\u0119.<\/p>\n<ul>\n<li><strong>IZOLIUOTA TERMO KI\u0160EN\u0116<\/strong><\/li>\n<\/ul>\n<p>Speciali ki\u0161en\u0117 su termo izoliacija, skirta laikyti g\u0117rimus ar u\u017ekand\u017eius \u0161altai\/\u0161iltai \u017eaid\u017eiant aik\u0161tyne.<\/p>\n","protected":false},"excerpt":{"rendered":"<p>Srixon Tour Staff Lazd\u0173 Krep\u0161ys yra auk\u0161tos kokyb\u0117s golfo krep\u0161ys, sukurtas pagal profesionali\u0173 golfo \u017eaid\u0117j\u0173 poreikius. \u0160is krep\u0161ys puikiai tinka ilgalaikiam ir intensyviam naudojimui, pasi\u017eymi tvirta konstrukcija ir patogiomis funkcijomis, tokiomis kaip didel\u0117 talpa, daugyb\u0117 ki\u0161eni\u0173, patogios rankenos ir patikimas u\u017esegimas. Juodas dizainas suteikia eleganti\u0161kumo ir stiliaus j\u016bs\u0173 golfo \u012frangai.<\/p>\n","protected":false},"featured_media":2922,"template":"","meta":[],"product_brand":[317],"product_cat":[52,49,50],"product_tag":[255,318,210],"class_list":{"0":"post-2921","1":"product","2":"type-product","3":"status-publish","4":"has-post-thumbnail","6":"product_brand-srixon","7":"product_cat-vezimeliu-krepsiai","8":"product_cat-krepsiai-ir-vezimeliai","9":"product_cat-krepsiai","10":"product_tag-krepsiai","11":"product_tag-srixon","12":"product_tag-vyrams","13":"pa_spalva-juoda","15":"first","16":"outofstock","17":"taxable","18":"shipping-taxable","19":"product-type-variable"},"_links":{"self":[{"href":"https:\/\/birdie.lt\/en\/wp-json\/wp\/v2\/product\/2921","targetHints":{"allow":["GET"]}}],"collection":[{"href":"https:\/\/birdie.lt\/en\/wp-json\/wp\/v2\/product"}],"about":[{"href":"https:\/\/birdie.lt\/en\/wp-json\/wp\/v2\/types\/product"}],"version-history":[{"count":1,"href":"https:\/\/birdie.lt\/en\/wp-json\/wp\/v2\/product\/2921\/revisions"}],"predecessor-version":[{"id":16648,"href":"https:\/\/birdie.lt\/en\/wp-json\/wp\/v2\/product\/2921\/revisions\/16648"}],"wp:featuredmedia":[{"embeddable":true,"href":"https:\/\/birdie.lt\/en\/wp-json\/wp\/v2\/media\/2922"}],"wp:attachment":[{"href":"https:\/\/birdie.lt\/en\/wp-json\/wp\/v2\/media?parent=2921"}],"wp:term":[{"taxonomy":"product_brand","embeddable":true,"href":"https:\/\/birdie.lt\/en\/wp-json\/wp\/v2\/product_brand?post=2921"},{"taxonomy":"product_cat","embeddable":true,"href":"https:\/\/birdie.lt\/en\/wp-json\/wp\/v2\/product_cat?post=2921"},{"taxonomy":"product_tag","embeddable":true,"href":"https:\/\/birdie.lt\/en\/wp-json\/wp\/v2\/product_tag?post=2921"}],"curies":[{"name":"wp","href":"https:\/\/api.w.org\/{rel}","templated":true}]}}