{"id":2916,"date":"2024-03-29T10:41:15","date_gmt":"2024-03-29T08:41:15","guid":{"rendered":"https:\/\/birdie.lt\/?post_type=product&#038;p=2916"},"modified":"2024-04-15T12:10:00","modified_gmt":"2024-04-15T09:10:00","slug":"xxio-premium-vezimelio-krepsys","status":"publish","type":"product","link":"https:\/\/birdie.lt\/en\/xxio-premium-vezimelio-krepsys\/","title":{"rendered":"XXIO Premium Ve\u017eim\u0117lio Krep\u0161ys"},"content":{"rendered":"<h2>Privalumai:<\/h2>\n<ul>\n<li><strong>14 PERTVAR\u0172 LAZD\u0172 SKYRIUS<\/strong><\/li>\n<\/ul>\n<p>U\u017etikrina patog\u0173 ir tvarking\u0105 lazd\u0173 i\u0161d\u0117stym\u0105, neleid\u017eiant joms mai\u0161ytis tarpusavyje.<\/p>\n<ul>\n<li><strong>DIDELIS PUTTER LAZDOS SKYRIUS<\/strong><\/li>\n<\/ul>\n<p>Specialus skyrius, skirtas talpinti didesnius putterius, u\u017etikrinant j\u0173 patog\u0173 ir saug\u0173 laikym\u0105.<\/p>\n<ul>\n<li><strong>7 U\u017dSEGAMOS KI\u0160EN\u0116S<\/strong><\/li>\n<\/ul>\n<p>7-ios u\u017esegamos ki\u0161en\u0117s suteikia gausi\u0105 daikt\u0173 saugojimo galimyb\u0119 j\u016bs\u0173 golfo reikmenims, \u012fskaitant kamuolius, vandens gertuv\u0119, rank\u0161luost\u012f ir daug kit\u0173.<\/p>\n<ul>\n<li><strong>IZOLIUOTA TERMO KI\u0160EN\u0116<\/strong><\/li>\n<\/ul>\n<p>Speciali ki\u0161en\u0117 su termo izoliacija, skirta laikyti g\u0117rimus ar u\u017ekand\u017eius \u0161altai\/\u0161iltai \u017eaid\u017eiant aik\u0161tyne.<\/p>\n<h2>Technin\u0117 informacija:<\/h2>\n<p>Svoris: 3,7 kg<\/p>\n","protected":false},"excerpt":{"rendered":"<p>XXIO Premium ve\u017eim\u0117lio krep\u0161ys yra auk\u0161tos kokyb\u0117s golfo krep\u0161ys, specialiai projektuotas talpinti ir saugoti golfo lazdas. \u0160is krep\u0161ys turi daugyb\u0119 skyri\u0173 ir ki\u0161eni\u0173, kuriose galima patogiai laikyti lazdas, kamuoliukus, bei kitus reikalingus golfo \u012frankius. Tai patogus ir funkcionalus pasirinkimas kiekvienam golfo entuziastui.<\/p>\n","protected":false},"featured_media":2917,"template":"","meta":[],"product_brand":[315],"product_cat":[49,50,52],"product_tag":[255,210,316],"class_list":{"0":"post-2916","1":"product","2":"type-product","3":"status-publish","4":"has-post-thumbnail","6":"product_brand-xxio","7":"product_cat-krepsiai-ir-vezimeliai","8":"product_cat-krepsiai","9":"product_cat-vezimeliu-krepsiai","10":"product_tag-krepsiai","11":"product_tag-vyrams","12":"product_tag-xxio","14":"first","15":"instock","16":"taxable","17":"shipping-taxable","18":"purchasable","19":"product-type-simple"},"_links":{"self":[{"href":"https:\/\/birdie.lt\/en\/wp-json\/wp\/v2\/product\/2916","targetHints":{"allow":["GET"]}}],"collection":[{"href":"https:\/\/birdie.lt\/en\/wp-json\/wp\/v2\/product"}],"about":[{"href":"https:\/\/birdie.lt\/en\/wp-json\/wp\/v2\/types\/product"}],"version-history":[{"count":0,"href":"https:\/\/birdie.lt\/en\/wp-json\/wp\/v2\/product\/2916\/revisions"}],"wp:featuredmedia":[{"embeddable":true,"href":"https:\/\/birdie.lt\/en\/wp-json\/wp\/v2\/media\/2917"}],"wp:attachment":[{"href":"https:\/\/birdie.lt\/en\/wp-json\/wp\/v2\/media?parent=2916"}],"wp:term":[{"taxonomy":"product_brand","embeddable":true,"href":"https:\/\/birdie.lt\/en\/wp-json\/wp\/v2\/product_brand?post=2916"},{"taxonomy":"product_cat","embeddable":true,"href":"https:\/\/birdie.lt\/en\/wp-json\/wp\/v2\/product_cat?post=2916"},{"taxonomy":"product_tag","embeddable":true,"href":"https:\/\/birdie.lt\/en\/wp-json\/wp\/v2\/product_tag?post=2916"}],"curies":[{"name":"wp","href":"https:\/\/api.w.org\/{rel}","templated":true}]}}