{"id":2836,"date":"2024-03-28T16:09:04","date_gmt":"2024-03-28T14:09:04","guid":{"rendered":"https:\/\/birdie.lt\/?post_type=product&#038;p=2836"},"modified":"2026-04-13T18:15:21","modified_gmt":"2026-04-13T15:15:21","slug":"xxio-prime-12-iron-rinkinys","status":"publish","type":"product","link":"https:\/\/birdie.lt\/en\/xxio-prime-12-iron-rinkinys\/","title":{"rendered":"XXIO Prime #12 Iron Rinkinys"},"content":{"rendered":"\t\t<div data-elementor-type=\"wp-post\" data-elementor-id=\"2836\" class=\"elementor elementor-2836\">\n\t\t\t\t<div class=\"elementor-element elementor-element-aa39ff8 e-con-full e-flex e-con e-parent\" data-id=\"aa39ff8\" data-element_type=\"container\" data-e-type=\"container\">\n\t\t<div class=\"elementor-element elementor-element-1483771 e-con-full e-flex e-con e-child\" data-id=\"1483771\" data-element_type=\"container\" data-e-type=\"container\">\n\t\t\t\t<div class=\"elementor-element elementor-element-ab95a0c elementor-widget elementor-widget-image\" data-id=\"ab95a0c\" data-element_type=\"widget\" data-e-type=\"widget\" data-widget_type=\"image.default\">\n\t\t\t\t<div class=\"elementor-widget-container\">\n\t\t\t\t\t\t\t\t\t\t\t\t\t\t\t<img fetchpriority=\"high\" decoding=\"async\" width=\"974\" height=\"768\" src=\"https:\/\/birdie.lt\/wp-content\/uploads\/2024\/03\/rebound_frame-1-974x768.png\" class=\"attachment-large size-large wp-image-13897\" alt=\"rebound_frame\" srcset=\"https:\/\/birdie.lt\/wp-content\/uploads\/2024\/03\/rebound_frame-1-974x768.png 974w, https:\/\/birdie.lt\/wp-content\/uploads\/2024\/03\/rebound_frame-1-150x118.png 150w, https:\/\/birdie.lt\/wp-content\/uploads\/2024\/03\/rebound_frame-1-800x631.png 800w, https:\/\/birdie.lt\/wp-content\/uploads\/2024\/03\/rebound_frame-1-457x360.png 457w, https:\/\/birdie.lt\/wp-content\/uploads\/2024\/03\/rebound_frame-1-768x605.png 768w, https:\/\/birdie.lt\/wp-content\/uploads\/2024\/03\/rebound_frame-1.png 1484w\" sizes=\"(max-width: 974px) 100vw, 974px\" \/>\t\t\t\t\t\t\t\t\t\t\t\t\t\t\t<\/div>\n\t\t\t\t<\/div>\n\t\t\t\t<\/div>\n\t\t<div class=\"elementor-element elementor-element-8783ae7 e-con-full e-flex e-con e-child\" data-id=\"8783ae7\" data-element_type=\"container\" data-e-type=\"container\">\n\t\t\t\t<div class=\"elementor-element elementor-element-fcb6420 elementor-widget elementor-widget-heading\" data-id=\"fcb6420\" data-element_type=\"widget\" data-e-type=\"widget\" data-widget_type=\"heading.default\">\n\t\t\t\t<div class=\"elementor-widget-container\">\n\t\t\t\t\t<h2 class=\"elementor-heading-title elementor-size-default\">\u201eREBOUND FRAME\u201c TECHNOLOGIJA<\/h2>\t\t\t\t<\/div>\n\t\t\t\t<\/div>\n\t\t\t\t<div class=\"elementor-element elementor-element-64ca921 elementor-widget elementor-widget-text-editor\" data-id=\"64ca921\" data-element_type=\"widget\" data-e-type=\"widget\" data-widget_type=\"text-editor.default\">\n\t\t\t\t<div class=\"elementor-widget-container\">\n\t\t\t\t\t\t\t\t\t<p>Nauj\u0173j\u0173 <strong>XXIO<\/strong> <strong>Prime<\/strong> iron&#8217;\u0173 <strong>mink\u0161ta<\/strong> ir <strong>standi<\/strong> strukt\u016bra <strong>sujungia<\/strong> <strong>lankstumo<\/strong> <strong>zon\u0105<\/strong> apatin\u0117je korpuso dalyje ir <strong>stand\u017ei\u0105<\/strong> <strong>zon\u0105<\/strong> galin\u0117je korpuso dalyje, kad b\u016bt\u0173 <strong>u\u017etikrintas<\/strong> <strong>geresnis<\/strong> <strong>energijos perdavimas<\/strong> apatin\u0117je lazdos galvos dalyje.<\/p>\t\t\t\t\t\t\t\t<\/div>\n\t\t\t\t<\/div>\n\t\t\t\t<\/div>\n\t\t\t\t<\/div>\n\t\t<div class=\"elementor-element elementor-element-0a7fc02 e-con-full e-flex e-con e-parent\" data-id=\"0a7fc02\" data-element_type=\"container\" data-e-type=\"container\">\n\t\t<div class=\"elementor-element elementor-element-f3970a3 e-con-full e-flex e-con e-child\" data-id=\"f3970a3\" data-element_type=\"container\" data-e-type=\"container\">\n\t\t\t\t<div class=\"elementor-element elementor-element-ed2ca1f elementor-widget elementor-widget-heading\" data-id=\"ed2ca1f\" data-element_type=\"widget\" data-e-type=\"widget\" data-widget_type=\"heading.default\">\n\t\t\t\t<div class=\"elementor-widget-container\">\n\t\t\t\t\t<h2 class=\"elementor-heading-title elementor-size-default\">SUPER-TIX\u00ae TITANO PAVIR\u0160IAI<\/h2>\t\t\t\t<\/div>\n\t\t\t\t<\/div>\n\t\t\t\t<div class=\"elementor-element elementor-element-4b1dba7 elementor-widget elementor-widget-text-editor\" data-id=\"4b1dba7\" data-element_type=\"widget\" data-e-type=\"widget\" data-widget_type=\"text-editor.default\">\n\t\t\t\t<div class=\"elementor-widget-container\">\n\t\t\t\t\t\t\t\t\t<p style=\"text-align: center;\"><strong>Kiekviena<\/strong> iron lazdos plok\u0161tuma pagaminta i\u0161 \u201e<em><strong>Super-TIX\u00ae-51AF\u201c<\/strong><\/em>\u00a0titano &#8211; <strong>ne\u012ftik\u0117tinai<\/strong> <strong>tvirto<\/strong>, bet <strong>lengvo<\/strong> <strong>lydinio<\/strong>, kurio plonesn\u0117s plok\u0161tumos dalys <strong>padidina<\/strong> pavir\u0161iaus <strong>lankstum\u0105<\/strong> ir kamuoliuko <strong>greit\u012f<\/strong> atliekant <strong>visus sm\u016bgius<\/strong>.<\/p>\t\t\t\t\t\t\t\t<\/div>\n\t\t\t\t<\/div>\n\t\t\t\t<\/div>\n\t\t<div class=\"elementor-element elementor-element-5623195 e-con-full e-flex e-con e-child\" data-id=\"5623195\" data-element_type=\"container\" data-e-type=\"container\">\n\t\t\t\t<div class=\"elementor-element elementor-element-f0d4496 elementor-widget elementor-widget-image\" data-id=\"f0d4496\" data-element_type=\"widget\" data-e-type=\"widget\" data-widget_type=\"image.default\">\n\t\t\t\t<div class=\"elementor-widget-container\">\n\t\t\t\t\t\t\t\t\t\t\t\t\t\t\t<img decoding=\"async\" width=\"1024\" height=\"564\" src=\"https:\/\/birdie.lt\/wp-content\/uploads\/2024\/03\/super_tix_titanium_faces-1024x564.png\" class=\"attachment-large size-large wp-image-13901\" alt=\"super_tix_titanium_faces\" srcset=\"https:\/\/birdie.lt\/wp-content\/uploads\/2024\/03\/super_tix_titanium_faces-1024x564.png 1024w, https:\/\/birdie.lt\/wp-content\/uploads\/2024\/03\/super_tix_titanium_faces-150x83.png 150w, https:\/\/birdie.lt\/wp-content\/uploads\/2024\/03\/super_tix_titanium_faces-800x441.png 800w, https:\/\/birdie.lt\/wp-content\/uploads\/2024\/03\/super_tix_titanium_faces-480x265.png 480w, https:\/\/birdie.lt\/wp-content\/uploads\/2024\/03\/super_tix_titanium_faces-768x423.png 768w, https:\/\/birdie.lt\/wp-content\/uploads\/2024\/03\/super_tix_titanium_faces.png 1484w\" sizes=\"(max-width: 1024px) 100vw, 1024px\" \/>\t\t\t\t\t\t\t\t\t\t\t\t\t\t\t<\/div>\n\t\t\t\t<\/div>\n\t\t\t\t<\/div>\n\t\t\t\t<\/div>\n\t\t<div class=\"elementor-element elementor-element-e742e79 e-con-full e-flex e-con e-parent\" data-id=\"e742e79\" data-element_type=\"container\" data-e-type=\"container\">\n\t\t<div class=\"elementor-element elementor-element-8402064 e-con-full e-flex e-con e-child\" data-id=\"8402064\" data-element_type=\"container\" data-e-type=\"container\">\n\t\t\t\t<div class=\"elementor-element elementor-element-74be545 elementor-widget elementor-widget-image\" data-id=\"74be545\" data-element_type=\"widget\" data-e-type=\"widget\" data-widget_type=\"image.default\">\n\t\t\t\t<div class=\"elementor-widget-container\">\n\t\t\t\t\t\t\t\t\t\t\t\t\t\t\t<img decoding=\"async\" width=\"781\" height=\"768\" src=\"https:\/\/birdie.lt\/wp-content\/uploads\/2024\/03\/progressive_cg-781x768.png\" class=\"attachment-large size-large wp-image-13899\" alt=\"progressive_cg\" srcset=\"https:\/\/birdie.lt\/wp-content\/uploads\/2024\/03\/progressive_cg-781x768.png 781w, https:\/\/birdie.lt\/wp-content\/uploads\/2024\/03\/progressive_cg-150x147.png 150w, https:\/\/birdie.lt\/wp-content\/uploads\/2024\/03\/progressive_cg-800x787.png 800w, https:\/\/birdie.lt\/wp-content\/uploads\/2024\/03\/progressive_cg-366x360.png 366w, https:\/\/birdie.lt\/wp-content\/uploads\/2024\/03\/progressive_cg-768x755.png 768w, https:\/\/birdie.lt\/wp-content\/uploads\/2024\/03\/progressive_cg.png 1484w\" sizes=\"(max-width: 781px) 100vw, 781px\" \/>\t\t\t\t\t\t\t\t\t\t\t\t\t\t\t<\/div>\n\t\t\t\t<\/div>\n\t\t\t\t<\/div>\n\t\t<div class=\"elementor-element elementor-element-cce9c55 e-con-full e-flex e-con e-child\" data-id=\"cce9c55\" data-element_type=\"container\" data-e-type=\"container\">\n\t\t\t\t<div class=\"elementor-element elementor-element-49e644f elementor-widget elementor-widget-heading\" data-id=\"49e644f\" data-element_type=\"widget\" data-e-type=\"widget\" data-widget_type=\"heading.default\">\n\t\t\t\t<div class=\"elementor-widget-container\">\n\t\t\t\t\t<h2 class=\"elementor-heading-title elementor-size-default\">\u201ePROGRESSIVE CG\u201c TECHNOLOGIJA<\/h2>\t\t\t\t<\/div>\n\t\t\t\t<\/div>\n\t\t\t\t<div class=\"elementor-element elementor-element-c55fb07 elementor-widget elementor-widget-text-editor\" data-id=\"c55fb07\" data-element_type=\"widget\" data-e-type=\"widget\" data-widget_type=\"text-editor.default\">\n\t\t\t\t<div class=\"elementor-widget-container\">\n\t\t\t\t\t\t\t\t\t<p style=\"text-align: center;\"><strong>Dinami\u0161kai kintantis<\/strong> pavir\u0161iaus storis ir didelio tankio <strong>volframo-nikelio<\/strong> svoris lazdos priekyje <strong>optimizuoja<\/strong> <strong>greit\u012f<\/strong>, <strong>stabilum\u0105<\/strong> kiekvienoje iron lazdoje. <strong>\u017demiau<\/strong> esantis <strong>ilg\u0173j\u0173 iron&#8217;\u0173<\/strong> svorio centras <strong>u\u017etikrina<\/strong> <strong>didesn\u012f<\/strong> <strong>na\u0161um\u0105<\/strong>, o <strong>auk\u0161\u010diau<\/strong> esantis <strong>trump\u0173j\u0173 iron&#8217;\u0173<\/strong> svorio centras pabr\u0117\u017eia <strong>kontrol\u0119<\/strong>.<\/p>\t\t\t\t\t\t\t\t<\/div>\n\t\t\t\t<\/div>\n\t\t\t\t<\/div>\n\t\t\t\t<\/div>\n\t\t<div class=\"elementor-element elementor-element-dd75ac2 e-con-full e-flex e-con e-parent\" data-id=\"dd75ac2\" data-element_type=\"container\" data-e-type=\"container\">\n\t\t\t\t<div class=\"elementor-element elementor-element-0b1f77b elementor-widget elementor-widget-heading\" data-id=\"0b1f77b\" data-element_type=\"widget\" data-e-type=\"widget\" data-widget_type=\"heading.default\">\n\t\t\t\t<div class=\"elementor-widget-container\">\n\t\t\t\t\t<h2 class=\"elementor-heading-title elementor-size-default\">Technin\u0117 informacija<\/h2>\t\t\t\t<\/div>\n\t\t\t\t<\/div>\n\t\t\t\t<\/div>\n\t\t<div class=\"elementor-element elementor-element-6b15bf7 e-con-full e-flex e-con e-parent\" data-id=\"6b15bf7\" data-element_type=\"container\" data-e-type=\"container\">\n\t\t<div class=\"elementor-element elementor-element-b3b745a e-con-full e-flex e-con e-child\" data-id=\"b3b745a\" data-element_type=\"container\" data-e-type=\"container\">\n\t\t\t\t<div class=\"elementor-element elementor-element-4251f7f elementor-widget elementor-widget-text-editor\" data-id=\"4251f7f\" data-element_type=\"widget\" data-e-type=\"widget\" data-widget_type=\"text-editor.default\">\n\t\t\t\t<div class=\"elementor-widget-container\">\n\t\t\t\t\t\t\t\t\t<h2>Shaft&#8217;as<\/h2><p>SP-1200 GRAPHITE (R &#8211; 44.5 g.)<\/p>\t\t\t\t\t\t\t\t<\/div>\n\t\t\t\t<\/div>\n\t\t\t\t<div class=\"elementor-element elementor-element-e2befa0 elementor-widget elementor-widget-image\" data-id=\"e2befa0\" data-element_type=\"widget\" data-e-type=\"widget\" data-widget_type=\"image.default\">\n\t\t\t\t<div class=\"elementor-widget-container\">\n\t\t\t\t\t\t\t\t\t\t\t\t\t\t\t<img loading=\"lazy\" decoding=\"async\" width=\"1024\" height=\"57\" src=\"https:\/\/birdie.lt\/wp-content\/uploads\/2024\/03\/sp_1200_graphite-1024x57.png\" class=\"attachment-large size-large wp-image-13905\" alt=\"sp_1200_graphite\" srcset=\"https:\/\/birdie.lt\/wp-content\/uploads\/2024\/03\/sp_1200_graphite-1024x57.png 1024w, https:\/\/birdie.lt\/wp-content\/uploads\/2024\/03\/sp_1200_graphite-150x8.png 150w, https:\/\/birdie.lt\/wp-content\/uploads\/2024\/03\/sp_1200_graphite-800x44.png 800w, https:\/\/birdie.lt\/wp-content\/uploads\/2024\/03\/sp_1200_graphite-480x27.png 480w, https:\/\/birdie.lt\/wp-content\/uploads\/2024\/03\/sp_1200_graphite-768x42.png 768w, https:\/\/birdie.lt\/wp-content\/uploads\/2024\/03\/sp_1200_graphite-1536x85.png 1536w, https:\/\/birdie.lt\/wp-content\/uploads\/2024\/03\/sp_1200_graphite.png 1992w\" sizes=\"(max-width: 1024px) 100vw, 1024px\" \/>\t\t\t\t\t\t\t\t\t\t\t\t\t\t\t<\/div>\n\t\t\t\t<\/div>\n\t\t\t\t<\/div>\n\t\t<div class=\"elementor-element elementor-element-804964b e-con-full e-flex e-con e-child\" data-id=\"804964b\" data-element_type=\"container\" data-e-type=\"container\">\n\t\t\t\t<div class=\"elementor-element elementor-element-3b0547c elementor-widget elementor-widget-text-editor\" data-id=\"3b0547c\" data-element_type=\"widget\" data-e-type=\"widget\" data-widget_type=\"text-editor.default\">\n\t\t\t\t<div class=\"elementor-widget-container\">\n\t\t\t\t\t\t\t\t\t<h2>Rankena<\/h2><p>XXIO PRIME WEIGHT PLUS (42g.)<\/p>\t\t\t\t\t\t\t\t<\/div>\n\t\t\t\t<\/div>\n\t\t\t\t<div class=\"elementor-element elementor-element-6e51bfc elementor-widget elementor-widget-image\" data-id=\"6e51bfc\" data-element_type=\"widget\" data-e-type=\"widget\" data-widget_type=\"image.default\">\n\t\t\t\t<div class=\"elementor-widget-container\">\n\t\t\t\t\t\t\t\t\t\t\t\t\t\t\t<img loading=\"lazy\" decoding=\"async\" width=\"1024\" height=\"145\" src=\"https:\/\/birdie.lt\/wp-content\/uploads\/2024\/03\/xxio_prime_weight_plus-1024x145.png\" class=\"attachment-large size-large wp-image-13903\" alt=\"xxio_prime_weight_plus\" srcset=\"https:\/\/birdie.lt\/wp-content\/uploads\/2024\/03\/xxio_prime_weight_plus-1024x145.png 1024w, https:\/\/birdie.lt\/wp-content\/uploads\/2024\/03\/xxio_prime_weight_plus-150x21.png 150w, https:\/\/birdie.lt\/wp-content\/uploads\/2024\/03\/xxio_prime_weight_plus-800x113.png 800w, https:\/\/birdie.lt\/wp-content\/uploads\/2024\/03\/xxio_prime_weight_plus-480x68.png 480w, https:\/\/birdie.lt\/wp-content\/uploads\/2024\/03\/xxio_prime_weight_plus-768x109.png 768w, https:\/\/birdie.lt\/wp-content\/uploads\/2024\/03\/xxio_prime_weight_plus-1536x217.png 1536w, https:\/\/birdie.lt\/wp-content\/uploads\/2024\/03\/xxio_prime_weight_plus.png 1895w\" sizes=\"(max-width: 1024px) 100vw, 1024px\" \/>\t\t\t\t\t\t\t\t\t\t\t\t\t\t\t<\/div>\n\t\t\t\t<\/div>\n\t\t\t\t<\/div>\n\t\t\t\t<\/div>\n\t\t<div class=\"elementor-element elementor-element-645e913 e-con-full e-flex e-con e-parent\" data-id=\"645e913\" data-element_type=\"container\" data-e-type=\"container\" data-settings=\"{&quot;background_background&quot;:&quot;classic&quot;}\">\n\t\t\t\t<div class=\"elementor-element elementor-element-3176c39 elementor-widget elementor-widget-image\" data-id=\"3176c39\" data-element_type=\"widget\" data-e-type=\"widget\" data-widget_type=\"image.default\">\n\t\t\t\t<div class=\"elementor-widget-container\">\n\t\t\t\t\t\t\t\t\t\t\t\t\t\t\t<img loading=\"lazy\" decoding=\"async\" width=\"1024\" height=\"444\" src=\"https:\/\/birdie.lt\/wp-content\/uploads\/2024\/03\/Ekrano-nuotrauka-2025-05-05-091540-1024x444.png\" class=\"attachment-large size-large wp-image-13907\" alt=\"xxio-12-specs\" srcset=\"https:\/\/birdie.lt\/wp-content\/uploads\/2024\/03\/Ekrano-nuotrauka-2025-05-05-091540-1024x444.png 1024w, https:\/\/birdie.lt\/wp-content\/uploads\/2024\/03\/Ekrano-nuotrauka-2025-05-05-091540-150x65.png 150w, https:\/\/birdie.lt\/wp-content\/uploads\/2024\/03\/Ekrano-nuotrauka-2025-05-05-091540-800x347.png 800w, https:\/\/birdie.lt\/wp-content\/uploads\/2024\/03\/Ekrano-nuotrauka-2025-05-05-091540-480x208.png 480w, https:\/\/birdie.lt\/wp-content\/uploads\/2024\/03\/Ekrano-nuotrauka-2025-05-05-091540-768x333.png 768w, https:\/\/birdie.lt\/wp-content\/uploads\/2024\/03\/Ekrano-nuotrauka-2025-05-05-091540.png 1478w\" sizes=\"(max-width: 1024px) 100vw, 1024px\" \/>\t\t\t\t\t\t\t\t\t\t\t\t\t\t\t<\/div>\n\t\t\t\t<\/div>\n\t\t\t\t<\/div>\n\t\t\t\t<\/div>\n\t\t","protected":false},"excerpt":{"rendered":"<p style=\"text-align: center;\"><strong>XXIO Prime #12<\/strong> Iron Rinkinys &#8211; tai <strong>i\u0161skirtini\u0173<\/strong> <strong>savybi\u0173<\/strong> bei <strong>prabangaus<\/strong> ir <strong>didingo<\/strong> dizaino lazdos <strong>patyrusiems<\/strong> <strong>golfo \u017eaid\u0117jams<\/strong>, kuri\u0173 <strong>swing&#8217;o greitis<\/strong> yra <strong>vidutinis<\/strong>. <strong>XXIO Prime<\/strong> iron lazdos pagamintos kartu su <strong>pa\u017eangiausiomis<\/strong> <strong>technologijomis<\/strong>, kurios <strong>maksimaliai efektyvina <\/strong>kamuoliuko <strong>greit\u012f<\/strong>. \u0160ios lazdos taip pat pagamintos i\u0161 egzoti\u0161k\u0173, <strong>nepaprastai lengv\u0173<\/strong> med\u017eiag\u0173, kurios <strong>pagerina atstum\u0105<\/strong> ir <strong>ties\u0173<\/strong> kamuoliuko <strong>skryd\u012f<\/strong>, kartu <strong>neutralizuodamos<\/strong> sunkesni\u0173 iron&#8217;\u0173 sukeliam\u0105 <strong>nuovarg\u012f<\/strong>. Patirkite skirtum\u0105.<\/p>\n","protected":false},"featured_media":2841,"template":"","meta":[],"product_brand":[315],"product_cat":[55,65,471,67],"product_tag":[310,225,210,316],"class_list":{"0":"post-2836","1":"product","2":"type-product","3":"status-publish","4":"has-post-thumbnail","6":"product_brand-xxio","7":"product_cat-golfo-lazdos","8":"product_cat-iron-lazdos","9":"product_cat-specialus-pasiulymai","10":"product_cat-vyriskos-iron-lazdos","11":"product_tag-iron","12":"product_tag-lazdu-komplektai","13":"product_tag-vyrams","14":"product_tag-xxio","15":"pa_shaftas-grafitinis","16":"pa_tipas-desiniarankiams","18":"first","19":"outofstock","20":"taxable","21":"shipping-taxable","22":"product-type-variable"},"_links":{"self":[{"href":"https:\/\/birdie.lt\/en\/wp-json\/wp\/v2\/product\/2836","targetHints":{"allow":["GET"]}}],"collection":[{"href":"https:\/\/birdie.lt\/en\/wp-json\/wp\/v2\/product"}],"about":[{"href":"https:\/\/birdie.lt\/en\/wp-json\/wp\/v2\/types\/product"}],"version-history":[{"count":1,"href":"https:\/\/birdie.lt\/en\/wp-json\/wp\/v2\/product\/2836\/revisions"}],"predecessor-version":[{"id":16649,"href":"https:\/\/birdie.lt\/en\/wp-json\/wp\/v2\/product\/2836\/revisions\/16649"}],"wp:featuredmedia":[{"embeddable":true,"href":"https:\/\/birdie.lt\/en\/wp-json\/wp\/v2\/media\/2841"}],"wp:attachment":[{"href":"https:\/\/birdie.lt\/en\/wp-json\/wp\/v2\/media?parent=2836"}],"wp:term":[{"taxonomy":"product_brand","embeddable":true,"href":"https:\/\/birdie.lt\/en\/wp-json\/wp\/v2\/product_brand?post=2836"},{"taxonomy":"product_cat","embeddable":true,"href":"https:\/\/birdie.lt\/en\/wp-json\/wp\/v2\/product_cat?post=2836"},{"taxonomy":"product_tag","embeddable":true,"href":"https:\/\/birdie.lt\/en\/wp-json\/wp\/v2\/product_tag?post=2836"}],"curies":[{"name":"wp","href":"https:\/\/api.w.org\/{rel}","templated":true}]}}