{"id":2778,"date":"2024-03-28T10:52:25","date_gmt":"2024-03-28T08:52:25","guid":{"rendered":"https:\/\/birdie.lt\/?post_type=product&#038;p=2778"},"modified":"2026-04-13T18:16:16","modified_gmt":"2026-04-13T15:16:16","slug":"cobra-fly-xl-golfo-lazdu-rinkinys","status":"publish","type":"product","link":"https:\/\/birdie.lt\/en\/cobra-fly-xl-golfo-lazdu-rinkinys\/","title":{"rendered":"Cobra FLY-XL Lazd\u0173 Rinkinys Prailgintos"},"content":{"rendered":"\t\t<div data-elementor-type=\"wp-post\" data-elementor-id=\"2778\" class=\"elementor elementor-2778\">\n\t\t\t\t<div class=\"elementor-element elementor-element-86ae652 e-con-full e-flex e-con e-parent\" data-id=\"86ae652\" data-element_type=\"container\" data-e-type=\"container\">\n\t\t<div class=\"elementor-element elementor-element-941dc34 e-con-full e-flex e-con e-child\" data-id=\"941dc34\" data-element_type=\"container\" data-e-type=\"container\">\n\t\t\t\t<div class=\"elementor-element elementor-element-fd4d089 elementor-widget elementor-widget-image\" data-id=\"fd4d089\" data-element_type=\"widget\" data-e-type=\"widget\" data-widget_type=\"image.default\">\n\t\t\t\t<div class=\"elementor-widget-container\">\n\t\t\t\t\t\t\t\t\t\t\t\t\t\t\t<img fetchpriority=\"high\" decoding=\"async\" width=\"640\" height=\"970\" src=\"https:\/\/birdie.lt\/wp-content\/uploads\/2024\/03\/2419926296785ac9efdff6594af88b95032a43e7.png\" class=\"attachment-full size-full wp-image-7516\" alt=\"Cobra_fly_xl_golfo_lazdu_rinkinys\" srcset=\"https:\/\/birdie.lt\/wp-content\/uploads\/2024\/03\/2419926296785ac9efdff6594af88b95032a43e7.png 640w, https:\/\/birdie.lt\/wp-content\/uploads\/2024\/03\/2419926296785ac9efdff6594af88b95032a43e7-99x150.png 99w, https:\/\/birdie.lt\/wp-content\/uploads\/2024\/03\/2419926296785ac9efdff6594af88b95032a43e7-300x455.png 300w, https:\/\/birdie.lt\/wp-content\/uploads\/2024\/03\/2419926296785ac9efdff6594af88b95032a43e7-238x360.png 238w, https:\/\/birdie.lt\/wp-content\/uploads\/2024\/03\/2419926296785ac9efdff6594af88b95032a43e7-507x768.png 507w\" sizes=\"(max-width: 640px) 100vw, 640px\" \/>\t\t\t\t\t\t\t\t\t\t\t\t\t\t\t<\/div>\n\t\t\t\t<\/div>\n\t\t\t\t<\/div>\n\t\t<div class=\"elementor-element elementor-element-361d0e4 e-con-full e-flex e-con e-child\" data-id=\"361d0e4\" data-element_type=\"container\" data-e-type=\"container\">\n\t\t\t\t<div class=\"elementor-element elementor-element-1c5d2ea elementor-widget elementor-widget-heading\" data-id=\"1c5d2ea\" data-element_type=\"widget\" data-e-type=\"widget\" data-widget_type=\"heading.default\">\n\t\t\t\t<div class=\"elementor-widget-container\">\n\t\t\t\t\t<h2 class=\"elementor-heading-title elementor-size-default\">KELIAS \u012e \u017dAIDIMO MALONUM\u0104 PRASIDEDA \u010cIA<\/h2>\t\t\t\t<\/div>\n\t\t\t\t<\/div>\n\t\t\t\t<div class=\"elementor-element elementor-element-067fd98 elementor-widget elementor-widget-text-editor\" data-id=\"067fd98\" data-element_type=\"widget\" data-e-type=\"widget\" data-widget_type=\"text-editor.default\">\n\t\t\t\t<div class=\"elementor-widget-container\">\n\t\t\t\t\t\t\t\t\t<p style=\"text-align: center;\">Naujos \u012frangos pasirinkimas gali b\u016bti bauginantis, bet mes esame \u010dia, kad tai palengvintume. FLY-XL lazd\u0173 komplektas turi visk\u0105, ko reikia, kad gal\u0117tum\u0117te s\u0117kmingai \u017eaisti lauke.<\/p>\t\t\t\t\t\t\t\t<\/div>\n\t\t\t\t<\/div>\n\t\t\t\t<\/div>\n\t\t\t\t<\/div>\n\t\t<div class=\"elementor-element elementor-element-f045301 e-con-full e-flex e-con e-parent\" data-id=\"f045301\" data-element_type=\"container\" data-e-type=\"container\">\n\t\t<div class=\"elementor-element elementor-element-2772edf e-con-full e-flex e-con e-child\" data-id=\"2772edf\" data-element_type=\"container\" data-e-type=\"container\">\n\t\t\t\t<div class=\"elementor-element elementor-element-ed811bb elementor-widget elementor-widget-heading\" data-id=\"ed811bb\" data-element_type=\"widget\" data-e-type=\"widget\" data-widget_type=\"heading.default\">\n\t\t\t\t<div class=\"elementor-widget-container\">\n\t\t\t\t\t<h2 class=\"elementor-heading-title elementor-size-default\">LENGVAS, LENGVAI SM\u016aGIUOJAMAS IR ITIN ATLAIDUS\n<\/h2>\t\t\t\t<\/div>\n\t\t\t\t<\/div>\n\t\t\t\t<div class=\"elementor-element elementor-element-4e44a0d elementor-widget elementor-widget-text-editor\" data-id=\"4e44a0d\" data-element_type=\"widget\" data-e-type=\"widget\" data-widget_type=\"text-editor.default\">\n\t\t\t\t<div class=\"elementor-widget-container\">\n\t\t\t\t\t\t\t\t\t<p style=\"text-align: center;\">FLY-XL driver&#8217;is, fairway wood&#8217;as, hybrid&#8217;as ir iron&#8217;ai yra <strong>ypa\u010d lengvos konstrukcijos<\/strong>, turi <strong>dideles sm\u016bgio zonas<\/strong> ir <strong>strategin\u012f svor\u012f<\/strong>, kad lazdos b\u016bt\u0173 maksimaliai <strong>atlaid\u017eios<\/strong>. Tai suteikia pasitik\u0117jimo kiekvienam \u017eaid\u0117jui. <strong>Lengviau<\/strong> ir <strong>patikimiau<\/strong> sm\u016bgiuokite kamuoliukus lauke!\u00a0<\/p>\t\t\t\t\t\t\t\t<\/div>\n\t\t\t\t<\/div>\n\t\t\t\t<\/div>\n\t\t<div class=\"elementor-element elementor-element-13cfeb8 e-con-full e-flex e-con e-child\" data-id=\"13cfeb8\" data-element_type=\"container\" data-e-type=\"container\">\n\t\t\t\t<div class=\"elementor-element elementor-element-245962e elementor-widget elementor-widget-image\" data-id=\"245962e\" data-element_type=\"widget\" data-e-type=\"widget\" data-widget_type=\"image.default\">\n\t\t\t\t<div class=\"elementor-widget-container\">\n\t\t\t\t\t\t\t\t\t\t\t\t\t\t\t<img decoding=\"async\" width=\"520\" height=\"670\" src=\"https:\/\/birdie.lt\/wp-content\/uploads\/2024\/03\/03df4f46d518c7cc7b6c91370221419dc567f5c0.png\" class=\"attachment-full size-full wp-image-7517\" alt=\"Cobra_flyxl_golf_clubs_Set\" srcset=\"https:\/\/birdie.lt\/wp-content\/uploads\/2024\/03\/03df4f46d518c7cc7b6c91370221419dc567f5c0.png 520w, https:\/\/birdie.lt\/wp-content\/uploads\/2024\/03\/03df4f46d518c7cc7b6c91370221419dc567f5c0-116x150.png 116w, https:\/\/birdie.lt\/wp-content\/uploads\/2024\/03\/03df4f46d518c7cc7b6c91370221419dc567f5c0-300x387.png 300w, https:\/\/birdie.lt\/wp-content\/uploads\/2024\/03\/03df4f46d518c7cc7b6c91370221419dc567f5c0-279x360.png 279w\" sizes=\"(max-width: 520px) 100vw, 520px\" \/>\t\t\t\t\t\t\t\t\t\t\t\t\t\t\t<\/div>\n\t\t\t\t<\/div>\n\t\t\t\t<\/div>\n\t\t\t\t<\/div>\n\t\t<div class=\"elementor-element elementor-element-c8705ce e-flex e-con-boxed e-con e-parent\" data-id=\"c8705ce\" data-element_type=\"container\" data-e-type=\"container\">\n\t\t\t\t\t<div class=\"e-con-inner\">\n\t\t\t\t<div class=\"elementor-element elementor-element-18b4639 elementor-widget elementor-widget-heading\" data-id=\"18b4639\" data-element_type=\"widget\" data-e-type=\"widget\" data-widget_type=\"heading.default\">\n\t\t\t\t<div class=\"elementor-widget-container\">\n\t\t\t\t\t<h2 class=\"elementor-heading-title elementor-size-default\">Shaft'ai:<\/h2>\t\t\t\t<\/div>\n\t\t\t\t<\/div>\n\t\t\t\t<div class=\"elementor-element elementor-element-0578c31 elementor-widget elementor-widget-text-editor\" data-id=\"0578c31\" data-element_type=\"widget\" data-e-type=\"widget\" data-widget_type=\"text-editor.default\">\n\t\t\t\t<div class=\"elementor-widget-container\">\n\t\t\t\t\t\t\t\t\t<p>Fly-Z XL Graphite Shaft<\/p>\t\t\t\t\t\t\t\t<\/div>\n\t\t\t\t<\/div>\n\t\t\t\t<div class=\"elementor-element elementor-element-3486f1a elementor-widget elementor-widget-image\" data-id=\"3486f1a\" data-element_type=\"widget\" data-e-type=\"widget\" data-widget_type=\"image.default\">\n\t\t\t\t<div class=\"elementor-widget-container\">\n\t\t\t\t\t\t\t\t\t\t\t\t\t\t\t<img decoding=\"async\" width=\"1024\" height=\"50\" src=\"https:\/\/birdie.lt\/wp-content\/uploads\/2024\/03\/flyz-xl-grph-shaft-1024x50.png\" class=\"attachment-large size-large wp-image-7524\" alt=\"flyz-xl-grph-shaft\" srcset=\"https:\/\/birdie.lt\/wp-content\/uploads\/2024\/03\/flyz-xl-grph-shaft-1024x50.png 1024w, https:\/\/birdie.lt\/wp-content\/uploads\/2024\/03\/flyz-xl-grph-shaft-150x7.png 150w, https:\/\/birdie.lt\/wp-content\/uploads\/2024\/03\/flyz-xl-grph-shaft-800x39.png 800w, https:\/\/birdie.lt\/wp-content\/uploads\/2024\/03\/flyz-xl-grph-shaft-480x23.png 480w, https:\/\/birdie.lt\/wp-content\/uploads\/2024\/03\/flyz-xl-grph-shaft-768x37.png 768w, https:\/\/birdie.lt\/wp-content\/uploads\/2024\/03\/flyz-xl-grph-shaft.png 1240w\" sizes=\"(max-width: 1024px) 100vw, 1024px\" \/>\t\t\t\t\t\t\t\t\t\t\t\t\t\t\t<\/div>\n\t\t\t\t<\/div>\n\t\t\t\t<div class=\"elementor-element elementor-element-f58ddbe elementor-widget elementor-widget-text-editor\" data-id=\"f58ddbe\" data-element_type=\"widget\" data-e-type=\"widget\" data-widget_type=\"text-editor.default\">\n\t\t\t\t<div class=\"elementor-widget-container\">\n\t\t\t\t\t\t\t\t\t<p style=\"text-align: left;\">Fly-Z XL Steel Shaft<\/p>\t\t\t\t\t\t\t\t<\/div>\n\t\t\t\t<\/div>\n\t\t\t\t<div class=\"elementor-element elementor-element-0f35d01 elementor-widget elementor-widget-image\" data-id=\"0f35d01\" data-element_type=\"widget\" data-e-type=\"widget\" data-widget_type=\"image.default\">\n\t\t\t\t<div class=\"elementor-widget-container\">\n\t\t\t\t\t\t\t\t\t\t\t\t\t\t\t<img loading=\"lazy\" decoding=\"async\" width=\"1024\" height=\"50\" src=\"https:\/\/birdie.lt\/wp-content\/uploads\/2024\/03\/flyz-xl-steel-shaft-1024x50.png\" class=\"attachment-large size-large wp-image-7525\" alt=\"flyz-xl-steel-shaft\" srcset=\"https:\/\/birdie.lt\/wp-content\/uploads\/2024\/03\/flyz-xl-steel-shaft-1024x50.png 1024w, https:\/\/birdie.lt\/wp-content\/uploads\/2024\/03\/flyz-xl-steel-shaft-150x7.png 150w, https:\/\/birdie.lt\/wp-content\/uploads\/2024\/03\/flyz-xl-steel-shaft-800x39.png 800w, https:\/\/birdie.lt\/wp-content\/uploads\/2024\/03\/flyz-xl-steel-shaft-480x23.png 480w, https:\/\/birdie.lt\/wp-content\/uploads\/2024\/03\/flyz-xl-steel-shaft-768x37.png 768w, https:\/\/birdie.lt\/wp-content\/uploads\/2024\/03\/flyz-xl-steel-shaft.png 1240w\" sizes=\"(max-width: 1024px) 100vw, 1024px\" \/>\t\t\t\t\t\t\t\t\t\t\t\t\t\t\t<\/div>\n\t\t\t\t<\/div>\n\t\t\t\t<div class=\"elementor-element elementor-element-1a702ad elementor-widget elementor-widget-heading\" data-id=\"1a702ad\" data-element_type=\"widget\" data-e-type=\"widget\" data-widget_type=\"heading.default\">\n\t\t\t\t<div class=\"elementor-widget-container\">\n\t\t\t\t\t<h2 class=\"elementor-heading-title elementor-size-default\">Rankenos:<\/h2>\t\t\t\t<\/div>\n\t\t\t\t<\/div>\n\t\t\t\t<div class=\"elementor-element elementor-element-d91ba32 elementor-widget elementor-widget-text-editor\" data-id=\"d91ba32\" data-element_type=\"widget\" data-e-type=\"widget\" data-widget_type=\"text-editor.default\">\n\t\t\t\t<div class=\"elementor-widget-container\">\n\t\t\t\t\t\t\t\t\t<p>Lamkin Crossline Midsize &#8211; Black<\/p>\t\t\t\t\t\t\t\t<\/div>\n\t\t\t\t<\/div>\n\t\t\t\t<div class=\"elementor-element elementor-element-6b7811c elementor-widget elementor-widget-image\" data-id=\"6b7811c\" data-element_type=\"widget\" data-e-type=\"widget\" data-widget_type=\"image.default\">\n\t\t\t\t<div class=\"elementor-widget-container\">\n\t\t\t\t\t\t\t\t\t\t\t\t\t\t\t<img loading=\"lazy\" decoding=\"async\" width=\"670\" height=\"75\" src=\"https:\/\/birdie.lt\/wp-content\/uploads\/2024\/03\/flyz-xl-lamkin.webp\" class=\"attachment-large size-large wp-image-7526\" alt=\"flyz-xl-lamkin\" srcset=\"https:\/\/birdie.lt\/wp-content\/uploads\/2024\/03\/flyz-xl-lamkin.webp 670w, https:\/\/birdie.lt\/wp-content\/uploads\/2024\/03\/flyz-xl-lamkin-150x17.webp 150w, https:\/\/birdie.lt\/wp-content\/uploads\/2024\/03\/flyz-xl-lamkin-300x34.webp 300w, https:\/\/birdie.lt\/wp-content\/uploads\/2024\/03\/flyz-xl-lamkin-480x54.webp 480w\" sizes=\"(max-width: 670px) 100vw, 670px\" \/>\t\t\t\t\t\t\t\t\t\t\t\t\t\t\t<\/div>\n\t\t\t\t<\/div>\n\t\t\t\t\t<\/div>\n\t\t\t\t<\/div>\n\t\t\t\t<\/div>\n\t\t","protected":false},"excerpt":{"rendered":"<h3><strong>KELIAS \u012e \u017dAIDIMO MALONUM\u0104 PRASIDEDA \u010cIA.<\/strong><\/h3>\n<div class=\"flex flex-grow flex-col max-w-full\">\n<div class=\"min-h-[20px] text-message flex flex-col items-start whitespace-pre-wrap break-words [.text-message+&amp;]:mt-5 juice:w-full juice:items-end overflow-x-auto gap-2\" dir=\"auto\" data-message-author-role=\"assistant\" data-message-id=\"72a7df07-da26-4fdc-8dad-ff7d91ba3ed1\">\n<div class=\"flex w-full flex-col gap-1 juice:empty:hidden juice:first:pt-[3px]\">\n<div class=\"markdown prose w-full break-words dark:prose-invert light\">\n<p>Cobra FLY-XL golfo lazd\u0173 rinkinys yra idealus pasirinkimas pradedantiesiems ir vidutinio lygio \u017eaid\u0117jams, si\u016blantis lengvai valdomas, auk\u0161tos kokyb\u0117s lazdas su didesniu sm\u016bgio plotu, kad pagerintum\u0117te savo \u017eaidim\u0105. \u0160is rinkinys u\u017etikrina puik\u0173 balans\u0105 tarp atstumo, tikslumo ir stabilumo, pad\u0117damas jums pasiekti geresni\u0173 rezultat\u0173 golfo lauke.<\/p>\n<p>Lazdos yra prailginotos +1&#8243; t.y 2.54cm<\/p>\n<\/div>\n<\/div>\n<\/div>\n<\/div>\n<div class=\"mt-1 flex gap-3 empty:hidden juice:-ml-3\">\n<div class=\"items-center justify-start rounded-xl p-1 flex\">\n<div class=\"flex items-center\">Komplekt\u0105 sudaro ve\u017eim\u0117lio krep\u0161ys ir 10 lazd\u0173:<\/div>\n<div class=\"flex items-center\">Driver&#8217;is(10.5\u00b0)<\/div>\n<div class=\"flex items-center\">Fairway wood&#8217;as (14.5\u00b0)<\/div>\n<div class=\"flex items-center\">Hybrid&#8217;as(20.5\u00b0)<\/div>\n<div class=\"flex items-center\">Iron&#8217;ai: 6 (26.0\u00b0), 7 (30.0\u00b0), 8 (35.0\u00b0), 9 (40.0\u00b0).<\/div>\n<div class=\"flex items-center\">Trump\u0173 sm\u016bgi\u0173 lazdos: PW (45.0\u00b0), SW (55.0\u00b0).<\/div>\n<div class=\"flex items-center\">Ridenimo lazda: Blade formos.<\/div>\n<\/div>\n<\/div>\n<p>Taip pat \u012f komplekt\u0105 \u012feina &#8220;Cobra&#8221; golfo lazd\u0173 krep\u0161ys.<\/p>\n","protected":false},"featured_media":2781,"template":"","meta":[],"product_brand":[313],"product_cat":[74,55,78],"product_tag":[314,225,210],"class_list":{"0":"post-2778","1":"product","2":"type-product","3":"status-publish","4":"has-post-thumbnail","6":"product_brand-cobra-golf","7":"product_cat-lazdu-komplektai","8":"product_cat-golfo-lazdos","9":"product_cat-vyriski-lazdu-komplektai","10":"product_tag-cobra","11":"product_tag-lazdu-komplektai","12":"product_tag-vyrams","13":"pa_shaftas-grafitinis","14":"pa_shaftas-plieninis","15":"pa_tipas-desiniarankiams","16":"pa_tipas-kairiarankiams","18":"first","19":"instock","20":"sale","21":"taxable","22":"shipping-taxable","23":"purchasable","24":"product-type-variable"},"_links":{"self":[{"href":"https:\/\/birdie.lt\/en\/wp-json\/wp\/v2\/product\/2778","targetHints":{"allow":["GET"]}}],"collection":[{"href":"https:\/\/birdie.lt\/en\/wp-json\/wp\/v2\/product"}],"about":[{"href":"https:\/\/birdie.lt\/en\/wp-json\/wp\/v2\/types\/product"}],"version-history":[{"count":1,"href":"https:\/\/birdie.lt\/en\/wp-json\/wp\/v2\/product\/2778\/revisions"}],"predecessor-version":[{"id":16654,"href":"https:\/\/birdie.lt\/en\/wp-json\/wp\/v2\/product\/2778\/revisions\/16654"}],"wp:featuredmedia":[{"embeddable":true,"href":"https:\/\/birdie.lt\/en\/wp-json\/wp\/v2\/media\/2781"}],"wp:attachment":[{"href":"https:\/\/birdie.lt\/en\/wp-json\/wp\/v2\/media?parent=2778"}],"wp:term":[{"taxonomy":"product_brand","embeddable":true,"href":"https:\/\/birdie.lt\/en\/wp-json\/wp\/v2\/product_brand?post=2778"},{"taxonomy":"product_cat","embeddable":true,"href":"https:\/\/birdie.lt\/en\/wp-json\/wp\/v2\/product_cat?post=2778"},{"taxonomy":"product_tag","embeddable":true,"href":"https:\/\/birdie.lt\/en\/wp-json\/wp\/v2\/product_tag?post=2778"}],"curies":[{"name":"wp","href":"https:\/\/api.w.org\/{rel}","templated":true}]}}