{"id":2614,"date":"2024-03-27T14:52:39","date_gmt":"2024-03-27T12:52:39","guid":{"rendered":"https:\/\/birdie.lt\/?post_type=product&#038;p=2614"},"modified":"2024-09-13T12:46:24","modified_gmt":"2024-09-13T09:46:24","slug":"wilson-prostaff-sgi-lazdu-krepsys","status":"publish","type":"product","link":"https:\/\/birdie.lt\/en\/wilson-prostaff-sgi-lazdu-krepsys\/","title":{"rendered":"Wilson Prostaff SGI Lazd\u0173 Krep\u0161ys Moterims"},"content":{"rendered":"<h2>Privalumai:<\/h2>\n<ul>\n<li><strong>LENGVAS, DVIGUBAS PAMINK\u0160TINIMAS<\/strong><\/li>\n<\/ul>\n<p>Krep\u0161ys pagamintas i\u0161 itin lengvos konstrukcijos bei turi dvigubai pamink\u0161tint\u0105 dir\u017e\u0105, kuris leis krep\u0161\u012f ne\u0161iotis ant peties.<\/p>\n<p>&nbsp;<\/p>\n<h2>Technin\u0117 informacija:<\/h2>\n<p>Lazdos, kurios pavaizduotos nuotraukoje \u012f komplekt\u0105 ne\u012feina.<\/p>\n<p>&nbsp;<\/p>\n","protected":false},"excerpt":{"rendered":"<p>Wilson Prostaff SGI Lazd\u0173 Krep\u0161ys i\u0161siskiria keturiomis erdviomis ki\u0161en\u0117mis, lengva konstrukcija, dvigubai pamink\u0161tintu dir\u017eu, kuris leis krep\u0161\u012f ne\u0161iotis ant peties. Krep\u0161ys turi daugialyp\u0117 vir\u0161utin\u0117 pertvar\u0105, kuri pad\u0117s tvarkingai susid\u0117ti lazdas. Pamink\u0161tintas krep\u0161io vidus, apsaugos j\u016bs\u0173 lazdas bei daiktus nuo aplinkos veiksni\u0173, kurie gali suma\u017einti golfo lazd\u0173 ar kit\u0173 daikt\u0173 tarnavimo laikotarp\u012f.<\/p>\n","protected":false},"featured_media":2615,"template":"","meta":[],"product_brand":[207],"product_cat":[49,50,52],"product_tag":[312,224,209],"class_list":{"0":"post-2614","1":"product","2":"type-product","3":"status-publish","4":"has-post-thumbnail","6":"product_brand-wilson","7":"product_cat-krepsiai-ir-vezimeliai","8":"product_cat-krepsiai","9":"product_cat-vezimeliu-krepsiai","10":"product_tag-krepsys","11":"product_tag-moterims","12":"product_tag-wilson","14":"first","15":"instock","16":"sale","17":"sold-individually","18":"taxable","19":"shipping-taxable","20":"purchasable","21":"product-type-simple"},"_links":{"self":[{"href":"https:\/\/birdie.lt\/en\/wp-json\/wp\/v2\/product\/2614","targetHints":{"allow":["GET"]}}],"collection":[{"href":"https:\/\/birdie.lt\/en\/wp-json\/wp\/v2\/product"}],"about":[{"href":"https:\/\/birdie.lt\/en\/wp-json\/wp\/v2\/types\/product"}],"version-history":[{"count":0,"href":"https:\/\/birdie.lt\/en\/wp-json\/wp\/v2\/product\/2614\/revisions"}],"wp:featuredmedia":[{"embeddable":true,"href":"https:\/\/birdie.lt\/en\/wp-json\/wp\/v2\/media\/2615"}],"wp:attachment":[{"href":"https:\/\/birdie.lt\/en\/wp-json\/wp\/v2\/media?parent=2614"}],"wp:term":[{"taxonomy":"product_brand","embeddable":true,"href":"https:\/\/birdie.lt\/en\/wp-json\/wp\/v2\/product_brand?post=2614"},{"taxonomy":"product_cat","embeddable":true,"href":"https:\/\/birdie.lt\/en\/wp-json\/wp\/v2\/product_cat?post=2614"},{"taxonomy":"product_tag","embeddable":true,"href":"https:\/\/birdie.lt\/en\/wp-json\/wp\/v2\/product_tag?post=2614"}],"curies":[{"name":"wp","href":"https:\/\/api.w.org\/{rel}","templated":true}]}}