{"id":2531,"date":"2024-03-26T20:45:17","date_gmt":"2024-03-26T18:45:17","guid":{"rendered":"https:\/\/birdie.lt\/?post_type=product&#038;p=2531"},"modified":"2026-04-13T18:20:54","modified_gmt":"2026-04-13T15:20:54","slug":"macgregor-v-foil-black-wedge","status":"publish","type":"product","link":"https:\/\/birdie.lt\/en\/macgregor-v-foil-black-wedge\/","title":{"rendered":"Macgregor V Foil Black Wedge"},"content":{"rendered":"","protected":false},"excerpt":{"rendered":"<p>Macgregor V Foil Black Wedge t.y trump\u0173 sm\u016bgi\u0173 lazda pagaminta i\u0161 vieno geriausi\u0173 plieno &#8220;V-Foil&#8221;. \u0160ios lazdos sukurtos taip, kad suteikt\u0173 mink\u0161t\u0105 poj\u016bt\u012f ir geresn\u012f gr\u012f\u017etam\u0105j\u012f ry\u0161\u012f. Klasikin\u0117 galvos forma su didesniais grioveliais u\u017etikrina i\u0161skirtin\u012f valdym\u0105 ir optimizuot\u0105 sukim\u0105si net i\u0161 ilgos \u017eol\u0117s.\u00a0 Mink\u0161to mi\u0161inio rankena, pad\u0117s labiau jausti bei kontroliuoti sm\u016bgius aplink green&#8217;\u0105.<\/p>\n","protected":false},"featured_media":2532,"template":"","meta":[],"product_brand":[307],"product_cat":[55,471,71],"product_tag":[308],"class_list":{"0":"post-2531","1":"product","2":"type-product","3":"status-publish","4":"has-post-thumbnail","6":"product_brand-macgregor","7":"product_cat-golfo-lazdos","8":"product_cat-specialus-pasiulymai","9":"product_cat-trumpu-smugiu-lazdos","10":"product_tag-macgregor","11":"pa_tipas-desiniarankiams","13":"first","14":"instock","15":"sale","16":"taxable","17":"shipping-taxable","18":"purchasable","19":"product-type-variable"},"_links":{"self":[{"href":"https:\/\/birdie.lt\/en\/wp-json\/wp\/v2\/product\/2531","targetHints":{"allow":["GET"]}}],"collection":[{"href":"https:\/\/birdie.lt\/en\/wp-json\/wp\/v2\/product"}],"about":[{"href":"https:\/\/birdie.lt\/en\/wp-json\/wp\/v2\/types\/product"}],"version-history":[{"count":1,"href":"https:\/\/birdie.lt\/en\/wp-json\/wp\/v2\/product\/2531\/revisions"}],"predecessor-version":[{"id":16658,"href":"https:\/\/birdie.lt\/en\/wp-json\/wp\/v2\/product\/2531\/revisions\/16658"}],"wp:featuredmedia":[{"embeddable":true,"href":"https:\/\/birdie.lt\/en\/wp-json\/wp\/v2\/media\/2532"}],"wp:attachment":[{"href":"https:\/\/birdie.lt\/en\/wp-json\/wp\/v2\/media?parent=2531"}],"wp:term":[{"taxonomy":"product_brand","embeddable":true,"href":"https:\/\/birdie.lt\/en\/wp-json\/wp\/v2\/product_brand?post=2531"},{"taxonomy":"product_cat","embeddable":true,"href":"https:\/\/birdie.lt\/en\/wp-json\/wp\/v2\/product_cat?post=2531"},{"taxonomy":"product_tag","embeddable":true,"href":"https:\/\/birdie.lt\/en\/wp-json\/wp\/v2\/product_tag?post=2531"}],"curies":[{"name":"wp","href":"https:\/\/api.w.org\/{rel}","templated":true}]}}