{"id":2293,"date":"2024-03-22T07:38:36","date_gmt":"2024-03-22T07:38:36","guid":{"rendered":"https:\/\/callaway.lt\/?post_type=product&#038;p=2293"},"modified":"2025-11-02T13:18:30","modified_gmt":"2025-11-02T11:18:30","slug":"wilson-performance-mesh-kepure","status":"publish","type":"product","link":"https:\/\/birdie.lt\/en\/wilson-performance-mesh-kepure\/","title":{"rendered":"Wilson Performance Mesh Kepur\u0117"},"content":{"rendered":"<h2>Privalumai:<\/h2>\n<ul>\n<li><strong>PA\u017dANGUS, LENGVAS AUDINYS<\/strong><\/li>\n<li><strong>KV\u0116PUOJANTIS, LAZERIU PERFORUOTAS TINKLELIO VIR\u0160US<\/strong><\/li>\n<li><strong>D\u0116VI GERIAUSI \u017dAID\u0116JAI PAGRINDIN\u0116SE VAR\u017dYBOSE VISAME PASAULYJE<\/strong><\/li>\n<\/ul>\n<p>&nbsp;<\/p>\n<h3>Technin\u0117 informacija:<\/h3>\n<p>Spalva: M\u0117lyna<\/p>\n<p>&nbsp;<\/p>\n","protected":false},"excerpt":{"rendered":"<p>Wilson Performance Mesh kepur\u0117 yra klasikin\u0117s formos su reguliuojamu dyd\u017eio dir\u017eeliu gale, kad tikt\u0173 individualiai kiekvienam. Keturios tinklelio plok\u0161t\u0117s i\u0161ilgai kepur\u0117s galin\u0117je pus\u0117je &#8211; puikus sprendimas jaustis v\u0117siau, saul\u0117t\u0105 dien\u0105 aik\u0161tyne.<\/p>\n","protected":false},"featured_media":6342,"template":"","meta":[],"product_brand":[207],"product_cat":[35,24,268,25,267,26],"product_tag":[266,224,210,209],"class_list":{"0":"post-2293","1":"product","2":"type-product","3":"status-publish","4":"has-post-thumbnail","6":"product_brand-wilson","7":"product_cat-apranga","8":"product_cat-kepures","9":"product_cat-moterims-apranga","10":"product_cat-moteriskos-kepures","11":"product_cat-apranga-vyrams","12":"product_cat-vyriskos-kepures","13":"product_tag-kepure","14":"product_tag-moterims","15":"product_tag-vyrams","16":"product_tag-wilson","18":"first","19":"instock","20":"taxable","21":"shipping-taxable","22":"purchasable","23":"product-type-simple"},"_links":{"self":[{"href":"https:\/\/birdie.lt\/en\/wp-json\/wp\/v2\/product\/2293","targetHints":{"allow":["GET"]}}],"collection":[{"href":"https:\/\/birdie.lt\/en\/wp-json\/wp\/v2\/product"}],"about":[{"href":"https:\/\/birdie.lt\/en\/wp-json\/wp\/v2\/types\/product"}],"version-history":[{"count":1,"href":"https:\/\/birdie.lt\/en\/wp-json\/wp\/v2\/product\/2293\/revisions"}],"predecessor-version":[{"id":16280,"href":"https:\/\/birdie.lt\/en\/wp-json\/wp\/v2\/product\/2293\/revisions\/16280"}],"wp:featuredmedia":[{"embeddable":true,"href":"https:\/\/birdie.lt\/en\/wp-json\/wp\/v2\/media\/6342"}],"wp:attachment":[{"href":"https:\/\/birdie.lt\/en\/wp-json\/wp\/v2\/media?parent=2293"}],"wp:term":[{"taxonomy":"product_brand","embeddable":true,"href":"https:\/\/birdie.lt\/en\/wp-json\/wp\/v2\/product_brand?post=2293"},{"taxonomy":"product_cat","embeddable":true,"href":"https:\/\/birdie.lt\/en\/wp-json\/wp\/v2\/product_cat?post=2293"},{"taxonomy":"product_tag","embeddable":true,"href":"https:\/\/birdie.lt\/en\/wp-json\/wp\/v2\/product_tag?post=2293"}],"curies":[{"name":"wp","href":"https:\/\/api.w.org\/{rel}","templated":true}]}}