{"id":2274,"date":"2024-03-21T14:20:08","date_gmt":"2024-03-21T14:20:08","guid":{"rendered":"https:\/\/callaway.lt\/?post_type=product&#038;p=2274"},"modified":"2025-08-22T11:08:22","modified_gmt":"2025-08-22T08:08:22","slug":"wilson-exo-ii-vezimelio-krepsys","status":"publish","type":"product","link":"https:\/\/birdie.lt\/en\/wilson-exo-ii-vezimelio-krepsys\/","title":{"rendered":"Wilson EXO II Ve\u017eim\u0117lio Krep\u0161ys"},"content":{"rendered":"\t\t<div data-elementor-type=\"wp-post\" data-elementor-id=\"2274\" class=\"elementor elementor-2274\">\n\t\t\t\t<div class=\"elementor-element elementor-element-e56867a e-flex e-con-boxed e-con e-parent\" data-id=\"e56867a\" data-element_type=\"container\" data-e-type=\"container\">\n\t\t\t\t\t<div class=\"e-con-inner\">\n\t\t<div class=\"elementor-element elementor-element-aae9130 e-con-full e-flex e-con e-child\" data-id=\"aae9130\" data-element_type=\"container\" data-e-type=\"container\">\n\t\t\t\t<div class=\"elementor-element elementor-element-9c2f493 elementor-widget elementor-widget-text-editor\" data-id=\"9c2f493\" data-element_type=\"widget\" data-e-type=\"widget\" data-widget_type=\"text-editor.default\">\n\t\t\t\t<div class=\"elementor-widget-container\">\n\t\t\t\t\t\t\t\t\t<h2>Golfo Lazd\u0173 Krep\u0161io Privalumai:<\/h2><ul><li><strong>14 PILNO ILGIO PERTVAROS LAZDOMS\u00a0<\/strong>\u2013\u00a0Gal\u0117site patogiai susid\u0117ti ir susigrupuoti lazdas. Lengvai \u012fd\u0117site ir i\u0161imsite.<\/li><li><strong>INTEGRUOTOS RANKENOS\u00a0<\/strong>\u2013 Kad b\u016bt\u0173 lengviau pakelti ir perkelti golfo krep\u0161\u012f \u012f golfo ve\u017eim\u0117l\u012f ir i\u0161 jo.<\/li><li><strong>PADIDINTA PUTTER\u2019IO SEKCIJA\u00a0<\/strong>\u2013 Didesni\u0173 matmen\u0173 putterio sekcija. U\u017etikrintas patogumas!<\/li><\/ul>\t\t\t\t\t\t\t\t<\/div>\n\t\t\t\t<\/div>\n\t\t\t\t<div class=\"elementor-element elementor-element-af4387b elementor-widget elementor-widget-text-editor\" data-id=\"af4387b\" data-element_type=\"widget\" data-e-type=\"widget\" data-widget_type=\"text-editor.default\">\n\t\t\t\t<div class=\"elementor-widget-container\">\n\t\t\t\t\t\t\t\t\t<h2>Technin\u0117 informacija:<\/h2><p>Sud\u0117tis: 95 % poliesteris, 5 % nailonas<br \/>U\u017edar\u0173 ki\u0161eni\u0173 skai\u010dius: 9<br \/>Lazd\u0173\u00a0d\u0117tuv\u0117s dali\u0173 skai\u010dius: 14<br \/>Vir\u0161utin\u0117s dalies matmenys: apimtis: 82.55cm; 25.4cm X 29.21cm<br \/>Tinkamumas: Unisex<\/p>\t\t\t\t\t\t\t\t<\/div>\n\t\t\t\t<\/div>\n\t\t\t\t<\/div>\n\t\t<div class=\"elementor-element elementor-element-02a9209 e-con-full e-flex e-con e-child\" data-id=\"02a9209\" data-element_type=\"container\" data-e-type=\"container\">\n\t\t\t\t<div class=\"elementor-element elementor-element-b22cf21 elementor-widget elementor-widget-image\" data-id=\"b22cf21\" data-element_type=\"widget\" data-e-type=\"widget\" data-widget_type=\"image.default\">\n\t\t\t\t<div class=\"elementor-widget-container\">\n\t\t\t\t\t\t\t\t\t\t\t\t\t\t\t<img fetchpriority=\"high\" decoding=\"async\" width=\"768\" height=\"768\" src=\"https:\/\/birdie.lt\/wp-content\/uploads\/2024\/03\/WGB6650BU__1cab882612bc46bbbec02e511819c0db-768x768.webp\" class=\"attachment-large size-large wp-image-6334\" alt=\"wilson_exo_ii_cart_bag\" srcset=\"https:\/\/birdie.lt\/wp-content\/uploads\/2024\/03\/WGB6650BU__1cab882612bc46bbbec02e511819c0db-768x768.webp 768w, https:\/\/birdie.lt\/wp-content\/uploads\/2024\/03\/WGB6650BU__1cab882612bc46bbbec02e511819c0db-400x400.webp 400w, https:\/\/birdie.lt\/wp-content\/uploads\/2024\/03\/WGB6650BU__1cab882612bc46bbbec02e511819c0db-150x150.webp 150w, https:\/\/birdie.lt\/wp-content\/uploads\/2024\/03\/WGB6650BU__1cab882612bc46bbbec02e511819c0db-800x800.webp 800w, https:\/\/birdie.lt\/wp-content\/uploads\/2024\/03\/WGB6650BU__1cab882612bc46bbbec02e511819c0db-360x360.webp 360w, https:\/\/birdie.lt\/wp-content\/uploads\/2024\/03\/WGB6650BU__1cab882612bc46bbbec02e511819c0db-1536x1536.webp 1536w, https:\/\/birdie.lt\/wp-content\/uploads\/2024\/03\/WGB6650BU__1cab882612bc46bbbec02e511819c0db.webp 1653w\" sizes=\"(max-width: 768px) 100vw, 768px\" \/>\t\t\t\t\t\t\t\t\t\t\t\t\t\t\t<\/div>\n\t\t\t\t<\/div>\n\t\t\t\t<\/div>\n\t\t\t\t\t<\/div>\n\t\t\t\t<\/div>\n\t\t<div class=\"elementor-element elementor-element-5295e34 e-flex e-con-boxed e-con e-parent\" data-id=\"5295e34\" data-element_type=\"container\" data-e-type=\"container\">\n\t\t\t\t\t<div class=\"e-con-inner\">\n\t\t\t\t<div class=\"elementor-element elementor-element-ec78860 elementor-widget elementor-widget-spacer\" data-id=\"ec78860\" data-element_type=\"widget\" data-e-type=\"widget\" data-widget_type=\"spacer.default\">\n\t\t\t\t<div class=\"elementor-widget-container\">\n\t\t\t\t\t\t\t<div class=\"elementor-spacer\">\n\t\t\t<div class=\"elementor-spacer-inner\"><\/div>\n\t\t<\/div>\n\t\t\t\t\t\t<\/div>\n\t\t\t\t<\/div>\n\t\t\t\t\t<\/div>\n\t\t\t\t<\/div>\n\t\t<div class=\"elementor-element elementor-element-e6787cb e-con-full e-flex e-con e-parent\" data-id=\"e6787cb\" data-element_type=\"container\" data-e-type=\"container\">\n\t\t\t\t<div class=\"elementor-element elementor-element-bd13dbd elementor-widget elementor-widget-image\" data-id=\"bd13dbd\" data-element_type=\"widget\" data-e-type=\"widget\" data-widget_type=\"image.default\">\n\t\t\t\t<div class=\"elementor-widget-container\">\n\t\t\t\t\t\t\t\t\t\t\t\t\t\t\t<img decoding=\"async\" width=\"1024\" height=\"681\" src=\"https:\/\/birdie.lt\/wp-content\/uploads\/2024\/03\/WGB6650BU__ab82d545efa5498763211e433f6493c5-1024x681.webp\" class=\"attachment-large size-large wp-image-6332\" alt=\"WGB6650BU_wilson_golfo_lazdu_krepsys\" srcset=\"https:\/\/birdie.lt\/wp-content\/uploads\/2024\/03\/WGB6650BU__ab82d545efa5498763211e433f6493c5-1024x681.webp 1024w, https:\/\/birdie.lt\/wp-content\/uploads\/2024\/03\/WGB6650BU__ab82d545efa5498763211e433f6493c5-150x100.webp 150w, https:\/\/birdie.lt\/wp-content\/uploads\/2024\/03\/WGB6650BU__ab82d545efa5498763211e433f6493c5-800x532.webp 800w, https:\/\/birdie.lt\/wp-content\/uploads\/2024\/03\/WGB6650BU__ab82d545efa5498763211e433f6493c5-480x319.webp 480w, https:\/\/birdie.lt\/wp-content\/uploads\/2024\/03\/WGB6650BU__ab82d545efa5498763211e433f6493c5-768x511.webp 768w, https:\/\/birdie.lt\/wp-content\/uploads\/2024\/03\/WGB6650BU__ab82d545efa5498763211e433f6493c5-1536x1022.webp 1536w, https:\/\/birdie.lt\/wp-content\/uploads\/2024\/03\/WGB6650BU__ab82d545efa5498763211e433f6493c5-2048x1363.webp 2048w\" sizes=\"(max-width: 1024px) 100vw, 1024px\" \/>\t\t\t\t\t\t\t\t\t\t\t\t\t\t\t<\/div>\n\t\t\t\t<\/div>\n\t\t\t\t<\/div>\n\t\t\t\t<\/div>\n\t\t","protected":false},"excerpt":{"rendered":"<p>Wilson &#8220;EXO II Cart ve\u017eim\u0117lio krep\u0161ys yra naujovi\u0161kas, visapusi\u0161kai funkcionalus auk\u0161\u010diausios klas\u0117s krep\u0161ys su 14 padalyt\u0173 lazd\u0173 skyri\u0173. Krep\u0161ys turi &#8220;Secure Connect&#8221; ve\u017eim\u0117lio tvirtinimo pagrind\u0105, ki\u0161enes telefonui, drabu\u017eiams, aksesuarams, g\u0117rimams ir kamuoliukams.<\/p>\n","protected":false},"featured_media":2284,"template":"","meta":[],"product_brand":[207],"product_cat":[49,50,471,52],"product_tag":[255,209],"class_list":{"0":"post-2274","1":"product","2":"type-product","3":"status-publish","4":"has-post-thumbnail","6":"product_brand-wilson","7":"product_cat-krepsiai-ir-vezimeliai","8":"product_cat-krepsiai","9":"product_cat-specialus-pasiulymai","10":"product_cat-vezimeliu-krepsiai","11":"product_tag-krepsiai","12":"product_tag-wilson","13":"pa_spalva-juoda-melyna","15":"first","16":"instock","17":"sale","18":"featured","19":"taxable","20":"shipping-taxable","21":"purchasable","22":"product-type-simple"},"_links":{"self":[{"href":"https:\/\/birdie.lt\/en\/wp-json\/wp\/v2\/product\/2274","targetHints":{"allow":["GET"]}}],"collection":[{"href":"https:\/\/birdie.lt\/en\/wp-json\/wp\/v2\/product"}],"about":[{"href":"https:\/\/birdie.lt\/en\/wp-json\/wp\/v2\/types\/product"}],"version-history":[{"count":0,"href":"https:\/\/birdie.lt\/en\/wp-json\/wp\/v2\/product\/2274\/revisions"}],"wp:featuredmedia":[{"embeddable":true,"href":"https:\/\/birdie.lt\/en\/wp-json\/wp\/v2\/media\/2284"}],"wp:attachment":[{"href":"https:\/\/birdie.lt\/en\/wp-json\/wp\/v2\/media?parent=2274"}],"wp:term":[{"taxonomy":"product_brand","embeddable":true,"href":"https:\/\/birdie.lt\/en\/wp-json\/wp\/v2\/product_brand?post=2274"},{"taxonomy":"product_cat","embeddable":true,"href":"https:\/\/birdie.lt\/en\/wp-json\/wp\/v2\/product_cat?post=2274"},{"taxonomy":"product_tag","embeddable":true,"href":"https:\/\/birdie.lt\/en\/wp-json\/wp\/v2\/product_tag?post=2274"}],"curies":[{"name":"wp","href":"https:\/\/api.w.org\/{rel}","templated":true}]}}