{"id":2160,"date":"2024-03-21T11:46:30","date_gmt":"2024-03-21T11:46:30","guid":{"rendered":"https:\/\/callaway.lt\/?post_type=product&#038;p=2160"},"modified":"2026-04-02T13:32:11","modified_gmt":"2026-04-02T10:32:11","slug":"clicgear-4-0-golfo-lazdu-vezimelis","status":"publish","type":"product","link":"https:\/\/birdie.lt\/en\/clicgear-4-0-golfo-lazdu-vezimelis\/","title":{"rendered":"Clicgear 4.0 Golfo Lazd\u0173 Ve\u017eim\u0117lis"},"content":{"rendered":"<p>Clicgear 4.0 golfo ve\u017eim\u0117lis yra puikus pasirinkimas d\u0117l savo patvarumo, funkcionalumo ir patogumo. Ve\u017eim\u0117lis idealus tiems, kas ie\u0161ko kompakti\u0161ko, lengvai valdomo ir greitai surenkamo golfo ve\u017eim\u0117lio, kuris puikiai tinka skirtingo reljefo golfo aik\u0161tynams, \u012fvairioms oro s\u0105lygoms. \u0160iame golfo ve\u017eim\u0117lyje rasite:<\/p>\n<ul>\n<li>\n<h3>Sk\u0117\u010dio laikiklis<\/h3>\n<\/li>\n<\/ul>\n<p>Naujasis sk\u0117\u010dio laikiklis u\u017etikrina geresn\u012f sk\u0117\u010dio tvirtinim\u0105. Pagerina patogum\u0105 aik\u0161tyne bei suma\u017eina m\u0117gstamo sk\u0117\u010dio sugadinimo galimyb\u0119 d\u0117l staigaus v\u0117jo g\u016bsio. Dir\u017eelio spalv\u0105 galima pritaikyti naudojant M4 apvad\u0173 rinkin\u012f (parduodamas atskirai)<\/p>\n<ul>\n<li>\n<h3>D\u0117tuv\u0117s dang\u010dio u\u017eraktas<\/h3>\n<\/li>\n<\/ul>\n<p>&#8220;Clicgear&#8221; pasiskolino i\u0161 8 modelio nedidel\u0119 ir da\u017enai nepastebim\u0105 detal\u0119 , tai yra dang\u010dio u\u017eraktas.\u00a0 Juo pritvirtinamas pagrindin\u0117s daikt\u0173 d\u0117tuv\u0117s dangtis, kad ve\u017eim\u0117l\u012f gabenant \u012f aik\u0161tyn\u0105 ir i\u0161 jo nei\u0161mestum\u0117te vis\u0173 d\u0117tuv\u0117je laikom\u0173 g\u0117rybi\u0173 po vis\u0105 automobili\u0173 stov\u0117jimo aik\u0161tel\u0119.<\/p>\n<ul>\n<li>\n<h3>Rezultat\u0173 kortel\u0117s laikiklis &amp; ra\u0161iklio laikiklis<\/h3>\n<\/li>\n<\/ul>\n<p>Atnaujintas ir stilingas rezultat\u0173 korteli\u0173 laikiklis. Esminiai poky\u010diai: virvelinis laikiklis pakeistas silikoniniu. \u017denkliai geresnis vaizdas ir patvarumas. Taip pat \u0161\u012f laikikl\u012f galite pritaikyti individualiai t.y pasirinkti norim\u0105 spalv\u0105 su M4 rinkiniu (parduodamas atskirai).<\/p>\n<ul>\n<li>\n<h3>Golfo lazd\u0173 krep\u0161io dir\u017eai<\/h3>\n<\/li>\n<\/ul>\n<p>Galiausiai pavargome nuo sen\u0173 elastini\u0173 dir\u017eeli\u0173, tod\u0117l buvo nuspr\u0119sta gerokai patobulinti 2019 m. krep\u0161io laikiklius. Rezultatas &#8211; naujoji &#8220;Clicgear&#8221; silikonini\u0173 dir\u017eeli\u0173 sistema. \u0160iuos dir\u017eelius galite reguliuoti pagal poreik\u012f. Silikoniniai dir\u017eeliai nebrai\u017eys ir negadins j\u016bs\u0173 lazd\u0173 krep\u0161io.<br \/>\nDir\u017eeliai taip pat yra \u012fvairi\u0173 spalv\u0173, kuriuos galima pasikeisti per kelias sekundes \u012f norim\u0105 spalv\u0105 naudojant M4 rinkin\u012f (parduodamas atskirai). Nereikia joki\u0173 papildom\u0173 \u012franki\u0173.<\/p>\n<p><img fetchpriority=\"high\" decoding=\"async\" class=\"aligncenter wp-image-4600 size-large\" src=\"https:\/\/birdie.lt\/wp-content\/uploads\/2024\/04\/Heading-4-665x768.png\" alt=\"clicgear 4.0 golfo v\u0117\u017eim\u0117lis\" width=\"665\" height=\"768\" \/><\/p>\n<ul>\n<li>\n<h3><strong>Naujas apatinis laikiklis<\/strong><\/h3>\n<\/li>\n<\/ul>\n<p>&#8220;Clicgear M4&#8221; apatinis laikiklis modifikuotas taip, kad apatin\u0117 krep\u0161io atrama b\u016bt\u0173 perkelta auk\u0161tyn ir toliau nuo priekinio rato. Kartu su reguliuojamu vir\u0161utiniu dir\u017eeliu leid\u017eia u\u017etikrinti didesn\u012f tarp\u0105 tarp lazd\u0173 krep\u0161io apa\u010dios. Tai pagaliau pa\u0161alina, kai kuriuos klientus erzinan\u010di\u0105 problem\u0105.<\/p>\n<ul>\n<li>\n<h3><strong>Priekinio rato reguliavimas<\/strong><\/h3>\n<\/li>\n<\/ul>\n<p>Ve\u017eim\u0117lio priekin\u012f rat\u0105 reguliuoti daug papras\u010diau, nes priekyje \u012fdiegta visi\u0161kai nauja rat\u0173 reguliavimo sistema. Dabar priekin\u012f rat\u0105 galima lengvai reguliuoti vienu var\u017eto pasukimu.<\/p>\n<p>&nbsp;<\/p>\n<h2>Technin\u0117 informacija:<\/h2>\n<p>Sulankstyto ve\u017eim\u0117lio dydis: 60 x 38 x 33 cm<\/p>\n","protected":false},"excerpt":{"rendered":"<p>Clicgear 4.0 golfo lazd\u0173 ve\u017eim\u0117lis yra patikimas ir kompakti\u0161kas, puikiai tinkantis visiems golfo \u017eaid\u0117jams. Jis turi patobulint\u0105 stabd\u017ei\u0173 sistem\u0105 ir ergonomi\u0161k\u0105 dizain\u0105, u\u017etikrinant\u012f lengv\u0105 naudojim\u0105 ir saugum\u0105. Dideli ratai ir tvirtas r\u0117mas leid\u017eia skland\u017eiai jud\u0117ti bet kokiomis s\u0105lygomis. Tai vienas populiariausi\u0173 golfo ve\u017eim\u0117li\u0173 d\u0117l savo patvarumo, funkcionalumo ir paprasto naudojimo. Lazd\u0173 ve\u017eim\u0117lis pagamintas i\u0161 auk\u0161tos kokyb\u0117s med\u017eiag\u0173, u\u017etikrinan\u010di\u0173 ilgalaik\u012f naudojim\u0105.<\/p>\n","protected":false},"featured_media":2161,"template":"","meta":[],"product_brand":[274],"product_cat":[49,53,471],"product_tag":[272,273],"class_list":{"0":"post-2160","1":"product","2":"type-product","3":"status-publish","4":"has-post-thumbnail","6":"product_brand-clicgear","7":"product_cat-krepsiai-ir-vezimeliai","8":"product_cat-golfo-vezimeliai","9":"product_cat-specialus-pasiulymai","10":"product_tag-clicgear","11":"product_tag-vezimeliai","12":"pa_spalva-balta","13":"pa_spalva-juoda","14":"pa_spalva-melsva","15":"pa_spalva-melyna","16":"pa_spalva-raudona","17":"pa_spalva-rausva","18":"pa_spalva-sidabrine","19":"pa_spalva-violetine","20":"pa_spalva-zalia-2","22":"first","23":"outofstock","24":"featured","25":"taxable","26":"shipping-taxable","27":"product-type-variable"},"_links":{"self":[{"href":"https:\/\/birdie.lt\/en\/wp-json\/wp\/v2\/product\/2160","targetHints":{"allow":["GET"]}}],"collection":[{"href":"https:\/\/birdie.lt\/en\/wp-json\/wp\/v2\/product"}],"about":[{"href":"https:\/\/birdie.lt\/en\/wp-json\/wp\/v2\/types\/product"}],"version-history":[{"count":1,"href":"https:\/\/birdie.lt\/en\/wp-json\/wp\/v2\/product\/2160\/revisions"}],"predecessor-version":[{"id":16454,"href":"https:\/\/birdie.lt\/en\/wp-json\/wp\/v2\/product\/2160\/revisions\/16454"}],"wp:featuredmedia":[{"embeddable":true,"href":"https:\/\/birdie.lt\/en\/wp-json\/wp\/v2\/media\/2161"}],"wp:attachment":[{"href":"https:\/\/birdie.lt\/en\/wp-json\/wp\/v2\/media?parent=2160"}],"wp:term":[{"taxonomy":"product_brand","embeddable":true,"href":"https:\/\/birdie.lt\/en\/wp-json\/wp\/v2\/product_brand?post=2160"},{"taxonomy":"product_cat","embeddable":true,"href":"https:\/\/birdie.lt\/en\/wp-json\/wp\/v2\/product_cat?post=2160"},{"taxonomy":"product_tag","embeddable":true,"href":"https:\/\/birdie.lt\/en\/wp-json\/wp\/v2\/product_tag?post=2160"}],"curies":[{"name":"wp","href":"https:\/\/api.w.org\/{rel}","templated":true}]}}