{"id":1645,"date":"2024-03-17T15:36:52","date_gmt":"2024-03-17T15:36:52","guid":{"rendered":"https:\/\/callaway.lt\/?post_type=product&#038;p=1645"},"modified":"2024-05-07T23:34:57","modified_gmt":"2024-05-07T20:34:57","slug":"wilson-pro-staff-sgi-iv-putter","status":"publish","type":"product","link":"https:\/\/birdie.lt\/en\/wilson-pro-staff-sgi-iv-putter\/","title":{"rendered":"Wilson Pro Staff SGI IV Putter Moterims"},"content":{"rendered":"<h2 data-pm-slice=\"1 1 []\">Privalumai:<\/h2>\n<ul>\n<li><strong>LENGVESNIS TRUMPAS \u017dAIDIMAS &#8211;<\/strong>\u00a0Pagerinkite savo \u017eaidim\u0105 ridenimo aik\u0161tel\u0117je naudodami \u0161\u012f putter&#8217;\u012f. Ridenkite tiksliau bei lengviau kontroliuokite atstum\u0105.<\/li>\n<li><strong>SUBALANSUOTA RANKENA<\/strong> &#8211;\u00a0Subalansuotas poj\u016btis ir mink\u0161ta rankena u\u017etikrina tikslin\u012f gr\u012f\u017etam\u0105j\u012f ry\u0161\u012f ir poj\u016bt\u012f, tod\u0117l galite pasirinkti reikiam\u0105 atstum\u0105, kad pasiektum\u0117te maksimal\u0173 rezultat\u0105.<\/li>\n<\/ul>\n<p>&nbsp;<\/p>\n<h2>Techinin\u0117 informacija:<\/h2>\n<p>Lazdos tipas:\u00a0Large mallet<\/p>\n","protected":false},"excerpt":{"rendered":"<p data-pm-slice=\"1 1 []\">\u0160i &#8220;Wilson&#8221; moteri\u0161ka putter lazda tiks tiek pradedan\u010diosioms, tiek pa\u017eengusioms golfo \u017eaid\u0117joms.<\/p>\n<p>Idealiai tinkanti tiksliam, lygiam \u017eaidimui trumpais atstumais iki duobut\u0117s. Ridenkite tiksliai ir efektyviai su\u00a0Wilson Pro Staff SGI IV Putter&#8217;iu.<\/p>\n","protected":false},"featured_media":1650,"template":"","meta":[],"product_brand":[207],"product_cat":[55,69,68],"product_tag":[224,228,209],"class_list":{"0":"post-1645","1":"product","2":"type-product","3":"status-publish","4":"has-post-thumbnail","6":"product_brand-wilson","7":"product_cat-golfo-lazdos","8":"product_cat-moteriskos-ridenimo-lazdos","9":"product_cat-ridenimo-lazdos","10":"product_tag-moterims","11":"product_tag-putter","12":"product_tag-wilson","13":"pa_shaftas-plieninis","14":"pa_tipas-desiniarankems","16":"first","17":"instock","18":"sale","19":"taxable","20":"shipping-taxable","21":"purchasable","22":"product-type-variable"},"_links":{"self":[{"href":"https:\/\/birdie.lt\/en\/wp-json\/wp\/v2\/product\/1645","targetHints":{"allow":["GET"]}}],"collection":[{"href":"https:\/\/birdie.lt\/en\/wp-json\/wp\/v2\/product"}],"about":[{"href":"https:\/\/birdie.lt\/en\/wp-json\/wp\/v2\/types\/product"}],"version-history":[{"count":0,"href":"https:\/\/birdie.lt\/en\/wp-json\/wp\/v2\/product\/1645\/revisions"}],"wp:featuredmedia":[{"embeddable":true,"href":"https:\/\/birdie.lt\/en\/wp-json\/wp\/v2\/media\/1650"}],"wp:attachment":[{"href":"https:\/\/birdie.lt\/en\/wp-json\/wp\/v2\/media?parent=1645"}],"wp:term":[{"taxonomy":"product_brand","embeddable":true,"href":"https:\/\/birdie.lt\/en\/wp-json\/wp\/v2\/product_brand?post=1645"},{"taxonomy":"product_cat","embeddable":true,"href":"https:\/\/birdie.lt\/en\/wp-json\/wp\/v2\/product_cat?post=1645"},{"taxonomy":"product_tag","embeddable":true,"href":"https:\/\/birdie.lt\/en\/wp-json\/wp\/v2\/product_tag?post=1645"}],"curies":[{"name":"wp","href":"https:\/\/api.w.org\/{rel}","templated":true}]}}