{"id":1624,"date":"2024-03-17T15:01:44","date_gmt":"2024-03-17T15:01:44","guid":{"rendered":"https:\/\/callaway.lt\/?post_type=product&#038;p=1624"},"modified":"2025-07-26T16:06:14","modified_gmt":"2025-07-26T13:06:14","slug":"wilson-prostaff-sgi-fairway-wood-vyrams","status":"publish","type":"product","link":"https:\/\/birdie.lt\/en\/wilson-prostaff-sgi-fairway-wood-vyrams\/","title":{"rendered":"Wilson Prostaff SGI Fairway Wood"},"content":{"rendered":"<h2 data-pm-slice=\"1 1 []\">Privalumai:<\/h2>\n<ul>\n<li><strong>PA\u017dEMINTAS SVORIO CENTRAS\u00a0<\/strong>&#8211; Didesnis atlaidumas ir universalumas bei tolimesni sm\u016bgiai.<\/li>\n<li><strong>TOLERANCIJA NE ITIN TIKSLIEMS SM\u016aGIAMS\u00a0<\/strong>&#8211; Subalansuotos lazd\u0173 galvos, kad pavykt\u0173 atlikti sm\u016bgius, pataikius ne \u012f galvos centr\u0105.<\/li>\n<\/ul>\n<h2>Technin\u0117 informacija:<\/h2>\n<p>Shaft&#8217;as: Grafitinis<\/p>\n","protected":false},"excerpt":{"rendered":"<p data-pm-slice=\"1 1 []\">&#8220;Wilson Prostaff SGI&#8221; fairway wood lazda pasi\u017eymi pa\u017eangia in\u017einerija ir svorio i\u0161d\u0117stymu, kuri naujiems golfo \u017eaid\u0117jams pad\u0117s padidinti tikslum\u0105 ir atstum\u0105.<\/p>\n<p>\u0160i lazda pasi\u017eymi \u017eemu svorio centru, kuris padidina lazd\u0173 stabilum\u0105 sm\u016bgio metu ir kartu u\u017etikrina auk\u0161t\u0105 tolerancij\u0105 ne ypa\u010d tiksliems sm\u016bgiams.<\/p>\n<p>&nbsp;<\/p>\n","protected":false},"featured_media":1536,"template":"","meta":[],"product_brand":[207],"product_cat":[55,59,61],"product_tag":[227,210,209],"class_list":{"0":"post-1624","1":"product","2":"type-product","3":"status-publish","4":"has-post-thumbnail","6":"product_brand-wilson","7":"product_cat-golfo-lazdos","8":"product_cat-fairway-wood-lazdos","9":"product_cat-vyriskos-fairway-wood","10":"product_tag-fairwaywood","11":"product_tag-vyrams","12":"product_tag-wilson","13":"pa_tipas-desiniarankiams","14":"pa_tipas-kairiarankiams","16":"first","17":"instock","18":"taxable","19":"shipping-taxable","20":"product-type-variable"},"_links":{"self":[{"href":"https:\/\/birdie.lt\/en\/wp-json\/wp\/v2\/product\/1624","targetHints":{"allow":["GET"]}}],"collection":[{"href":"https:\/\/birdie.lt\/en\/wp-json\/wp\/v2\/product"}],"about":[{"href":"https:\/\/birdie.lt\/en\/wp-json\/wp\/v2\/types\/product"}],"version-history":[{"count":0,"href":"https:\/\/birdie.lt\/en\/wp-json\/wp\/v2\/product\/1624\/revisions"}],"wp:featuredmedia":[{"embeddable":true,"href":"https:\/\/birdie.lt\/en\/wp-json\/wp\/v2\/media\/1536"}],"wp:attachment":[{"href":"https:\/\/birdie.lt\/en\/wp-json\/wp\/v2\/media?parent=1624"}],"wp:term":[{"taxonomy":"product_brand","embeddable":true,"href":"https:\/\/birdie.lt\/en\/wp-json\/wp\/v2\/product_brand?post=1624"},{"taxonomy":"product_cat","embeddable":true,"href":"https:\/\/birdie.lt\/en\/wp-json\/wp\/v2\/product_cat?post=1624"},{"taxonomy":"product_tag","embeddable":true,"href":"https:\/\/birdie.lt\/en\/wp-json\/wp\/v2\/product_tag?post=1624"}],"curies":[{"name":"wp","href":"https:\/\/api.w.org\/{rel}","templated":true}]}}