{"id":1574,"date":"2024-03-17T14:12:34","date_gmt":"2024-03-17T14:12:34","guid":{"rendered":"https:\/\/callaway.lt\/?post_type=product&#038;p=1574"},"modified":"2025-08-22T11:09:03","modified_gmt":"2025-08-22T08:09:03","slug":"birdie-lt-dovanu-kuponas","status":"publish","type":"product","link":"https:\/\/birdie.lt\/en\/birdie-lt-dovanu-kuponas\/","title":{"rendered":"Birdie.lt Dovan\u0173 Kuponas"},"content":{"rendered":"<h2><a href=\"https:\/\/www.birdie.lt\">Birdie.lt<\/a> dovan\u0173 kupono apra\u0161ymas:<\/h2>\n<p>Dovan\u0173 kupono sum\u0105 gali rinktis pagal savo norus ir galimybes \u2013 nuo <strong>30 \u20ac<\/strong> iki tiek, kiek panor\u0117si!<\/p>\n<p>Dovan\u0173 kupon\u0105 \u012fsigysite greitai ir be rizikos (b\u016bsite garantuotas, kad Jums svarbus \u017emogus tikrai neliks be dovanos!) \u2013 spauskite mygtuk\u0105 <strong>PRID\u0116TI \u012e KREP\u0160EL\u012e<\/strong> ir mes atsi\u0173sime lai\u0161k\u0105, kuriame rasite dovan\u0173 kupon\u0105 spausdinimui.<\/p>\n<p>El. kuponas atsiun\u010diamas nurodytu el. pa\u0161tu, kai gaunamas apmok\u0117jimas. Jeigu \u012fsigijus kupon\u0105, jo negaunate per artimiausias kelias valandas &#8211; si\u016blome patikrinti \u201eSpam\u201c arba \u201eJunk\u201c d\u0117\u017eut\u0119 ir susisiekti: <a href=\"mailto:info@birdie.lt\">info@birdie.lt<\/a><\/p>\n<h4 data-pm-slice=\"1 3 []\"><strong>Naudojimo taisykl\u0117s ir s\u0105lygos:<\/strong><\/h4>\n<ul>\n<li>Pavidalas: tik elektroniniai dovan\u0173 kuponai.<\/li>\n<li>Dovan\u0173 kuponas galioja 12 m\u0117nesi\u0173 nuo pirkimo dienos. Tiksli data iki kurios galioja dovan\u0173 kuponas, nurodyta dovan\u0173 kupone. Jeigu kuponas nebuvo panaudotas jo galiojimo laikotarpiu, v\u0117liau jis laikomas negaliojan\u010diu.<\/li>\n<li>Dovan\u0173 kuponas yra negr\u0105\u017einamas ir \u012f pinigus nekei\u010diamas.<\/li>\n<li>Dovan\u0173 kuponas galioja tik <a href=\"https:\/\/birdie.lt\/golfo-prekiu-parduotuve\/\">Birdie.lt<\/a> elektronin\u0117je parduotuv\u0117je.<\/li>\n<li><a href=\"https:\/\/www.facebook.com\/birdie.lt\/\">Birdie.lt<\/a> valdytojas pasilieka teis\u0119 keisti dovan\u0173 kupono\u00a0naudojimo taisykles.<\/li>\n<li>Apsiperkant, vienu metu galima panaudoti tik vien\u0105 dovan\u0173 kupon\u0105. Jeigu norite panaudoti kelis kuponus susisiekite <a href=\"mailto:info@birdie.lt\">info@birdie.lt<\/a><\/li>\n<li>Dovan\u0173 kupon\u0105 galima naudoti tik vien\u0105 kart\u0105.<\/li>\n<li>Jei i\u0161sirinkote preki\u0173, kuri\u0173 kaina vir\u0161ija dovan\u0173 kupone nurodyt\u0105 sum\u0105, tr\u016bkstam\u0105 dal\u012f galite apmok\u0117ti kitais, el. parduotuv\u0117je pa\u017eym\u0117tais b\u016bdais. I\u0161sirinkus preki\u0173 u\u017e ma\u017eesn\u0119, nei nurodyta kupone, sum\u0105, skirtumas negr\u0105\u017einamas.<\/li>\n<li>Dovan\u0173 kuponui s\u0105skaita fakt\u016bra nei\u0161ra\u0161oma.<\/li>\n<\/ul>\n","protected":false},"excerpt":{"rendered":"<h3 style=\"text-align: center;\">Jei vis dar neturi dovanos &#8211; <span style=\"color: #339966;\">nenusimink!<\/span><\/h3>\n<h4 style=\"text-align: center;\">Birdie.lt dovan\u0173 kuponas tikrai i\u0161gelb\u0117s ir i\u0161pildys net i\u0161rankiausi\u0173j\u0173 norus!<\/h4>\n<p style=\"text-align: center;\">Jei neradai tinkamos sumos, para\u0161yk mums lai\u0161k\u0105: <a href=\"mailto:info@birdie.lt\">info@birdie.lt<\/a><\/p>\n","protected":false},"featured_media":1583,"template":"","meta":[],"product_brand":[],"product_cat":[419],"product_tag":[223],"class_list":{"0":"post-1574","1":"product","2":"type-product","3":"status-publish","4":"has-post-thumbnail","6":"product_cat-dovanu-kuponai","7":"product_tag-dovanu-kuponai","9":"first","10":"instock","11":"featured","12":"taxable","13":"shipping-taxable","14":"purchasable","15":"product-type-variable"},"_links":{"self":[{"href":"https:\/\/birdie.lt\/en\/wp-json\/wp\/v2\/product\/1574","targetHints":{"allow":["GET"]}}],"collection":[{"href":"https:\/\/birdie.lt\/en\/wp-json\/wp\/v2\/product"}],"about":[{"href":"https:\/\/birdie.lt\/en\/wp-json\/wp\/v2\/types\/product"}],"version-history":[{"count":0,"href":"https:\/\/birdie.lt\/en\/wp-json\/wp\/v2\/product\/1574\/revisions"}],"wp:featuredmedia":[{"embeddable":true,"href":"https:\/\/birdie.lt\/en\/wp-json\/wp\/v2\/media\/1583"}],"wp:attachment":[{"href":"https:\/\/birdie.lt\/en\/wp-json\/wp\/v2\/media?parent=1574"}],"wp:term":[{"taxonomy":"product_brand","embeddable":true,"href":"https:\/\/birdie.lt\/en\/wp-json\/wp\/v2\/product_brand?post=1574"},{"taxonomy":"product_cat","embeddable":true,"href":"https:\/\/birdie.lt\/en\/wp-json\/wp\/v2\/product_cat?post=1574"},{"taxonomy":"product_tag","embeddable":true,"href":"https:\/\/birdie.lt\/en\/wp-json\/wp\/v2\/product_tag?post=1574"}],"curies":[{"name":"wp","href":"https:\/\/api.w.org\/{rel}","templated":true}]}}