{"id":12819,"date":"2025-04-05T10:32:51","date_gmt":"2025-04-05T07:32:51","guid":{"rendered":"https:\/\/birdie.lt\/vice-boost-starter-set\/"},"modified":"2025-11-02T09:23:58","modified_gmt":"2025-11-02T07:23:58","slug":"vice-boost-starter-set","status":"publish","type":"product","link":"https:\/\/birdie.lt\/en\/vice-boost-starter-set\/","title":{"rendered":"Vice Boost Starter Set"},"content":{"rendered":"\t\t<div data-elementor-type=\"wp-post\" data-elementor-id=\"12819\" class=\"elementor elementor-12819 elementor-9084\">\n\t\t\t\t<div class=\"elementor-element elementor-element-b2df7a5 e-con-full e-flex e-con e-parent\" data-id=\"b2df7a5\" data-element_type=\"container\" data-e-type=\"container\">\n\t\t<div class=\"elementor-element elementor-element-49691a2 e-con-full e-flex e-con e-child\" data-id=\"49691a2\" data-element_type=\"container\" data-e-type=\"container\">\n\t\t\t\t<div class=\"elementor-element elementor-element-a2c5e0e elementor-widget elementor-widget-image\" data-id=\"a2c5e0e\" data-element_type=\"widget\" data-e-type=\"widget\" data-widget_type=\"image.default\">\n\t\t\t\t<div class=\"elementor-widget-container\">\n\t\t\t\t\t\t\t\t\t\t\t\t\t\t\t<img fetchpriority=\"high\" decoding=\"async\" width=\"614\" height=\"768\" src=\"https:\/\/birdie.lt\/wp-content\/uploads\/2025\/04\/Palm-Tree-Starter-Set-greener_FINAL_1-1-614x768.webp\" class=\"attachment-large size-large wp-image-9123\" alt=\"Vice_boost_starter_set\" \/>\t\t\t\t\t\t\t\t\t\t\t\t\t\t\t<\/div>\n\t\t\t\t<\/div>\n\t\t\t\t<\/div>\n\t\t<div class=\"elementor-element elementor-element-e16bac3 e-con-full e-flex e-con e-child\" data-id=\"e16bac3\" data-element_type=\"container\" data-e-type=\"container\">\n\t\t\t\t<div class=\"elementor-element elementor-element-55c0ebd elementor-widget elementor-widget-heading\" data-id=\"55c0ebd\" data-element_type=\"widget\" data-e-type=\"widget\" data-widget_type=\"heading.default\">\n\t\t\t\t<div class=\"elementor-widget-container\">\n\t\t\t\t\t<h4 class=\"elementor-heading-title elementor-size-default\">Pre-order now. Expected delivery from early November<\/h4>\t\t\t\t<\/div>\n\t\t\t\t<\/div>\n\t\t\t\t<div class=\"elementor-element elementor-element-c942f72 elementor-widget elementor-widget-heading\" data-id=\"c942f72\" data-element_type=\"widget\" data-e-type=\"widget\" data-widget_type=\"heading.default\">\n\t\t\t\t<div class=\"elementor-widget-container\">\n\t\t\t\t\t<h2 class=\"elementor-heading-title elementor-size-default\">Beyond Your Average Starter Set<\/h2>\t\t\t\t<\/div>\n\t\t\t\t<\/div>\n\t\t\t\t<div class=\"elementor-element elementor-element-5bb1d1e elementor-widget elementor-widget-text-editor\" data-id=\"5bb1d1e\" data-element_type=\"widget\" data-e-type=\"widget\" data-widget_type=\"text-editor.default\">\n\t\t\t\t<div class=\"elementor-widget-container\">\n\t\t\t\t\t\t\t\t\t<p>Built to last and adapt as your game improves, the Vice Boost intro set is a step above traditional beginner sets and offers premium feel, without the premium price. The Vice Boost set will stay with you for much longer than your average package sets, and grow from a beginner set to your favorite set as your game develops.<\/p>\n\t\t\t\t\t\t\t\t<\/div>\n\t\t\t\t<\/div>\n\t\t\t\t<\/div>\n\t\t\t\t<\/div>\n\t\t<div class=\"elementor-element elementor-element-9a8eb75 e-con-full e-flex e-con e-parent\" data-id=\"9a8eb75\" data-element_type=\"container\" data-e-type=\"container\">\n\t\t\t\t<div class=\"elementor-element elementor-element-792e05a elementor-widget elementor-widget-spacer\" data-id=\"792e05a\" data-element_type=\"widget\" data-e-type=\"widget\" data-widget_type=\"spacer.default\">\n\t\t\t\t<div class=\"elementor-widget-container\">\n\t\t\t\t\t\t\t<div class=\"elementor-spacer\">\n\t\t\t<div class=\"elementor-spacer-inner\"><\/div>\n\t\t<\/div>\n\t\t\t\t\t\t<\/div>\n\t\t\t\t<\/div>\n\t\t\t\t<\/div>\n\t\t<div class=\"elementor-element elementor-element-70ddf75 e-con-full e-flex e-con e-parent\" data-id=\"70ddf75\" data-element_type=\"container\" data-e-type=\"container\">\n\t\t\t\t<div class=\"elementor-element elementor-element-0ab08f3 elementor-widget elementor-widget-heading\" data-id=\"0ab08f3\" data-element_type=\"widget\" data-e-type=\"widget\" data-widget_type=\"heading.default\">\n\t\t\t\t<div class=\"elementor-widget-container\">\n\t\t\t\t\t<h2 class=\"elementor-heading-title elementor-size-default\">Everything You Need, Nothing You Don\u2019t<\/h2>\t\t\t\t<\/div>\n\t\t\t\t<\/div>\n\t\t\t\t<\/div>\n\t\t<div class=\"elementor-element elementor-element-4f41d21 e-flex e-con-boxed e-con e-parent\" data-id=\"4f41d21\" data-element_type=\"container\" data-e-type=\"container\">\n\t\t\t\t\t<div class=\"e-con-inner\">\n\t\t\t\t<div class=\"elementor-element elementor-element-055dae0 elementor-widget elementor-widget-text-editor\" data-id=\"055dae0\" data-element_type=\"widget\" data-e-type=\"widget\" data-widget_type=\"text-editor.default\">\n\t\t\t\t<div class=\"elementor-widget-container\">\n\t\t\t\t\t\t\t\t\t<p>The Vice Boost is built to make golf easier for new and improving players. The driver launches effortlessly, the hybrid replaces tough long irons, and the forgiving cavity-back irons provide consistency. The balanced blade putter adds confidence on the greens. Everything in the bag is designed to help you play better, stress less, and enjoy the game.<\/p>\n\t\t\t\t\t\t\t\t<\/div>\n\t\t\t\t<\/div>\n\t\t\t\t\t<\/div>\n\t\t\t\t<\/div>\n\t\t<div class=\"elementor-element elementor-element-7bec48d e-con-full e-flex e-con e-parent\" data-id=\"7bec48d\" data-element_type=\"container\" data-e-type=\"container\">\n\t\t\t\t<div class=\"elementor-element elementor-element-71d8f5a elementor-widget elementor-widget-image\" data-id=\"71d8f5a\" data-element_type=\"widget\" data-e-type=\"widget\" data-widget_type=\"image.default\">\n\t\t\t\t<div class=\"elementor-widget-container\">\n\t\t\t\t\t\t\t\t\t\t\t\t\t\t\t<img decoding=\"async\" width=\"1024\" height=\"559\" src=\"https:\/\/birdie.lt\/wp-content\/uploads\/2025\/04\/vice-golf-starter-set-boost-body-01-1024x559.webp\" class=\"attachment-large size-large wp-image-9124\" alt=\"vice-golf-starter-set-boost\" \/>\t\t\t\t\t\t\t\t\t\t\t\t\t\t\t<\/div>\n\t\t\t\t<\/div>\n\t\t\t\t<div class=\"elementor-element elementor-element-563c010 elementor-widget elementor-widget-spacer\" data-id=\"563c010\" data-element_type=\"widget\" data-e-type=\"widget\" data-widget_type=\"spacer.default\">\n\t\t\t\t<div class=\"elementor-widget-container\">\n\t\t\t\t\t\t\t<div class=\"elementor-spacer\">\n\t\t\t<div class=\"elementor-spacer-inner\"><\/div>\n\t\t<\/div>\n\t\t\t\t\t\t<\/div>\n\t\t\t\t<\/div>\n\t\t\t\t<div class=\"elementor-element elementor-element-3be22c1 elementor-widget elementor-widget-heading\" data-id=\"3be22c1\" data-element_type=\"widget\" data-e-type=\"widget\" data-widget_type=\"heading.default\">\n\t\t\t\t<div class=\"elementor-widget-container\">\n\t\t\t\t\t<h2 class=\"elementor-heading-title elementor-size-default\">Specs:<\/h2>\t\t\t\t<\/div>\n\t\t\t\t<\/div>\n\t\t\t\t<div class=\"elementor-element elementor-element-c3d03a0 elementor-widget elementor-widget-text-editor\" data-id=\"c3d03a0\" data-element_type=\"widget\" data-e-type=\"widget\" data-widget_type=\"text-editor.default\">\n\t\t\t\t<div class=\"elementor-widget-container\">\n\t\t\t\t\t\t\t\t\t<h3><strong>What&#8217;s include?<\/strong><\/h3>\n<p><strong>Driver<\/strong>\u00a0(10.5\u00b0);<\/p>\n<p><strong> Hybrid&#8217;as<\/strong> #4 (22\u00b0);<\/p>\n<p><strong>Iron&#8217;ai: <\/strong>#6( 26\u00b0), #7(30\u00b0), #8(35\u00b0), #9(40\u00b0);<\/p>\n<p><strong>Trump\u0173 sm\u016bgi\u0173 lazdos:<\/strong> #PW (45\u00b0) and #SW (54\u00b0)<\/p>\n<p><strong>Putter<\/strong>&#8220;<em>blade<\/em>&#8221; type\u00a0(2.5\u00b0)<\/p>\n<p>+ Vice golf stand bag<\/p>\n<p><strong>Shaft&#8217;s:<\/strong><\/p>\n<ul class=\"list-disc list-outside leading-6 pl-6 only:pl-4\">\n<li class=\"my-2 subpixel-antialiased text-fine\">Graphite (lower swing speeds, distance, and extra forgiveness)<\/li>\n<li class=\"my-2 subpixel-antialiased text-fine\">Steel (higher swing speeds, accuracy, and control)<\/li>\n<\/ul>\n\t\t\t\t\t\t\t\t<\/div>\n\t\t\t\t<\/div>\n\t\t\t\t<\/div>\n\t\t\t\t<\/div>\n\t\t","protected":false},"excerpt":{"rendered":"<p style=\"text-align: center;\">\u00a010-piece set including bag for <strong>new<\/strong> and <strong>improving<\/strong> players, offering <strong>forgiveness<\/strong>, <strong>easy launch<\/strong>, and<strong> long-term playability<\/strong> in a sleek, <strong>performance-driven<\/strong> package.<\/p>\n<p style=\"text-align: center;\">\n<div class=\"woocommerce-product-details__short-description\">\n<div class=\"short-description\">\n<p style=\"text-align: center;\"><span style=\"color: #ff0000;\">Pre-order now. Expected delivery from early November.<\/span><\/p>\n<\/div>\n<\/div>\n","protected":false},"featured_media":12108,"template":"","meta":[],"product_brand":[500],"product_cat":[569,566,570],"product_tag":[712,713],"class_list":{"0":"post-12819","1":"product","2":"type-product","3":"status-publish","4":"has-post-thumbnail","6":"product_brand-vice-golf-en","7":"product_cat-mens-package-sets","8":"product_cat-package-sets","9":"product_cat-special-offers","10":"product_tag-package-sets","11":"product_tag-vice-golf-en","12":"pa_shaftas-graphite","13":"pa_shaftas-steel","14":"pa_tipas-right-hand","16":"first","17":"instock","18":"featured","19":"taxable","20":"shipping-taxable","21":"purchasable","22":"product-type-variable"},"_links":{"self":[{"href":"https:\/\/birdie.lt\/en\/wp-json\/wp\/v2\/product\/12819","targetHints":{"allow":["GET"]}}],"collection":[{"href":"https:\/\/birdie.lt\/en\/wp-json\/wp\/v2\/product"}],"about":[{"href":"https:\/\/birdie.lt\/en\/wp-json\/wp\/v2\/types\/product"}],"version-history":[{"count":2,"href":"https:\/\/birdie.lt\/en\/wp-json\/wp\/v2\/product\/12819\/revisions"}],"predecessor-version":[{"id":16236,"href":"https:\/\/birdie.lt\/en\/wp-json\/wp\/v2\/product\/12819\/revisions\/16236"}],"wp:featuredmedia":[{"embeddable":true,"href":"https:\/\/birdie.lt\/en\/wp-json\/wp\/v2\/media\/12108"}],"wp:attachment":[{"href":"https:\/\/birdie.lt\/en\/wp-json\/wp\/v2\/media?parent=12819"}],"wp:term":[{"taxonomy":"product_brand","embeddable":true,"href":"https:\/\/birdie.lt\/en\/wp-json\/wp\/v2\/product_brand?post=12819"},{"taxonomy":"product_cat","embeddable":true,"href":"https:\/\/birdie.lt\/en\/wp-json\/wp\/v2\/product_cat?post=12819"},{"taxonomy":"product_tag","embeddable":true,"href":"https:\/\/birdie.lt\/en\/wp-json\/wp\/v2\/product_tag?post=12819"}],"curies":[{"name":"wp","href":"https:\/\/api.w.org\/{rel}","templated":true}]}}