{"id":9630,"date":"2022-04-26T06:35:02","date_gmt":"2022-04-26T03:35:02","guid":{"rendered":"https:\/\/birdie.lt\/shop\/"},"modified":"2025-04-23T09:58:31","modified_gmt":"2025-04-23T06:58:31","slug":"shop","status":"publish","type":"page","link":"https:\/\/birdie.lt\/en\/shop\/","title":{"rendered":"Shop"},"content":{"rendered":"\n<details class=\"wp-block-details is-layout-flow wp-block-details-is-layout-flow\"><summary><\/summary>\n<div class=\"wp-block-columns is-layout-flex wp-container-core-columns-is-layout-9d6595d7 wp-block-columns-is-layout-flex\">\n<div class=\"wp-block-column is-layout-flow wp-block-column-is-layout-flow\" style=\"flex-basis:100%\">\n<p id=\"H1\"><a href=\"http:\/\/www.birdie.lt\" data-type=\"link\" data-id=\"www.birdie.lt\"><strong>Birdie.lt<\/strong><\/a><code> <\/code>&#8211; J\u016bs\u0173 golfo preki\u0173 parduotuv\u0117. Visos golfo prek\u0117s \u2013 golfo lazdos, golfo lazd\u0173 rinkiniai, golfo ve\u017eim\u0117liai ir golfo lazd\u0173 krep\u0161iai, golfo kamuoliukai, golfo apranga, golfo batai, golfo kepur\u0117s, golfo pir\u0161tin\u0117s, golfo reikmenys ir kiti golfo aksesuarai. Prekes pristatome visoje Lietuvoje, tod\u0117l gal\u0117site patogiai u\u017esisakyti norimas prekes internetu ir gauti jas tiesiai \u012f namus. M\u016bs\u0173 profesional\u016bs konsultantai pad\u0117s i\u0161sirinkti tinkam\u0105 golfo \u012frang\u0105, atsi\u017evelgdami \u012f j\u016bs\u0173 poreikius ir patirt\u012f golfo aik\u0161tyne. Susisiekite su mumis d\u0117l papildomos informacijos telefonu: +370 682 81080 arba <a href=\"https:\/\/birdie.lt\/en\/contact-us\/\" data-type=\"page\" data-id=\"607\">Kontaktai<\/a><\/p><br\/>\n<\/div>\n<\/div>\n<\/details>\n\n<p><\/p>\n","protected":false},"excerpt":{"rendered":"","protected":false},"author":1,"featured_media":9631,"parent":0,"menu_order":0,"comment_status":"closed","ping_status":"closed","template":"","meta":{"footnotes":""},"class_list":["post-9630","page","type-page","status-publish","has-post-thumbnail","hentry"],"_links":{"self":[{"href":"https:\/\/birdie.lt\/en\/wp-json\/wp\/v2\/pages\/9630","targetHints":{"allow":["GET"]}}],"collection":[{"href":"https:\/\/birdie.lt\/en\/wp-json\/wp\/v2\/pages"}],"about":[{"href":"https:\/\/birdie.lt\/en\/wp-json\/wp\/v2\/types\/page"}],"author":[{"embeddable":true,"href":"https:\/\/birdie.lt\/en\/wp-json\/wp\/v2\/users\/1"}],"replies":[{"embeddable":true,"href":"https:\/\/birdie.lt\/en\/wp-json\/wp\/v2\/comments?post=9630"}],"version-history":[{"count":0,"href":"https:\/\/birdie.lt\/en\/wp-json\/wp\/v2\/pages\/9630\/revisions"}],"wp:featuredmedia":[{"embeddable":true,"href":"https:\/\/birdie.lt\/en\/wp-json\/wp\/v2\/media\/9631"}],"wp:attachment":[{"href":"https:\/\/birdie.lt\/en\/wp-json\/wp\/v2\/media?parent=9630"}],"curies":[{"name":"wp","href":"https:\/\/api.w.org\/{rel}","templated":true}]}}