{"id":12336,"date":"2024-09-06T09:29:32","date_gmt":"2024-09-06T06:29:32","guid":{"rendered":"https:\/\/birdie.lt\/our-stores\/"},"modified":"2025-04-10T15:13:08","modified_gmt":"2025-04-10T12:13:08","slug":"our-stores","status":"publish","type":"page","link":"https:\/\/birdie.lt\/en\/our-stores\/","title":{"rendered":"OUR STORES"},"content":{"rendered":"\t\t<div data-elementor-type=\"wp-page\" data-elementor-id=\"12336\" class=\"elementor elementor-12336 elementor-7153\">\n\t\t\t\t<div class=\"elementor-element elementor-element-f6c6716 e-flex e-con-boxed e-con e-parent\" data-id=\"f6c6716\" data-element_type=\"container\" data-e-type=\"container\">\n\t\t\t\t\t<div class=\"e-con-inner\">\n\t\t<div class=\"elementor-element elementor-element-0225b41 e-con-full e-flex e-con e-child\" data-id=\"0225b41\" data-element_type=\"container\" data-e-type=\"container\">\n\t\t\t\t<div class=\"elementor-element elementor-element-9536a9e elementor-widget elementor-widget-toggle\" data-id=\"9536a9e\" data-element_type=\"widget\" data-e-type=\"widget\" data-widget_type=\"toggle.default\">\n\t\t\t\t<div class=\"elementor-widget-container\">\n\t\t\t\t\t\t\t<div class=\"elementor-toggle\">\n\t\t\t\t\t\t\t<div class=\"elementor-toggle-item\">\n\t\t\t\t\t<div id=\"elementor-tab-title-1561\" class=\"elementor-tab-title\" data-tab=\"1\" role=\"button\" aria-controls=\"elementor-tab-content-1561\" aria-expanded=\"false\">\n\t\t\t\t\t\t\t\t\t\t\t\t<span class=\"elementor-toggle-icon elementor-toggle-icon-left\" aria-hidden=\"true\">\n\t\t\t\t\t\t\t\t\t\t\t\t\t\t\t<span class=\"elementor-toggle-icon-closed\"><svg class=\"e-font-icon-svg e-fas-caret-right\" viewBox=\"0 0 192 512\" xmlns=\"http:\/\/www.w3.org\/2000\/svg\"><path d=\"M0 384.662V127.338c0-17.818 21.543-26.741 34.142-14.142l128.662 128.662c7.81 7.81 7.81 20.474 0 28.284L34.142 398.804C21.543 411.404 0 402.48 0 384.662z\"><\/path><\/svg><\/span>\n\t\t\t\t\t\t\t\t<span class=\"elementor-toggle-icon-opened\"><svg class=\"elementor-toggle-icon-opened e-font-icon-svg e-fas-caret-up\" viewBox=\"0 0 320 512\" xmlns=\"http:\/\/www.w3.org\/2000\/svg\"><path d=\"M288.662 352H31.338c-17.818 0-26.741-21.543-14.142-34.142l128.662-128.662c7.81-7.81 20.474-7.81 28.284 0l128.662 128.662c12.6 12.599 3.676 34.142-14.142 34.142z\"><\/path><\/svg><\/span>\n\t\t\t\t\t\t\t\t\t\t\t\t\t<\/span>\n\t\t\t\t\t\t\t\t\t\t\t\t<a class=\"elementor-toggle-title\" tabindex=\"0\">WOLF GOLF CLUB<\/a>\n\t\t\t\t\t<\/div>\n\n\t\t\t\t\t<div id=\"elementor-tab-content-1561\" class=\"elementor-tab-content elementor-clearfix\" data-tab=\"1\" role=\"region\" aria-labelledby=\"elementor-tab-title-1561\"><p>Vilk\u0117s g. 26, Kamor\u016bn\u0173 k., Leipalingio sen., 67276 Druskininkai<\/p>\n<p><strong>Opening Hours:<\/strong><\/p>\n<p>Monday: 10:00am &#8211; 7:00pm<br \/>Tuesday: 10:00am &#8211; 7:00pm<br \/>Wednesday: 10:00am &#8211; 7:00pm<br \/>Thursday: 10:00am &#8211; 7:00pm<br \/>Friday: 10:00am &#8211; 7:00pm<br \/>Saturday: 10:00am &#8211; 7:00pm<br \/>Sunday: 10:00am &#8211; 7:00pm<\/p>\n<p><strong>Contact Details:<\/strong><\/p>\n<p><span style=\"color: #3366ff;\"><a style=\"color: #3366ff;\" href=\"https:\/\/dzukijosgolfas.lt\/\" target=\"_blank\" rel=\"noopener\">Wolf Golf Club<\/a><\/span><\/p>\n<p>+37061145333 reception@dzukijosgolfas.lt<\/p>\n<\/div>\n\t\t\t\t<\/div>\n\t\t\t\t\t\t\t\t<\/div>\n\t\t\t\t\t\t<\/div>\n\t\t\t\t<\/div>\n\t\t\t\t<\/div>\n\t\t<div class=\"elementor-element elementor-element-056055e e-con-full e-flex e-con e-child\" data-id=\"056055e\" data-element_type=\"container\" data-e-type=\"container\">\n\t\t\t\t<div class=\"elementor-element elementor-element-560191d elementor-widget elementor-widget-google_maps\" data-id=\"560191d\" data-element_type=\"widget\" data-e-type=\"widget\" data-widget_type=\"google_maps.default\">\n\t\t\t\t<div class=\"elementor-widget-container\">\n\t\t\t\t\t\t\t<div class=\"elementor-custom-embed\">\n\t\t\t<iframe loading=\"lazy\"\n\t\t\t\t\tsrc=\"https:\/\/maps.google.com\/maps?q=VIlk%C4%97s%20golfo%20klubas&#038;t=m&#038;z=7&#038;output=embed&#038;iwloc=near\"\n\t\t\t\t\ttitle=\"VIlk\u0117s golfo klubas\"\n\t\t\t\t\taria-label=\"VIlk\u0117s golfo klubas\"\n\t\t\t><\/iframe>\n\t\t<\/div>\n\t\t\t\t\t\t<\/div>\n\t\t\t\t<\/div>\n\t\t\t\t<\/div>\n\t\t\t\t\t<\/div>\n\t\t\t\t<\/div>\n\t\t\t\t<\/div>\n\t\t","protected":false},"excerpt":{"rendered":"<p>WOLF GOLF CLUB Vilk\u0117s g. 26, Kamor\u016bn\u0173 k., Leipalingio sen., 67276 Druskininkai Opening Hours: Monday: 10:00am &#8211; 7:00pmTuesday: 10:00am &#8211; 7:00pmWednesday: 10:00am &#8211; 7:00pmThursday: 10:00am &#8211; 7:00pmFriday: 10:00am &#8211; 7:00pmSaturday:<\/p>\n","protected":false},"author":1,"featured_media":0,"parent":0,"menu_order":0,"comment_status":"closed","ping_status":"closed","template":"","meta":{"footnotes":""},"class_list":["post-12336","page","type-page","status-publish","hentry"],"_links":{"self":[{"href":"https:\/\/birdie.lt\/en\/wp-json\/wp\/v2\/pages\/12336","targetHints":{"allow":["GET"]}}],"collection":[{"href":"https:\/\/birdie.lt\/en\/wp-json\/wp\/v2\/pages"}],"about":[{"href":"https:\/\/birdie.lt\/en\/wp-json\/wp\/v2\/types\/page"}],"author":[{"embeddable":true,"href":"https:\/\/birdie.lt\/en\/wp-json\/wp\/v2\/users\/1"}],"replies":[{"embeddable":true,"href":"https:\/\/birdie.lt\/en\/wp-json\/wp\/v2\/comments?post=12336"}],"version-history":[{"count":0,"href":"https:\/\/birdie.lt\/en\/wp-json\/wp\/v2\/pages\/12336\/revisions"}],"wp:attachment":[{"href":"https:\/\/birdie.lt\/en\/wp-json\/wp\/v2\/media?parent=12336"}],"curies":[{"name":"wp","href":"https:\/\/api.w.org\/{rel}","templated":true}]}}